{"id":90170,"date":"2021-06-09T11:38:43","date_gmt":"2021-06-09T03:38:43","guid":{"rendered":"https:\/\/www.alpapowder.com\/perfil-de-la-empresa\/"},"modified":"2022-08-04T10:22:27","modified_gmt":"2022-08-04T02:22:27","slug":"perfil-de-la-empresa","status":"publish","type":"page","link":"https:\/\/www.alpapowder.com\/es\/perfil-de-la-empresa\/","title":{"rendered":"Perfil de la empresa"},"content":{"rendered":"<section class=\"wpb-content-wrapper\"><p>[vc_row row_height_percent=\u00bb100&#8243; back_color=\u00bbaccent\u00bb back_image=\u00bb86448&#8243; overlay_color=\u00bbcolor-jevc\u00bb overlay_alpha=\u00bb20&#8243; equal_height=\u00bbyes\u00bb gutter_size=\u00bb0&#8243; column_width_use_pixel=\u00bbyes\u00bb shift_y=\u00bb0&#8243; z_index=\u00bb0&#8243;][vc_column column_width_use_pixel=\u00bbyes\u00bb position_vertical=\u00bbmiddle\u00bb align_horizontal=\u00bbalign_center\u00bb gutter_size=\u00bb3&#8243; style=\u00bbdark\u00bb overlay_alpha=\u00bb50&#8243; shift_x=\u00bb0&#8243; shift_y=\u00bb0&#8243; shift_y_down=\u00bb0&#8243; z_index=\u00bb0&#8243; medium_width=\u00bb0&#8243; mobile_width=\u00bb0&#8243; width=\u00bb1\/1&#8243; column_width_pixel=\u00bb900&#8243;][vc_custom_heading heading_semantic=\u00bbh1&#8243; text_size=\u00bbfontsize-964839&#8243;]CREANDO EL FUTURO DE LOS MATERIALES AVANZADOS CON LA TECNOLOG\u00cdA DEL POLVO[\/vc_custom_heading][vc_separator sep_color=\u00bbcolor-708378&#8243; el_width=\u00bb100px\u00bb el_height=\u00bb2px\u00bb][vc_column_text]ALPA es un proveedor de sistemas de procesamiento de part\u00edculas y de polvo de renombre mundial que est\u00e1 comprometido con la transformaci\u00f3n de la industria tradicional del polvo.Durante 20 a\u00f1os, nos hemos centrado en la investigaci\u00f3n y el desarrollo de la trituraci\u00f3n en seco, la clasificaci\u00f3n y la separaci\u00f3n de part\u00edculas y polvos, el control de la forma del polvo y la modificaci\u00f3n de superficies, y hemos proporcionado soluciones sistem\u00e1ticas.Ofrecemos productos personalizados y que han pasado la certificaci\u00f3n CE como: molinos de chorro, molinos mec\u00e1nicos, clasificadores de chorro, l\u00edneas de producci\u00f3n y clasificaci\u00f3n de molinos de bolas, l\u00edneas de producci\u00f3n para modificaci\u00f3n de superficie, etc.[\/vc_column_text][vc_button outline=\u00bbyes\u00bb border_width=\u00bb0&#8243; icon=\u00bbfa fa-video-camera\u00bb media_lightbox=\u00bb88981&#8243; uncode_shortcode_id=\u00bb215401&#8243;]video[\/vc_button][\/vc_column][\/vc_row][vc_row row_height_percent=\u00bb0&#8243; override_padding=\u00bbyes\u00bb h_padding=\u00bb2&#8243; top_padding=\u00bb3&#8243; bottom_padding=\u00bb3&#8243; back_color=\u00bbaccent\u00bb back_image=\u00bb85354&#8243; overlay_color=\u00bbaccent\u00bb overlay_alpha=\u00bb60&#8243; equal_height=\u00bbyes\u00bb gutter_size=\u00bb0&#8243; column_width_percent=\u00bb100&#8243; shift_y=\u00bb0&#8243; z_index=\u00bb0&#8243; style=\u00bbinherited\u00bb][vc_column column_width_percent=\u00bb80&#8243; position_vertical=\u00bbmiddle\u00bb align_horizontal=\u00bbalign_center\u00bb gutter_size=\u00bb3&#8243; style=\u00bbdark\u00bb overlay_alpha=\u00bb100&#8243; border_color=\u00bbcolor-146634&#8243; border_style=\u00bbsolid\u00bb shift_x=\u00bb0&#8243; shift_y=\u00bb0&#8243; shift_y_down=\u00bb0&#8243; z_index=\u00bb0&#8243; medium_width=\u00bb100&#8243; mobile_width=\u00bb0&#8243; css_animation=\u00bbbottom-t-top\u00bb zoom_width=\u00bb0&#8243; zoom_height=\u00bb0&#8243; width=\u00bb1\/3&#8243; safe_padding=\u00bbyes\u00bb css=\u00bb.vc_custom_1624506652681{border-right-width: 1px !important;}\u00bb][uncode_counter value=\u00bb100000&#8243; counter_color=\u00bb\u00bb text=\u00bbTenemos una base de producci\u00f3n de m\u00e1s de 50 000 m\u00b2\u00bb css_animation=\u00bbbottom-t-top\u00bb suffix=\u00bb\u33a1\u00bb uncode_shortcode_id=\u00bb339569&#8243;][\/vc_column][vc_column column_width_percent=\u00bb80&#8243; position_vertical=\u00bbmiddle\u00bb align_horizontal=\u00bbalign_center\u00bb gutter_size=\u00bb3&#8243; style=\u00bbdark\u00bb overlay_alpha=\u00bb50&#8243; border_color=\u00bbcolor-146634&#8243; border_style=\u00bbsolid\u00bb shift_x=\u00bb0&#8243; shift_y=\u00bb0&#8243; shift_y_down=\u00bb0&#8243; z_index=\u00bb0&#8243; medium_width=\u00bb0&#8243; mobile_width=\u00bb0&#8243; css_animation=\u00bbbottom-t-top\u00bb animation_delay=\u00bb100&#8243; width=\u00bb1\/3&#8243; css=\u00bb.vc_custom_1624506671576{border-right-width: 1px !important;}\u00bb][uncode_counter value=\u00bb3000&#8243; counter_color=\u00bb,\u9ed8\u8ba4\u00bb text=\u00bbM\u00e1s de 3000 clientes dom\u00e9sticos y extranjeros\u00bb css_animation=\u00bbbottom-t-top\u00bb suffix=\u00bb+\u00bb][\/vc_column][vc_column column_width_percent=\u00bb80&#8243; position_vertical=\u00bbmiddle\u00bb align_horizontal=\u00bbalign_center\u00bb gutter_size=\u00bb3&#8243; style=\u00bbdark\u00bb overlay_alpha=\u00bb50&#8243; shift_x=\u00bb0&#8243; shift_y=\u00bb0&#8243; shift_y_down=\u00bb0&#8243; z_index=\u00bb0&#8243; medium_width=\u00bb0&#8243; mobile_width=\u00bb0&#8243; css_animation=\u00bbbottom-t-top\u00bb animation_delay=\u00bb200&#8243; width=\u00bb1\/3&#8243;][uncode_counter value=\u00bb400&#8243; counter_color=\u00bb\u00bb text=\u00bb150 equipos especializados en el sector\u00bb css_animation=\u00bbbottom-t-top\u00bb suffix=\u00bb+\u00bb uncode_shortcode_id=\u00bb163953&#8243;][\/vc_column][\/vc_row][vc_row row_height_percent=\u00bb0&#8243; override_padding=\u00bbyes\u00bb h_padding=\u00bb2&#8243; top_padding=\u00bb4&#8243; bottom_padding=\u00bb4&#8243; overlay_alpha=\u00bb100&#8243; gutter_size=\u00bb100&#8243; column_width_percent=\u00bb100&#8243; shift_y=\u00bb0&#8243; z_index=\u00bb0&#8243; style=\u00bbinherited\u00bb][vc_column column_width_percent=\u00bb100&#8243; align_horizontal=\u00bbalign_center\u00bb gutter_size=\u00bb4&#8243; overlay_alpha=\u00bb50&#8243; shift_x=\u00bb0&#8243; shift_y=\u00bb0&#8243; shift_y_down=\u00bb0&#8243; z_index=\u00bb0&#8243; medium_width=\u00bb0&#8243; mobile_width=\u00bb0&#8243; zoom_width=\u00bb0&#8243; zoom_height=\u00bb0&#8243; width=\u00bb1\/1&#8243;][vc_gallery el_id=\u00bbgallery-12&#8243; type=\u00bbcarousel\u00bb medias=\u00bb82067,82039,82036,82064,82026,82013&#8243; carousel_lg=\u00bb3&#8243; carousel_md=\u00bb1&#8243; carousel_sm=\u00bb1&#8243; thumb_size=\u00bbthree-two\u00bb gutter_size=\u00bb3&#8243; media_items=\u00bbmedia|nolink|original,title,description\u00bb carousel_interval=\u00bb5000&#8243; carousel_navspeed=\u00bb400&#8243; carousel_nav=\u00bbyes\u00bb carousel_nav_mobile=\u00bbyes\u00bb carousel_dots=\u00bbyes\u00bb carousel_dots_mobile=\u00bbyes\u00bb stage_padding=\u00bb0&#8243; single_text=\u00bbunder\u00bb single_overlay_color=\u00bbcolor-jevc\u00bb single_overlay_coloration=\u00bbbottom_gradient\u00bb single_overlay_opacity=\u00bb70&#8243; single_overlay_visible=\u00bbyes\u00bb single_overlay_anim=\u00bbno\u00bb single_text_visible=\u00bbyes\u00bb single_text_anim=\u00bbno\u00bb single_image_anim=\u00bbno\u00bb single_v_position=\u00bbbottom\u00bb single_padding=\u00bb1&#8243; single_title_dimension=\u00bbh4&#8243; single_icon=\u00bbfa fa-search3&#8243; single_border=\u00bbyes\u00bb lbox_caption=\u00bbyes\u00bb no_double_tap=\u00bbyes\u00bb carousel_rtl=\u00bb\u00bb single_title_uppercase=\u00bb\u00bb single_title_bold=\u00bb\u00bb single_title_serif=\u00bb\u00bb onclick=\u00bblink_image\u00bb custom_links_target=\u00bb_self\u00bb items=\u00bbeyI4ODY4X2kiOnsic2luZ2xlX3dpZHRoIjoiNCIsInNpbmdsZV9oZWlnaHQiOiI0In0sIjg4NjJfaSI6eyJzaW5nbGVfd2lkdGgiOiI0Iiwic2luZ2xlX2hlaWdodCI6IjQifSwiODg2MF9pIjp7InNpbmdsZV93aWR0aCI6IjQiLCJzaW5nbGVfaGVpZ2h0IjoiNCJ9LCIyNjIxOF9pIjp7InNpbmdsZV93aWR0aCI6IjQiLCJzaW5nbGVfaGVpZ2h0IjoiNCJ9LCIyNjIyNF9pIjp7InNpbmdsZV93aWR0aCI6IjQiLCJzaW5nbGVfaGVpZ2h0IjoiNCJ9LCIyNjIyMl9pIjp7InNpbmdsZV93aWR0aCI6IjQiLCJzaW5nbGVfaGVpZ2h0IjoiNCJ9LCIyNjIyOV9pIjp7InNpbmdsZV93aWR0aCI6IjQiLCJzaW5nbGVfaGVpZ2h0IjoiNCJ9fQ==\u00bb single_half_padding=\u00bb\u00bb single_no_background=\u00bb\u00bb uncode_shortcode_id=\u00bb875559&#8243;][\/vc_column][\/vc_row][vc_row row_height_percent=\u00bb0&#8243; override_padding=\u00bbyes\u00bb h_padding=\u00bb2&#8243; top_padding=\u00bb4&#8243; bottom_padding=\u00bb5&#8243; back_color=\u00bbaccent\u00bb back_image=\u00bb85354&#8243; overlay_color=\u00bbaccent\u00bb overlay_alpha=\u00bb60&#8243; equal_height=\u00bbyes\u00bb gutter_size=\u00bb0&#8243; column_width_percent=\u00bb100&#8243; shift_y=\u00bb0&#8243; z_index=\u00bb0&#8243; style=\u00bbinherited\u00bb][vc_column column_width_percent=\u00bb100&#8243; position_vertical=\u00bbmiddle\u00bb align_horizontal=\u00bbalign_center\u00bb gutter_size=\u00bb2&#8243; style=\u00bbdark\u00bb overlay_alpha=\u00bb100&#8243; shift_x=\u00bb0&#8243; shift_y=\u00bb0&#8243; shift_y_down=\u00bb0&#8243; z_index=\u00bb0&#8243; medium_width=\u00bb100&#8243; mobile_width=\u00bb0&#8243; css_animation=\u00bbbottom-t-top\u00bb zoom_width=\u00bb0&#8243; zoom_height=\u00bb0&#8243; width=\u00bb1\/1&#8243; safe_padding=\u00bbyes\u00bb][vc_custom_heading]Valores de la empresa[\/vc_custom_heading][vc_custom_heading text_size=\u00bbfontsize-964839&#8243; text_weight=\u00bb600&#8243; text_transform=\u00bbuppercase\u00bb]Convicci\u00f3n en el cumplimiento \u2013 Coexistencia armoniosa[\/vc_custom_heading][\/vc_column][\/vc_row][vc_row row_height_percent=\u00bb0&#8243; override_padding=\u00bbyes\u00bb h_padding=\u00bb2&#8243; top_padding=\u00bb4&#8243; bottom_padding=\u00bb4&#8243; back_color=\u00bbcolor-lxmt\u00bb overlay_alpha=\u00bb100&#8243; gutter_size=\u00bb100&#8243; column_width_percent=\u00bb100&#8243; border_style=\u00bbsolid\u00bb shift_y=\u00bb0&#8243; z_index=\u00bb0&#8243; style=\u00bbinherited\u00bb css=\u00bb.vc_custom_1619167796650{border-top-width: 1px !important;border-bottom-width: 1px !important;}\u00bb][vc_column column_width_percent=\u00bb100&#8243; align_horizontal=\u00bbalign_center\u00bb gutter_size=\u00bb4&#8243; overlay_alpha=\u00bb50&#8243; shift_x=\u00bb0&#8243; shift_y=\u00bb0&#8243; shift_y_down=\u00bb0&#8243; z_index=\u00bb0&#8243; medium_width=\u00bb0&#8243; mobile_width=\u00bb0&#8243; zoom_width=\u00bb0&#8243; zoom_height=\u00bb0&#8243; width=\u00bb1\/1&#8243;][vc_custom_heading]Estilo de la empresa[\/vc_custom_heading][vc_gallery el_id=\u00bbgallery-43823&#8243; isotope_mode=\u00bbpackery\u00bb medias=\u00bb86546,86548,86550,86551,82090,82089,82087,82082,82081,82080,81987,82033,86549,86554,86555,86556&#8243; gutter_size=\u00bb2&#8243; media_items=\u00bbmedia,icon\u00bb screen_lg=\u00bb1000&#8243; screen_md=\u00bb600&#8243; screen_sm=\u00bb480&#8243; single_width=\u00bb3&#8243; single_overlay_color=\u00bbcolor-jevc\u00bb single_overlay_opacity=\u00bb50&#8243; single_h_align=\u00bbcenter\u00bb single_padding=\u00bb2&#8243; single_icon=\u00bbfa fa-plus2&#8243; single_border=\u00bbyes\u00bb lbox_title=\u00bbyes\u00bb lbox_caption=\u00bbyes\u00bb lbox_social=\u00bbyes\u00bb lbox_deep=\u00bbyes\u00bb lbox_no_tmb=\u00bbyes\u00bb no_double_tap=\u00bbyes\u00bb items=\u00bbeyI4NjU0Nl9pIjp7InNpbmdsZV93aWR0aCI6IjYifSwiODY1NDlfaSI6eyJzaW5nbGVfd2lkdGgiOiI2In19&#8243;][\/vc_column][\/vc_row]<\/p>\n<\/section>","protected":false},"excerpt":{"rendered":"<p>[vc_row row_height_percent=\u00bb100&#8243; back_color=\u00bbaccent\u00bb back_image=\u00bb86448&#8243; overlay_color=\u00bbcolor-jevc\u00bb overlay_alpha=\u00bb20&#8243; equal_height=\u00bbyes\u00bb gutter_size=\u00bb0&#8243; column_width_use_pixel=\u00bbyes\u00bb shift_y=\u00bb0&#8243; z_index=\u00bb0&#8243;][vc_column column_width_use_pixel=\u00bbyes\u00bb position_vertical=\u00bbmiddle\u00bb align_horizontal=\u00bbalign_center\u00bb gutter_size=\u00bb3&#8243; style=\u00bbdark\u00bb overlay_alpha=\u00bb50&#8243; shift_x=\u00bb0&#8243; shift_y=\u00bb0&#8243; shift_y_down=\u00bb0&#8243; [&hellip;]<\/p>\n","protected":false},"author":6,"featured_media":0,"parent":0,"menu_order":0,"comment_status":"closed","ping_status":"closed","template":"","meta":{"_acf_changed":false,"footnotes":""},"class_list":["post-90170","page","type-page","status-publish","hentry"],"acf":[],"_links":{"self":[{"href":"https:\/\/www.alpapowder.com\/es\/wp-json\/wp\/v2\/pages\/90170","targetHints":{"allow":["GET"]}}],"collection":[{"href":"https:\/\/www.alpapowder.com\/es\/wp-json\/wp\/v2\/pages"}],"about":[{"href":"https:\/\/www.alpapowder.com\/es\/wp-json\/wp\/v2\/types\/page"}],"author":[{"embeddable":true,"href":"https:\/\/www.alpapowder.com\/es\/wp-json\/wp\/v2\/users\/6"}],"replies":[{"embeddable":true,"href":"https:\/\/www.alpapowder.com\/es\/wp-json\/wp\/v2\/comments?post=90170"}],"version-history":[{"count":0,"href":"https:\/\/www.alpapowder.com\/es\/wp-json\/wp\/v2\/pages\/90170\/revisions"}],"wp:attachment":[{"href":"https:\/\/www.alpapowder.com\/es\/wp-json\/wp\/v2\/media?parent=90170"}],"curies":[{"name":"wp","href":"https:\/\/api.w.org\/{rel}","templated":true}]}}