{"id":90800,"date":"2021-06-11T11:59:57","date_gmt":"2021-06-11T03:59:57","guid":{"rendered":"https:\/\/www.alpapowder.com\/inicio\/"},"modified":"2021-07-12T08:54:13","modified_gmt":"2021-07-12T00:54:13","slug":"inicio","status":"publish","type":"page","link":"https:\/\/www.alpapowder.com\/es\/","title":{"rendered":"Inicio"},"content":{"rendered":"<section class=\"wpb-content-wrapper\"><p>[vc_row unlock_row_content=\u00bbyes\u00bb row_height_percent=\u00bb88&#8243; override_padding=\u00bbyes\u00bb h_padding=\u00bb0&#8243; top_padding=\u00bb0&#8243; bottom_padding=\u00bb0&#8243; overlay_alpha=\u00bb50&#8243; gutter_size=\u00bb3&#8243; column_width_percent=\u00bb100&#8243; shift_y=\u00bb0&#8243; z_index=\u00bb0&#8243; front_end_with_slider=\u00bbtrue\u00bb][vc_column column_width_percent=\u00bb100&#8243; gutter_size=\u00bb3&#8243; overlay_alpha=\u00bb50&#8243; shift_x=\u00bb0&#8243; shift_y=\u00bb0&#8243; shift_y_down=\u00bb0&#8243; z_index=\u00bb0&#8243; medium_width=\u00bb0&#8243; mobile_width=\u00bb0&#8243; width=\u00bb1\/1&#8243;][uncode_slider slider_interval=\u00bb5000&#8243; slider_navspeed=\u00bb700&#8243; slider_loop=\u00bbyes\u00bb slider_hide_dots=\u00bbyes\u00bb][vc_row_inner row_inner_height_percent=\u00bb0&#8243; back_image=\u00bb85354&#8243; overlay_alpha=\u00bb43&#8243; equal_height=\u00bbyes\u00bb gutter_size=\u00bb3&#8243; shift_y=\u00bb0&#8243; z_index=\u00bb0&#8243; limit_content=\u00bb\u00bb front_end_with_slider=\u00bbtrue\u00bb][vc_column_inner column_width_use_pixel=\u00bbyes\u00bb position_vertical=\u00bbmiddle\u00bb align_horizontal=\u00bbalign_center\u00bb gutter_size=\u00bb3&#8243; override_padding=\u00bbyes\u00bb column_padding=\u00bb3&#8243; style=\u00bbdark\u00bb overlay_alpha=\u00bb80&#8243; shift_x=\u00bb0&#8243; shift_y=\u00bb0&#8243; shift_y_down=\u00bb0&#8243; z_index=\u00bb0&#8243; medium_width=\u00bb0&#8243; mobile_width=\u00bb0&#8243; width=\u00bb1\/1&#8243; column_width_pixel=\u00bb1200&#8243;][vc_custom_heading heading_semantic=\u00bbh1&#8243; text_size=\u00bbfontsize-964839&#8243; text_transform=\u00bbuppercase\u00bb css_animation=\u00bbcurtain-words\u00bb animation_delay=\u00bb600&#8243; title=\u00bb\u00bb]Comprometidos con la transformaci\u00f3n de la industria tradicional del polvo[\/vc_custom_heading][vc_separator sep_color=\u00bbcolor-708378&#8243; css_animation=\u00bbbottom-t-top\u00bb animation_delay=\u00bb800&#8243; el_width=\u00bb100px\u00bb el_height=\u00bb2px\u00bb][vc_custom_heading text_size=\u00bbh4&#8243; text_weight=\u00bb400&#8243; css_animation=\u00bbcurtain-words\u00bb animation_delay=\u00bb1200&#8243;]Proveemos soluciones para procesamiento de polvo y part\u00edculas bajo demanda.[\/vc_custom_heading][\/vc_column_inner][\/vc_row_inner][vc_row_inner row_inner_height_percent=\u00bb0&#8243; back_color=\u00bbcolor-wayh\u00bb back_image=\u00bb86186&#8243; overlay_alpha=\u00bb50&#8243; equal_height=\u00bbyes\u00bb gutter_size=\u00bb3&#8243; shift_y=\u00bb0&#8243; z_index=\u00bb0&#8243; limit_content=\u00bb\u00bb front_end_with_slider=\u00bbtrue\u00bb][vc_column_inner column_width_use_pixel=\u00bbyes\u00bb position_vertical=\u00bbmiddle\u00bb align_horizontal=\u00bbalign_center\u00bb gutter_size=\u00bb3&#8243; style=\u00bbdark\u00bb overlay_alpha=\u00bb50&#8243; shift_x=\u00bb0&#8243; shift_y=\u00bb0&#8243; shift_y_down=\u00bb0&#8243; z_index=\u00bb0&#8243; medium_width=\u00bb0&#8243; mobile_width=\u00bb0&#8243; zoom_width=\u00bb0&#8243; zoom_height=\u00bb0&#8243; width=\u00bb1\/1&#8243; column_width_pixel=\u00bb1200&#8243;][vc_custom_heading text_size=\u00bbfontsize-964839&#8243; text_transform=\u00bbuppercase\u00bb css_animation=\u00bbcurtain-words\u00bb animation_delay=\u00bb600&#8243; title=\u00bb\u00bb]Tener una misi\u00f3n conlleva responsabilidad[\/vc_custom_heading][vc_separator sep_color=\u00bbcolor-708378&#8243; css_animation=\u00bbbottom-t-top\u00bb animation_delay=\u00bb800&#8243; el_width=\u00bb100px\u00bb el_height=\u00bb2px\u00bb][vc_custom_heading text_size=\u00bbh4&#8243; text_weight=\u00bb400&#8243; css_animation=\u00bbcurtain-words\u00bb animation_delay=\u00bb1200&#8243;]Creando el futuro de los materiales avanzados con la ecnolog\u00eda del polvo[\/vc_custom_heading][\/vc_column_inner][\/vc_row_inner][vc_row_inner row_inner_height_percent=\u00bb0&#8243; back_color=\u00bbcolor-wayh\u00bb back_image=\u00bb86196&#8243; overlay_color=\u00bbcolor-jevc\u00bb overlay_alpha=\u00bb30&#8243; equal_height=\u00bbyes\u00bb gutter_size=\u00bb3&#8243; shift_y=\u00bb0&#8243; z_index=\u00bb0&#8243; limit_content=\u00bb\u00bb front_end_with_slider=\u00bbtrue\u00bb][vc_column_inner column_width_use_pixel=\u00bbyes\u00bb position_vertical=\u00bbmiddle\u00bb align_horizontal=\u00bbalign_center\u00bb gutter_size=\u00bb3&#8243; override_padding=\u00bbyes\u00bb column_padding=\u00bb3&#8243; style=\u00bbdark\u00bb overlay_alpha=\u00bb80&#8243; shift_x=\u00bb0&#8243; shift_y=\u00bb0&#8243; shift_y_down=\u00bb0&#8243; z_index=\u00bb0&#8243; medium_width=\u00bb0&#8243; mobile_width=\u00bb0&#8243; zoom_width=\u00bb0&#8243; zoom_height=\u00bb0&#8243; width=\u00bb1\/1&#8243; column_width_pixel=\u00bb1200&#8243;][vc_custom_heading text_size=\u00bbfontsize-964839&#8243; text_transform=\u00bbuppercase\u00bb css_animation=\u00bbcurtain-words\u00bb animation_delay=\u00bb600&#8243; title=\u00bb\u00bb]Tener fuerza conlleva atractivo[\/vc_custom_heading][vc_separator sep_color=\u00bbcolor-708378&#8243; css_animation=\u00bbbottom-t-top\u00bb animation_delay=\u00bb800&#8243; el_width=\u00bb100px\u00bb el_height=\u00bb2px\u00bb][vc_custom_heading text_size=\u00bbh4&#8243; text_weight=\u00bb400&#8243; css_animation=\u00bbcurtain-words\u00bb animation_delay=\u00bb1200&#8243;]Tras 20 a\u00f1os, perseveramos como el primer d\u00eda[\/vc_custom_heading][\/vc_column_inner][\/vc_row_inner][\/uncode_slider][\/vc_column][\/vc_row][vc_row][vc_column width=\u00bb1\/1&#8243;][uncode_block id=\u00bb86302&#8243;][\/vc_column][\/vc_row][vc_row row_height_percent=\u00bb0&#8243; override_padding=\u00bbyes\u00bb h_padding=\u00bb2&#8243; top_padding=\u00bb4&#8243; bottom_padding=\u00bb2&#8243; overlay_alpha=\u00bb50&#8243; gutter_size=\u00bb3&#8243; column_width_percent=\u00bb100&#8243; shift_y=\u00bb0&#8243; z_index=\u00bb0&#8243;][vc_column column_width_percent=\u00bb100&#8243; gutter_size=\u00bb3&#8243; overlay_alpha=\u00bb50&#8243; shift_x=\u00bb0&#8243; shift_y=\u00bb0&#8243; shift_y_down=\u00bb0&#8243; z_index=\u00bb0&#8243; medium_width=\u00bb0&#8243; mobile_width=\u00bb0&#8243; width=\u00bb1\/1&#8243;][uncode_block id=\u00bb84835&#8243; inside_column=\u00bbyes\u00bb][uncode_block id=\u00bb83385&#8243; inside_column=\u00bbyes\u00bb][\/vc_column][\/vc_row][vc_row row_height_percent=\u00bb0&#8243; override_padding=\u00bbyes\u00bb h_padding=\u00bb2&#8243; top_padding=\u00bb2&#8243; bottom_padding=\u00bb4&#8243; overlay_alpha=\u00bb50&#8243; gutter_size=\u00bb2&#8243; column_width_percent=\u00bb100&#8243; shift_y=\u00bb0&#8243; z_index=\u00bb0&#8243;][vc_column column_width_percent=\u00bb100&#8243; align_horizontal=\u00bbalign_center\u00bb gutter_size=\u00bb4&#8243; overlay_alpha=\u00bb50&#8243; shift_x=\u00bb0&#8243; shift_y=\u00bb0&#8243; shift_y_down=\u00bb0&#8243; z_index=\u00bb0&#8243; medium_width=\u00bb0&#8243; mobile_width=\u00bb0&#8243; width=\u00bb1\/1&#8243;][uncode_index el_id=\u00bbindex-209991&#8243; isotope_mode=\u00bbfitRows\u00bb loop=\u00bbsize:6|order_by:date|post_type:project|by_id:83477,84032,84029,83557,84041,83683|taxonomy_count:10&#8243; gutter_size=\u00bb3&#8243; project_items=\u00bbtitle,media|media|onpost|original,text|excerpt,icon|sm,acf-field_607e48db91dd6,spacer|half\u00bb screen_lg=\u00bb1000&#8243; screen_md=\u00bb600&#8243; screen_sm=\u00bb480&#8243; images_size=\u00bbsixteen-nine\u00bb single_overlay_color=\u00bbcolor-jevc\u00bb single_overlay_opacity=\u00bb50&#8243; single_padding=\u00bb1&#8243; single_title_dimension=\u00bbh6&#8243; single_border=\u00bbyes\u00bb custom_order=\u00bbyes\u00bb single_icon=\u00bbfa fa-plus2&#8243; order_ids=\u00bb83683,84032,84029,83477,83557,84041&#8243;][\/vc_column][\/vc_row][vc_row unlock_row_content=\u00bbyes\u00bb row_height_percent=\u00bb0&#8243; override_padding=\u00bbyes\u00bb h_padding=\u00bb2&#8243; top_padding=\u00bb4&#8243; bottom_padding=\u00bb3&#8243; back_color=\u00bbaccent\u00bb overlay_alpha=\u00bb50&#8243; equal_height=\u00bbyes\u00bb gutter_size=\u00bb3&#8243; column_width_percent=\u00bb100&#8243; shift_y=\u00bb0&#8243; z_index=\u00bb0&#8243; top_divider=\u00bbgradient\u00bb bottom_divider=\u00bbstep_2_3&#8243;][vc_column column_width_percent=\u00bb100&#8243; position_vertical=\u00bbmiddle\u00bb align_horizontal=\u00bbalign_center\u00bb gutter_size=\u00bb4&#8243; style=\u00bbdark\u00bb overlay_alpha=\u00bb50&#8243; shift_x=\u00bb0&#8243; shift_y=\u00bb0&#8243; shift_y_down=\u00bb0&#8243; z_index=\u00bb0&#8243; medium_width=\u00bb0&#8243; mobile_width=\u00bb0&#8243; width=\u00bb1\/1&#8243;][uncode_block id=\u00bb86595&#8243; inside_column=\u00bbyes\u00bb][uncode_index el_id=\u00bbindex-177239&#8243; isotope_mode=\u00bbpackery\u00bb loop=\u00bbsize:8|order_by:date|post_type:portfolio|taxonomy_count:10&#8243; footer_style=\u00bbdark\u00bb gutter_size=\u00bb1&#8243; inner_padding=\u00bbyes\u00bb portfolio_items=\u00bbtitle,media|featured|onpost|original,acf-field_608bc5c592a93&#8243; screen_lg=\u00bb1000&#8243; screen_md=\u00bb600&#8243; screen_sm=\u00bb480&#8243; single_text=\u00bboverlay\u00bb single_width=\u00bb3&#8243; single_style=\u00bbdark\u00bb single_overlay_opacity=\u00bb1&#8243; single_text_visible=\u00bbyes\u00bb single_text_anim=\u00bbno\u00bb single_v_position=\u00bbtop\u00bb single_padding=\u00bb2&#8243; single_title_dimension=\u00bbh5&#8243; single_border=\u00bbyes\u00bb order_ids=\u00bb82619,82613,84531,82621,82623,82625,82605,84590&#8243; items=\u00bbeyI4MjYxOV9pIjp7InNpbmdsZV93aWR0aCI6IjYifSwiODI2MjVfaSI6eyJzaW5nbGVfd2lkdGgiOiI2IiwiaW1hZ2VzX3NpemUiOiJ0d28tb25lIn0sIjg0NjA4X2kiOnsic2luZ2xlX3dpZHRoIjoiNiIsImltYWdlc19zaXplIjoidHdvLW9uZSJ9LCI4MjYyN19pIjp7InNpbmdsZV93aWR0aCI6IjYiLCJpbWFnZXNfc2l6ZSI6InR3by1vbmUifSwiODI2MTNfaSI6eyJpbWFnZXNfc2l6ZSI6IiIsInNpbmdsZV93aWR0aCI6IjMifSwiOTAwNzNfaSI6eyJzaW5nbGVfd2lkdGgiOiI2In0sIjkwMTEzX2kiOnsic2luZ2xlX3dpZHRoIjoiNiIsImltYWdlc19zaXplIjoidHdvLW9uZSJ9fQ==\u00bb][vc_button size=\u00bbbtn-sm\u00bb outline=\u00bbyes\u00bb border_width=\u00bb0&#8243; link=\u00bburl:https%3A%2F%2Fwww.alpapowder.com%2Fes%2Fequipos%2F|title:M%C3%A1quinas|\u00bb icon=\u00bbfa fa-gears2&#8243;]Vea todos nuestros equipos[\/vc_button][\/vc_column][\/vc_row][vc_row unlock_row_content=\u00bbyes\u00bb row_height_percent=\u00bb0&#8243; override_padding=\u00bbyes\u00bb h_padding=\u00bb3&#8243; top_padding=\u00bb4&#8243; bottom_padding=\u00bb4&#8243; overlay_alpha=\u00bb50&#8243; gutter_size=\u00bb3&#8243; column_width_percent=\u00bb100&#8243; border_style=\u00bbsolid\u00bb shift_y=\u00bb0&#8243; z_index=\u00bb0&#8243; css=\u00bb.vc_custom_1621495300839{border-top-width: 1px !important;}\u00bb][vc_column column_width_percent=\u00bb100&#8243; align_horizontal=\u00bbalign_center\u00bb gutter_size=\u00bb3&#8243; overlay_alpha=\u00bb50&#8243; shift_x=\u00bb0&#8243; shift_y=\u00bb0&#8243; shift_y_down=\u00bb0&#8243; z_index=\u00bb0&#8243; medium_width=\u00bb0&#8243; mobile_width=\u00bb0&#8243; width=\u00bb1\/1&#8243;][vc_custom_heading sub_lead=\u00bbyes\u00bb sub_reduced=\u00bbyes\u00bb subheading=\u00bbNuestro equipo de servicio posventa est\u00e1 listo para diagnosticar y resolver sus problemas en cualquier momento.\u00bb]Servicio posventa inmejorable[\/vc_custom_heading][vc_row_inner row_inner_height_percent=\u00bb0&#8243; overlay_alpha=\u00bb50&#8243; equal_height=\u00bbyes\u00bb gutter_size=\u00bb1&#8243; shift_y=\u00bb0&#8243; z_index=\u00bb0&#8243;][vc_column_inner column_width_percent=\u00bb80&#8243; align_horizontal=\u00bbalign_center\u00bb gutter_size=\u00bb3&#8243; override_padding=\u00bbyes\u00bb column_padding=\u00bb2&#8243; overlay_alpha=\u00bb50&#8243; border_color=\u00bbcolor-177537&#8243; border_style=\u00bbsolid\u00bb shift_x=\u00bb0&#8243; shift_y=\u00bb0&#8243; shift_y_down=\u00bb0&#8243; z_index=\u00bb0&#8243; medium_width=\u00bb2&#8243; mobile_width=\u00bb0&#8243; width=\u00bb1\/4&#8243; css=\u00bb.vc_custom_1626051195884{border-right-width: 1px !important;}\u00bb link_to=\u00bburl:https%3A%2F%2Fwww.alpapowder.com%2Fes%2Fproduccion-y-envio%2F|title:Producci%C3%B3n%20y%20env%C3%ADo\u00bb][vc_icon icon=\u00bbfa fa-calendar2&#8243; size=\u00bbfa-3x\u00bb text_size=\u00bbh5&#8243; text_reduced=\u00bbyes\u00bb align=\u00bb\u00bb title=\u00bbProducci\u00f3n y env\u00edo\u00bb]No osamos relajarnos lo m\u00e1s m\u00ednimo en ninguna fase, desde el dise\u00f1o del diagrama de flujo hasta la recepci\u00f3n por su parte.[\/vc_icon][\/vc_column_inner][vc_column_inner column_width_percent=\u00bb80&#8243; align_horizontal=\u00bbalign_center\u00bb gutter_size=\u00bb3&#8243; override_padding=\u00bbyes\u00bb column_padding=\u00bb2&#8243; overlay_alpha=\u00bb50&#8243; border_color=\u00bbcolor-177537&#8243; border_style=\u00bbsolid\u00bb shift_x=\u00bb0&#8243; shift_y=\u00bb0&#8243; shift_y_down=\u00bb0&#8243; z_index=\u00bb0&#8243; medium_width=\u00bb2&#8243; mobile_width=\u00bb0&#8243; width=\u00bb1\/4&#8243; css=\u00bb.vc_custom_1626051213731{border-right-width: 1px !important;}\u00bb link_to=\u00bburl:https%3A%2F%2Fwww.alpapowder.com%2Fes%2Finstalacion-puesta-en-marcha-y-capacitacion%2F|title:%20Instalaci%C3%B3n%2C%20puesta%20en%20marcha%20y%20capacitaci%C3%B3n\u00bb][vc_icon icon=\u00bbfa fa-tools-2&#8243; size=\u00bbfa-3x\u00bb text_size=\u00bbh5&#8243; text_reduced=\u00bbyes\u00bb align=\u00bb\u00bb title=\u00bbInstalaci\u00f3n, puesta en marcha y capacitaci\u00f3n\u00bb]Para que cualquier equipo funcione con \u00e9xito y de forma fiable, debe empezarse por una instalaci\u00f3n, puesta en marcha y periodo de prueba cuidadosamente planeados y bien ejecutados.[\/vc_icon][\/vc_column_inner][vc_column_inner column_width_percent=\u00bb80&#8243; align_horizontal=\u00bbalign_center\u00bb gutter_size=\u00bb3&#8243; override_padding=\u00bbyes\u00bb column_padding=\u00bb2&#8243; overlay_alpha=\u00bb50&#8243; border_color=\u00bbcolor-177537&#8243; border_style=\u00bbsolid\u00bb shift_x=\u00bb0&#8243; shift_y=\u00bb0&#8243; shift_y_down=\u00bb0&#8243; z_index=\u00bb0&#8243; medium_width=\u00bb2&#8243; mobile_width=\u00bb0&#8243; width=\u00bb1\/4&#8243; css=\u00bb.vc_custom_1626051229545{border-right-width: 1px !important;}\u00bb link_to=\u00bburl:https%3A%2F%2Fwww.alpapowder.com%2Fes%2Factualizacion-y-optimizacion-de-procesos%2F|title:Actualizaci%C3%B3n%20y%20optimizaci%C3%B3n%20de%20procesos\u00bb][vc_icon icon=\u00bbfa fa-lightbulb\u00bb size=\u00bbfa-3x\u00bb text_size=\u00bbh5&#8243; text_reduced=\u00bbyes\u00bb align=\u00bb\u00bb title=\u00bbActualizaci\u00f3n y optimizaci\u00f3n de procesos\u00bb]A medida que las investigaciones arrojan nuevos resultados, las mejoras resultantes en los procesos acarrear\u00e1n cambios a su producci\u00f3n.[\/vc_icon][\/vc_column_inner][vc_column_inner column_width_percent=\u00bb80&#8243; align_horizontal=\u00bbalign_center\u00bb gutter_size=\u00bb3&#8243; override_padding=\u00bbyes\u00bb column_padding=\u00bb2&#8243; overlay_alpha=\u00bb50&#8243; shift_x=\u00bb0&#8243; shift_y=\u00bb0&#8243; shift_y_down=\u00bb0&#8243; z_index=\u00bb0&#8243; medium_width=\u00bb2&#8243; mobile_width=\u00bb0&#8243; width=\u00bb1\/4&#8243; link_to=\u00bburl:https%3A%2F%2Fwww.alpapowder.com%2Fes%2Fgarantia-de-calidad%2F|title:Garant%C3%ADa%20de%20calidad\u00bb][vc_icon icon=\u00bbfa fa-trophy2&#8243; size=\u00bbfa-3x\u00bb text_size=\u00bbh5&#8243; text_reduced=\u00bbyes\u00bb align=\u00bb\u00bb title=\u00bbGarant\u00eda de calidad\u00bb]Cada proceso y cada producto est\u00e1 sometido a un estricto control de calidad.[\/vc_icon][\/vc_column_inner][\/vc_row_inner][\/vc_column][\/vc_row][vc_row row_height_percent=\u00bb0&#8243; override_padding=\u00bbyes\u00bb h_padding=\u00bb2&#8243; top_padding=\u00bb4&#8243; bottom_padding=\u00bb4&#8243; back_color=\u00bbcolor-lxmt\u00bb overlay_alpha=\u00bb50&#8243; gutter_size=\u00bb2&#8243; column_width_percent=\u00bb100&#8243; shift_y=\u00bb0&#8243; z_index=\u00bb0&#8243;][vc_column column_width_percent=\u00bb100&#8243; align_horizontal=\u00bbalign_center\u00bb gutter_size=\u00bb3&#8243; overlay_alpha=\u00bb50&#8243; shift_x=\u00bb0&#8243; shift_y=\u00bb0&#8243; shift_y_down=\u00bb0&#8243; z_index=\u00bb0&#8243; medium_width=\u00bb0&#8243; mobile_width=\u00bb0&#8243; width=\u00bb1\/1&#8243;][vc_custom_heading sub_reduced=\u00bbyes\u00bb]Noticias de la empresa[\/vc_custom_heading][uncode_index el_id=\u00bbindex-177493092&#8243; isotope_mode=\u00bbfitRows\u00bb loop=\u00bbsize:3|order_by:date|post_type:post|taxonomy_count:10&#8243; gutter_size=\u00bb3&#8243; post_items=\u00bbmedia|featured|onpost|poster,date,title\u00bb screen_lg=\u00bb1000&#8243; screen_md=\u00bb600&#8243; screen_sm=\u00bb480&#8243; images_size=\u00bbthree-two\u00bb single_overlay_opacity=\u00bb1&#8243; single_text_visible=\u00bbyes\u00bb single_text_anim=\u00bbno\u00bb single_padding=\u00bb1&#8243; single_title_height=\u00bbfontheight-239785&#8243; single_border=\u00bbyes\u00bb][vc_button button_color=\u00bbaccent\u00bb size=\u00bbbtn-sm\u00bb border_width=\u00bb0&#8243; link=\u00bburl:https%3A%2F%2Fwww.alpapowder.com%2Fes%2Fnoticias-de-la-empresa%2F|title:Noticias%20de%20la%20empresa|\u00bb icon=\u00bbfa fa-gears2&#8243;]Ver m\u00e1s noticias[\/vc_button][\/vc_column][\/vc_row]<\/p>\n<\/section>","protected":false},"excerpt":{"rendered":"<p>[vc_row unlock_row_content=\u00bbyes\u00bb row_height_percent=\u00bb88&#8243; override_padding=\u00bbyes\u00bb h_padding=\u00bb0&#8243; top_padding=\u00bb0&#8243; bottom_padding=\u00bb0&#8243; overlay_alpha=\u00bb50&#8243; gutter_size=\u00bb3&#8243; column_width_percent=\u00bb100&#8243; shift_y=\u00bb0&#8243; z_index=\u00bb0&#8243; front_end_with_slider=\u00bbtrue\u00bb][vc_column column_width_percent=\u00bb100&#8243; gutter_size=\u00bb3&#8243; overlay_alpha=\u00bb50&#8243; shift_x=\u00bb0&#8243; shift_y=\u00bb0&#8243; shift_y_down=\u00bb0&#8243; z_index=\u00bb0&#8243; [&hellip;]<\/p>\n","protected":false},"author":6,"featured_media":0,"parent":0,"menu_order":0,"comment_status":"closed","ping_status":"closed","template":"","meta":{"_acf_changed":false,"footnotes":""},"class_list":["post-90800","page","type-page","status-publish","hentry"],"acf":[],"_links":{"self":[{"href":"https:\/\/www.alpapowder.com\/es\/wp-json\/wp\/v2\/pages\/90800","targetHints":{"allow":["GET"]}}],"collection":[{"href":"https:\/\/www.alpapowder.com\/es\/wp-json\/wp\/v2\/pages"}],"about":[{"href":"https:\/\/www.alpapowder.com\/es\/wp-json\/wp\/v2\/types\/page"}],"author":[{"embeddable":true,"href":"https:\/\/www.alpapowder.com\/es\/wp-json\/wp\/v2\/users\/6"}],"replies":[{"embeddable":true,"href":"https:\/\/www.alpapowder.com\/es\/wp-json\/wp\/v2\/comments?post=90800"}],"version-history":[{"count":0,"href":"https:\/\/www.alpapowder.com\/es\/wp-json\/wp\/v2\/pages\/90800\/revisions"}],"wp:attachment":[{"href":"https:\/\/www.alpapowder.com\/es\/wp-json\/wp\/v2\/media?parent=90800"}],"curies":[{"name":"wp","href":"https:\/\/api.w.org\/{rel}","templated":true}]}}