{"id":90803,"date":"2021-06-11T13:08:15","date_gmt":"2021-06-11T05:08:15","guid":{"rendered":"https:\/\/www.alpapowder.com\/instalacion-puesta-en-marcha-y-capacitacion\/"},"modified":"2021-06-11T13:08:15","modified_gmt":"2021-06-11T05:08:15","slug":"instalacion-puesta-en-marcha-y-capacitacion","status":"publish","type":"page","link":"https:\/\/www.alpapowder.com\/es\/instalacion-puesta-en-marcha-y-capacitacion\/","title":{"rendered":"Instalaci\u00f3n, puesta en marcha y capacitaci\u00f3n"},"content":{"rendered":"<section class=\"wpb-content-wrapper\"><p>[vc_row row_height_percent=\u00bb50&#8243; override_padding=\u00bbyes\u00bb h_padding=\u00bb2&#8243; top_padding=\u00bb3&#8243; bottom_padding=\u00bb2&#8243; overlay_alpha=\u00bb50&#8243; gutter_size=\u00bb4&#8243; column_width_percent=\u00bb100&#8243; shift_y=\u00bb0&#8243; z_index=\u00bb0&#8243; el_class=\u00bbinverted-device-order\u00bb][vc_column column_width_use_pixel=\u00bbyes\u00bb position_vertical=\u00bbmiddle\u00bb gutter_size=\u00bb3&#8243; overlay_alpha=\u00bb50&#8243; shift_x=\u00bb0&#8243; shift_y=\u00bb0&#8243; shift_y_down=\u00bb0&#8243; z_index=\u00bb0&#8243; medium_width=\u00bb0&#8243; mobile_width=\u00bb0&#8243; width=\u00bb1\/2&#8243; column_width_pixel=\u00bb900&#8243;][vc_icon icon=\u00bbfa fa-wrench\u00bb icon_color=\u00bbaccent\u00bb size=\u00bbfa-3x\u00bb][\/vc_icon][vc_custom_heading auto_text=\u00bbyes\u00bb heading_semantic=\u00bbh1&#8243;][\/vc_custom_heading][vc_column_text]Creemos que, para que nuestros equipos funcionen con \u00e9xito y de forma fiable, debe empezarse por una instalaci\u00f3n, puesta en marcha y periodo de prueba cuidadosamente planeados y bien ejecutados.Nuestro equipo de servicio posventa estar\u00e1 listo para servirle despu\u00e9s de comprar un equipo ALPA.<\/p>\n<p><strong>Nuestros servicios incluyen:<\/strong><\/p>\n<ul>\n<li>Instalaci\u00f3n y ensamblaje<\/li>\n<li>Puesta en marcha en vac\u00edo<\/li>\n<li>Puesta en marcha con material<\/li>\n<li>Prueba de aceptaci\u00f3n en el sitio (SAT)<\/li>\n<li>Capacitaci\u00f3n en el sitio<\/li>\n<\/ul>\n<p>[\/vc_column_text][\/vc_column][vc_column width=\u00bb1\/2&#8243;][vc_single_image media=\u00bb85996&#8243; media_width_percent=\u00bb100&#8243; media_ratio=\u00bbfour-three\u00bb][\/vc_column][\/vc_row][vc_row row_height_percent=\u00bb50&#8243; override_padding=\u00bbyes\u00bb h_padding=\u00bb2&#8243; top_padding=\u00bb2&#8243; bottom_padding=\u00bb4&#8243; overlay_alpha=\u00bb50&#8243; gutter_size=\u00bb4&#8243; column_width_percent=\u00bb100&#8243; shift_y=\u00bb0&#8243; z_index=\u00bb0&#8243;][vc_column width=\u00bb1\/2&#8243;][vc_single_image media=\u00bb86068&#8243; media_width_percent=\u00bb100&#8243; media_ratio=\u00bbfour-three\u00bb][\/vc_column][vc_column column_width_use_pixel=\u00bbyes\u00bb position_vertical=\u00bbmiddle\u00bb gutter_size=\u00bb3&#8243; overlay_alpha=\u00bb50&#8243; shift_x=\u00bb0&#8243; shift_y=\u00bb0&#8243; shift_y_down=\u00bb0&#8243; z_index=\u00bb0&#8243; medium_width=\u00bb0&#8243; mobile_width=\u00bb0&#8243; width=\u00bb1\/2&#8243; column_width_pixel=\u00bb900&#8243;][vc_icon icon=\u00bbfa fa-mixcloud\u00bb icon_color=\u00bbaccent\u00bb size=\u00bbfa-3x\u00bb][\/vc_icon][vc_custom_heading]Asistencia t\u00e9cnica remota[\/vc_custom_heading][vc_column_text]En la actualidad la pandemia de Covid-19 sigue desatada en todo el mundo,lo que ha supuesto un nuevo desaf\u00edo para nuestro servicio de instalaci\u00f3n y puesta en marcha en el sitio.A modo de ayuda, los ingenieros del servicio posventa de ALPA han comenzado a ofrecer asistencia t\u00e9cnica remota y asistencia con la puesta en marcha, de modo que su programa de producci\u00f3n no se vea retrasado.[\/vc_column_text][\/vc_column][\/vc_row][vc_row row_height_percent=\u00bb0&#8243; override_padding=\u00bbyes\u00bb h_padding=\u00bb2&#8243; top_padding=\u00bb4&#8243; bottom_padding=\u00bb4&#8243; back_color=\u00bbcolor-lxmt\u00bb overlay_alpha=\u00bb50&#8243; gutter_size=\u00bb100&#8243; column_width_percent=\u00bb100&#8243; shift_y=\u00bb0&#8243; z_index=\u00bb0&#8243; style=\u00bbinherited\u00bb row_name=\u00bbAbout Us\u00bb][vc_column column_width_percent=\u00bb100&#8243; position_vertical=\u00bbmiddle\u00bb align_horizontal=\u00bbalign_center\u00bb gutter_size=\u00bb3&#8243; overlay_alpha=\u00bb100&#8243; shift_x=\u00bb0&#8243; shift_y=\u00bb0&#8243; shift_y_down=\u00bb0&#8243; z_index=\u00bb0&#8243; medium_width=\u00bb0&#8243; mobile_width=\u00bb0&#8243; zoom_width=\u00bb0&#8243; zoom_height=\u00bb0&#8243; width=\u00bb1\/1&#8243;][vc_custom_heading]Cursos de capacitaci\u00f3n exhaustivos[\/vc_custom_heading][vc_row_inner row_inner_height_percent=\u00bb0&#8243; overlay_alpha=\u00bb100&#8243; equal_height=\u00bbyes\u00bb gutter_size=\u00bb0&#8243; shift_y=\u00bb0&#8243; z_index=\u00bb0&#8243; limit_content=\u00bb\u00bb][vc_column_inner column_width_percent=\u00bb100&#8243; align_horizontal=\u00bbalign_center\u00bb gutter_size=\u00bb3&#8243; override_padding=\u00bbyes\u00bb column_padding=\u00bb3&#8243; overlay_alpha=\u00bb100&#8243; border_color=\u00bbcolor-177537&#8243; border_style=\u00bbsolid\u00bb shift_x=\u00bb0&#8243; shift_y=\u00bb0&#8243; shift_y_down=\u00bb0&#8243; z_index=\u00bb0&#8243; medium_width=\u00bb2&#8243; mobile_width=\u00bb4&#8243; zoom_width=\u00bb0&#8243; zoom_height=\u00bb0&#8243; width=\u00bb1\/4&#8243; css=\u00bb.vc_custom_1620464062916{border-right-width: 1px !important;}\u00bb][vc_icon icon=\u00bbfa fa-documents\u00bb icon_color=\u00bbcolor-nhtu\u00bb size=\u00bbfa-3x\u00bb text_size=\u00bbh5&#8243; linked_title=\u00bbyes\u00bb text_reduced=\u00bbyes\u00bb align=\u00bbleft\u00bb title=\u00bbCapacitaci\u00f3n sobre conocimientos del equipo\u00bb][\/vc_icon][\/vc_column_inner][vc_column_inner column_width_percent=\u00bb100&#8243; align_horizontal=\u00bbalign_center\u00bb gutter_size=\u00bb3&#8243; override_padding=\u00bbyes\u00bb column_padding=\u00bb3&#8243; overlay_alpha=\u00bb100&#8243; border_color=\u00bbcolor-177537&#8243; border_style=\u00bbsolid\u00bb shift_x=\u00bb0&#8243; shift_y=\u00bb0&#8243; shift_y_down=\u00bb0&#8243; z_index=\u00bb0&#8243; medium_width=\u00bb2&#8243; mobile_width=\u00bb4&#8243; zoom_width=\u00bb0&#8243; zoom_height=\u00bb0&#8243; width=\u00bb1\/4&#8243; css=\u00bb.vc_custom_1620464065938{border-right-width: 1px !important;}\u00bb][vc_icon icon=\u00bbfa fa-streetsign\u00bb icon_color=\u00bbcolor-nhtu\u00bb size=\u00bbfa-3x\u00bb heading_semantic=\u00bbh2&#8243; text_size=\u00bbh5&#8243; text_reduced=\u00bbyes\u00bb align=\u00bbleft\u00bb title=\u00bbCapacitaci\u00f3n sobre t\u00e9cnica de operaci\u00f3n\u00bb][\/vc_icon][\/vc_column_inner][vc_column_inner column_width_percent=\u00bb100&#8243; align_horizontal=\u00bbalign_center\u00bb gutter_size=\u00bb3&#8243; override_padding=\u00bbyes\u00bb column_padding=\u00bb3&#8243; overlay_alpha=\u00bb100&#8243; border_color=\u00bbcolor-177537&#8243; border_style=\u00bbsolid\u00bb shift_x=\u00bb0&#8243; shift_y=\u00bb0&#8243; shift_y_down=\u00bb0&#8243; z_index=\u00bb0&#8243; medium_width=\u00bb2&#8243; mobile_width=\u00bb4&#8243; zoom_width=\u00bb0&#8243; zoom_height=\u00bb0&#8243; width=\u00bb1\/4&#8243; css=\u00bb.vc_custom_1620464069548{border-right-width: 1px !important;}\u00bb][vc_icon icon=\u00bbfa fa-adjustments\u00bb icon_color=\u00bbcolor-nhtu\u00bb size=\u00bbfa-3x\u00bb text_size=\u00bbh5&#8243; linked_title=\u00bbyes\u00bb text_reduced=\u00bbyes\u00bb align=\u00bbleft\u00bb title=\u00bbCapacitaci\u00f3n sobre instalaci\u00f3n y puesta en marcha\u00bb][\/vc_icon][\/vc_column_inner][vc_column_inner column_width_percent=\u00bb100&#8243; align_horizontal=\u00bbalign_center\u00bb gutter_size=\u00bb3&#8243; override_padding=\u00bbyes\u00bb column_padding=\u00bb3&#8243; overlay_alpha=\u00bb50&#8243; shift_x=\u00bb0&#8243; shift_y=\u00bb0&#8243; shift_y_down=\u00bb0&#8243; z_index=\u00bb0&#8243; medium_width=\u00bb2&#8243; mobile_width=\u00bb4&#8243; width=\u00bb1\/4&#8243;][vc_icon icon=\u00bbfa fa-gears2&#8243; icon_color=\u00bbcolor-nhtu\u00bb size=\u00bbfa-3x\u00bb text_size=\u00bbh5&#8243; linked_title=\u00bbyes\u00bb text_reduced=\u00bbyes\u00bb align=\u00bbleft\u00bb title=\u00bbCapacitaci\u00f3n sobre conocimientos generales de mantenimiento\u00bb][\/vc_icon][\/vc_column_inner][\/vc_row_inner][\/vc_column][\/vc_row]<\/p>\n<\/section>","protected":false},"excerpt":{"rendered":"<p>[vc_row row_height_percent=\u00bb50&#8243; override_padding=\u00bbyes\u00bb h_padding=\u00bb2&#8243; top_padding=\u00bb3&#8243; bottom_padding=\u00bb2&#8243; overlay_alpha=\u00bb50&#8243; gutter_size=\u00bb4&#8243; column_width_percent=\u00bb100&#8243; shift_y=\u00bb0&#8243; z_index=\u00bb0&#8243; el_class=\u00bbinverted-device-order\u00bb][vc_column column_width_use_pixel=\u00bbyes\u00bb position_vertical=\u00bbmiddle\u00bb gutter_size=\u00bb3&#8243; overlay_alpha=\u00bb50&#8243; shift_x=\u00bb0&#8243; shift_y=\u00bb0&#8243; shift_y_down=\u00bb0&#8243; z_index=\u00bb0&#8243; [&hellip;]<\/p>\n","protected":false},"author":6,"featured_media":0,"parent":0,"menu_order":0,"comment_status":"closed","ping_status":"closed","template":"","meta":{"_acf_changed":false,"footnotes":""},"class_list":["post-90803","page","type-page","status-publish","hentry"],"acf":[],"_links":{"self":[{"href":"https:\/\/www.alpapowder.com\/es\/wp-json\/wp\/v2\/pages\/90803","targetHints":{"allow":["GET"]}}],"collection":[{"href":"https:\/\/www.alpapowder.com\/es\/wp-json\/wp\/v2\/pages"}],"about":[{"href":"https:\/\/www.alpapowder.com\/es\/wp-json\/wp\/v2\/types\/page"}],"author":[{"embeddable":true,"href":"https:\/\/www.alpapowder.com\/es\/wp-json\/wp\/v2\/users\/6"}],"replies":[{"embeddable":true,"href":"https:\/\/www.alpapowder.com\/es\/wp-json\/wp\/v2\/comments?post=90803"}],"version-history":[{"count":0,"href":"https:\/\/www.alpapowder.com\/es\/wp-json\/wp\/v2\/pages\/90803\/revisions"}],"wp:attachment":[{"href":"https:\/\/www.alpapowder.com\/es\/wp-json\/wp\/v2\/media?parent=90803"}],"curies":[{"name":"wp","href":"https:\/\/api.w.org\/{rel}","templated":true}]}}