{"id":90848,"date":"2021-06-11T14:11:58","date_gmt":"2021-06-11T06:11:58","guid":{"rendered":"https:\/\/www.alpapowder.com\/casos\/material-de-construccion\/"},"modified":"2022-05-12T16:51:36","modified_gmt":"2022-05-12T08:51:36","slug":"material-de-construccion","status":"publish","type":"page","link":"https:\/\/www.alpapowder.com\/es\/casos\/material-de-construccion\/","title":{"rendered":"Material de construcci\u00f3n"},"content":{"rendered":"<section class=\"wpb-content-wrapper\"><p>[vc_row unlock_row_content=\u00bbyes\u00bb row_height_percent=\u00bb70&#8243; override_padding=\u00bbyes\u00bb h_padding=\u00bb0&#8243; top_padding=\u00bb0&#8243; bottom_padding=\u00bb0&#8243; overlay_alpha=\u00bb50&#8243; equal_height=\u00bbyes\u00bb gutter_size=\u00bb0&#8243; column_width_percent=\u00bb100&#8243; shift_y=\u00bb0&#8243; z_index=\u00bb0&#8243;][vc_column column_width_percent=\u00bb100&#8243; position_vertical=\u00bbmiddle\u00bb gutter_size=\u00bb3&#8243; override_padding=\u00bbyes\u00bb column_padding=\u00bb4&#8243; style=\u00bbdark\u00bb back_color=\u00bbaccent\u00bb overlay_alpha=\u00bb80&#8243; shift_x=\u00bb0&#8243; shift_y=\u00bb0&#8243; shift_y_down=\u00bb0&#8243; z_index=\u00bb0&#8243; medium_width=\u00bb0&#8243; mobile_width=\u00bb0&#8243; width=\u00bb1\/2&#8243;][vc_row_inner][vc_column_inner column_width_percent=\u00bb100&#8243; gutter_size=\u00bb1&#8243; style=\u00bbdark\u00bb overlay_alpha=\u00bb50&#8243; shift_x=\u00bb0&#8243; shift_y=\u00bb0&#8243; shift_y_down=\u00bb0&#8243; z_index=\u00bb0&#8243; medium_width=\u00bb0&#8243; mobile_width=\u00bb0&#8243; width=\u00bb1\/1&#8243;][vc_custom_heading auto_text=\u00bbyes\u00bb heading_semantic=\u00bbh1&#8243; text_size=\u00bbh1&#8243; sub_lead=\u00bbyes\u00bb sub_reduced=\u00bbyes\u00bb][\/vc_custom_heading][vc_custom_heading text_size=\u00bbh1&#8243; sub_lead=\u00bbyes\u00bb sub_reduced=\u00bbyes\u00bb]Utilizaci\u00f3n de alto valor de residuos s\u00f3lidos industriales[\/vc_custom_heading][\/vc_column_inner][\/vc_row_inner][vc_column_text]ALPA desarroll\u00f3 independientemente la tecnolog\u00eda:sobre el principio de tratamiento modificativo de la formaci\u00f3n de espuma, la tecnolog\u00eda de polvo superfino y el tratamiento coordinado de la combinaci\u00f3n de desechos multis\u00f3lidos y la gelificaci\u00f3n sin\u00e9rgica utilizados en el tratamiento de la escoria metal\u00fargica, escoria de acero, yeso qu\u00edmico, ceniza de carb\u00f3n y otros desperdicios s\u00f3lidos industriales, con el objetivo de producir materiales de construcci\u00f3n de alta calidad y estables.No solo ofrece soluci\u00f3n a la eliminaci\u00f3n de desechos y la protecci\u00f3n del medio ambiente, tambi\u00e9n puede extraer el valor potencial de los materiales de construcci\u00f3n a partir de desechos s\u00f3lidos.[\/vc_column_text][\/vc_column][vc_column column_width_percent=\u00bb100&#8243; position_vertical=\u00bbmiddle\u00bb align_horizontal=\u00bbalign_center\u00bb gutter_size=\u00bb3&#8243; override_padding=\u00bbyes\u00bb column_padding=\u00bb0&#8243; back_color=\u00bbcolor-xsdn\u00bb back_image=\u00bb116311&#8243; overlay_color=\u00bbcolor-jevc\u00bb overlay_alpha=\u00bb50&#8243; shift_x=\u00bb0&#8243; shift_y=\u00bb0&#8243; shift_y_down=\u00bb0&#8243; z_index=\u00bb0&#8243; align_medium=\u00bbalign_center_tablet\u00bb medium_width=\u00bb0&#8243; align_mobile=\u00bbalign_center_mobile\u00bb mobile_width=\u00bb0&#8243; width=\u00bb1\/2&#8243; uncode_shortcode_id=\u00bb176389&#8243; back_color_type=\u00bbuncode-palette\u00bb overlay_color_type=\u00bbuncode-palette\u00bb][vc_empty_space empty_h=\u00bb5&#8243;][vc_empty_space empty_h=\u00bb3&#8243;][\/vc_column][\/vc_row][vc_row row_height_percent=\u00bb0&#8243; override_padding=\u00bbyes\u00bb h_padding=\u00bb2&#8243; top_padding=\u00bb4&#8243; bottom_padding=\u00bb4&#8243; overlay_alpha=\u00bb50&#8243; gutter_size=\u00bb0&#8243; column_width_percent=\u00bb100&#8243; shift_y=\u00bb0&#8243; z_index=\u00bb0&#8243; top_divider=\u00bbgradient\u00bb bottom_divider=\u00bbstep\u00bb el_class=\u00bbdemos\u00bb][vc_column column_width_percent=\u00bb100&#8243; align_horizontal=\u00bbalign_center\u00bb gutter_size=\u00bb3&#8243; overlay_alpha=\u00bb50&#8243; shift_x=\u00bb0&#8243; shift_y=\u00bb0&#8243; shift_y_down=\u00bb0&#8243; z_index=\u00bb0&#8243; medium_width=\u00bb0&#8243; mobile_width=\u00bb0&#8243; width=\u00bb1\/1&#8243;][uncode_block id=\u00bb84835&#8243; inside_column=\u00bbyes\u00bb][uncode_index el_id=\u00bbindex-1041816597&#8243; isotope_mode=\u00bbfitRows\u00bb loop=\u00bbsize:9|order_by:date|post_type:project|tax_query:112|taxonomy_count:10&#8243; pagination=\u00bbyes\u00bb gutter_size=\u00bb3&#8243; post_items=\u00bbmedia|featured|onpost|poster,title,text|excerpt|75&#8243; product_items=\u00bbtitle,price,media|featured|onpost|original\u00bb portfolio_items=\u00bbtitle,media|featured|onpost|original\u00bb project_items=\u00bbtitle,media|media|onpost|original,text|excerpt,icon|sm,acf-field_607e48db91dd6,spacer|half\u00bb screen_lg=\u00bb1000&#8243; screen_md=\u00bb600&#8243; screen_sm=\u00bb480&#8243; images_size=\u00bbsixteen-nine\u00bb single_overlay_color=\u00bbcolor-jevc\u00bb single_overlay_opacity=\u00bb50&#8243; single_text_anim_type=\u00bbbtt\u00bb single_padding=\u00bb1&#8243; single_title_dimension=\u00bbh5&#8243; single_border=\u00bbyes\u00bb custom_order=\u00bbyes\u00bb order_ids=\u00bb83909,83775,83936,83764,83758,83964,83929,83772,83754,83752,83745&#8243; single_icon=\u00bbfa fa-plus2&#8243;][\/vc_column][\/vc_row][vc_row unlock_row_content=\u00bbyes\u00bb row_height_percent=\u00bb0&#8243; override_padding=\u00bbyes\u00bb h_padding=\u00bb0&#8243; top_padding=\u00bb0&#8243; bottom_padding=\u00bb0&#8243; back_color=\u00bbcolor-lxmt\u00bb overlay_alpha=\u00bb50&#8243; equal_height=\u00bbyes\u00bb gutter_size=\u00bb0&#8243; column_width_percent=\u00bb100&#8243; shift_y=\u00bb0&#8243; z_index=\u00bb0&#8243; inverted_device_order=\u00bbyes\u00bb][vc_column column_width_percent=\u00bb100&#8243; align_horizontal=\u00bbalign_center\u00bb gutter_size=\u00bb3&#8243; style=\u00bbdark\u00bb overlay_alpha=\u00bb50&#8243; shift_x=\u00bb0&#8243; shift_y=\u00bb0&#8243; shift_y_down=\u00bb0&#8243; z_index=\u00bb0&#8243; medium_width=\u00bb0&#8243; mobile_width=\u00bb0&#8243; width=\u00bb1\/2&#8243;][uncode_index el_id=\u00bbindex-566311&#8243; index_type=\u00bbcarousel\u00bb loop=\u00bbsize:10|order_by:date|post_type:portfolio|by_id:90113,90073,90082,90110,90079|taxonomy_count:10&#8243; carousel_lg=\u00bb1&#8243; carousel_md=\u00bb1&#8243; carousel_sm=\u00bb1&#8243; gutter_size=\u00bb3&#8243; post_items=\u00bbmedia|featured|onpost|original,title,category|nobg|relative|display-icon,date,text|excerpt,link|default|default_size,author|sm_size|hide_qualification,sep-one|full,extra,spacer|half\u00bb portfolio_items=\u00bbtitle,media|featured|onpost|original,acf-field_608bc5c592a93,spacer|half,link|link|small_size|Ver detalles\u00bb carousel_interval=\u00bb3000&#8243; carousel_navspeed=\u00bb400&#8243; carousel_nav=\u00bbyes\u00bb carousel_nav_mobile=\u00bbyes\u00bb carousel_dots=\u00bbyes\u00bb carousel_dots_mobile=\u00bbyes\u00bb carousel_dots_inside=\u00bbyes\u00bb carousel_dot_padding=\u00bb2&#8243; stage_padding=\u00bb0&#8243; single_text=\u00bboverlay\u00bb single_style=\u00bbdark\u00bb single_overlay_opacity=\u00bb50&#8243; single_overlay_anim=\u00bbno\u00bb single_h_align=\u00bbright\u00bb single_padding=\u00bb3&#8243; single_title_dimension=\u00bbh4&#8243; single_border=\u00bbyes\u00bb custom_order=\u00bbyes\u00bb uncode_shortcode_id=\u00bb182528&#8243; order_ids=\u00bb90113,90073,90082,90110,90079&#8243;][\/vc_column][vc_column column_width_percent=\u00bb100&#8243; position_vertical=\u00bbmiddle\u00bb gutter_size=\u00bb2&#8243; override_padding=\u00bbyes\u00bb column_padding=\u00bb4&#8243; style=\u00bbdark\u00bb back_color=\u00bbaccent\u00bb overlay_alpha=\u00bb50&#8243; shift_x=\u00bb0&#8243; shift_y=\u00bb0&#8243; shift_y_down=\u00bb0&#8243; z_index=\u00bb0&#8243; medium_width=\u00bb0&#8243; mobile_width=\u00bb0&#8243; width=\u00bb1\/2&#8243;][uncode_block id=\u00bb85796&#8243; inside_column=\u00bbyes\u00bb][vc_empty_space empty_h=\u00bb2&#8243;][vc_column_text]<strong>Utilizaci\u00f3n en cascada de escoria de acero<br \/>\n<\/strong>En una gama que se extiende desde ingredientes superfinos hasta materiales auxiliares cementosos y sus derivados.[\/vc_column_text][vc_separator sep_color=\u00bbcolor-146634&#8243;][vc_column_text]<strong>Utilizaci\u00f3n en cascada de cenizas volantes<br \/>\n<\/strong>Desde aditivos hasta el relleno inorg\u00e1nico.[\/vc_column_text][vc_separator sep_color=\u00bbcolor-146634&#8243;][vc_column_text]<strong>Utilizaci\u00f3n de alto valor de ganga de carb\u00f3n, relaves y lodo rojo<br \/>\n<\/strong>Serie PVC y piedra inorg\u00e1nica.[\/vc_column_text][vc_separator sep_color=\u00bbcolor-146634&#8243;][vc_column_text]<strong>Escorias y relaves de alta temperatura<br \/>\n<\/strong>Recuperaci\u00f3n termosensible de escoria de alta temperatura y elaboraci\u00f3n de polvo ultrafino de escoria de cola.[\/vc_column_text][vc_separator sep_color=\u00bbcolor-146634&#8243;][vc_column_text]<strong>Escoria metal\u00fargica, relaves y mena magra<br \/>\n<\/strong>Enriquecimiento y separaci\u00f3n de componentes valiosos.[\/vc_column_text][vc_separator sep_color=\u00bbcolor-146634&#8243;][vc_column_text]Preparaci\u00f3n fina de variados residuos s\u00f3lidos pulverizados a granel y sus derivados.[\/vc_column_text][vc_separator sep_color=\u00bbcolor-146634&#8243;][vc_empty_space empty_h=\u00bb2&#8243;][vc_button size=\u00bbbtn-sm\u00bb outline=\u00bbyes\u00bb border_width=\u00bb0&#8243; link=\u00bburl:https%3A%2F%2Fsolidwaste.alpapowder.com|target:_blank|\u00bb icon=\u00bbfa fa-mail-forward\u00bb]Para obtener m\u00e1s informaci\u00f3n sobre la utilizaci\u00f3n de alto valor de los residuos s\u00f3lidos industriales [\/vc_button][\/vc_column][\/vc_row]<\/p>\n<\/section>","protected":false},"excerpt":{"rendered":"<p>[vc_row unlock_row_content=\u00bbyes\u00bb row_height_percent=\u00bb70&#8243; override_padding=\u00bbyes\u00bb h_padding=\u00bb0&#8243; top_padding=\u00bb0&#8243; bottom_padding=\u00bb0&#8243; overlay_alpha=\u00bb50&#8243; equal_height=\u00bbyes\u00bb gutter_size=\u00bb0&#8243; column_width_percent=\u00bb100&#8243; shift_y=\u00bb0&#8243; z_index=\u00bb0&#8243;][vc_column column_width_percent=\u00bb100&#8243; position_vertical=\u00bbmiddle\u00bb gutter_size=\u00bb3&#8243; override_padding=\u00bbyes\u00bb column_padding=\u00bb4&#8243; style=\u00bbdark\u00bb back_color=\u00bbaccent\u00bb [&hellip;]<\/p>\n","protected":false},"author":6,"featured_media":0,"parent":90842,"menu_order":0,"comment_status":"open","ping_status":"closed","template":"","meta":{"_acf_changed":false,"footnotes":""},"class_list":["post-90848","page","type-page","status-publish","hentry","page_category-casos"],"acf":[],"_links":{"self":[{"href":"https:\/\/www.alpapowder.com\/es\/wp-json\/wp\/v2\/pages\/90848","targetHints":{"allow":["GET"]}}],"collection":[{"href":"https:\/\/www.alpapowder.com\/es\/wp-json\/wp\/v2\/pages"}],"about":[{"href":"https:\/\/www.alpapowder.com\/es\/wp-json\/wp\/v2\/types\/page"}],"author":[{"embeddable":true,"href":"https:\/\/www.alpapowder.com\/es\/wp-json\/wp\/v2\/users\/6"}],"replies":[{"embeddable":true,"href":"https:\/\/www.alpapowder.com\/es\/wp-json\/wp\/v2\/comments?post=90848"}],"version-history":[{"count":0,"href":"https:\/\/www.alpapowder.com\/es\/wp-json\/wp\/v2\/pages\/90848\/revisions"}],"up":[{"embeddable":true,"href":"https:\/\/www.alpapowder.com\/es\/wp-json\/wp\/v2\/pages\/90842"}],"wp:attachment":[{"href":"https:\/\/www.alpapowder.com\/es\/wp-json\/wp\/v2\/media?parent=90848"}],"curies":[{"name":"wp","href":"https:\/\/api.w.org\/{rel}","templated":true}]}}