{"id":90851,"date":"2021-06-11T14:13:51","date_gmt":"2021-06-11T06:13:51","guid":{"rendered":"https:\/\/www.alpapowder.com\/casos\/industria-quimica\/"},"modified":"2021-08-02T14:28:23","modified_gmt":"2021-08-02T06:28:23","slug":"industria-quimica","status":"publish","type":"page","link":"https:\/\/www.alpapowder.com\/es\/casos\/industria-quimica\/","title":{"rendered":"Industria Qu\u00edmica"},"content":{"rendered":"<section class=\"wpb-content-wrapper\"><p>[vc_row unlock_row_content=\u00bbyes\u00bb row_height_percent=\u00bb70&#8243; override_padding=\u00bbyes\u00bb h_padding=\u00bb0&#8243; top_padding=\u00bb0&#8243; bottom_padding=\u00bb0&#8243; overlay_alpha=\u00bb50&#8243; equal_height=\u00bbyes\u00bb gutter_size=\u00bb0&#8243; column_width_percent=\u00bb100&#8243; shift_y=\u00bb0&#8243; z_index=\u00bb0&#8243;][vc_column column_width_percent=\u00bb100&#8243; position_vertical=\u00bbmiddle\u00bb gutter_size=\u00bb3&#8243; override_padding=\u00bbyes\u00bb column_padding=\u00bb4&#8243; style=\u00bbdark\u00bb back_color=\u00bbaccent\u00bb overlay_alpha=\u00bb80&#8243; shift_x=\u00bb0&#8243; shift_y=\u00bb0&#8243; shift_y_down=\u00bb0&#8243; z_index=\u00bb0&#8243; medium_width=\u00bb0&#8243; mobile_width=\u00bb0&#8243; width=\u00bb1\/2&#8243;][vc_custom_heading auto_text=\u00bbyes\u00bb heading_semantic=\u00bbh1&#8243; text_size=\u00bbh1&#8243;][\/vc_custom_heading][vc_column_text]La industria qu\u00edmica tiene un rol fundamental en la econom\u00eda nacional de muchos pa\u00edses. Es la industria b\u00e1sica y pilar de un gran n\u00famero de naciones.La velocidad de desarrollo y la escala de la industria qu\u00edmica influyen directamente en todos los sectores de la econom\u00eda social. El valor de producci\u00f3n anual de productos qu\u00edmicos a nivel global ha superado los 1,5 billones millones de d\u00f3lares estadounidenses.<\/p>\n<p>Las sustancias qu\u00edmicas se encuentran en cualquier faceta de nuestra vida diaria.T\u00f3ner para impresoras, sart\u00e9n recubierta de tefl\u00f3n para cocinar, resina, retardante de llama, celulosa, plaguicida, y m\u00e1s, todos ellos son productos de la industria qu\u00edmica fina.<\/p>\n<p>ALPA, con 20 a\u00f1os de investigaci\u00f3n y exploraci\u00f3n continuas, cuenta con una experiencia t\u00e9cnica avanzada en la trituraci\u00f3n y clasificaci\u00f3n de recubrimientos, pigmentos, tintas de impresi\u00f3n, cer\u00e1micas de alto rendimiento, adhesivos y selladores de alta calidad.La materia prima se puede tratar f\u00e1cilmente mediante el uso de tecnolog\u00eda de polvo ultrafino, y puede alcanzarse un tama\u00f1o de part\u00edcula de material entre 2 mm y 2 \u03bcm. Mejora considerablemente el \u00edndice de utilizaci\u00f3n de materiales y fomenta el cambio de la industria qu\u00edmica.[\/vc_column_text][\/vc_column][vc_column column_width_percent=\u00bb100&#8243; position_vertical=\u00bbmiddle\u00bb align_horizontal=\u00bbalign_center\u00bb gutter_size=\u00bb3&#8243; override_padding=\u00bbyes\u00bb column_padding=\u00bb0&#8243; back_color=\u00bbcolor-xsdn\u00bb back_image=\u00bb85907&#8243; overlay_alpha=\u00bb50&#8243; shift_x=\u00bb0&#8243; shift_y=\u00bb0&#8243; shift_y_down=\u00bb0&#8243; z_index=\u00bb0&#8243; align_medium=\u00bbalign_center_tablet\u00bb medium_width=\u00bb0&#8243; align_mobile=\u00bbalign_center_mobile\u00bb mobile_width=\u00bb0&#8243; width=\u00bb1\/2&#8243;][vc_empty_space empty_h=\u00bb5&#8243;][vc_empty_space empty_h=\u00bb3&#8243;][\/vc_column][\/vc_row][vc_row row_height_percent=\u00bb0&#8243; override_padding=\u00bbyes\u00bb h_padding=\u00bb2&#8243; top_padding=\u00bb4&#8243; bottom_padding=\u00bb2&#8243; overlay_alpha=\u00bb50&#8243; equal_height=\u00bbyes\u00bb gutter_size=\u00bb4&#8243; column_width_percent=\u00bb100&#8243; border_color=\u00bbcolor-177537&#8243; border_style=\u00bbsolid\u00bb shift_y=\u00bb0&#8243; z_index=\u00bb0&#8243; top_divider=\u00bbgradient\u00bb bottom_divider=\u00bbstep\u00bb el_class=\u00bbdemos\u00bb][vc_column column_width_percent=\u00bb100&#8243; position_vertical=\u00bbmiddle\u00bb align_horizontal=\u00bbalign_center\u00bb gutter_size=\u00bb2&#8243; overlay_alpha=\u00bb50&#8243; shift_x=\u00bb0&#8243; shift_y=\u00bb0&#8243; shift_y_down=\u00bb0&#8243; z_index=\u00bb0&#8243; medium_width=\u00bb0&#8243; mobile_width=\u00bb0&#8243; width=\u00bb1\/1&#8243;][uncode_block id=\u00bb84835&#8243; inside_column=\u00bbyes\u00bb][vc_gallery el_id=\u00bbgallery-187957&#8243; isotope_mode=\u00bbfitRows\u00bb medias=\u00bb83314,83315,83324,83321,86032,86030,92158,92167,92161,92164,92173,92170&#8243; gutter_size=\u00bb2&#8243; media_items=\u00bbmedia|nolink|original,icon\u00bb screen_lg=\u00bb1000&#8243; screen_md=\u00bb600&#8243; screen_sm=\u00bb300&#8243; single_width=\u00bb2&#8243; single_overlay_opacity=\u00bb50&#8243; single_overlay_anim=\u00bbno\u00bb single_padding=\u00bb2&#8243;][\/vc_column][\/vc_row][vc_row row_height_percent=\u00bb0&#8243; override_padding=\u00bbyes\u00bb h_padding=\u00bb2&#8243; top_padding=\u00bb2&#8243; bottom_padding=\u00bb4&#8243; overlay_alpha=\u00bb50&#8243; gutter_size=\u00bb0&#8243; column_width_percent=\u00bb100&#8243; shift_y=\u00bb0&#8243; z_index=\u00bb0&#8243; top_divider=\u00bbgradient\u00bb bottom_divider=\u00bbstep\u00bb el_class=\u00bbdemos\u00bb][vc_column column_width_percent=\u00bb100&#8243; align_horizontal=\u00bbalign_center\u00bb gutter_size=\u00bb4&#8243; overlay_alpha=\u00bb50&#8243; shift_x=\u00bb0&#8243; shift_y=\u00bb0&#8243; shift_y_down=\u00bb0&#8243; z_index=\u00bb0&#8243; medium_width=\u00bb0&#8243; mobile_width=\u00bb0&#8243; width=\u00bb1\/1&#8243;][uncode_index el_id=\u00bbindex-1041816597&#8243; isotope_mode=\u00bbfitRows\u00bb loop=\u00bbsize:9|order_by:date|post_type:project|tax_query:116|taxonomy_count:10&#8243; pagination=\u00bbyes\u00bb gutter_size=\u00bb3&#8243; post_items=\u00bbmedia|featured|onpost|poster,title,text|excerpt|75&#8243; product_items=\u00bbtitle,price,media|featured|onpost|original\u00bb portfolio_items=\u00bbtitle,media|featured|onpost|original\u00bb project_items=\u00bbtitle,media|media|onpost|original,text|excerpt,icon|sm,acf-field_607e48db91dd6,spacer|half\u00bb screen_lg=\u00bb1000&#8243; screen_md=\u00bb600&#8243; screen_sm=\u00bb480&#8243; images_size=\u00bbsixteen-nine\u00bb single_overlay_color=\u00bbcolor-jevc\u00bb single_overlay_opacity=\u00bb50&#8243; single_text_anim_type=\u00bbbtt\u00bb single_padding=\u00bb1&#8243; single_title_dimension=\u00bbh5&#8243; single_border=\u00bbyes\u00bb custom_order=\u00bbyes\u00bb order_ids=\u00bb19264,19265,18999,18996,18998,18995,18997,18967&#8243; single_icon=\u00bbfa fa-plus2&#8243;][\/vc_column][\/vc_row][vc_row unlock_row_content=\u00bbyes\u00bb row_height_percent=\u00bb0&#8243; override_padding=\u00bbyes\u00bb h_padding=\u00bb0&#8243; top_padding=\u00bb0&#8243; bottom_padding=\u00bb0&#8243; back_color=\u00bbcolor-lxmt\u00bb overlay_alpha=\u00bb50&#8243; equal_height=\u00bbyes\u00bb gutter_size=\u00bb0&#8243; column_width_percent=\u00bb100&#8243; shift_y=\u00bb0&#8243; z_index=\u00bb0&#8243; inverted_device_order=\u00bbyes\u00bb][vc_column column_width_percent=\u00bb100&#8243; align_horizontal=\u00bbalign_center\u00bb gutter_size=\u00bb3&#8243; style=\u00bbdark\u00bb overlay_alpha=\u00bb50&#8243; shift_x=\u00bb0&#8243; shift_y=\u00bb0&#8243; shift_y_down=\u00bb0&#8243; z_index=\u00bb0&#8243; medium_width=\u00bb0&#8243; mobile_width=\u00bb0&#8243; sticky=\u00bbyes\u00bb width=\u00bb1\/2&#8243;][uncode_index el_id=\u00bbindex-566311&#8243; index_type=\u00bbcarousel\u00bb loop=\u00bbsize:10|order_by:date|post_type:portfolio|by_id:90073,90082,90113,90085,90094|taxonomy_count:10&#8243; carousel_lg=\u00bb1&#8243; carousel_md=\u00bb1&#8243; carousel_sm=\u00bb1&#8243; gutter_size=\u00bb3&#8243; post_items=\u00bbmedia|featured|onpost|original,title,category|nobg|relative|display-icon,date,text|excerpt,link|default|default_size,author|sm_size|hide_qualification,sep-one|full,extra,spacer|half\u00bb portfolio_items=\u00bbtitle,media|featured|onpost|original,acf-field_608bc5c592a93,spacer|half,link|link|small_size|Ver detalles  \u00bb carousel_interval=\u00bb3000&#8243; carousel_navspeed=\u00bb400&#8243; carousel_nav=\u00bbyes\u00bb carousel_nav_mobile=\u00bbyes\u00bb carousel_dots=\u00bbyes\u00bb carousel_dots_mobile=\u00bbyes\u00bb carousel_dots_inside=\u00bbyes\u00bb carousel_dot_padding=\u00bb2&#8243; stage_padding=\u00bb0&#8243; single_text=\u00bboverlay\u00bb single_style=\u00bbdark\u00bb single_overlay_opacity=\u00bb50&#8243; single_overlay_anim=\u00bbno\u00bb single_h_align=\u00bbright\u00bb single_padding=\u00bb3&#8243; single_title_dimension=\u00bbh4&#8243; single_border=\u00bbyes\u00bb uncode_shortcode_id=\u00bb884613&#8243;][\/vc_column][vc_column column_width_percent=\u00bb100&#8243; position_vertical=\u00bbmiddle\u00bb gutter_size=\u00bb2&#8243; override_padding=\u00bbyes\u00bb column_padding=\u00bb4&#8243; style=\u00bbdark\u00bb back_color=\u00bbaccent\u00bb overlay_alpha=\u00bb50&#8243; shift_x=\u00bb0&#8243; shift_y=\u00bb0&#8243; shift_y_down=\u00bb0&#8243; z_index=\u00bb0&#8243; medium_width=\u00bb0&#8243; mobile_width=\u00bb0&#8243; width=\u00bb1\/2&#8243;][uncode_block id=\u00bb85796&#8243; inside_column=\u00bbyes\u00bb][vc_empty_space empty_h=\u00bb2&#8243;][vc_separator sep_color=\u00bbcolor-146634&#8243;][vc_column_text]Seg\u00fan el peligro y el grado de resistencia a explosiones de los materiales, se implementan medidas de seguridad integrales contra incendios, por ejemplo, mitigaci\u00f3n de explosiones, medidas de resistencia a explosiones y supresi\u00f3n de explosiones, con el objetivo de garantizar la seguridad y el control del proceso productivo y la operaci\u00f3n.[\/vc_column_text][vc_separator sep_color=\u00bbcolor-146634&#8243;][vc_column_text]Seg\u00fan la demanda t\u00e9rmica del proceso productivo del material, se implementan medidas de control de temperatura espec\u00edficas, como enfriamiento por aire, enfriamiento por agua y nitr\u00f3geno l\u00edquido, y as\u00ed mantener la temperatura adecuada del material durante la producci\u00f3n.[\/vc_column_text][vc_separator sep_color=\u00bbcolor-146634&#8243;][vc_column_text]Se utiliza un dise\u00f1o de proceso de ciclo cerrado de circulaci\u00f3n de aire o gas inerte para controlar eficazmente la entrada de humedad externa.[\/vc_column_text][vc_separator sep_color=\u00bbcolor-146634&#8243;][vc_column_text]Las partes fundamentales en contacto con los materiales est\u00e1n protegidas por diversos productos para garantizar en gran medida su pureza.[\/vc_column_text][vc_separator sep_color=\u00bbcolor-146634&#8243;][vc_column_text]La soluci\u00f3n integral de secado y trituraci\u00f3n se adopta para reducir el flujo de proceso, ahorrar espacio en la planta y reducir en gran medida el consumo energ\u00e9tico de la unidad y la inversi\u00f3n en equipos.[\/vc_column_text][\/vc_column][\/vc_row]<\/p>\n<\/section>","protected":false},"excerpt":{"rendered":"<p>[vc_row unlock_row_content=\u00bbyes\u00bb row_height_percent=\u00bb70&#8243; override_padding=\u00bbyes\u00bb h_padding=\u00bb0&#8243; top_padding=\u00bb0&#8243; bottom_padding=\u00bb0&#8243; overlay_alpha=\u00bb50&#8243; equal_height=\u00bbyes\u00bb gutter_size=\u00bb0&#8243; column_width_percent=\u00bb100&#8243; shift_y=\u00bb0&#8243; z_index=\u00bb0&#8243;][vc_column column_width_percent=\u00bb100&#8243; position_vertical=\u00bbmiddle\u00bb gutter_size=\u00bb3&#8243; override_padding=\u00bbyes\u00bb column_padding=\u00bb4&#8243; style=\u00bbdark\u00bb back_color=\u00bbaccent\u00bb [&hellip;]<\/p>\n","protected":false},"author":6,"featured_media":0,"parent":90842,"menu_order":0,"comment_status":"open","ping_status":"closed","template":"","meta":{"_acf_changed":false,"footnotes":""},"class_list":["post-90851","page","type-page","status-publish","hentry","page_category-casos"],"acf":[],"_links":{"self":[{"href":"https:\/\/www.alpapowder.com\/es\/wp-json\/wp\/v2\/pages\/90851","targetHints":{"allow":["GET"]}}],"collection":[{"href":"https:\/\/www.alpapowder.com\/es\/wp-json\/wp\/v2\/pages"}],"about":[{"href":"https:\/\/www.alpapowder.com\/es\/wp-json\/wp\/v2\/types\/page"}],"author":[{"embeddable":true,"href":"https:\/\/www.alpapowder.com\/es\/wp-json\/wp\/v2\/users\/6"}],"replies":[{"embeddable":true,"href":"https:\/\/www.alpapowder.com\/es\/wp-json\/wp\/v2\/comments?post=90851"}],"version-history":[{"count":0,"href":"https:\/\/www.alpapowder.com\/es\/wp-json\/wp\/v2\/pages\/90851\/revisions"}],"up":[{"embeddable":true,"href":"https:\/\/www.alpapowder.com\/es\/wp-json\/wp\/v2\/pages\/90842"}],"wp:attachment":[{"href":"https:\/\/www.alpapowder.com\/es\/wp-json\/wp\/v2\/media?parent=90851"}],"curies":[{"name":"wp","href":"https:\/\/api.w.org\/{rel}","templated":true}]}}