{"id":90879,"date":"2021-06-11T14:44:28","date_gmt":"2021-06-11T06:44:28","guid":{"rendered":"https:\/\/www.alpapowder.com\/casos\/laboratorio\/"},"modified":"2022-05-12T17:27:29","modified_gmt":"2022-05-12T09:27:29","slug":"laboratorio","status":"publish","type":"page","link":"https:\/\/www.alpapowder.com\/es\/casos\/laboratorio\/","title":{"rendered":"Laboratorio"},"content":{"rendered":"<section class=\"wpb-content-wrapper\"><p>[vc_row unlock_row_content=\u00bbyes\u00bb row_height_percent=\u00bb70&#8243; override_padding=\u00bbyes\u00bb h_padding=\u00bb0&#8243; top_padding=\u00bb0&#8243; bottom_padding=\u00bb0&#8243; overlay_alpha=\u00bb50&#8243; equal_height=\u00bbyes\u00bb gutter_size=\u00bb0&#8243; column_width_percent=\u00bb100&#8243; shift_y=\u00bb0&#8243; z_index=\u00bb0&#8243;][vc_column column_width_percent=\u00bb100&#8243; position_vertical=\u00bbmiddle\u00bb gutter_size=\u00bb3&#8243; override_padding=\u00bbyes\u00bb column_padding=\u00bb4&#8243; style=\u00bbdark\u00bb back_color=\u00bbaccent\u00bb overlay_alpha=\u00bb50&#8243; shift_x=\u00bb0&#8243; shift_y=\u00bb0&#8243; shift_y_down=\u00bb0&#8243; z_index=\u00bb0&#8243; medium_width=\u00bb0&#8243; mobile_width=\u00bb0&#8243; width=\u00bb1\/2&#8243;][vc_custom_heading auto_text=\u00bbyes\u00bb heading_semantic=\u00bbh1&#8243; text_size=\u00bbh1&#8243;][\/vc_custom_heading][vc_column_text]El equipamiento de laboratorio permite desarrollar y procesar nuevos productos, pruebas de peque\u00f1as cantidades, control de calidad y optimizaci\u00f3n de procesos a productos de alta tecnolog\u00eda.Las ventajas fundamentales de este proceso son la flexibilidad, el bajo costo y la facilidad de limpieza.<\/p>\n<p>ALPA desarroll\u00f3 una serie de peque\u00f1os equipos de trituraci\u00f3n de laboratorio para los requisitos de experimentaci\u00f3n en trituraci\u00f3n y clasificaci\u00f3n de universidades, instituciones de investigaci\u00f3n cient\u00edfica y peque\u00f1as empresas.Este equipamiento se caracteriza por su peque\u00f1o volumen, estructura combinada, unidad trituradora mec\u00e1nica port\u00e1til, entre otras caracter\u00edsticas, adem\u00e1s de ser extremadamente f\u00e1cil de desarmar.[\/vc_column_text][\/vc_column][vc_column column_width_percent=\u00bb100&#8243; gutter_size=\u00bb3&#8243; back_image=\u00bb116388&#8243; overlay_color=\u00bbcolor-jevc\u00bb overlay_alpha=\u00bb50&#8243; shift_x=\u00bb0&#8243; shift_y=\u00bb0&#8243; shift_y_down=\u00bb0&#8243; z_index=\u00bb0&#8243; align_medium=\u00bbalign_center_tablet\u00bb medium_width=\u00bb0&#8243; align_mobile=\u00bbalign_center_mobile\u00bb mobile_width=\u00bb0&#8243; width=\u00bb1\/2&#8243; uncode_shortcode_id=\u00bb123061&#8243; overlay_color_type=\u00bbuncode-palette\u00bb][vc_empty_space empty_h=\u00bb5&#8243;][\/vc_column][\/vc_row][vc_row row_height_percent=\u00bb0&#8243; override_padding=\u00bbyes\u00bb h_padding=\u00bb2&#8243; top_padding=\u00bb4&#8243; bottom_padding=\u00bb2&#8243; overlay_alpha=\u00bb50&#8243; gutter_size=\u00bb4&#8243; column_width_percent=\u00bb100&#8243; border_color=\u00bbcolor-177537&#8243; border_style=\u00bbsolid\u00bb shift_y=\u00bb0&#8243; z_index=\u00bb0&#8243;][vc_column column_width_percent=\u00bb100&#8243; position_vertical=\u00bbmiddle\u00bb gutter_size=\u00bb3&#8243; overlay_alpha=\u00bb50&#8243; shift_x=\u00bb0&#8243; shift_y=\u00bb0&#8243; shift_y_down=\u00bb0&#8243; z_index=\u00bb0&#8243; medium_width=\u00bb0&#8243; mobile_width=\u00bb0&#8243; width=\u00bb1\/1&#8243;][uncode_block id=\u00bb84835&#8243; inside_column=\u00bbyes\u00bb][vc_gallery el_id=\u00bbgallery-837561&#8243; medias=\u00bb86140,86135,86134,86139,86137,86133&#8243; gutter_size=\u00bb2&#8243; screen_lg=\u00bb1000&#8243; screen_md=\u00bb600&#8243; screen_sm=\u00bb300&#8243; single_width=\u00bb2&#8243; single_overlay_opacity=\u00bb1&#8243; single_overlay_anim=\u00bbno\u00bb single_padding=\u00bb2&#8243;][\/vc_column][\/vc_row][vc_row row_height_percent=\u00bb0&#8243; override_padding=\u00bbyes\u00bb h_padding=\u00bb2&#8243; top_padding=\u00bb2&#8243; bottom_padding=\u00bb4&#8243; overlay_alpha=\u00bb50&#8243; gutter_size=\u00bb3&#8243; column_width_percent=\u00bb100&#8243; shift_y=\u00bb0&#8243; z_index=\u00bb0&#8243;][vc_column width=\u00bb1\/1&#8243;][uncode_index el_id=\u00bbindex-129397&#8243; loop=\u00bbsize:30|order_by:date|post_type:project|tax_query:142|taxonomy_count:10&#8243; gutter_size=\u00bb3&#8243; project_items=\u00bbtitle,media|featured|onpost|original,acf-field_607e48db91dd6,icon|sm,spacer|half\u00bb screen_lg=\u00bb1000&#8243; screen_md=\u00bb600&#8243; screen_sm=\u00bb480&#8243; images_size=\u00bbsixteen-nine\u00bb single_overlay_color=\u00bbcolor-jevc\u00bb single_overlay_opacity=\u00bb50&#8243; single_padding=\u00bb1&#8243; single_title_dimension=\u00bbh5&#8243; single_border=\u00bbyes\u00bb custom_order=\u00bbyes\u00bb single_icon=\u00bbfa fa-plus2&#8243; order_ids=\u00bb84029,84041,83651,83474,84045,84034,84011&#8243;][\/vc_column][\/vc_row][vc_row unlock_row_content=\u00bbyes\u00bb row_height_percent=\u00bb0&#8243; override_padding=\u00bbyes\u00bb h_padding=\u00bb0&#8243; top_padding=\u00bb0&#8243; bottom_padding=\u00bb0&#8243; back_color=\u00bbcolor-lxmt\u00bb overlay_alpha=\u00bb50&#8243; equal_height=\u00bbyes\u00bb gutter_size=\u00bb0&#8243; column_width_percent=\u00bb100&#8243; shift_y=\u00bb0&#8243; z_index=\u00bb0&#8243; inverted_device_order=\u00bbyes\u00bb][vc_column column_width_percent=\u00bb100&#8243; align_horizontal=\u00bbalign_center\u00bb gutter_size=\u00bb3&#8243; style=\u00bbdark\u00bb overlay_alpha=\u00bb50&#8243; shift_x=\u00bb0&#8243; shift_y=\u00bb0&#8243; shift_y_down=\u00bb0&#8243; z_index=\u00bb0&#8243; medium_width=\u00bb0&#8243; mobile_width=\u00bb0&#8243; sticky=\u00bbyes\u00bb width=\u00bb1\/2&#8243;][uncode_index el_id=\u00bbindex-566311&#8243; index_type=\u00bbcarousel\u00bb loop=\u00bbsize:10|order_by:date|post_type:portfolio|by_id:90119|taxonomy_count:10&#8243; carousel_lg=\u00bb1&#8243; carousel_md=\u00bb1&#8243; carousel_sm=\u00bb1&#8243; gutter_size=\u00bb3&#8243; post_items=\u00bbmedia|featured|onpost|original,title,category|nobg|relative|display-icon,date,text|excerpt,link|default|default_size,author|sm_size|hide_qualification,sep-one|full,extra,spacer|half\u00bb portfolio_items=\u00bbtitle,media|featured|onpost|original,acf-field_608bc5c592a93,spacer|half,link|default-shape|small_size|Ver detalles\u00bb carousel_interval=\u00bb3000&#8243; carousel_navspeed=\u00bb400&#8243; carousel_nav=\u00bbyes\u00bb carousel_nav_mobile=\u00bbyes\u00bb carousel_dots=\u00bbyes\u00bb carousel_dots_mobile=\u00bbyes\u00bb carousel_dots_inside=\u00bbyes\u00bb carousel_dot_padding=\u00bb2&#8243; stage_padding=\u00bb0&#8243; single_text=\u00bboverlay\u00bb single_style=\u00bbdark\u00bb single_overlay_opacity=\u00bb50&#8243; single_overlay_anim=\u00bbno\u00bb single_h_align=\u00bbright\u00bb single_padding=\u00bb3&#8243; single_title_dimension=\u00bbh4&#8243; single_border=\u00bbyes\u00bb][\/vc_column][vc_column column_width_percent=\u00bb100&#8243; position_vertical=\u00bbmiddle\u00bb gutter_size=\u00bb3&#8243; override_padding=\u00bbyes\u00bb column_padding=\u00bb4&#8243; style=\u00bbdark\u00bb back_color=\u00bbaccent\u00bb overlay_alpha=\u00bb50&#8243; shift_x=\u00bb0&#8243; shift_y=\u00bb0&#8243; shift_y_down=\u00bb0&#8243; z_index=\u00bb0&#8243; medium_width=\u00bb0&#8243; mobile_width=\u00bb0&#8243; width=\u00bb1\/2&#8243;][uncode_block id=\u00bb85796&#8243; inside_column=\u00bbyes\u00bb][uncode_list larger=\u00bbyes\u00bb icon=\u00bbfa fa-square-o\u00bb]<\/p>\n<ul>\n<li>Con estructura combinada tres en uno, ejecuci\u00f3n flexible de trituraci\u00f3n de aire, clasificaci\u00f3n de aire, trituraci\u00f3n mec\u00e1nica en uno, es adecuado para polvo de malla 325 &#8211; 10000 (45 \u03bcm-1 \u03bcm).<\/li>\n<li>Se pueden usar variados dispositivos de trituraci\u00f3n en la m\u00e1quina, caracterizados por una estructura compacta, combinaci\u00f3n c\u00f3moda, sello de gas de alta eficiencia, ocupaci\u00f3n de \u00e1rea peque\u00f1a, control PLC, operaci\u00f3n conveniente y aplicaci\u00f3n vers\u00e1til.<\/li>\n<li>Es f\u00e1cil de desarmar y limpiar sin \u00e1ngulos muertos, y se puede usar en diversos procesos de trituraci\u00f3n.<\/li>\n<li>El tama\u00f1o de part\u00edcula de trituraci\u00f3n o clasificaci\u00f3n puede estar en el orden de D50:1,5-45 \u03bcm, y puede ajustarse arbitrariamente.<\/li>\n<li>Toda la estructura de cer\u00e1mica se puede usar para las partes clave, sin contaminaci\u00f3n por metales.<\/li>\n<li>Puede usarse la protecci\u00f3n contra gas inerte en el proceso de trituraci\u00f3n para alcanzar mayor seguridad.<\/li>\n<\/ul>\n<p>[\/uncode_list][\/vc_column][\/vc_row]<\/p>\n<\/section>","protected":false},"excerpt":{"rendered":"<p>[vc_row unlock_row_content=\u00bbyes\u00bb row_height_percent=\u00bb70&#8243; override_padding=\u00bbyes\u00bb h_padding=\u00bb0&#8243; top_padding=\u00bb0&#8243; bottom_padding=\u00bb0&#8243; overlay_alpha=\u00bb50&#8243; equal_height=\u00bbyes\u00bb gutter_size=\u00bb0&#8243; column_width_percent=\u00bb100&#8243; shift_y=\u00bb0&#8243; z_index=\u00bb0&#8243;][vc_column column_width_percent=\u00bb100&#8243; position_vertical=\u00bbmiddle\u00bb gutter_size=\u00bb3&#8243; override_padding=\u00bbyes\u00bb column_padding=\u00bb4&#8243; style=\u00bbdark\u00bb back_color=\u00bbaccent\u00bb [&hellip;]<\/p>\n","protected":false},"author":6,"featured_media":0,"parent":90842,"menu_order":0,"comment_status":"open","ping_status":"closed","template":"","meta":{"_acf_changed":false,"footnotes":""},"class_list":["post-90879","page","type-page","status-publish","hentry","page_category-casos"],"acf":[],"_links":{"self":[{"href":"https:\/\/www.alpapowder.com\/es\/wp-json\/wp\/v2\/pages\/90879","targetHints":{"allow":["GET"]}}],"collection":[{"href":"https:\/\/www.alpapowder.com\/es\/wp-json\/wp\/v2\/pages"}],"about":[{"href":"https:\/\/www.alpapowder.com\/es\/wp-json\/wp\/v2\/types\/page"}],"author":[{"embeddable":true,"href":"https:\/\/www.alpapowder.com\/es\/wp-json\/wp\/v2\/users\/6"}],"replies":[{"embeddable":true,"href":"https:\/\/www.alpapowder.com\/es\/wp-json\/wp\/v2\/comments?post=90879"}],"version-history":[{"count":0,"href":"https:\/\/www.alpapowder.com\/es\/wp-json\/wp\/v2\/pages\/90879\/revisions"}],"up":[{"embeddable":true,"href":"https:\/\/www.alpapowder.com\/es\/wp-json\/wp\/v2\/pages\/90842"}],"wp:attachment":[{"href":"https:\/\/www.alpapowder.com\/es\/wp-json\/wp\/v2\/media?parent=90879"}],"curies":[{"name":"wp","href":"https:\/\/api.w.org\/{rel}","templated":true}]}}