{"id":90882,"date":"2021-06-11T14:49:11","date_gmt":"2021-06-11T06:49:11","guid":{"rendered":"https:\/\/www.alpapowder.com\/casos\/mineral\/"},"modified":"2022-07-26T10:51:32","modified_gmt":"2022-07-26T02:51:32","slug":"mineral","status":"publish","type":"page","link":"https:\/\/www.alpapowder.com\/es\/casos\/mineral\/","title":{"rendered":"Mineral"},"content":{"rendered":"<section class=\"wpb-content-wrapper\"><p>[vc_row unlock_row_content=\u00bbyes\u00bb row_height_percent=\u00bb70&#8243; override_padding=\u00bbyes\u00bb h_padding=\u00bb0&#8243; top_padding=\u00bb0&#8243; bottom_padding=\u00bb0&#8243; overlay_alpha=\u00bb50&#8243; equal_height=\u00bbyes\u00bb gutter_size=\u00bb0&#8243; column_width_percent=\u00bb100&#8243; shift_y=\u00bb0&#8243; z_index=\u00bb0&#8243;][vc_column column_width_percent=\u00bb100&#8243; position_vertical=\u00bbmiddle\u00bb gutter_size=\u00bb2&#8243; override_padding=\u00bbyes\u00bb column_padding=\u00bb4&#8243; style=\u00bbdark\u00bb back_color=\u00bbaccent\u00bb overlay_alpha=\u00bb80&#8243; shift_x=\u00bb0&#8243; shift_y=\u00bb0&#8243; shift_y_down=\u00bb0&#8243; z_index=\u00bb0&#8243; medium_width=\u00bb0&#8243; mobile_width=\u00bb0&#8243; width=\u00bb1\/2&#8243;][vc_custom_heading auto_text=\u00bbyes\u00bb heading_semantic=\u00bbh1&#8243; text_size=\u00bbh1&#8243;][\/vc_custom_heading][vc_empty_space empty_h=\u00bb1&#8243;][vc_column_text]Existen m\u00e1s de 3000 minerales conocidos en la naturaleza y m\u00e1s de 200 minerales comunes.Los minerales de silicato est\u00e1n presentes en aproximadamente el 90 % de la corteza.Otros grupos de minerales importantes son los elementos naturales, sulfuros, \u00f3xidos, haluros, carbonatos, sulfatos y fosfatos.<\/p>\n<p>Los minerales son ampliamente utilizados en la industria.La sal, borato, barita, arena de cuarzo y yeso son ampliamente utilizados en la industria qu\u00edmica como materias primas;La piedra caliza y la fluorita se utilizan como coadyuvantes de la combusti\u00f3n para producir acero;Para la metalurgia se utiliza grafito, magnesita, arena de fundici\u00f3n y arcilla refractaria;Los fosfatos, nitratos y potasio son imprescindibles en la fabricaci\u00f3n de fertilizantes qu\u00edmicos;En cer\u00e1mica, molienda, perforaci\u00f3n de pozos petroleros, lodo, filtraci\u00f3n, etc., se utilizan otros minerales industriales.<\/p>\n<p>Cuando se utilizan rellenos pulverizados no met\u00e1licos como carbonato de calcio, caol\u00edn, talco, cuarzo, wollastonita, asbesto, hidr\u00f3xido de magnesio e hidr\u00f3xido de aluminio en la producci\u00f3n de materiales polim\u00e9ricos y compuestos como pl\u00e1sticos, caucho y adhesivos, la superficie de los rellenos debe modificarse para mejorar su compatibilidad con la matriz, dispersi\u00f3n, resistencia mec\u00e1nica y propiedades integrales.<\/p>\n<p>\u00abEcol\u00f3gico de alto valor\u00bb es el principio de ALPA en el procesamiento industrial de minerales.Gracias a la larga y rica experiencia pr\u00e1ctica, ALPA puede proporcionar una gama tecnol\u00f3gica completa y equipos de procesamiento para la producci\u00f3n de minerales.[\/vc_column_text][vc_empty_space empty_h=\u00bb1&#8243;][vc_button size=\u00bbbtn-sm\u00bb outline=\u00bbyes\u00bb border_width=\u00bb0&#8243; link=\u00bburl:https%3A%2F%2Fcaco3.alpapowder.com|target:_blank|\u00bb icon=\u00bbfa fa-mail-forward\u00bb]Lectura relacionada: Representante de minerales blandos: tecnolog\u00eda de procesamiento y aplicaci\u00f3n de carbonato de calcio[\/vc_button][vc_button size=\u00bbbtn-sm\u00bb outline=\u00bbyes\u00bb border_width=\u00bb0&#8243; link=\u00bburl:https%3A%2F%2Fquartz.alpapowder.com|target:_blank|\u00bb icon=\u00bbfa fa-mail-forward\u00bb]Lectura relacionada: Representante de minerales duros: tecnolog\u00eda de procesamiento y aplicaci\u00f3n de polvo de s\u00edlice (polvo de cuarzo)[\/vc_button][\/vc_column][vc_column column_width_percent=\u00bb100&#8243; position_vertical=\u00bbmiddle\u00bb align_horizontal=\u00bbalign_center\u00bb gutter_size=\u00bb3&#8243; override_padding=\u00bbyes\u00bb column_padding=\u00bb0&#8243; back_color=\u00bbcolor-jevc\u00bb back_image=\u00bb86836&#8243; overlay_color=\u00bbcolor-jevc\u00bb overlay_alpha=\u00bb50&#8243; shift_x=\u00bb0&#8243; shift_y=\u00bb0&#8243; shift_y_down=\u00bb0&#8243; z_index=\u00bb0&#8243; align_medium=\u00bbalign_center_tablet\u00bb medium_width=\u00bb0&#8243; align_mobile=\u00bbalign_center_mobile\u00bb mobile_width=\u00bb0&#8243; width=\u00bb1\/2&#8243;][vc_empty_space empty_h=\u00bb5&#8243;][vc_empty_space empty_h=\u00bb3&#8243;][\/vc_column][\/vc_row][vc_row row_height_percent=\u00bb0&#8243; override_padding=\u00bbyes\u00bb h_padding=\u00bb2&#8243; top_padding=\u00bb4&#8243; bottom_padding=\u00bb2&#8243; overlay_alpha=\u00bb50&#8243; gutter_size=\u00bb0&#8243; column_width_percent=\u00bb100&#8243; shift_y=\u00bb0&#8243; z_index=\u00bb0&#8243; top_divider=\u00bbgradient\u00bb bottom_divider=\u00bbstep\u00bb el_class=\u00bbdemos\u00bb][vc_column column_width_percent=\u00bb100&#8243; align_horizontal=\u00bbalign_center\u00bb gutter_size=\u00bb3&#8243; overlay_alpha=\u00bb50&#8243; shift_x=\u00bb0&#8243; shift_y=\u00bb0&#8243; shift_y_down=\u00bb0&#8243; z_index=\u00bb0&#8243; medium_width=\u00bb0&#8243; mobile_width=\u00bb0&#8243; width=\u00bb1\/1&#8243;][uncode_block id=\u00bb84835&#8243; inside_column=\u00bbyes\u00bb][vc_gallery el_id=\u00bbgallery-107232&#8243; medias=\u00bb92005,92002,91999,92008,92011,92014,86137,92110,92122,92116,92119,92125&#8243; gutter_size=\u00bb2&#8243; screen_lg=\u00bb1000&#8243; screen_md=\u00bb600&#8243; screen_sm=\u00bb480&#8243; single_width=\u00bb2&#8243; single_overlay_opacity=\u00bb50&#8243; single_overlay_anim=\u00bbno\u00bb single_padding=\u00bb2&#8243;][\/vc_column][\/vc_row][vc_row row_height_percent=\u00bb0&#8243; override_padding=\u00bbyes\u00bb h_padding=\u00bb2&#8243; top_padding=\u00bb2&#8243; bottom_padding=\u00bb4&#8243; overlay_alpha=\u00bb50&#8243; gutter_size=\u00bb0&#8243; column_width_percent=\u00bb100&#8243; shift_y=\u00bb0&#8243; z_index=\u00bb0&#8243; top_divider=\u00bbgradient\u00bb bottom_divider=\u00bbstep\u00bb el_class=\u00bbdemos\u00bb][vc_column column_width_percent=\u00bb100&#8243; align_horizontal=\u00bbalign_center\u00bb gutter_size=\u00bb3&#8243; overlay_alpha=\u00bb50&#8243; shift_x=\u00bb0&#8243; shift_y=\u00bb0&#8243; shift_y_down=\u00bb0&#8243; z_index=\u00bb0&#8243; medium_width=\u00bb0&#8243; mobile_width=\u00bb0&#8243; width=\u00bb1\/1&#8243;][uncode_index el_id=\u00bbindex-1041816597&#8243; isotope_mode=\u00bbfitRows\u00bb loop=\u00bbsize:9|order_by:date|post_type:project|taxonomy_count:10&#8243; pagination=\u00bbyes\u00bb gutter_size=\u00bb3&#8243; post_items=\u00bbmedia|featured|onpost|poster,title,text|excerpt|75&#8243; product_items=\u00bbtitle,price,media|featured|onpost|original\u00bb portfolio_items=\u00bbtitle,media|featured|onpost|original\u00bb project_items=\u00bbtitle,media|media|onpost|original,text|excerpt,icon|sm,acf-field_607e48db91dd6,spacer|half\u00bb screen_lg=\u00bb1000&#8243; screen_md=\u00bb600&#8243; screen_sm=\u00bb480&#8243; images_size=\u00bbsixteen-nine\u00bb single_overlay_color=\u00bbcolor-jevc\u00bb single_overlay_opacity=\u00bb50&#8243; single_text_anim_type=\u00bbbtt\u00bb single_padding=\u00bb1&#8243; single_title_dimension=\u00bbh5&#8243; single_border=\u00bbyes\u00bb custom_order=\u00bbyes\u00bb order_ids=\u00bb19264,19265,18999,18996,18998,18995,18997,18967&#8243; single_icon=\u00bbfa fa-plus2&#8243; uncode_shortcode_id=\u00bb589996&#8243;][\/vc_column][\/vc_row][vc_row unlock_row_content=\u00bbyes\u00bb row_height_percent=\u00bb0&#8243; override_padding=\u00bbyes\u00bb h_padding=\u00bb0&#8243; top_padding=\u00bb0&#8243; bottom_padding=\u00bb0&#8243; back_color=\u00bbaccent\u00bb overlay_alpha=\u00bb50&#8243; gutter_size=\u00bb4&#8243; column_width_percent=\u00bb100&#8243; shift_y=\u00bb0&#8243; z_index=\u00bb0&#8243; inverted_device_order=\u00bbyes\u00bb][vc_column column_width_percent=\u00bb100&#8243; align_horizontal=\u00bbalign_center\u00bb gutter_size=\u00bb3&#8243; style=\u00bbdark\u00bb overlay_alpha=\u00bb50&#8243; shift_x=\u00bb0&#8243; shift_y=\u00bb0&#8243; shift_y_down=\u00bb0&#8243; z_index=\u00bb0&#8243; medium_width=\u00bb0&#8243; mobile_width=\u00bb0&#8243; width=\u00bb1\/2&#8243;][uncode_index el_id=\u00bbindex-566311&#8243; index_type=\u00bbcarousel\u00bb loop=\u00bbsize:10|order_by:date|post_type:portfolio|by_id:90073,90082,90076,90113,90085,90091|taxonomy_count:10&#8243; carousel_lg=\u00bb1&#8243; carousel_md=\u00bb1&#8243; carousel_sm=\u00bb1&#8243; gutter_size=\u00bb3&#8243; post_items=\u00bbmedia|featured|onpost|original,title,category|nobg|relative|display-icon,date,text|excerpt,link|default|default_size,author|sm_size|hide_qualification,sep-one|full,extra,spacer|half\u00bb portfolio_items=\u00bbtitle,media|featured|onpost|original,acf-field_608bc5c592a93,spacer|half,link|link|small_size|Ver detalles\u00bb carousel_interval=\u00bb3000&#8243; carousel_navspeed=\u00bb400&#8243; carousel_nav=\u00bbyes\u00bb carousel_nav_mobile=\u00bbyes\u00bb carousel_dots=\u00bbyes\u00bb carousel_dots_mobile=\u00bbyes\u00bb carousel_dots_inside=\u00bbyes\u00bb carousel_dot_padding=\u00bb2&#8243; stage_padding=\u00bb0&#8243; single_text=\u00bboverlay\u00bb single_style=\u00bbdark\u00bb single_overlay_opacity=\u00bb50&#8243; single_overlay_anim=\u00bbno\u00bb single_h_align=\u00bbright\u00bb single_padding=\u00bb3&#8243; single_title_dimension=\u00bbh4&#8243; single_border=\u00bbyes\u00bb uncode_shortcode_id=\u00bb202317&#8243;][\/vc_column][vc_column column_width_percent=\u00bb100&#8243; position_vertical=\u00bbmiddle\u00bb gutter_size=\u00bb3&#8243; override_padding=\u00bbyes\u00bb column_padding=\u00bb3&#8243; style=\u00bbdark\u00bb overlay_alpha=\u00bb50&#8243; shift_x=\u00bb0&#8243; shift_y=\u00bb0&#8243; shift_y_down=\u00bb0&#8243; z_index=\u00bb0&#8243; medium_width=\u00bb0&#8243; mobile_width=\u00bb0&#8243; width=\u00bb1\/2&#8243;][uncode_block id=\u00bb85796&#8243; inside_column=\u00bbyes\u00bb][uncode_list larger=\u00bbyes\u00bb icon=\u00bbfa fa-square-o\u00bb]<\/p>\n<ul>\n<li>La eficiencia de recolecci\u00f3n de material alcanza el 99,9 %.<\/li>\n<li>Seg\u00fan el control de elementos sensibles por sustancias, las partes fundamentales en contacto con los materiales est\u00e1n protegidas por diversos productos que garantizan en gran medida su pureza.<\/li>\n<li>Todo el sistema es cerrado, sin polvo, ruido inferior a 80 dB, limpio y ecol\u00f3gico.<\/li>\n<li>Puede simult\u00e1neamente realizar las funciones de secado, dispersi\u00f3n y modificaci\u00f3n.<\/li>\n<li>Se adoptar\u00e1 una mejor soluci\u00f3n dependiendo de la dureza, el valor agregado y el rendimiento del material.<\/li>\n<\/ul>\n<p>[\/uncode_list][\/vc_column][\/vc_row]<\/p>\n<\/section>","protected":false},"excerpt":{"rendered":"<p>[vc_row unlock_row_content=\u00bbyes\u00bb row_height_percent=\u00bb70&#8243; override_padding=\u00bbyes\u00bb h_padding=\u00bb0&#8243; top_padding=\u00bb0&#8243; bottom_padding=\u00bb0&#8243; overlay_alpha=\u00bb50&#8243; equal_height=\u00bbyes\u00bb gutter_size=\u00bb0&#8243; column_width_percent=\u00bb100&#8243; shift_y=\u00bb0&#8243; z_index=\u00bb0&#8243;][vc_column column_width_percent=\u00bb100&#8243; position_vertical=\u00bbmiddle\u00bb gutter_size=\u00bb2&#8243; override_padding=\u00bbyes\u00bb column_padding=\u00bb4&#8243; style=\u00bbdark\u00bb back_color=\u00bbaccent\u00bb [&hellip;]<\/p>\n","protected":false},"author":6,"featured_media":0,"parent":90842,"menu_order":0,"comment_status":"open","ping_status":"closed","template":"","meta":{"_acf_changed":false,"footnotes":""},"class_list":["post-90882","page","type-page","status-publish","hentry","page_category-casos"],"acf":[],"_links":{"self":[{"href":"https:\/\/www.alpapowder.com\/es\/wp-json\/wp\/v2\/pages\/90882","targetHints":{"allow":["GET"]}}],"collection":[{"href":"https:\/\/www.alpapowder.com\/es\/wp-json\/wp\/v2\/pages"}],"about":[{"href":"https:\/\/www.alpapowder.com\/es\/wp-json\/wp\/v2\/types\/page"}],"author":[{"embeddable":true,"href":"https:\/\/www.alpapowder.com\/es\/wp-json\/wp\/v2\/users\/6"}],"replies":[{"embeddable":true,"href":"https:\/\/www.alpapowder.com\/es\/wp-json\/wp\/v2\/comments?post=90882"}],"version-history":[{"count":0,"href":"https:\/\/www.alpapowder.com\/es\/wp-json\/wp\/v2\/pages\/90882\/revisions"}],"up":[{"embeddable":true,"href":"https:\/\/www.alpapowder.com\/es\/wp-json\/wp\/v2\/pages\/90842"}],"wp:attachment":[{"href":"https:\/\/www.alpapowder.com\/es\/wp-json\/wp\/v2\/media?parent=90882"}],"curies":[{"name":"wp","href":"https:\/\/api.w.org\/{rel}","templated":true}]}}