{"id":90885,"date":"2021-06-11T14:51:34","date_gmt":"2021-06-11T06:51:34","guid":{"rendered":"https:\/\/www.alpapowder.com\/casos\/plaguicidas\/"},"modified":"2021-06-15T16:23:10","modified_gmt":"2021-06-15T08:23:10","slug":"plaguicidas","status":"publish","type":"page","link":"https:\/\/www.alpapowder.com\/es\/casos\/plaguicidas\/","title":{"rendered":"Plaguicidas"},"content":{"rendered":"<section class=\"wpb-content-wrapper\"><p>[vc_row unlock_row_content=\u00bbyes\u00bb row_height_percent=\u00bb70&#8243; override_padding=\u00bbyes\u00bb h_padding=\u00bb0&#8243; top_padding=\u00bb0&#8243; bottom_padding=\u00bb0&#8243; overlay_alpha=\u00bb50&#8243; equal_height=\u00bbyes\u00bb gutter_size=\u00bb0&#8243; column_width_percent=\u00bb100&#8243; shift_y=\u00bb0&#8243; z_index=\u00bb0&#8243;][vc_column column_width_percent=\u00bb100&#8243; position_vertical=\u00bbmiddle\u00bb gutter_size=\u00bb3&#8243; override_padding=\u00bbyes\u00bb column_padding=\u00bb4&#8243; style=\u00bbdark\u00bb back_color=\u00bbaccent\u00bb overlay_alpha=\u00bb50&#8243; shift_x=\u00bb0&#8243; shift_y=\u00bb0&#8243; shift_y_down=\u00bb0&#8243; z_index=\u00bb0&#8243; medium_width=\u00bb0&#8243; mobile_width=\u00bb0&#8243; width=\u00bb1\/2&#8243;][vc_custom_heading auto_text=\u00bbyes\u00bb heading_semantic=\u00bbh1&#8243; text_size=\u00bbh1&#8243;][\/vc_custom_heading][vc_column_text]Despu\u00e9s de la trituraci\u00f3n superfina aumentan significativamente la uniformidad, capacidad de dispersi\u00f3n y \u00e1rea de contacto de la materia prima de los plaguicida, por lo que su efecto de esterilizaci\u00f3n, insecticida y deshierbe mejoran significativamente, reduciendo considerablemente su dosis de uso.Adem\u00e1s, el polvo superfino tiene una gran superficie espec\u00edfica, gran capacidad de adsorci\u00f3n y resistencia a la erosi\u00f3n causada por la lluvia, esto permite mantener la eficacia a largo plazo de los plaguicida.Como resultado, a consecuencia de la fuerte actividad superficial, la tasa de descomposici\u00f3n del polvo ultrafino se acelera en productos agr\u00edcolas y secundarios, as\u00ed como en el medio ambiente, por lo que se reducen los residuos de plaguicida y la contaminaci\u00f3n.<\/p>\n<p>La materia prima del pesticida triturada con un molino de clasificaci\u00f3n de aire puede llegar a 25-35 \u00b5m. La materia prima del pesticida triturada con un molino por chorro puede llegar a 10 \u00b5m.Tambi\u00e9n proporcionamos molinos de discos de agujas y molinos de martillos para amolado basto.[\/vc_column_text][\/vc_column][vc_column column_width_percent=\u00bb100&#8243; position_vertical=\u00bbmiddle\u00bb gutter_size=\u00bb3&#8243; back_image=\u00bb85459&#8243; overlay_alpha=\u00bb50&#8243; shift_x=\u00bb0&#8243; shift_y=\u00bb0&#8243; shift_y_down=\u00bb0&#8243; z_index=\u00bb0&#8243; align_medium=\u00bbalign_center_tablet\u00bb medium_width=\u00bb0&#8243; align_mobile=\u00bbalign_center_mobile\u00bb mobile_width=\u00bb0&#8243; width=\u00bb1\/2&#8243;][vc_empty_space empty_h=\u00bb5&#8243;][\/vc_column][\/vc_row][vc_row row_height_percent=\u00bb0&#8243; override_padding=\u00bbyes\u00bb h_padding=\u00bb2&#8243; top_padding=\u00bb3&#8243; bottom_padding=\u00bb4&#8243; overlay_alpha=\u00bb50&#8243; equal_height=\u00bbyes\u00bb gutter_size=\u00bb4&#8243; column_width_percent=\u00bb100&#8243; shift_y=\u00bb0&#8243; z_index=\u00bb0&#8243; top_divider=\u00bbgradient\u00bb bottom_divider=\u00bbstep\u00bb el_class=\u00bbdemos\u00bb][vc_column column_width_use_pixel=\u00bbyes\u00bb gutter_size=\u00bb4&#8243; overlay_alpha=\u00bb50&#8243; shift_x=\u00bb0&#8243; shift_y=\u00bb0&#8243; shift_y_down=\u00bb0&#8243; z_index=\u00bb0&#8243; medium_width=\u00bb0&#8243; mobile_width=\u00bb0&#8243; sticky=\u00bbyes\u00bb width=\u00bb1\/1&#8243; column_width_pixel=\u00bb900&#8243;][uncode_index el_id=\u00bbindex-1041816597&#8243; loop=\u00bbsize:30|order_by:date|post_type:project|tax_query:287|taxonomy_count:10&#8243; gutter_size=\u00bb3&#8243; post_items=\u00bbmedia|featured|onpost|poster,title,text|excerpt|75&#8243; product_items=\u00bbtitle,price,media|featured|onpost|original\u00bb portfolio_items=\u00bbtitle,media|featured|onpost|original\u00bb project_items=\u00bbtitle,acf-field_607e48db91dd6,acf-field_607e6d14833a5,sep-one|reduced,icon|sm,text|full,link|default|small_size|Ver detalles\u00bb screen_lg=\u00bb1000&#8243; screen_md=\u00bb600&#8243; screen_sm=\u00bb480&#8243; single_width=\u00bb12&#8243; single_overlay_color=\u00bbcolor-jevc\u00bb single_overlay_opacity=\u00bb50&#8243; single_text_anim_type=\u00bbbtt\u00bb single_h_align=\u00bbcenter\u00bb single_padding=\u00bb2&#8243; single_title_dimension=\u00bbh3&#8243; single_border=\u00bbyes\u00bb custom_order=\u00bbyes\u00bb order_ids=\u00bb19264,19265,18999,18996,18998,18995,18997,18967&#8243; single_icon=\u00bbfa fa-plus2&#8243;][\/vc_column][\/vc_row][vc_row unlock_row_content=\u00bbyes\u00bb row_height_percent=\u00bb0&#8243; override_padding=\u00bbyes\u00bb h_padding=\u00bb0&#8243; top_padding=\u00bb0&#8243; bottom_padding=\u00bb0&#8243; back_color=\u00bbcolor-lxmt\u00bb overlay_alpha=\u00bb50&#8243; equal_height=\u00bbyes\u00bb gutter_size=\u00bb0&#8243; column_width_percent=\u00bb100&#8243; shift_y=\u00bb0&#8243; z_index=\u00bb0&#8243; inverted_device_order=\u00bbyes\u00bb][vc_column column_width_percent=\u00bb100&#8243; align_horizontal=\u00bbalign_center\u00bb gutter_size=\u00bb3&#8243; overlay_alpha=\u00bb50&#8243; shift_x=\u00bb0&#8243; shift_y=\u00bb0&#8243; shift_y_down=\u00bb0&#8243; z_index=\u00bb0&#8243; medium_width=\u00bb0&#8243; mobile_width=\u00bb0&#8243; sticky=\u00bbyes\u00bb width=\u00bb1\/2&#8243;][uncode_index el_id=\u00bbindex-566311&#8243; index_type=\u00bbcarousel\u00bb loop=\u00bbsize:10|order_by:date|post_type:portfolio|by_id:90082,90076|taxonomy_count:10&#8243; carousel_lg=\u00bb1&#8243; carousel_md=\u00bb1&#8243; carousel_sm=\u00bb1&#8243; gutter_size=\u00bb3&#8243; post_items=\u00bbmedia|featured|onpost|original,title,category|nobg|relative|display-icon,date,text|excerpt,link|default|default_size,author|sm_size|hide_qualification,sep-one|full,extra,spacer|half\u00bb portfolio_items=\u00bbtitle,media|featured|onpost|original,acf-field_608bc5c592a93,spacer|half,link|link|small_size|Ver detalles\u00bb carousel_interval=\u00bb3000&#8243; carousel_navspeed=\u00bb400&#8243; carousel_nav=\u00bbyes\u00bb carousel_nav_mobile=\u00bbyes\u00bb carousel_dots=\u00bbyes\u00bb carousel_dots_mobile=\u00bbyes\u00bb carousel_dots_inside=\u00bbyes\u00bb carousel_dot_padding=\u00bb2&#8243; stage_padding=\u00bb0&#8243; single_text=\u00bboverlay\u00bb single_style=\u00bbdark\u00bb single_overlay_opacity=\u00bb50&#8243; single_overlay_anim=\u00bbno\u00bb single_h_align=\u00bbright\u00bb single_padding=\u00bb3&#8243; single_title_dimension=\u00bbh4&#8243; single_border=\u00bbyes\u00bb][\/vc_column][vc_column column_width_percent=\u00bb100&#8243; position_vertical=\u00bbmiddle\u00bb gutter_size=\u00bb3&#8243; override_padding=\u00bbyes\u00bb column_padding=\u00bb3&#8243; style=\u00bbdark\u00bb back_color=\u00bbaccent\u00bb overlay_alpha=\u00bb50&#8243; shift_x=\u00bb0&#8243; shift_y=\u00bb0&#8243; shift_y_down=\u00bb0&#8243; z_index=\u00bb0&#8243; medium_width=\u00bb0&#8243; mobile_width=\u00bb0&#8243; width=\u00bb1\/2&#8243;][uncode_block id=\u00bb85796&#8243; inside_column=\u00bbyes\u00bb][uncode_list larger=\u00bbyes\u00bb icon=\u00bbfa fa-square-o\u00bb]<\/p>\n<ul>\n<li>Desarme r\u00e1pido de 10 minutos.<\/li>\n<li>Sin espacio muerto, permite la limpieza f\u00e1cil y r\u00e1pida.<\/li>\n<li>La eficiencia de recolecci\u00f3n de material alcanza el 99,9 %.<\/li>\n<li>Durante la producci\u00f3n el ruido es inferior a 80 dB.<\/li>\n<li>Acabado superficial elevado (Ra = 0,4 \u03bcm).<\/li>\n<li>Incorpora la limpieza en l\u00ednea f\u00e1cil (CIP) y la esterilizaci\u00f3n en l\u00ednea (SIP).<\/li>\n<li>Al operar durante la producci\u00f3n se cuenta con una protecci\u00f3n de caja aislante de tapa\/guante que garantiza seguridad sin preocupaciones.<\/li>\n<li>Memoria completa para par\u00e1metros de proceso y registros hist\u00f3ricos.<\/li>\n<li>Protecci\u00f3n total contra nitr\u00f3geno, protecci\u00f3n contra explosiones sin preocupaciones.<\/li>\n<\/ul>\n<p>[\/uncode_list][\/vc_column][\/vc_row]<\/p>\n<\/section>","protected":false},"excerpt":{"rendered":"<p>[vc_row unlock_row_content=\u00bbyes\u00bb row_height_percent=\u00bb70&#8243; override_padding=\u00bbyes\u00bb h_padding=\u00bb0&#8243; top_padding=\u00bb0&#8243; bottom_padding=\u00bb0&#8243; overlay_alpha=\u00bb50&#8243; equal_height=\u00bbyes\u00bb gutter_size=\u00bb0&#8243; column_width_percent=\u00bb100&#8243; shift_y=\u00bb0&#8243; z_index=\u00bb0&#8243;][vc_column column_width_percent=\u00bb100&#8243; position_vertical=\u00bbmiddle\u00bb gutter_size=\u00bb3&#8243; override_padding=\u00bbyes\u00bb column_padding=\u00bb4&#8243; style=\u00bbdark\u00bb back_color=\u00bbaccent\u00bb [&hellip;]<\/p>\n","protected":false},"author":6,"featured_media":0,"parent":90842,"menu_order":0,"comment_status":"open","ping_status":"closed","template":"","meta":{"_acf_changed":false,"footnotes":""},"class_list":["post-90885","page","type-page","status-publish","hentry","page_category-casos"],"acf":[],"_links":{"self":[{"href":"https:\/\/www.alpapowder.com\/es\/wp-json\/wp\/v2\/pages\/90885","targetHints":{"allow":["GET"]}}],"collection":[{"href":"https:\/\/www.alpapowder.com\/es\/wp-json\/wp\/v2\/pages"}],"about":[{"href":"https:\/\/www.alpapowder.com\/es\/wp-json\/wp\/v2\/types\/page"}],"author":[{"embeddable":true,"href":"https:\/\/www.alpapowder.com\/es\/wp-json\/wp\/v2\/users\/6"}],"replies":[{"embeddable":true,"href":"https:\/\/www.alpapowder.com\/es\/wp-json\/wp\/v2\/comments?post=90885"}],"version-history":[{"count":0,"href":"https:\/\/www.alpapowder.com\/es\/wp-json\/wp\/v2\/pages\/90885\/revisions"}],"up":[{"embeddable":true,"href":"https:\/\/www.alpapowder.com\/es\/wp-json\/wp\/v2\/pages\/90842"}],"wp:attachment":[{"href":"https:\/\/www.alpapowder.com\/es\/wp-json\/wp\/v2\/media?parent=90885"}],"curies":[{"name":"wp","href":"https:\/\/api.w.org\/{rel}","templated":true}]}}