{"id":90891,"date":"2021-06-11T14:57:07","date_gmt":"2021-06-11T06:57:07","guid":{"rendered":"https:\/\/www.alpapowder.com\/casos\/pigmento-tinte-estampado\/"},"modified":"2022-05-12T17:02:34","modified_gmt":"2022-05-12T09:02:34","slug":"pigmento-tinte-estampado","status":"publish","type":"page","link":"https:\/\/www.alpapowder.com\/es\/casos\/pigmento-tinte-estampado\/","title":{"rendered":"Pigmento, tinte, estampado"},"content":{"rendered":"<section class=\"wpb-content-wrapper\"><p>[vc_row unlock_row_content=\u00bbyes\u00bb row_height_percent=\u00bb70&#8243; override_padding=\u00bbyes\u00bb h_padding=\u00bb0&#8243; top_padding=\u00bb0&#8243; bottom_padding=\u00bb0&#8243; overlay_alpha=\u00bb50&#8243; equal_height=\u00bbyes\u00bb gutter_size=\u00bb0&#8243; column_width_percent=\u00bb100&#8243; shift_y=\u00bb0&#8243; z_index=\u00bb0&#8243;][vc_column column_width_percent=\u00bb100&#8243; position_vertical=\u00bbmiddle\u00bb gutter_size=\u00bb3&#8243; override_padding=\u00bbyes\u00bb column_padding=\u00bb4&#8243; style=\u00bbdark\u00bb back_color=\u00bbaccent\u00bb overlay_alpha=\u00bb80&#8243; shift_x=\u00bb0&#8243; shift_y=\u00bb0&#8243; shift_y_down=\u00bb0&#8243; z_index=\u00bb0&#8243; medium_width=\u00bb0&#8243; mobile_width=\u00bb0&#8243; width=\u00bb1\/2&#8243;][vc_custom_heading auto_text=\u00bbyes\u00bb heading_semantic=\u00bbh1&#8243; text_size=\u00bbh1&#8243;][\/vc_custom_heading][vc_column_text]El tama\u00f1o de part\u00edcula es uno de los par\u00e1metros fundamentales del pigmento y tinte. Por lo general, requiere una morfolog\u00eda f\u00edsica estable, un tama\u00f1o uniforme de part\u00edcula, buena dispersi\u00f3n y no debe coagularse o precipitarse.<\/p>\n<p>El pigmento es un material especial, insoluble y bien disperso en el medio.Debido a sus propiedades \u00f3pticas, se utilizan como sustancias cromog\u00e9nicas, por ejemplo, pinturas, tintas de impresi\u00f3n, o como conservantes apoy\u00e1ndose en propiedades t\u00e9cnicas y qu\u00edmicas especiales.<\/p>\n<p>Los tintes se dividen en inorg\u00e1nicos y org\u00e1nicos. A diferencia de los pigmentos, son totalmente solubles en su medio (agua o disolvente org\u00e1nico).Se pueden usar para dar color a fibras (tintes textiles), pl\u00e1sticos y fibras pl\u00e1sticas, y como sustancias cromog\u00e9nicas en tecnolog\u00eda alimentaria, por ejemplo el caroteno \u03b2 en refrescos.<\/p>\n<p>La trituraci\u00f3n ultrafina del pigmento plantea requisitos muy demandantes a la tecnolog\u00eda del equipo, ya que debe garantizar un bajo nivel de residuos, baja contaminaci\u00f3n, menos impurezas y facilidad de limpieza.[\/vc_column_text][\/vc_column][vc_column column_width_percent=\u00bb100&#8243; position_vertical=\u00bbmiddle\u00bb align_horizontal=\u00bbalign_center\u00bb gutter_size=\u00bb3&#8243; override_padding=\u00bbyes\u00bb column_padding=\u00bb0&#8243; back_color=\u00bbcolor-xsdn\u00bb back_image=\u00bb116338&#8243; overlay_color=\u00bbcolor-jevc\u00bb overlay_alpha=\u00bb50&#8243; shift_x=\u00bb0&#8243; shift_y=\u00bb0&#8243; shift_y_down=\u00bb0&#8243; z_index=\u00bb0&#8243; align_medium=\u00bbalign_center_tablet\u00bb medium_width=\u00bb0&#8243; align_mobile=\u00bbalign_center_mobile\u00bb mobile_width=\u00bb0&#8243; width=\u00bb1\/2&#8243; uncode_shortcode_id=\u00bb752208&#8243; back_color_type=\u00bbuncode-palette\u00bb overlay_color_type=\u00bbuncode-palette\u00bb][vc_empty_space empty_h=\u00bb5&#8243;][vc_empty_space empty_h=\u00bb3&#8243;][\/vc_column][\/vc_row][vc_row row_height_percent=\u00bb0&#8243; override_padding=\u00bbyes\u00bb h_padding=\u00bb2&#8243; top_padding=\u00bb4&#8243; bottom_padding=\u00bb4&#8243; overlay_alpha=\u00bb50&#8243; gutter_size=\u00bb0&#8243; column_width_percent=\u00bb100&#8243; shift_y=\u00bb0&#8243; z_index=\u00bb0&#8243; top_divider=\u00bbgradient\u00bb bottom_divider=\u00bbstep\u00bb el_class=\u00bbdemos\u00bb][vc_column column_width_percent=\u00bb100&#8243; align_horizontal=\u00bbalign_center\u00bb gutter_size=\u00bb3&#8243; overlay_alpha=\u00bb50&#8243; shift_x=\u00bb0&#8243; shift_y=\u00bb0&#8243; shift_y_down=\u00bb0&#8243; z_index=\u00bb0&#8243; medium_width=\u00bb0&#8243; mobile_width=\u00bb0&#8243; width=\u00bb1\/1&#8243;][uncode_block id=\u00bb84835&#8243; inside_column=\u00bbyes\u00bb][uncode_index el_id=\u00bbindex-1041816597&#8243; isotope_mode=\u00bbfitRows\u00bb loop=\u00bbsize:30|order_by:date|post_type:project|tax_query:115|taxonomy_count:10&#8243; gutter_size=\u00bb3&#8243; post_items=\u00bbmedia|featured|onpost|poster,title,text|excerpt|75&#8243; product_items=\u00bbtitle,price,media|featured|onpost|original\u00bb portfolio_items=\u00bbtitle,media|featured|onpost|original\u00bb project_items=\u00bbtitle,media|media|onpost|original,text|excerpt,icon|sm,acf-field_607e48db91dd6,spacer|half\u00bb screen_lg=\u00bb1000&#8243; screen_md=\u00bb600&#8243; screen_sm=\u00bb300&#8243; images_size=\u00bbsixteen-nine\u00bb single_overlay_color=\u00bbcolor-jevc\u00bb single_overlay_opacity=\u00bb50&#8243; single_text_anim_type=\u00bbbtt\u00bb single_padding=\u00bb1&#8243; single_title_dimension=\u00bbh5&#8243; single_border=\u00bbyes\u00bb custom_order=\u00bbyes\u00bb order_ids=\u00bb83793,83789,83778,84038,83988&#8243; single_icon=\u00bbfa fa-plus2&#8243;][\/vc_column][\/vc_row][vc_row unlock_row_content=\u00bbyes\u00bb row_height_percent=\u00bb0&#8243; override_padding=\u00bbyes\u00bb h_padding=\u00bb0&#8243; top_padding=\u00bb0&#8243; bottom_padding=\u00bb0&#8243; back_color=\u00bbaccent\u00bb overlay_alpha=\u00bb50&#8243; gutter_size=\u00bb4&#8243; column_width_percent=\u00bb100&#8243; shift_y=\u00bb0&#8243; z_index=\u00bb0&#8243; inverted_device_order=\u00bbyes\u00bb][vc_column column_width_percent=\u00bb100&#8243; align_horizontal=\u00bbalign_center\u00bb gutter_size=\u00bb3&#8243; style=\u00bbdark\u00bb overlay_alpha=\u00bb50&#8243; shift_x=\u00bb0&#8243; shift_y=\u00bb0&#8243; shift_y_down=\u00bb0&#8243; z_index=\u00bb0&#8243; medium_width=\u00bb0&#8243; mobile_width=\u00bb0&#8243; width=\u00bb1\/2&#8243;][uncode_index el_id=\u00bbindex-566311&#8243; index_type=\u00bbcarousel\u00bb loop=\u00bbsize:10|order_by:date|post_type:portfolio|by_id:90073,90082,90104|taxonomy_count:10&#8243; carousel_lg=\u00bb1&#8243; carousel_md=\u00bb1&#8243; carousel_sm=\u00bb1&#8243; gutter_size=\u00bb3&#8243; post_items=\u00bbmedia|featured|onpost|original,title,category|nobg|relative|display-icon,date,text|excerpt,link|default|default_size,author|sm_size|hide_qualification,sep-one|full,extra,spacer|half\u00bb portfolio_items=\u00bbtitle,media|featured|onpost|original,acf-field_608bc5c592a93,spacer|half,link|link|small_size|Ver detalles\u00bb carousel_interval=\u00bb3000&#8243; carousel_navspeed=\u00bb400&#8243; carousel_nav=\u00bbyes\u00bb carousel_nav_mobile=\u00bbyes\u00bb carousel_dots=\u00bbyes\u00bb carousel_dots_mobile=\u00bbyes\u00bb carousel_dots_inside=\u00bbyes\u00bb carousel_dot_padding=\u00bb2&#8243; stage_padding=\u00bb0&#8243; single_text=\u00bboverlay\u00bb single_style=\u00bbdark\u00bb single_overlay_opacity=\u00bb50&#8243; single_overlay_anim=\u00bbno\u00bb single_h_align=\u00bbright\u00bb single_padding=\u00bb3&#8243; single_title_dimension=\u00bbh4&#8243; single_border=\u00bbyes\u00bb][\/vc_column][vc_column column_width_percent=\u00bb100&#8243; position_vertical=\u00bbmiddle\u00bb gutter_size=\u00bb3&#8243; override_padding=\u00bbyes\u00bb column_padding=\u00bb3&#8243; style=\u00bbdark\u00bb overlay_alpha=\u00bb50&#8243; shift_x=\u00bb0&#8243; shift_y=\u00bb0&#8243; shift_y_down=\u00bb0&#8243; z_index=\u00bb0&#8243; medium_width=\u00bb0&#8243; mobile_width=\u00bb0&#8243; width=\u00bb1\/2&#8243;][uncode_block id=\u00bb85796&#8243; inside_column=\u00bbyes\u00bb][uncode_list larger=\u00bbyes\u00bb icon=\u00bbfa fa-square-o\u00bb]<\/p>\n<ul>\n<li>Con una protecci\u00f3n cer\u00e1mica total, el aumento de materias met\u00e1licas extra\u00f1as result\u00f3 ser inferior a 20 ppb.<\/li>\n<li>Las part\u00edculas son estables en estado f\u00edsico, tienen tama\u00f1o uniforme y buena dispersi\u00f3n, y no se aglomeran ni precipitan.<\/li>\n<li>La estructura para el desarme simple y r\u00e1pido favorece la limpieza y el cambio de materiales.<\/li>\n<li>Pocos residuos, poca contaminaci\u00f3n, menos impurezas.<\/li>\n<li>El molino de impacto puede reemplazarse por un molino de flujo de aire, para una mayor seguridad y un tama\u00f1o de part\u00edcula m\u00e1s fino.<\/li>\n<\/ul>\n<p>[\/uncode_list][\/vc_column][\/vc_row]<\/p>\n<\/section>","protected":false},"excerpt":{"rendered":"<p>[vc_row unlock_row_content=\u00bbyes\u00bb row_height_percent=\u00bb70&#8243; override_padding=\u00bbyes\u00bb h_padding=\u00bb0&#8243; top_padding=\u00bb0&#8243; bottom_padding=\u00bb0&#8243; overlay_alpha=\u00bb50&#8243; equal_height=\u00bbyes\u00bb gutter_size=\u00bb0&#8243; column_width_percent=\u00bb100&#8243; shift_y=\u00bb0&#8243; z_index=\u00bb0&#8243;][vc_column column_width_percent=\u00bb100&#8243; position_vertical=\u00bbmiddle\u00bb gutter_size=\u00bb3&#8243; override_padding=\u00bbyes\u00bb column_padding=\u00bb4&#8243; style=\u00bbdark\u00bb back_color=\u00bbaccent\u00bb [&hellip;]<\/p>\n","protected":false},"author":6,"featured_media":0,"parent":90842,"menu_order":0,"comment_status":"open","ping_status":"closed","template":"","meta":{"_acf_changed":false,"footnotes":""},"class_list":["post-90891","page","type-page","status-publish","hentry","page_category-casos"],"acf":[],"_links":{"self":[{"href":"https:\/\/www.alpapowder.com\/es\/wp-json\/wp\/v2\/pages\/90891","targetHints":{"allow":["GET"]}}],"collection":[{"href":"https:\/\/www.alpapowder.com\/es\/wp-json\/wp\/v2\/pages"}],"about":[{"href":"https:\/\/www.alpapowder.com\/es\/wp-json\/wp\/v2\/types\/page"}],"author":[{"embeddable":true,"href":"https:\/\/www.alpapowder.com\/es\/wp-json\/wp\/v2\/users\/6"}],"replies":[{"embeddable":true,"href":"https:\/\/www.alpapowder.com\/es\/wp-json\/wp\/v2\/comments?post=90891"}],"version-history":[{"count":0,"href":"https:\/\/www.alpapowder.com\/es\/wp-json\/wp\/v2\/pages\/90891\/revisions"}],"up":[{"embeddable":true,"href":"https:\/\/www.alpapowder.com\/es\/wp-json\/wp\/v2\/pages\/90842"}],"wp:attachment":[{"href":"https:\/\/www.alpapowder.com\/es\/wp-json\/wp\/v2\/media?parent=90891"}],"curies":[{"name":"wp","href":"https:\/\/api.w.org\/{rel}","templated":true}]}}