{"id":98623,"date":"2021-07-02T17:08:23","date_gmt":"2021-07-02T09:08:23","guid":{"rendered":"https:\/\/www.alpapowder.com\/installation-debogage-et-formation\/"},"modified":"2021-07-06T11:46:34","modified_gmt":"2021-07-06T03:46:34","slug":"installation-debogage-et-formation","status":"publish","type":"page","link":"https:\/\/www.alpapowder.com\/fr\/installation-debogage-et-formation\/","title":{"rendered":"Installation, d\u00e9bogage et formation"},"content":{"rendered":"<section class=\"wpb-content-wrapper\"><p>[vc_row row_height_percent=\u00a0\u00bb50&Prime; override_padding=\u00a0\u00bbyes\u00a0\u00bb h_padding=\u00a0\u00bb2&Prime; top_padding=\u00a0\u00bb3&Prime; bottom_padding=\u00a0\u00bb2&Prime; overlay_alpha=\u00a0\u00bb50&Prime; gutter_size=\u00a0\u00bb4&Prime; column_width_percent=\u00a0\u00bb100&Prime; shift_y=\u00a0\u00bb0&Prime; z_index=\u00a0\u00bb0&Prime; el_class=\u00a0\u00bbinverted-device-order\u00a0\u00bb][vc_column column_width_use_pixel=\u00a0\u00bbyes\u00a0\u00bb position_vertical=\u00a0\u00bbmiddle\u00a0\u00bb gutter_size=\u00a0\u00bb3&Prime; overlay_alpha=\u00a0\u00bb50&Prime; shift_x=\u00a0\u00bb0&Prime; shift_y=\u00a0\u00bb0&Prime; shift_y_down=\u00a0\u00bb0&Prime; z_index=\u00a0\u00bb0&Prime; medium_width=\u00a0\u00bb0&Prime; mobile_width=\u00a0\u00bb0&Prime; width=\u00a0\u00bb1\/2&Prime; column_width_pixel=\u00a0\u00bb900&Prime;][vc_icon icon=\u00a0\u00bbfa fa-wrench\u00a0\u00bb icon_color=\u00a0\u00bbaccent\u00a0\u00bb size=\u00a0\u00bbfa-3x\u00a0\u00bb][\/vc_icon][vc_custom_heading auto_text=\u00a0\u00bbyes\u00a0\u00bb heading_semantic=\u00a0\u00bbh1&Prime;][\/vc_custom_heading][vc_column_text]Nous pensons que pour que tout \u00e9quipement fonctionne avec succ\u00e8s et de mani\u00e8re fiable, il doit commencer par un arrangement minutieux et minutieux, une installation, une mise en service et une production d&rsquo;essai bien ex\u00e9cut\u00e9es. Apr\u00e8s avoir achet\u00e9 du mat\u00e9riel ALPA, notre \u00e9quipe de service apr\u00e8s-vente est pr\u00eate \u00e0 vous fournir un service \u00e0 tout moment.<\/p>\n<p><strong>Nos services comprennent les \u00e9l\u00e9ments suivants :<\/strong><\/p>\n<ul>\n<li>Installation &amp; assemblage<\/li>\n<li>D\u00e9bogage de la machine vide<\/li>\n<li>D\u00e9bogage avec des mat\u00e9riaux<\/li>\n<li>Test d&rsquo;acceptation du site (SAT)<\/li>\n<li>Formation sur site<\/li>\n<\/ul>\n<p>[\/vc_column_text][\/vc_column][vc_column width=\u00a0\u00bb1\/2&Prime;][vc_single_image media=\u00a0\u00bb85996&Prime; media_width_percent=\u00a0\u00bb100&Prime; media_ratio=\u00a0\u00bbfour-three\u00a0\u00bb][\/vc_column][\/vc_row][vc_row row_height_percent=\u00a0\u00bb50&Prime; override_padding=\u00a0\u00bbyes\u00a0\u00bb h_padding=\u00a0\u00bb2&Prime; top_padding=\u00a0\u00bb2&Prime; bottom_padding=\u00a0\u00bb4&Prime; overlay_alpha=\u00a0\u00bb50&Prime; gutter_size=\u00a0\u00bb4&Prime; column_width_percent=\u00a0\u00bb100&Prime; shift_y=\u00a0\u00bb0&Prime; z_index=\u00a0\u00bb0&Prime;][vc_column width=\u00a0\u00bb1\/2&Prime;][vc_single_image media=\u00a0\u00bb86068&Prime; media_width_percent=\u00a0\u00bb100&Prime; media_ratio=\u00a0\u00bbfour-three\u00a0\u00bb][\/vc_column][vc_column column_width_use_pixel=\u00a0\u00bbyes\u00a0\u00bb position_vertical=\u00a0\u00bbmiddle\u00a0\u00bb gutter_size=\u00a0\u00bb3&Prime; overlay_alpha=\u00a0\u00bb50&Prime; shift_x=\u00a0\u00bb0&Prime; shift_y=\u00a0\u00bb0&Prime; shift_y_down=\u00a0\u00bb0&Prime; z_index=\u00a0\u00bb0&Prime; medium_width=\u00a0\u00bb0&Prime; mobile_width=\u00a0\u00bb0&Prime; width=\u00a0\u00bb1\/2&Prime; column_width_pixel=\u00a0\u00bb900&Prime;][vc_icon icon=\u00a0\u00bbfa fa-mixcloud\u00a0\u00bb icon_color=\u00a0\u00bbaccent\u00a0\u00bb size=\u00a0\u00bbfa-3x\u00a0\u00bb][\/vc_icon][vc_custom_heading]Assistance technique \u00e0 distance[\/vc_custom_heading][vc_column_text]Actuellement le coronavirus fait toujours rage dans le monde, qui am\u00e8ne de nouveaux d\u00e9fis \u00e0 notre installation et mise en service porte-\u00e0-porte. En tant que moyen auxiliaire, les ing\u00e9nieurs apr\u00e8s-vente d&rsquo;ALPA ont lanc\u00e9 des services d&rsquo;assistance technique \u00e0 distance et de d\u00e9bogage assist\u00e9, afin que votre calendrier de production ne soit pas retard\u00e9 pour cette raison.[\/vc_column_text][\/vc_column][\/vc_row][vc_row row_height_percent=\u00a0\u00bb0&Prime; override_padding=\u00a0\u00bbyes\u00a0\u00bb h_padding=\u00a0\u00bb2&Prime; top_padding=\u00a0\u00bb4&Prime; bottom_padding=\u00a0\u00bb4&Prime; back_color=\u00a0\u00bbcolor-lxmt\u00a0\u00bb overlay_alpha=\u00a0\u00bb50&Prime; gutter_size=\u00a0\u00bb100&Prime; column_width_percent=\u00a0\u00bb100&Prime; shift_y=\u00a0\u00bb0&Prime; z_index=\u00a0\u00bb0&Prime; style=\u00a0\u00bbinherited\u00a0\u00bb row_name=\u00a0\u00bbAbout Us\u00a0\u00bb][vc_column column_width_percent=\u00a0\u00bb100&Prime; position_vertical=\u00a0\u00bbmiddle\u00a0\u00bb align_horizontal=\u00a0\u00bbalign_center\u00a0\u00bb gutter_size=\u00a0\u00bb3&Prime; overlay_alpha=\u00a0\u00bb100&Prime; shift_x=\u00a0\u00bb0&Prime; shift_y=\u00a0\u00bb0&Prime; shift_y_down=\u00a0\u00bb0&Prime; z_index=\u00a0\u00bb0&Prime; medium_width=\u00a0\u00bb0&Prime; mobile_width=\u00a0\u00bb0&Prime; zoom_width=\u00a0\u00bb0&Prime; zoom_height=\u00a0\u00bb0&Prime; width=\u00a0\u00bb1\/1&Prime;][vc_custom_heading]Cours de formation approfondis[\/vc_custom_heading][vc_row_inner row_inner_height_percent=\u00a0\u00bb0&Prime; overlay_alpha=\u00a0\u00bb100&Prime; equal_height=\u00a0\u00bbyes\u00a0\u00bb gutter_size=\u00a0\u00bb0&Prime; shift_y=\u00a0\u00bb0&Prime; z_index=\u00a0\u00bb0&Prime; limit_content=\u00a0\u00bb\u00a0\u00bb][vc_column_inner column_width_percent=\u00a0\u00bb100&Prime; align_horizontal=\u00a0\u00bbalign_center\u00a0\u00bb gutter_size=\u00a0\u00bb3&Prime; override_padding=\u00a0\u00bbyes\u00a0\u00bb column_padding=\u00a0\u00bb3&Prime; overlay_alpha=\u00a0\u00bb100&Prime; border_color=\u00a0\u00bbcolor-177537&Prime; border_style=\u00a0\u00bbsolid\u00a0\u00bb shift_x=\u00a0\u00bb0&Prime; shift_y=\u00a0\u00bb0&Prime; shift_y_down=\u00a0\u00bb0&Prime; z_index=\u00a0\u00bb0&Prime; medium_width=\u00a0\u00bb2&Prime; mobile_width=\u00a0\u00bb4&Prime; zoom_width=\u00a0\u00bb0&Prime; zoom_height=\u00a0\u00bb0&Prime; width=\u00a0\u00bb1\/4&Prime; css=\u00a0\u00bb.vc_custom_1620464062916{border-right-width: 1px !important;}\u00a0\u00bb][vc_icon icon=\u00a0\u00bbfa fa-documents\u00a0\u00bb icon_color=\u00a0\u00bbcolor-nhtu\u00a0\u00bb size=\u00a0\u00bbfa-3x\u00a0\u00bb text_size=\u00a0\u00bbh5&Prime; linked_title=\u00a0\u00bbyes\u00a0\u00bb text_reduced=\u00a0\u00bbyes\u00a0\u00bb align=\u00a0\u00bbleft\u00a0\u00bb title=\u00a0\u00bbFormation \u00e0 la connaissance des \u00e9quipements\u00a0\u00bb][\/vc_icon][\/vc_column_inner][vc_column_inner column_width_percent=\u00a0\u00bb100&Prime; align_horizontal=\u00a0\u00bbalign_center\u00a0\u00bb gutter_size=\u00a0\u00bb3&Prime; override_padding=\u00a0\u00bbyes\u00a0\u00bb column_padding=\u00a0\u00bb3&Prime; overlay_alpha=\u00a0\u00bb100&Prime; border_color=\u00a0\u00bbcolor-177537&Prime; border_style=\u00a0\u00bbsolid\u00a0\u00bb shift_x=\u00a0\u00bb0&Prime; shift_y=\u00a0\u00bb0&Prime; shift_y_down=\u00a0\u00bb0&Prime; z_index=\u00a0\u00bb0&Prime; medium_width=\u00a0\u00bb2&Prime; mobile_width=\u00a0\u00bb4&Prime; zoom_width=\u00a0\u00bb0&Prime; zoom_height=\u00a0\u00bb0&Prime; width=\u00a0\u00bb1\/4&Prime; css=\u00a0\u00bb.vc_custom_1620464065938{border-right-width: 1px !important;}\u00a0\u00bb][vc_icon icon=\u00a0\u00bbfa fa-streetsign\u00a0\u00bb icon_color=\u00a0\u00bbcolor-nhtu\u00a0\u00bb size=\u00a0\u00bbfa-3x\u00a0\u00bb heading_semantic=\u00a0\u00bbh2&Prime; text_size=\u00a0\u00bbh5&Prime; text_reduced=\u00a0\u00bbyes\u00a0\u00bb align=\u00a0\u00bbleft\u00a0\u00bb title=\u00a0\u00bbFormation aux comp\u00e9tences op\u00e9rationnelles\u00a0\u00bb][\/vc_icon][\/vc_column_inner][vc_column_inner column_width_percent=\u00a0\u00bb100&Prime; align_horizontal=\u00a0\u00bbalign_center\u00a0\u00bb gutter_size=\u00a0\u00bb3&Prime; override_padding=\u00a0\u00bbyes\u00a0\u00bb column_padding=\u00a0\u00bb3&Prime; overlay_alpha=\u00a0\u00bb100&Prime; border_color=\u00a0\u00bbcolor-177537&Prime; border_style=\u00a0\u00bbsolid\u00a0\u00bb shift_x=\u00a0\u00bb0&Prime; shift_y=\u00a0\u00bb0&Prime; shift_y_down=\u00a0\u00bb0&Prime; z_index=\u00a0\u00bb0&Prime; medium_width=\u00a0\u00bb2&Prime; mobile_width=\u00a0\u00bb4&Prime; zoom_width=\u00a0\u00bb0&Prime; zoom_height=\u00a0\u00bb0&Prime; width=\u00a0\u00bb1\/4&Prime; css=\u00a0\u00bb.vc_custom_1620464069548{border-right-width: 1px !important;}\u00a0\u00bb][vc_icon icon=\u00a0\u00bbfa fa-adjustments\u00a0\u00bb icon_color=\u00a0\u00bbcolor-nhtu\u00a0\u00bb size=\u00a0\u00bbfa-3x\u00a0\u00bb text_size=\u00a0\u00bbh5&Prime; linked_title=\u00a0\u00bbyes\u00a0\u00bb text_reduced=\u00a0\u00bbyes\u00a0\u00bb align=\u00a0\u00bbleft\u00a0\u00bb title=\u00a0\u00bbFormation d&rsquo;installation et de d\u00e9bogage\u00a0\u00bb][\/vc_icon][\/vc_column_inner][vc_column_inner column_width_percent=\u00a0\u00bb100&Prime; align_horizontal=\u00a0\u00bbalign_center\u00a0\u00bb gutter_size=\u00a0\u00bb3&Prime; override_padding=\u00a0\u00bbyes\u00a0\u00bb column_padding=\u00a0\u00bb3&Prime; overlay_alpha=\u00a0\u00bb50&Prime; shift_x=\u00a0\u00bb0&Prime; shift_y=\u00a0\u00bb0&Prime; shift_y_down=\u00a0\u00bb0&Prime; z_index=\u00a0\u00bb0&Prime; medium_width=\u00a0\u00bb2&Prime; mobile_width=\u00a0\u00bb4&Prime; width=\u00a0\u00bb1\/4&Prime;][vc_icon icon=\u00a0\u00bbfa fa-gears2&Prime; icon_color=\u00a0\u00bbcolor-nhtu\u00a0\u00bb size=\u00a0\u00bbfa-3x\u00a0\u00bb text_size=\u00a0\u00bbh5&Prime; linked_title=\u00a0\u00bbyes\u00a0\u00bb text_reduced=\u00a0\u00bbyes\u00a0\u00bb align=\u00a0\u00bbleft\u00a0\u00bb title=\u00a0\u00bbFormation aux connaissances en maintenance\u00a0\u00bb][\/vc_icon][\/vc_column_inner][\/vc_row_inner][\/vc_column][\/vc_row]<\/p>\n<\/section>","protected":false},"excerpt":{"rendered":"<p>[vc_row row_height_percent=\u00a0\u00bb50&Prime; override_padding=\u00a0\u00bbyes\u00a0\u00bb h_padding=\u00a0\u00bb2&Prime; top_padding=\u00a0\u00bb3&Prime; bottom_padding=\u00a0\u00bb2&Prime; overlay_alpha=\u00a0\u00bb50&Prime; gutter_size=\u00a0\u00bb4&Prime; column_width_percent=\u00a0\u00bb100&Prime; shift_y=\u00a0\u00bb0&Prime; z_index=\u00a0\u00bb0&Prime; el_class=\u00a0\u00bbinverted-device-order\u00a0\u00bb][vc_column column_width_use_pixel=\u00a0\u00bbyes\u00a0\u00bb position_vertical=\u00a0\u00bbmiddle\u00a0\u00bb gutter_size=\u00a0\u00bb3&Prime; overlay_alpha=\u00a0\u00bb50&Prime; shift_x=\u00a0\u00bb0&Prime; shift_y=\u00a0\u00bb0&Prime; shift_y_down=\u00a0\u00bb0&Prime; z_index=\u00a0\u00bb0&Prime; [&hellip;]<\/p>\n","protected":false},"author":6,"featured_media":0,"parent":0,"menu_order":0,"comment_status":"closed","ping_status":"closed","template":"","meta":{"_acf_changed":false,"footnotes":""},"class_list":["post-98623","page","type-page","status-publish","hentry"],"acf":[],"_links":{"self":[{"href":"https:\/\/www.alpapowder.com\/fr\/wp-json\/wp\/v2\/pages\/98623","targetHints":{"allow":["GET"]}}],"collection":[{"href":"https:\/\/www.alpapowder.com\/fr\/wp-json\/wp\/v2\/pages"}],"about":[{"href":"https:\/\/www.alpapowder.com\/fr\/wp-json\/wp\/v2\/types\/page"}],"author":[{"embeddable":true,"href":"https:\/\/www.alpapowder.com\/fr\/wp-json\/wp\/v2\/users\/6"}],"replies":[{"embeddable":true,"href":"https:\/\/www.alpapowder.com\/fr\/wp-json\/wp\/v2\/comments?post=98623"}],"version-history":[{"count":0,"href":"https:\/\/www.alpapowder.com\/fr\/wp-json\/wp\/v2\/pages\/98623\/revisions"}],"wp:attachment":[{"href":"https:\/\/www.alpapowder.com\/fr\/wp-json\/wp\/v2\/media?parent=98623"}],"curies":[{"name":"wp","href":"https:\/\/api.w.org\/{rel}","templated":true}]}}