{"id":98667,"date":"2021-07-05T10:32:49","date_gmt":"2021-07-05T02:32:49","guid":{"rendered":"https:\/\/www.alpapowder.com\/page-dacceuil\/"},"modified":"2022-05-24T10:58:39","modified_gmt":"2022-05-24T02:58:39","slug":"page-dacceuil","status":"publish","type":"page","link":"https:\/\/www.alpapowder.com\/fr\/","title":{"rendered":"Page d&rsquo;acceuil"},"content":{"rendered":"<section class=\"wpb-content-wrapper\"><p>[vc_row unlock_row_content=\u00a0\u00bbyes\u00a0\u00bb row_height_percent=\u00a0\u00bb88&Prime; override_padding=\u00a0\u00bbyes\u00a0\u00bb h_padding=\u00a0\u00bb0&Prime; top_padding=\u00a0\u00bb0&Prime; bottom_padding=\u00a0\u00bb0&Prime; overlay_alpha=\u00a0\u00bb50&Prime; gutter_size=\u00a0\u00bb3&Prime; column_width_percent=\u00a0\u00bb100&Prime; shift_y=\u00a0\u00bb0&Prime; z_index=\u00a0\u00bb0&Prime; front_end_with_slider=\u00a0\u00bbtrue\u00a0\u00bb][vc_column column_width_percent=\u00a0\u00bb100&Prime; gutter_size=\u00a0\u00bb3&Prime; overlay_alpha=\u00a0\u00bb50&Prime; shift_x=\u00a0\u00bb0&Prime; shift_y=\u00a0\u00bb0&Prime; shift_y_down=\u00a0\u00bb0&Prime; z_index=\u00a0\u00bb0&Prime; medium_width=\u00a0\u00bb0&Prime; mobile_width=\u00a0\u00bb0&Prime; width=\u00a0\u00bb1\/1&Prime;][uncode_slider slider_interval=\u00a0\u00bb5000&Prime; slider_navspeed=\u00a0\u00bb700&Prime; slider_loop=\u00a0\u00bbyes\u00a0\u00bb slider_hide_dots=\u00a0\u00bbyes\u00a0\u00bb][vc_row_inner row_inner_height_percent=\u00a0\u00bb0&Prime; back_image=\u00a0\u00bb85354&Prime; overlay_alpha=\u00a0\u00bb43&Prime; equal_height=\u00a0\u00bbyes\u00a0\u00bb gutter_size=\u00a0\u00bb3&Prime; shift_y=\u00a0\u00bb0&Prime; z_index=\u00a0\u00bb0&Prime; limit_content=\u00a0\u00bb\u00a0\u00bb front_end_with_slider=\u00a0\u00bbtrue\u00a0\u00bb][vc_column_inner column_width_use_pixel=\u00a0\u00bbyes\u00a0\u00bb position_vertical=\u00a0\u00bbmiddle\u00a0\u00bb align_horizontal=\u00a0\u00bbalign_center\u00a0\u00bb gutter_size=\u00a0\u00bb3&Prime; override_padding=\u00a0\u00bbyes\u00a0\u00bb column_padding=\u00a0\u00bb3&Prime; style=\u00a0\u00bbdark\u00a0\u00bb overlay_alpha=\u00a0\u00bb80&Prime; shift_x=\u00a0\u00bb0&Prime; shift_y=\u00a0\u00bb0&Prime; shift_y_down=\u00a0\u00bb0&Prime; z_index=\u00a0\u00bb0&Prime; medium_width=\u00a0\u00bb0&Prime; mobile_width=\u00a0\u00bb0&Prime; width=\u00a0\u00bb1\/1&Prime; column_width_pixel=\u00a0\u00bb1200&Prime;][vc_custom_heading heading_semantic=\u00a0\u00bbh1&Prime; text_size=\u00a0\u00bbfontsize-964839&Prime; text_transform=\u00a0\u00bbuppercase\u00a0\u00bb css_animation=\u00a0\u00bbcurtain-words\u00a0\u00bb animation_delay=\u00a0\u00bb600&Prime; title=\u00a0\u00bb\u00a0\u00bb]Engag\u00e9 dans la transformation de l&rsquo;industrie traditionnelle de la poudre[\/vc_custom_heading][vc_separator sep_color=\u00a0\u00bbcolor-708378&Prime; css_animation=\u00a0\u00bbbottom-t-top\u00a0\u00bb animation_delay=\u00a0\u00bb800&Prime; el_width=\u00a0\u00bb100px\u00a0\u00bb el_height=\u00a0\u00bb2px\u00a0\u00bb][vc_custom_heading text_size=\u00a0\u00bbh4&Prime; text_weight=\u00a0\u00bb400&Prime; css_animation=\u00a0\u00bbcurtain-words\u00a0\u00bb animation_delay=\u00a0\u00bb1200&Prime;]Fournir des solutions de traitement de granul\u00e9s et de poudre \u00e0 la demande[\/vc_custom_heading][\/vc_column_inner][\/vc_row_inner][vc_row_inner row_inner_height_percent=\u00a0\u00bb0&Prime; back_color=\u00a0\u00bbcolor-wayh\u00a0\u00bb back_image=\u00a0\u00bb86186&Prime; overlay_alpha=\u00a0\u00bb50&Prime; equal_height=\u00a0\u00bbyes\u00a0\u00bb gutter_size=\u00a0\u00bb3&Prime; shift_y=\u00a0\u00bb0&Prime; z_index=\u00a0\u00bb0&Prime; limit_content=\u00a0\u00bb\u00a0\u00bb front_end_with_slider=\u00a0\u00bbtrue\u00a0\u00bb][vc_column_inner column_width_use_pixel=\u00a0\u00bbyes\u00a0\u00bb position_vertical=\u00a0\u00bbmiddle\u00a0\u00bb align_horizontal=\u00a0\u00bbalign_center\u00a0\u00bb gutter_size=\u00a0\u00bb3&Prime; style=\u00a0\u00bbdark\u00a0\u00bb overlay_alpha=\u00a0\u00bb50&Prime; shift_x=\u00a0\u00bb0&Prime; shift_y=\u00a0\u00bb0&Prime; shift_y_down=\u00a0\u00bb0&Prime; z_index=\u00a0\u00bb0&Prime; medium_width=\u00a0\u00bb0&Prime; mobile_width=\u00a0\u00bb0&Prime; zoom_width=\u00a0\u00bb0&Prime; zoom_height=\u00a0\u00bb0&Prime; width=\u00a0\u00bb1\/1&Prime; column_width_pixel=\u00a0\u00bb1200&Prime;][vc_custom_heading text_size=\u00a0\u00bbfontsize-964839&Prime; text_transform=\u00a0\u00bbuppercase\u00a0\u00bb css_animation=\u00a0\u00bbcurtain-words\u00a0\u00bb animation_delay=\u00a0\u00bb600&Prime; title=\u00a0\u00bb\u00a0\u00bb]Il y a une mission et une responsabilit\u00e9[\/vc_custom_heading][vc_separator sep_color=\u00a0\u00bbcolor-708378&Prime; css_animation=\u00a0\u00bbbottom-t-top\u00a0\u00bb animation_delay=\u00a0\u00bb800&Prime; el_width=\u00a0\u00bb100px\u00a0\u00bb el_height=\u00a0\u00bb2px\u00a0\u00bb][vc_custom_heading text_size=\u00a0\u00bbh4&Prime; text_weight=\u00a0\u00bb400&Prime; css_animation=\u00a0\u00bbcurtain-words\u00a0\u00bb animation_delay=\u00a0\u00bb1200&Prime;]Cr\u00e9ez l&rsquo;avenir des mat\u00e9riaux avanc\u00e9s avec la technologie des poudres[\/vc_custom_heading][\/vc_column_inner][\/vc_row_inner][vc_row_inner row_inner_height_percent=\u00a0\u00bb0&Prime; back_color=\u00a0\u00bbcolor-wayh\u00a0\u00bb back_image=\u00a0\u00bb86196&Prime; overlay_color=\u00a0\u00bbcolor-jevc\u00a0\u00bb overlay_alpha=\u00a0\u00bb30&Prime; equal_height=\u00a0\u00bbyes\u00a0\u00bb gutter_size=\u00a0\u00bb3&Prime; shift_y=\u00a0\u00bb0&Prime; z_index=\u00a0\u00bb0&Prime; limit_content=\u00a0\u00bb\u00a0\u00bb front_end_with_slider=\u00a0\u00bbtrue\u00a0\u00bb][vc_column_inner column_width_use_pixel=\u00a0\u00bbyes\u00a0\u00bb position_vertical=\u00a0\u00bbmiddle\u00a0\u00bb align_horizontal=\u00a0\u00bbalign_center\u00a0\u00bb gutter_size=\u00a0\u00bb3&Prime; override_padding=\u00a0\u00bbyes\u00a0\u00bb column_padding=\u00a0\u00bb3&Prime; style=\u00a0\u00bbdark\u00a0\u00bb overlay_alpha=\u00a0\u00bb80&Prime; shift_x=\u00a0\u00bb0&Prime; shift_y=\u00a0\u00bb0&Prime; shift_y_down=\u00a0\u00bb0&Prime; z_index=\u00a0\u00bb0&Prime; medium_width=\u00a0\u00bb0&Prime; mobile_width=\u00a0\u00bb0&Prime; zoom_width=\u00a0\u00bb0&Prime; zoom_height=\u00a0\u00bb0&Prime; width=\u00a0\u00bb1\/1&Prime; column_width_pixel=\u00a0\u00bb1200&Prime;][vc_custom_heading text_size=\u00a0\u00bbfontsize-964839&Prime; text_transform=\u00a0\u00bbuppercase\u00a0\u00bb css_animation=\u00a0\u00bbcurtain-words\u00a0\u00bb animation_delay=\u00a0\u00bb600&Prime; title=\u00a0\u00bb\u00a0\u00bb]Fort, naturellement attrayant[\/vc_custom_heading][vc_separator sep_color=\u00a0\u00bbcolor-708378&Prime; css_animation=\u00a0\u00bbbottom-t-top\u00a0\u00bb animation_delay=\u00a0\u00bb800&Prime; el_width=\u00a0\u00bb100px\u00a0\u00bb el_height=\u00a0\u00bb2px\u00a0\u00bb][vc_custom_heading text_size=\u00a0\u00bbh4&Prime; text_weight=\u00a0\u00bb400&Prime; css_animation=\u00a0\u00bbcurtain-words\u00a0\u00bb animation_delay=\u00a0\u00bb1200&Prime;]Vingt ans comme un jour, la pers\u00e9v\u00e9rance[\/vc_custom_heading][\/vc_column_inner][\/vc_row_inner][\/uncode_slider][\/vc_column][\/vc_row][vc_row][vc_column width=\u00a0\u00bb1\/1&Prime;][uncode_block id=\u00a0\u00bb86302&Prime;][\/vc_column][\/vc_row][vc_row row_height_percent=\u00a0\u00bb0&Prime; override_padding=\u00a0\u00bbyes\u00a0\u00bb h_padding=\u00a0\u00bb2&Prime; top_padding=\u00a0\u00bb4&Prime; bottom_padding=\u00a0\u00bb2&Prime; overlay_alpha=\u00a0\u00bb50&Prime; gutter_size=\u00a0\u00bb3&Prime; column_width_percent=\u00a0\u00bb100&Prime; shift_y=\u00a0\u00bb0&Prime; z_index=\u00a0\u00bb0&Prime;][vc_column column_width_percent=\u00a0\u00bb100&Prime; gutter_size=\u00a0\u00bb3&Prime; overlay_alpha=\u00a0\u00bb50&Prime; shift_x=\u00a0\u00bb0&Prime; shift_y=\u00a0\u00bb0&Prime; shift_y_down=\u00a0\u00bb0&Prime; z_index=\u00a0\u00bb0&Prime; medium_width=\u00a0\u00bb0&Prime; mobile_width=\u00a0\u00bb0&Prime; width=\u00a0\u00bb1\/1&Prime;][uncode_block id=\u00a0\u00bb84835&Prime; inside_column=\u00a0\u00bbyes\u00a0\u00bb][uncode_block id=\u00a0\u00bb83385&Prime; inside_column=\u00a0\u00bbyes\u00a0\u00bb][\/vc_column][\/vc_row][vc_row row_height_percent=\u00a0\u00bb0&Prime; override_padding=\u00a0\u00bbyes\u00a0\u00bb h_padding=\u00a0\u00bb2&Prime; top_padding=\u00a0\u00bb2&Prime; bottom_padding=\u00a0\u00bb4&Prime; overlay_alpha=\u00a0\u00bb50&Prime; gutter_size=\u00a0\u00bb2&Prime; column_width_percent=\u00a0\u00bb100&Prime; shift_y=\u00a0\u00bb0&Prime; z_index=\u00a0\u00bb0&Prime;][vc_column column_width_percent=\u00a0\u00bb100&Prime; align_horizontal=\u00a0\u00bbalign_center\u00a0\u00bb gutter_size=\u00a0\u00bb4&Prime; overlay_alpha=\u00a0\u00bb50&Prime; shift_x=\u00a0\u00bb0&Prime; shift_y=\u00a0\u00bb0&Prime; shift_y_down=\u00a0\u00bb0&Prime; z_index=\u00a0\u00bb0&Prime; medium_width=\u00a0\u00bb0&Prime; mobile_width=\u00a0\u00bb0&Prime; width=\u00a0\u00bb1\/1&Prime;][uncode_index el_id=\u00a0\u00bbindex-209991&Prime; isotope_mode=\u00a0\u00bbfitRows\u00a0\u00bb loop=\u00a0\u00bbsize:6|order_by:date|post_type:project|by_id:83477,84032,84029,83557,84041,83683|taxonomy_count:10&Prime; gutter_size=\u00a0\u00bb3&Prime; project_items=\u00a0\u00bbtitle,media|media|onpost|original,text|excerpt,icon|sm,acf-field_607e48db91dd6,spacer|half\u00a0\u00bb screen_lg=\u00a0\u00bb1000&Prime; screen_md=\u00a0\u00bb600&Prime; screen_sm=\u00a0\u00bb480&Prime; images_size=\u00a0\u00bbsixteen-nine\u00a0\u00bb single_overlay_color=\u00a0\u00bbcolor-jevc\u00a0\u00bb single_overlay_opacity=\u00a0\u00bb50&Prime; single_padding=\u00a0\u00bb1&Prime; single_title_dimension=\u00a0\u00bbh6&Prime; single_border=\u00a0\u00bbyes\u00a0\u00bb custom_order=\u00a0\u00bbyes\u00a0\u00bb single_icon=\u00a0\u00bbfa fa-plus2&Prime; order_ids=\u00a0\u00bb83683,84032,84029,83477,83557,84041&Prime;][\/vc_column][\/vc_row][vc_row unlock_row_content=\u00a0\u00bbyes\u00a0\u00bb row_height_percent=\u00a0\u00bb0&Prime; override_padding=\u00a0\u00bbyes\u00a0\u00bb h_padding=\u00a0\u00bb2&Prime; top_padding=\u00a0\u00bb4&Prime; bottom_padding=\u00a0\u00bb3&Prime; back_color=\u00a0\u00bbaccent\u00a0\u00bb overlay_alpha=\u00a0\u00bb50&Prime; equal_height=\u00a0\u00bbyes\u00a0\u00bb gutter_size=\u00a0\u00bb3&Prime; column_width_percent=\u00a0\u00bb100&Prime; shift_y=\u00a0\u00bb0&Prime; z_index=\u00a0\u00bb0&Prime; top_divider=\u00a0\u00bbgradient\u00a0\u00bb bottom_divider=\u00a0\u00bbstep_2_3&Prime;][vc_column column_width_percent=\u00a0\u00bb100&Prime; position_vertical=\u00a0\u00bbmiddle\u00a0\u00bb align_horizontal=\u00a0\u00bbalign_center\u00a0\u00bb gutter_size=\u00a0\u00bb4&Prime; style=\u00a0\u00bbdark\u00a0\u00bb overlay_alpha=\u00a0\u00bb50&Prime; shift_x=\u00a0\u00bb0&Prime; shift_y=\u00a0\u00bb0&Prime; shift_y_down=\u00a0\u00bb0&Prime; z_index=\u00a0\u00bb0&Prime; medium_width=\u00a0\u00bb0&Prime; mobile_width=\u00a0\u00bb0&Prime; width=\u00a0\u00bb1\/1&Prime;][uncode_block id=\u00a0\u00bb86595&Prime; inside_column=\u00a0\u00bbyes\u00a0\u00bb][uncode_index el_id=\u00a0\u00bbindex-177239&Prime; isotope_mode=\u00a0\u00bbpackery\u00a0\u00bb loop=\u00a0\u00bbsize:8|order_by:date|post_type:portfolio|taxonomy_count:10&Prime; footer_style=\u00a0\u00bbdark\u00a0\u00bb gutter_size=\u00a0\u00bb1&Prime; inner_padding=\u00a0\u00bbyes\u00a0\u00bb portfolio_items=\u00a0\u00bbtitle,media|featured|onpost|original,acf-field_608bc5c592a93&Prime; screen_lg=\u00a0\u00bb1000&Prime; screen_md=\u00a0\u00bb600&Prime; screen_sm=\u00a0\u00bb480&Prime; single_text=\u00a0\u00bboverlay\u00a0\u00bb single_width=\u00a0\u00bb3&Prime; single_style=\u00a0\u00bbdark\u00a0\u00bb single_overlay_opacity=\u00a0\u00bb1&Prime; single_text_visible=\u00a0\u00bbyes\u00a0\u00bb single_text_anim=\u00a0\u00bbno\u00a0\u00bb single_v_position=\u00a0\u00bbtop\u00a0\u00bb single_padding=\u00a0\u00bb2&Prime; single_title_dimension=\u00a0\u00bbh5&Prime; single_border=\u00a0\u00bbyes\u00a0\u00bb order_ids=\u00a0\u00bb82619,82613,84531,82621,82623,82625,82605,84590&Prime; items=\u00a0\u00bbeyI4MjYxOV9pIjp7InNpbmdsZV93aWR0aCI6IjYifSwiODI2MjVfaSI6eyJzaW5nbGVfd2lkdGgiOiI2IiwiaW1hZ2VzX3NpemUiOiJ0d28tb25lIn0sIjg0NjA4X2kiOnsic2luZ2xlX3dpZHRoIjoiNiIsImltYWdlc19zaXplIjoidHdvLW9uZSJ9LCI4MjYyN19pIjp7InNpbmdsZV93aWR0aCI6IjYiLCJpbWFnZXNfc2l6ZSI6InR3by1vbmUifSwiODI2MTNfaSI6eyJpbWFnZXNfc2l6ZSI6IiIsInNpbmdsZV93aWR0aCI6IjMifSwiOTgyNTFfaSI6eyJzaW5nbGVfd2lkdGgiOiI2In0sIjk4MjI3X2kiOnsic2luZ2xlX3dpZHRoIjoiNiIsImltYWdlc19zaXplIjoidHdvLW9uZSJ9fQ==\u00a0\u00bb][vc_button size=\u00a0\u00bbbtn-sm\u00a0\u00bb outline=\u00a0\u00bbyes\u00a0\u00bb border_width=\u00a0\u00bb0&Prime; link=\u00a0\u00bburl:https%3A%2F%2Fwww.alpapowder.com%2Ffr%2Fequipement%2F|title:%C3%89quipement\u00a0\u00bb icon=\u00a0\u00bbfa fa-gears2&Prime;]Regardez tous nos appareils[\/vc_button][\/vc_column][\/vc_row][vc_row unlock_row_content=\u00a0\u00bbyes\u00a0\u00bb row_height_percent=\u00a0\u00bb0&Prime; override_padding=\u00a0\u00bbyes\u00a0\u00bb h_padding=\u00a0\u00bb3&Prime; top_padding=\u00a0\u00bb4&Prime; bottom_padding=\u00a0\u00bb4&Prime; overlay_alpha=\u00a0\u00bb50&Prime; gutter_size=\u00a0\u00bb3&Prime; column_width_percent=\u00a0\u00bb100&Prime; border_style=\u00a0\u00bbsolid\u00a0\u00bb shift_y=\u00a0\u00bb0&Prime; z_index=\u00a0\u00bb0&Prime; css=\u00a0\u00bb.vc_custom_1621495300839{border-top-width: 1px !important;}\u00a0\u00bb][vc_column column_width_percent=\u00a0\u00bb100&Prime; align_horizontal=\u00a0\u00bbalign_center\u00a0\u00bb gutter_size=\u00a0\u00bb3&Prime; overlay_alpha=\u00a0\u00bb50&Prime; shift_x=\u00a0\u00bb0&Prime; shift_y=\u00a0\u00bb0&Prime; shift_y_down=\u00a0\u00bb0&Prime; z_index=\u00a0\u00bb0&Prime; medium_width=\u00a0\u00bb0&Prime; mobile_width=\u00a0\u00bb0&Prime; width=\u00a0\u00bb1\/1&Prime;][vc_custom_heading sub_lead=\u00a0\u00bbyes\u00a0\u00bb sub_reduced=\u00a0\u00bbyes\u00a0\u00bb subheading=\u00a0\u00bbNotre \u00e9quipe de service apr\u00e8s-vente est toujours pr\u00eate \u00e0 diagnostiquer et \u00e0 r\u00e9soudre les probl\u00e8mes pour vous\u00a0\u00bb]Un bon service apr\u00e8s-vente[\/vc_custom_heading][vc_row_inner row_inner_height_percent=\u00a0\u00bb0&Prime; overlay_alpha=\u00a0\u00bb50&Prime; equal_height=\u00a0\u00bbyes\u00a0\u00bb gutter_size=\u00a0\u00bb1&Prime; shift_y=\u00a0\u00bb0&Prime; z_index=\u00a0\u00bb0&Prime;][vc_column_inner column_width_percent=\u00a0\u00bb80&Prime; align_horizontal=\u00a0\u00bbalign_center\u00a0\u00bb gutter_size=\u00a0\u00bb3&Prime; override_padding=\u00a0\u00bbyes\u00a0\u00bb column_padding=\u00a0\u00bb2&Prime; overlay_alpha=\u00a0\u00bb50&Prime; border_color=\u00a0\u00bbcolor-177537&Prime; border_style=\u00a0\u00bbsolid\u00a0\u00bb shift_x=\u00a0\u00bb0&Prime; shift_y=\u00a0\u00bb0&Prime; shift_y_down=\u00a0\u00bb0&Prime; z_index=\u00a0\u00bb0&Prime; medium_width=\u00a0\u00bb2&Prime; mobile_width=\u00a0\u00bb0&Prime; width=\u00a0\u00bb1\/4&Prime; css=\u00a0\u00bb.vc_custom_1625532163148{border-right-width: 1px !important;}\u00a0\u00bb link_to=\u00a0\u00bburl:https%3A%2F%2Fwww.alpapowder.com%2Ffr%2Ffabrication-et-distribution%2F\u00a0\u00bb][vc_icon icon=\u00a0\u00bbfa fa-calendar2&Prime; size=\u00a0\u00bbfa-3x\u00a0\u00bb text_size=\u00a0\u00bbh5&Prime; text_reduced=\u00a0\u00bbyes\u00a0\u00bb align=\u00a0\u00bb\u00a0\u00bb title=\u00a0\u00bbProduction et diffusion\u00a0\u00bb]De l&rsquo;organigramme de conception \u00e0 la livraison entre vos mains, nous n&rsquo;osons pas rel\u00e2cher dans tous les aspects[\/vc_icon][\/vc_column_inner][vc_column_inner column_width_percent=\u00a0\u00bb80&Prime; align_horizontal=\u00a0\u00bbalign_center\u00a0\u00bb gutter_size=\u00a0\u00bb3&Prime; override_padding=\u00a0\u00bbyes\u00a0\u00bb column_padding=\u00a0\u00bb2&Prime; overlay_alpha=\u00a0\u00bb50&Prime; border_color=\u00a0\u00bbcolor-177537&Prime; border_style=\u00a0\u00bbsolid\u00a0\u00bb shift_x=\u00a0\u00bb0&Prime; shift_y=\u00a0\u00bb0&Prime; shift_y_down=\u00a0\u00bb0&Prime; z_index=\u00a0\u00bb0&Prime; medium_width=\u00a0\u00bb2&Prime; mobile_width=\u00a0\u00bb0&Prime; width=\u00a0\u00bb1\/4&Prime; css=\u00a0\u00bb.vc_custom_1625532176826{border-right-width: 1px !important;}\u00a0\u00bb link_to=\u00a0\u00bburl:https%3A%2F%2Fwww.alpapowder.com%2Ffr%2Finstallation-debogage-et-formation%2F\u00a0\u00bb][vc_icon icon=\u00a0\u00bbfa fa-tools-2&Prime; size=\u00a0\u00bbfa-3x\u00a0\u00bb text_size=\u00a0\u00bbh5&Prime; text_reduced=\u00a0\u00bbyes\u00a0\u00bb align=\u00a0\u00bb\u00a0\u00bb title=\u00a0\u00bbInstallation, d\u00e9bogage et formation\u00a0\u00bb]Le fonctionnement r\u00e9ussi et fiable de tout \u00e9quipement doit commencer par un arrangement minutieux et minutieux, une installation, une mise en service et une production d&rsquo;essai bien ex\u00e9cut\u00e9es.[\/vc_icon][\/vc_column_inner][vc_column_inner column_width_percent=\u00a0\u00bb80&Prime; align_horizontal=\u00a0\u00bbalign_center\u00a0\u00bb gutter_size=\u00a0\u00bb3&Prime; override_padding=\u00a0\u00bbyes\u00a0\u00bb column_padding=\u00a0\u00bb2&Prime; overlay_alpha=\u00a0\u00bb50&Prime; border_color=\u00a0\u00bbcolor-177537&Prime; border_style=\u00a0\u00bbsolid\u00a0\u00bb shift_x=\u00a0\u00bb0&Prime; shift_y=\u00a0\u00bb0&Prime; shift_y_down=\u00a0\u00bb0&Prime; z_index=\u00a0\u00bb0&Prime; medium_width=\u00a0\u00bb2&Prime; mobile_width=\u00a0\u00bb0&Prime; width=\u00a0\u00bb1\/4&Prime; css=\u00a0\u00bb.vc_custom_1625532196322{border-right-width: 1px !important;}\u00a0\u00bb link_to=\u00a0\u00bburl:https%3A%2F%2Fwww.alpapowder.com%2Ffr%2Fmise-a-niveau-et-optimisation-des-processus%2F\u00a0\u00bb][vc_icon icon=\u00a0\u00bbfa fa-lightbulb\u00a0\u00bb size=\u00a0\u00bbfa-3x\u00a0\u00bb text_size=\u00a0\u00bbh5&Prime; text_reduced=\u00a0\u00bbyes\u00a0\u00bb align=\u00a0\u00bb\u00a0\u00bb title=\u00a0\u00bbMise \u00e0 niveau et optimisation des processus\u00a0\u00bb]Avec la production de nouveaux r\u00e9sultats de recherche, les am\u00e9liorations de processus qui en r\u00e9sulteront apporteront de nouveaux changements \u00e0 votre production.[\/vc_icon][\/vc_column_inner][vc_column_inner column_width_percent=\u00a0\u00bb80&Prime; align_horizontal=\u00a0\u00bbalign_center\u00a0\u00bb gutter_size=\u00a0\u00bb3&Prime; override_padding=\u00a0\u00bbyes\u00a0\u00bb column_padding=\u00a0\u00bb2&Prime; overlay_alpha=\u00a0\u00bb50&Prime; shift_x=\u00a0\u00bb0&Prime; shift_y=\u00a0\u00bb0&Prime; shift_y_down=\u00a0\u00bb0&Prime; z_index=\u00a0\u00bb0&Prime; medium_width=\u00a0\u00bb2&Prime; mobile_width=\u00a0\u00bb0&Prime; width=\u00a0\u00bb1\/4&Prime; link_to=\u00a0\u00bburl:https%3A%2F%2Fwww.alpapowder.com%2Ffr%2Fassurance-qualite%2F\u00a0\u00bb][vc_icon icon=\u00a0\u00bbfa fa-trophy2&Prime; size=\u00a0\u00bbfa-3x\u00a0\u00bb text_size=\u00a0\u00bbh5&Prime; text_reduced=\u00a0\u00bbyes\u00a0\u00bb align=\u00a0\u00bb\u00a0\u00bb title=\u00a0\u00bbAssurance qualit\u00e9\u00a0\u00bb]Chaque processus et chaque produit doivent \u00eatre test\u00e9s par une inspection de qualit\u00e9 stricte[\/vc_icon][\/vc_column_inner][\/vc_row_inner][\/vc_column][\/vc_row]<\/p>\n<\/section>","protected":false},"excerpt":{"rendered":"<p>[vc_row unlock_row_content=\u00a0\u00bbyes\u00a0\u00bb row_height_percent=\u00a0\u00bb88&Prime; override_padding=\u00a0\u00bbyes\u00a0\u00bb h_padding=\u00a0\u00bb0&Prime; top_padding=\u00a0\u00bb0&Prime; bottom_padding=\u00a0\u00bb0&Prime; overlay_alpha=\u00a0\u00bb50&Prime; gutter_size=\u00a0\u00bb3&Prime; column_width_percent=\u00a0\u00bb100&Prime; shift_y=\u00a0\u00bb0&Prime; z_index=\u00a0\u00bb0&Prime; front_end_with_slider=\u00a0\u00bbtrue\u00a0\u00bb][vc_column column_width_percent=\u00a0\u00bb100&Prime; gutter_size=\u00a0\u00bb3&Prime; overlay_alpha=\u00a0\u00bb50&Prime; shift_x=\u00a0\u00bb0&Prime; shift_y=\u00a0\u00bb0&Prime; shift_y_down=\u00a0\u00bb0&Prime; z_index=\u00a0\u00bb0&Prime; [&hellip;]<\/p>\n","protected":false},"author":6,"featured_media":0,"parent":0,"menu_order":0,"comment_status":"closed","ping_status":"closed","template":"","meta":{"_acf_changed":false,"footnotes":""},"class_list":["post-98667","page","type-page","status-publish","hentry"],"acf":[],"_links":{"self":[{"href":"https:\/\/www.alpapowder.com\/fr\/wp-json\/wp\/v2\/pages\/98667","targetHints":{"allow":["GET"]}}],"collection":[{"href":"https:\/\/www.alpapowder.com\/fr\/wp-json\/wp\/v2\/pages"}],"about":[{"href":"https:\/\/www.alpapowder.com\/fr\/wp-json\/wp\/v2\/types\/page"}],"author":[{"embeddable":true,"href":"https:\/\/www.alpapowder.com\/fr\/wp-json\/wp\/v2\/users\/6"}],"replies":[{"embeddable":true,"href":"https:\/\/www.alpapowder.com\/fr\/wp-json\/wp\/v2\/comments?post=98667"}],"version-history":[{"count":0,"href":"https:\/\/www.alpapowder.com\/fr\/wp-json\/wp\/v2\/pages\/98667\/revisions"}],"wp:attachment":[{"href":"https:\/\/www.alpapowder.com\/fr\/wp-json\/wp\/v2\/media?parent=98667"}],"curies":[{"name":"wp","href":"https:\/\/api.w.org\/{rel}","templated":true}]}}