{"id":98713,"date":"2021-07-05T11:36:52","date_gmt":"2021-07-05T03:36:52","guid":{"rendered":"https:\/\/www.alpapowder.com\/fabrication-et-distribution\/"},"modified":"2021-07-13T14:22:42","modified_gmt":"2021-07-13T06:22:42","slug":"fabrication-et-distribution","status":"publish","type":"page","link":"https:\/\/www.alpapowder.com\/fr\/fabrication-et-distribution\/","title":{"rendered":"Fabrication et distribution"},"content":{"rendered":"<section class=\"wpb-content-wrapper\"><p>[vc_row row_height_percent=\u00a0\u00bb40&Prime; back_color=\u00a0\u00bbcolor-nhtu\u00a0\u00bb back_image=\u00a0\u00bb85121&Prime; parallax=\u00a0\u00bbyes\u00a0\u00bb overlay_color=\u00a0\u00bbcolor-jevc\u00a0\u00bb overlay_alpha=\u00a0\u00bb30&Prime; gutter_size=\u00a0\u00bb3&Prime; column_width_percent=\u00a0\u00bb100&Prime; shift_y=\u00a0\u00bb0&Prime; z_index=\u00a0\u00bb0&Prime; row_height_pixel=\u00a0\u00bb300px\u00a0\u00bb][vc_column column_width_use_pixel=\u00a0\u00bbyes\u00a0\u00bb position_vertical=\u00a0\u00bbmiddle\u00a0\u00bb align_horizontal=\u00a0\u00bbalign_center\u00a0\u00bb gutter_size=\u00a0\u00bb3&Prime; style=\u00a0\u00bbdark\u00a0\u00bb overlay_alpha=\u00a0\u00bb50&Prime; shift_x=\u00a0\u00bb0&Prime; shift_y=\u00a0\u00bb0&Prime; shift_y_down=\u00a0\u00bb0&Prime; z_index=\u00a0\u00bb0&Prime; medium_width=\u00a0\u00bb0&Prime; mobile_width=\u00a0\u00bb0&Prime; width=\u00a0\u00bb1\/1&Prime; column_width_pixel=\u00a0\u00bb900&Prime;][vc_custom_heading auto_text=\u00a0\u00bbyes\u00a0\u00bb heading_semantic=\u00a0\u00bbh1&Prime; text_size=\u00a0\u00bbh1&Prime; sub_reduced=\u00a0\u00bbyes\u00a0\u00bb subheading=\u00a0\u00bbContr\u00f4le strict des processus de production, emballage et mise en colisage adapt\u00e9s au transport terrestre et maritime\u00a0\u00bb][\/vc_custom_heading][\/vc_column][\/vc_row][vc_row row_height_percent=\u00a0\u00bb0&Prime; override_padding=\u00a0\u00bbyes\u00a0\u00bb h_padding=\u00a0\u00bb2&Prime; top_padding=\u00a0\u00bb3&Prime; bottom_padding=\u00a0\u00bb2&Prime; back_color=\u00a0\u00bbcolor-lxmt\u00a0\u00bb overlay_alpha=\u00a0\u00bb50&Prime; gutter_size=\u00a0\u00bb3&Prime; column_width_percent=\u00a0\u00bb100&Prime; shift_y=\u00a0\u00bb0&Prime; z_index=\u00a0\u00bb0&Prime;][vc_column column_width_percent=\u00a0\u00bb100&Prime; align_horizontal=\u00a0\u00bbalign_center\u00a0\u00bb gutter_size=\u00a0\u00bb2&Prime; overlay_alpha=\u00a0\u00bb50&Prime; shift_x=\u00a0\u00bb0&Prime; shift_y=\u00a0\u00bb0&Prime; shift_y_down=\u00a0\u00bb0&Prime; z_index=\u00a0\u00bb0&Prime; medium_width=\u00a0\u00bb4&Prime; mobile_width=\u00a0\u00bb0&Prime; width=\u00a0\u00bb1\/2&Prime;][vc_single_image media=\u00a0\u00bb85053&Prime; media_width_percent=\u00a0\u00bb100&Prime; media_ratio=\u00a0\u00bbthree-two\u00a0\u00bb][vc_empty_space empty_h=\u00a0\u00bb1&Prime;][vc_custom_heading text_size=\u00a0\u00bbh4&Prime; text_transform=\u00a0\u00bbcapitalize\u00a0\u00bb sub_reduced=\u00a0\u00bbyes\u00a0\u00bb]V\u00e9rification des commandes de stock[\/vc_custom_heading][vc_column_text text_lead=\u00a0\u00bbsmall\u00a0\u00bb]Le marchandiseur v\u00e9rifie en d\u00e9tail le mod\u00e8le, la quantit\u00e9 et les accessoires du mat\u00e9riel command\u00e9 par le client conform\u00e9ment au contrat de vente, afin de s&rsquo;assurer que le stock correspond bien \u00e0 la commande.[\/vc_column_text][\/vc_column][vc_column column_width_percent=\u00a0\u00bb100&Prime; align_horizontal=\u00a0\u00bbalign_center\u00a0\u00bb gutter_size=\u00a0\u00bb2&Prime; overlay_alpha=\u00a0\u00bb50&Prime; shift_x=\u00a0\u00bb0&Prime; shift_y=\u00a0\u00bb0&Prime; shift_y_down=\u00a0\u00bb0&Prime; z_index=\u00a0\u00bb0&Prime; medium_width=\u00a0\u00bb4&Prime; mobile_width=\u00a0\u00bb0&Prime; width=\u00a0\u00bb1\/2&Prime;][vc_single_image media=\u00a0\u00bb85054&Prime; media_width_percent=\u00a0\u00bb100&Prime; media_ratio=\u00a0\u00bbthree-two\u00a0\u00bb][vc_empty_space empty_h=\u00a0\u00bb1&Prime;][vc_custom_heading text_size=\u00a0\u00bbh4&Prime; text_transform=\u00a0\u00bbcapitalize\u00a0\u00bb sub_reduced=\u00a0\u00bbyes\u00a0\u00bb]Inspection de qualit\u00e9 d&rsquo;usine d&rsquo;\u00e9quipement[\/vc_custom_heading][vc_column_text text_lead=\u00a0\u00bbsmall\u00a0\u00bb]Une fois que le syst\u00e8me de production a termin\u00e9 la production de l&rsquo;\u00e9quipement, l&rsquo;inspecteur de la qualit\u00e9 inspecte strictement les enregistrements \u00e9l\u00e9ment par \u00e9l\u00e9ment en fonction des d\u00e9tails de l&rsquo;inspection de la qualit\u00e9 pour garantir la qualit\u00e9 de chaque \u00e9quipement \u00e0 installer.[\/vc_column_text][\/vc_column][\/vc_row][vc_row row_height_percent=\u00a0\u00bb0&Prime; override_padding=\u00a0\u00bbyes\u00a0\u00bb h_padding=\u00a0\u00bb2&Prime; top_padding=\u00a0\u00bb2&Prime; bottom_padding=\u00a0\u00bb3&Prime; back_color=\u00a0\u00bbcolor-lxmt\u00a0\u00bb overlay_alpha=\u00a0\u00bb50&Prime; gutter_size=\u00a0\u00bb3&Prime; column_width_percent=\u00a0\u00bb100&Prime; shift_y=\u00a0\u00bb0&Prime; z_index=\u00a0\u00bb0&Prime;][vc_column column_width_percent=\u00a0\u00bb100&Prime; align_horizontal=\u00a0\u00bbalign_center\u00a0\u00bb gutter_size=\u00a0\u00bb2&Prime; overlay_alpha=\u00a0\u00bb50&Prime; shift_x=\u00a0\u00bb0&Prime; shift_y=\u00a0\u00bb0&Prime; shift_y_down=\u00a0\u00bb0&Prime; z_index=\u00a0\u00bb0&Prime; medium_width=\u00a0\u00bb4&Prime; mobile_width=\u00a0\u00bb0&Prime; width=\u00a0\u00bb1\/2&Prime;][vc_single_image media=\u00a0\u00bb85055&Prime; media_width_percent=\u00a0\u00bb100&Prime; media_ratio=\u00a0\u00bbthree-two\u00a0\u00bb][vc_empty_space empty_h=\u00a0\u00bb1&Prime;][vc_custom_heading text_size=\u00a0\u00bbh4&Prime; text_transform=\u00a0\u00bbcapitalize\u00a0\u00bb sub_reduced=\u00a0\u00bbyes\u00a0\u00bb]Examen de la liste de colisage[\/vc_custom_heading][vc_column_text text_lead=\u00a0\u00bbsmall\u00a0\u00bb]Avant que l&rsquo;\u00e9quipement ne soit emball\u00e9 et exp\u00e9di\u00e9, le marchandiseur v\u00e9rifie la liste de colisage une par une pour \u00e9viter les manquants ou les livraisons insuffisantes.[\/vc_column_text][\/vc_column][vc_column column_width_percent=\u00a0\u00bb100&Prime; align_horizontal=\u00a0\u00bbalign_center\u00a0\u00bb gutter_size=\u00a0\u00bb2&Prime; overlay_alpha=\u00a0\u00bb50&Prime; shift_x=\u00a0\u00bb0&Prime; shift_y=\u00a0\u00bb0&Prime; shift_y_down=\u00a0\u00bb0&Prime; z_index=\u00a0\u00bb0&Prime; medium_width=\u00a0\u00bb4&Prime; mobile_width=\u00a0\u00bb0&Prime; width=\u00a0\u00bb1\/2&Prime;][vc_single_image media=\u00a0\u00bb85056&Prime; media_width_percent=\u00a0\u00bb100&Prime; media_ratio=\u00a0\u00bbthree-two\u00a0\u00bb][vc_empty_space empty_h=\u00a0\u00bb1&Prime;][vc_custom_heading text_size=\u00a0\u00bbh4&Prime; text_transform=\u00a0\u00bbcapitalize\u00a0\u00bb sub_reduced=\u00a0\u00bbyes\u00a0\u00bb]Emballage scientifique et transport[\/vc_custom_heading][vc_column_text text_lead=\u00a0\u00bbsmall\u00a0\u00bb]Pour le colisage et l&#8217;emballage des \u00e9quipements, nous adoptons des emballages professionnels et des solutions modulaires pour assurer la livraison s\u00fbre et non destructive des \u00e9quipements.[\/vc_column_text][\/vc_column][\/vc_row][vc_row row_height_percent=\u00a0\u00bb0&Prime; override_padding=\u00a0\u00bbyes\u00a0\u00bb h_padding=\u00a0\u00bb2&Prime; top_padding=\u00a0\u00bb4&Prime; bottom_padding=\u00a0\u00bb2&Prime; overlay_alpha=\u00a0\u00bb50&Prime; gutter_size=\u00a0\u00bb3&Prime; column_width_percent=\u00a0\u00bb100&Prime; shift_y=\u00a0\u00bb0&Prime; z_index=\u00a0\u00bb0&Prime;][vc_column column_width_percent=\u00a0\u00bb100&Prime; align_horizontal=\u00a0\u00bbalign_center\u00a0\u00bb gutter_size=\u00a0\u00bb3&Prime; overlay_alpha=\u00a0\u00bb50&Prime; shift_x=\u00a0\u00bb0&Prime; shift_y=\u00a0\u00bb0&Prime; shift_y_down=\u00a0\u00bb0&Prime; z_index=\u00a0\u00bb0&Prime; medium_width=\u00a0\u00bb0&Prime; mobile_width=\u00a0\u00bb0&Prime; width=\u00a0\u00bb1\/1&Prime;][vc_custom_heading]Lieu de livraison[\/vc_custom_heading][\/vc_column][\/vc_row][vc_row row_height_percent=\u00a0\u00bb0&Prime; override_padding=\u00a0\u00bbyes\u00a0\u00bb h_padding=\u00a0\u00bb2&Prime; top_padding=\u00a0\u00bb0&Prime; bottom_padding=\u00a0\u00bb4&Prime; overlay_alpha=\u00a0\u00bb50&Prime; gutter_size=\u00a0\u00bb3&Prime; column_width_percent=\u00a0\u00bb100&Prime; shift_y=\u00a0\u00bb0&Prime; z_index=\u00a0\u00bb0&Prime;][vc_column column_width_percent=\u00a0\u00bb100&Prime; align_horizontal=\u00a0\u00bbalign_center\u00a0\u00bb gutter_size=\u00a0\u00bb2&Prime; overlay_alpha=\u00a0\u00bb50&Prime; shift_x=\u00a0\u00bb0&Prime; shift_y=\u00a0\u00bb0&Prime; shift_y_down=\u00a0\u00bb0&Prime; z_index=\u00a0\u00bb0&Prime; medium_width=\u00a0\u00bb0&Prime; mobile_width=\u00a0\u00bb0&Prime; width=\u00a0\u00bb1\/1&Prime;][vc_gallery el_id=\u00a0\u00bbgallery-346418&Prime; isotope_mode=\u00a0\u00bbpackery\u00a0\u00bb medias=\u00a0\u00bb102731,91210,102749,85061,85062,102740,102768,85064,85063,85065,85066,85067&Prime; gutter_size=\u00a0\u00bb2&Prime; screen_lg=\u00a0\u00bb1000&Prime; screen_md=\u00a0\u00bb600&Prime; screen_sm=\u00a0\u00bb480&Prime; single_width=\u00a0\u00bb3&Prime; single_overlay_color=\u00a0\u00bbcolor-jevc\u00a0\u00bb single_overlay_opacity=\u00a0\u00bb50&Prime; single_h_align=\u00a0\u00bbcenter\u00a0\u00bb single_padding=\u00a0\u00bb2&Prime; single_icon=\u00a0\u00bbfa fa-plus2&Prime; single_border=\u00a0\u00bbyes\u00a0\u00bb single_css_animation=\u00a0\u00bbbottom-t-top\u00a0\u00bb][\/vc_column][\/vc_row]<\/p>\n<\/section>","protected":false},"excerpt":{"rendered":"<p>[vc_row row_height_percent=\u00a0\u00bb40&Prime; back_color=\u00a0\u00bbcolor-nhtu\u00a0\u00bb back_image=\u00a0\u00bb85121&Prime; parallax=\u00a0\u00bbyes\u00a0\u00bb overlay_color=\u00a0\u00bbcolor-jevc\u00a0\u00bb overlay_alpha=\u00a0\u00bb30&Prime; gutter_size=\u00a0\u00bb3&Prime; column_width_percent=\u00a0\u00bb100&Prime; shift_y=\u00a0\u00bb0&Prime; z_index=\u00a0\u00bb0&Prime; row_height_pixel=\u00a0\u00bb300px\u00a0\u00bb][vc_column column_width_use_pixel=\u00a0\u00bbyes\u00a0\u00bb position_vertical=\u00a0\u00bbmiddle\u00a0\u00bb align_horizontal=\u00a0\u00bbalign_center\u00a0\u00bb gutter_size=\u00a0\u00bb3&Prime; style=\u00a0\u00bbdark\u00a0\u00bb overlay_alpha=\u00a0\u00bb50&Prime; shift_x=\u00a0\u00bb0&Prime; shift_y=\u00a0\u00bb0&Prime; [&hellip;]<\/p>\n","protected":false},"author":6,"featured_media":0,"parent":0,"menu_order":0,"comment_status":"closed","ping_status":"closed","template":"","meta":{"_acf_changed":false,"footnotes":""},"class_list":["post-98713","page","type-page","status-publish","hentry"],"acf":[],"_links":{"self":[{"href":"https:\/\/www.alpapowder.com\/fr\/wp-json\/wp\/v2\/pages\/98713","targetHints":{"allow":["GET"]}}],"collection":[{"href":"https:\/\/www.alpapowder.com\/fr\/wp-json\/wp\/v2\/pages"}],"about":[{"href":"https:\/\/www.alpapowder.com\/fr\/wp-json\/wp\/v2\/types\/page"}],"author":[{"embeddable":true,"href":"https:\/\/www.alpapowder.com\/fr\/wp-json\/wp\/v2\/users\/6"}],"replies":[{"embeddable":true,"href":"https:\/\/www.alpapowder.com\/fr\/wp-json\/wp\/v2\/comments?post=98713"}],"version-history":[{"count":0,"href":"https:\/\/www.alpapowder.com\/fr\/wp-json\/wp\/v2\/pages\/98713\/revisions"}],"wp:attachment":[{"href":"https:\/\/www.alpapowder.com\/fr\/wp-json\/wp\/v2\/media?parent=98713"}],"curies":[{"name":"wp","href":"https:\/\/api.w.org\/{rel}","templated":true}]}}