{"id":98782,"date":"2021-07-05T13:45:19","date_gmt":"2021-07-05T05:45:19","guid":{"rendered":"https:\/\/www.alpapowder.com\/etude-de-cas\/produits-alimentaires-et-de-sante\/"},"modified":"2021-07-05T13:45:20","modified_gmt":"2021-07-05T05:45:20","slug":"produits-alimentaires-et-de-sante","status":"publish","type":"page","link":"https:\/\/www.alpapowder.com\/fr\/etude-de-cas\/produits-alimentaires-et-de-sante\/","title":{"rendered":"Produits alimentaires et de sant\u00e9"},"content":{"rendered":"<section class=\"wpb-content-wrapper\"><p>[vc_row unlock_row_content=\u00a0\u00bbyes\u00a0\u00bb row_height_percent=\u00a0\u00bb65&Prime; override_padding=\u00a0\u00bbyes\u00a0\u00bb h_padding=\u00a0\u00bb0&Prime; top_padding=\u00a0\u00bb0&Prime; bottom_padding=\u00a0\u00bb0&Prime; overlay_alpha=\u00a0\u00bb50&Prime; equal_height=\u00a0\u00bbyes\u00a0\u00bb gutter_size=\u00a0\u00bb0&Prime; column_width_percent=\u00a0\u00bb100&Prime; shift_y=\u00a0\u00bb0&Prime; z_index=\u00a0\u00bb0&Prime;][vc_column column_width_percent=\u00a0\u00bb100&Prime; position_vertical=\u00a0\u00bbmiddle\u00a0\u00bb gutter_size=\u00a0\u00bb3&Prime; override_padding=\u00a0\u00bbyes\u00a0\u00bb column_padding=\u00a0\u00bb4&Prime; style=\u00a0\u00bbdark\u00a0\u00bb back_color=\u00a0\u00bbaccent\u00a0\u00bb overlay_alpha=\u00a0\u00bb80&Prime; shift_x=\u00a0\u00bb0&Prime; shift_y=\u00a0\u00bb0&Prime; shift_y_down=\u00a0\u00bb0&Prime; z_index=\u00a0\u00bb0&Prime; medium_width=\u00a0\u00bb0&Prime; mobile_width=\u00a0\u00bb0&Prime; width=\u00a0\u00bb1\/2&Prime;][vc_custom_heading heading_semantic=\u00a0\u00bbh1&Prime; text_size=\u00a0\u00bbh1&Prime;]Ligne de production moderne de transformation de produits alimentaires et de sant\u00e9 vous aide \u00e0 passer d&rsquo;un atelier artisanal \u00e0 une usine moderne[\/vc_custom_heading][vc_column_text]Les produits alimentaires et de sant\u00e9 sont \u00e9troitement li\u00e9s \u00e0 la vie et \u00e0 la sant\u00e9 humaines et appartiennent \u00e0 l&rsquo;industrie de la \u00ab grande sant\u00e9 \u00bb avec l&rsquo;industrie pharmaceutique. Par cons\u00e9quent, des exigences plus \u00e9lev\u00e9es sont donc impos\u00e9es aux \u00e9quipements de production.<\/p>\n<p>ALPA combine des syst\u00e8mes de production de qualit\u00e9 alimentaire avanc\u00e9s avec une expertise en ing\u00e9nierie pour atteindre des normes extr\u00eamement \u00e9lev\u00e9es en termes de qualit\u00e9, d&rsquo;hygi\u00e8ne, de s\u00e9curit\u00e9 et d&rsquo;\u00e9conomie. De l&rsquo;alimentation des mati\u00e8res premi\u00e8res, du concassage, du criblage au dosage, au transport, au m\u00e9lange, l&rsquo;ensemble du processus est automatis\u00e9, intelligent et sans poussi\u00e8re, vous aidant \u00e0 passer d&rsquo;un atelier artisanal \u00e0 une usine moderne.[\/vc_column_text][\/vc_column][vc_column column_width_percent=\u00a0\u00bb100&Prime; position_vertical=\u00a0\u00bbmiddle\u00a0\u00bb align_horizontal=\u00a0\u00bbalign_center\u00a0\u00bb gutter_size=\u00a0\u00bb3&Prime; override_padding=\u00a0\u00bbyes\u00a0\u00bb column_padding=\u00a0\u00bb0&Prime; back_color=\u00a0\u00bbcolor-xsdn\u00a0\u00bb back_image=\u00a0\u00bb86521&Prime; overlay_alpha=\u00a0\u00bb50&Prime; shift_x=\u00a0\u00bb0&Prime; shift_y=\u00a0\u00bb0&Prime; shift_y_down=\u00a0\u00bb0&Prime; z_index=\u00a0\u00bb0&Prime; align_medium=\u00a0\u00bbalign_center_tablet\u00a0\u00bb medium_width=\u00a0\u00bb0&Prime; align_mobile=\u00a0\u00bbalign_center_mobile\u00a0\u00bb mobile_width=\u00a0\u00bb0&Prime; width=\u00a0\u00bb1\/2&Prime;][vc_empty_space empty_h=\u00a0\u00bb5&Prime;][vc_empty_space empty_h=\u00a0\u00bb3&Prime;][\/vc_column][\/vc_row][vc_row row_height_percent=\u00a0\u00bb0&Prime; override_padding=\u00a0\u00bbyes\u00a0\u00bb h_padding=\u00a0\u00bb2&Prime; top_padding=\u00a0\u00bb4&Prime; bottom_padding=\u00a0\u00bb2&Prime; overlay_alpha=\u00a0\u00bb50&Prime; gutter_size=\u00a0\u00bb0&Prime; column_width_percent=\u00a0\u00bb100&Prime; shift_y=\u00a0\u00bb0&Prime; z_index=\u00a0\u00bb0&Prime; top_divider=\u00a0\u00bbgradient\u00a0\u00bb bottom_divider=\u00a0\u00bbstep\u00a0\u00bb el_class=\u00a0\u00bbdemos\u00a0\u00bb][vc_column column_width_percent=\u00a0\u00bb100&Prime; align_horizontal=\u00a0\u00bbalign_center\u00a0\u00bb gutter_size=\u00a0\u00bb3&Prime; overlay_alpha=\u00a0\u00bb50&Prime; shift_x=\u00a0\u00bb0&Prime; shift_y=\u00a0\u00bb0&Prime; shift_y_down=\u00a0\u00bb0&Prime; z_index=\u00a0\u00bb0&Prime; medium_width=\u00a0\u00bb0&Prime; mobile_width=\u00a0\u00bb0&Prime; width=\u00a0\u00bb1\/1&Prime;][uncode_block id=\u00a0\u00bb84835&Prime; inside_column=\u00a0\u00bbyes\u00a0\u00bb][vc_gallery el_id=\u00a0\u00bbgallery-188993&Prime; medias=\u00a0\u00bb86044,92043,86040,86038,86037,86041,86043,92142,92148,92133,92136,92139&Prime; gutter_size=\u00a0\u00bb2&Prime; media_items=\u00a0\u00bbmedia|nolink|original,icon\u00a0\u00bb screen_lg=\u00a0\u00bb1000&Prime; screen_md=\u00a0\u00bb680&Prime; screen_sm=\u00a0\u00bb300&Prime; single_width=\u00a0\u00bb2&Prime; single_overlay_opacity=\u00a0\u00bb50&Prime; single_overlay_anim=\u00a0\u00bbno\u00a0\u00bb single_padding=\u00a0\u00bb2&Prime;][\/vc_column][\/vc_row][vc_row row_height_percent=\u00a0\u00bb0&Prime; override_padding=\u00a0\u00bbyes\u00a0\u00bb h_padding=\u00a0\u00bb2&Prime; top_padding=\u00a0\u00bb2&Prime; bottom_padding=\u00a0\u00bb4&Prime; overlay_alpha=\u00a0\u00bb50&Prime; gutter_size=\u00a0\u00bb0&Prime; column_width_percent=\u00a0\u00bb100&Prime; shift_y=\u00a0\u00bb0&Prime; z_index=\u00a0\u00bb0&Prime; top_divider=\u00a0\u00bbgradient\u00a0\u00bb bottom_divider=\u00a0\u00bbstep\u00a0\u00bb el_class=\u00a0\u00bbdemos\u00a0\u00bb][vc_column column_width_percent=\u00a0\u00bb100&Prime; align_horizontal=\u00a0\u00bbalign_center\u00a0\u00bb gutter_size=\u00a0\u00bb4&Prime; overlay_alpha=\u00a0\u00bb50&Prime; shift_x=\u00a0\u00bb0&Prime; shift_y=\u00a0\u00bb0&Prime; shift_y_down=\u00a0\u00bb0&Prime; z_index=\u00a0\u00bb0&Prime; medium_width=\u00a0\u00bb0&Prime; mobile_width=\u00a0\u00bb0&Prime; width=\u00a0\u00bb1\/1&Prime;][uncode_index el_id=\u00a0\u00bbindex-1041816597&Prime; isotope_mode=\u00a0\u00bbfitRows\u00a0\u00bb loop=\u00a0\u00bbsize:9|order_by:date|post_type:project|tax_query:108|taxonomy_count:10&Prime; pagination=\u00a0\u00bbyes\u00a0\u00bb gutter_size=\u00a0\u00bb3&Prime; post_items=\u00a0\u00bbmedia|featured|onpost|poster,title,text|excerpt|75&Prime; product_items=\u00a0\u00bbtitle,price,media|featured|onpost|original\u00a0\u00bb portfolio_items=\u00a0\u00bbtitle,media|featured|onpost|original\u00a0\u00bb project_items=\u00a0\u00bbtitle,media|media|onpost|original,text|excerpt,icon|sm,acf-field_607e48db91dd6,spacer|half\u00a0\u00bb screen_lg=\u00a0\u00bb1000&Prime; screen_md=\u00a0\u00bb600&Prime; screen_sm=\u00a0\u00bb480&Prime; images_size=\u00a0\u00bbsixteen-nine\u00a0\u00bb single_overlay_color=\u00a0\u00bbcolor-jevc\u00a0\u00bb single_overlay_opacity=\u00a0\u00bb50&Prime; single_text_anim_type=\u00a0\u00bbbtt\u00a0\u00bb single_padding=\u00a0\u00bb1&Prime; single_title_dimension=\u00a0\u00bbh5&Prime; single_border=\u00a0\u00bbyes\u00a0\u00bb custom_order=\u00a0\u00bbyes\u00a0\u00bb order_ids=\u00a0\u00bb83715,83686,83683,83661,83848,83695,83730,83725,83718,83689,83680&Prime; single_icon=\u00a0\u00bbfa fa-plus2&Prime;][\/vc_column][\/vc_row][vc_row unlock_row_content=\u00a0\u00bbyes\u00a0\u00bb row_height_percent=\u00a0\u00bb0&Prime; override_padding=\u00a0\u00bbyes\u00a0\u00bb h_padding=\u00a0\u00bb2&Prime; top_padding=\u00a0\u00bb4&Prime; bottom_padding=\u00a0\u00bb2&Prime; back_color=\u00a0\u00bbaccent\u00a0\u00bb overlay_alpha=\u00a0\u00bb50&Prime; gutter_size=\u00a0\u00bb3&Prime; column_width_percent=\u00a0\u00bb100&Prime; shift_y=\u00a0\u00bb0&Prime; z_index=\u00a0\u00bb0&Prime;][vc_column column_width_percent=\u00a0\u00bb100&Prime; align_horizontal=\u00a0\u00bbalign_center\u00a0\u00bb gutter_size=\u00a0\u00bb4&Prime; style=\u00a0\u00bbdark\u00a0\u00bb overlay_alpha=\u00a0\u00bb50&Prime; shift_x=\u00a0\u00bb0&Prime; shift_y=\u00a0\u00bb0&Prime; shift_y_down=\u00a0\u00bb0&Prime; z_index=\u00a0\u00bb0&Prime; medium_width=\u00a0\u00bb0&Prime; mobile_width=\u00a0\u00bb0&Prime; width=\u00a0\u00bb1\/1&Prime;][uncode_block id=\u00a0\u00bb86595&Prime; inside_column=\u00a0\u00bbyes\u00a0\u00bb][uncode_index el_id=\u00a0\u00bbindex-159196&Prime; loop=\u00a0\u00bbsize:10|order_by:date|post_type:portfolio|by_id:82619,82613,82605,82608|taxonomy_count:10&Prime; gutter_size=\u00a0\u00bb1&Prime; portfolio_items=\u00a0\u00bbtitle,media|featured|onpost|original,acf-field_608bc5c592a93&Prime; screen_lg=\u00a0\u00bb1000&Prime; screen_md=\u00a0\u00bb600&Prime; screen_sm=\u00a0\u00bb480&Prime; single_text=\u00a0\u00bboverlay\u00a0\u00bb single_width=\u00a0\u00bb3&Prime; single_style=\u00a0\u00bbdark\u00a0\u00bb single_overlay_opacity=\u00a0\u00bb50&Prime; single_overlay_anim=\u00a0\u00bbno\u00a0\u00bb single_text_visible=\u00a0\u00bbyes\u00a0\u00bb single_text_anim=\u00a0\u00bbno\u00a0\u00bb single_v_position=\u00a0\u00bbtop\u00a0\u00bb single_padding=\u00a0\u00bb2&Prime; single_title_dimension=\u00a0\u00bbh5&Prime; single_border=\u00a0\u00bbyes\u00a0\u00bb][\/vc_column][\/vc_row]<\/p>\n<\/section>","protected":false},"excerpt":{"rendered":"<p>[vc_row unlock_row_content=\u00a0\u00bbyes\u00a0\u00bb row_height_percent=\u00a0\u00bb65&Prime; override_padding=\u00a0\u00bbyes\u00a0\u00bb h_padding=\u00a0\u00bb0&Prime; top_padding=\u00a0\u00bb0&Prime; bottom_padding=\u00a0\u00bb0&Prime; overlay_alpha=\u00a0\u00bb50&Prime; equal_height=\u00a0\u00bbyes\u00a0\u00bb gutter_size=\u00a0\u00bb0&Prime; column_width_percent=\u00a0\u00bb100&Prime; shift_y=\u00a0\u00bb0&Prime; z_index=\u00a0\u00bb0&Prime;][vc_column column_width_percent=\u00a0\u00bb100&Prime; position_vertical=\u00a0\u00bbmiddle\u00a0\u00bb gutter_size=\u00a0\u00bb3&Prime; override_padding=\u00a0\u00bbyes\u00a0\u00bb column_padding=\u00a0\u00bb4&Prime; style=\u00a0\u00bbdark\u00a0\u00bb back_color=\u00a0\u00bbaccent\u00a0\u00bb [&hellip;]<\/p>\n","protected":false},"author":6,"featured_media":0,"parent":98719,"menu_order":0,"comment_status":"open","ping_status":"closed","template":"","meta":{"_acf_changed":false,"footnotes":""},"class_list":["post-98782","page","type-page","status-publish","hentry","page_category-classification-des-cas"],"acf":[],"_links":{"self":[{"href":"https:\/\/www.alpapowder.com\/fr\/wp-json\/wp\/v2\/pages\/98782","targetHints":{"allow":["GET"]}}],"collection":[{"href":"https:\/\/www.alpapowder.com\/fr\/wp-json\/wp\/v2\/pages"}],"about":[{"href":"https:\/\/www.alpapowder.com\/fr\/wp-json\/wp\/v2\/types\/page"}],"author":[{"embeddable":true,"href":"https:\/\/www.alpapowder.com\/fr\/wp-json\/wp\/v2\/users\/6"}],"replies":[{"embeddable":true,"href":"https:\/\/www.alpapowder.com\/fr\/wp-json\/wp\/v2\/comments?post=98782"}],"version-history":[{"count":0,"href":"https:\/\/www.alpapowder.com\/fr\/wp-json\/wp\/v2\/pages\/98782\/revisions"}],"up":[{"embeddable":true,"href":"https:\/\/www.alpapowder.com\/fr\/wp-json\/wp\/v2\/pages\/98719"}],"wp:attachment":[{"href":"https:\/\/www.alpapowder.com\/fr\/wp-json\/wp\/v2\/media?parent=98782"}],"curies":[{"name":"wp","href":"https:\/\/api.w.org\/{rel}","templated":true}]}}