{"id":98788,"date":"2021-07-05T13:49:07","date_gmt":"2021-07-05T05:49:07","guid":{"rendered":"https:\/\/www.alpapowder.com\/etude-de-cas\/laboratoire\/"},"modified":"2022-05-12T17:25:21","modified_gmt":"2022-05-12T09:25:21","slug":"laboratoire","status":"publish","type":"page","link":"https:\/\/www.alpapowder.com\/fr\/etude-de-cas\/laboratoire\/","title":{"rendered":"Laboratoire"},"content":{"rendered":"<section class=\"wpb-content-wrapper\"><p>[vc_row unlock_row_content=\u00a0\u00bbyes\u00a0\u00bb row_height_percent=\u00a0\u00bb70&Prime; override_padding=\u00a0\u00bbyes\u00a0\u00bb h_padding=\u00a0\u00bb0&Prime; top_padding=\u00a0\u00bb0&Prime; bottom_padding=\u00a0\u00bb0&Prime; overlay_alpha=\u00a0\u00bb50&Prime; equal_height=\u00a0\u00bbyes\u00a0\u00bb gutter_size=\u00a0\u00bb0&Prime; column_width_percent=\u00a0\u00bb100&Prime; shift_y=\u00a0\u00bb0&Prime; z_index=\u00a0\u00bb0&Prime;][vc_column column_width_percent=\u00a0\u00bb100&Prime; position_vertical=\u00a0\u00bbmiddle\u00a0\u00bb gutter_size=\u00a0\u00bb3&Prime; override_padding=\u00a0\u00bbyes\u00a0\u00bb column_padding=\u00a0\u00bb4&Prime; style=\u00a0\u00bbdark\u00a0\u00bb back_color=\u00a0\u00bbaccent\u00a0\u00bb overlay_alpha=\u00a0\u00bb50&Prime; shift_x=\u00a0\u00bb0&Prime; shift_y=\u00a0\u00bb0&Prime; shift_y_down=\u00a0\u00bb0&Prime; z_index=\u00a0\u00bb0&Prime; medium_width=\u00a0\u00bb0&Prime; mobile_width=\u00a0\u00bb0&Prime; width=\u00a0\u00bb1\/2&Prime;][vc_custom_heading auto_text=\u00a0\u00bbyes\u00a0\u00bb heading_semantic=\u00a0\u00bbh1&Prime; text_size=\u00a0\u00bbh1&Prime;][\/vc_custom_heading][vc_column_text]L&rsquo;\u00e9quipement de laboratoire est utilis\u00e9 pour le d\u00e9veloppement et le traitement de nouveaux produits, les tests \u00e0 petite \u00e9chelle de produits de haute technologie, le contr\u00f4le de la qualit\u00e9 et l&rsquo;optimisation des processus. Les principaux avantages de ce proc\u00e9d\u00e9 sont la flexibilit\u00e9, le faible co\u00fbt et la facilit\u00e9 de nettoyage.<\/p>\n<p>Visant les besoins des instituts, des universit\u00e9s, des unit\u00e9s de recherche scientifique et des petites entreprises pour rechercher divers mat\u00e9riaux pour des exp\u00e9riences de concassage et de classement, ALPA a d\u00e9velopp\u00e9 une s\u00e9rie de petits \u00e9quipements de concassage de laboratoire. L&rsquo;\u00e9quipement se\u00a0caract\u00e9rise par de petite taille, de structure combin\u00e9e, d&rsquo;unit\u00e9 de concasseur m\u00e9canique mobile, etc. Et il est assez pratique \u00e0 d\u00e9monter et \u00e0 assembler.[\/vc_column_text][\/vc_column][vc_column column_width_percent=\u00a0\u00bb100&Prime; gutter_size=\u00a0\u00bb3&Prime; back_image=\u00a0\u00bb116382&Prime; overlay_color=\u00a0\u00bbcolor-jevc\u00a0\u00bb overlay_alpha=\u00a0\u00bb50&Prime; shift_x=\u00a0\u00bb0&Prime; shift_y=\u00a0\u00bb0&Prime; shift_y_down=\u00a0\u00bb0&Prime; z_index=\u00a0\u00bb0&Prime; align_medium=\u00a0\u00bbalign_center_tablet\u00a0\u00bb medium_width=\u00a0\u00bb0&Prime; align_mobile=\u00a0\u00bbalign_center_mobile\u00a0\u00bb mobile_width=\u00a0\u00bb0&Prime; width=\u00a0\u00bb1\/2&Prime; uncode_shortcode_id=\u00a0\u00bb445386&Prime; overlay_color_type=\u00a0\u00bbuncode-palette\u00a0\u00bb][vc_empty_space empty_h=\u00a0\u00bb5&Prime;][\/vc_column][\/vc_row][vc_row row_height_percent=\u00a0\u00bb0&Prime; override_padding=\u00a0\u00bbyes\u00a0\u00bb h_padding=\u00a0\u00bb2&Prime; top_padding=\u00a0\u00bb4&Prime; bottom_padding=\u00a0\u00bb2&Prime; overlay_alpha=\u00a0\u00bb50&Prime; gutter_size=\u00a0\u00bb4&Prime; column_width_percent=\u00a0\u00bb100&Prime; border_color=\u00a0\u00bbcolor-177537&Prime; border_style=\u00a0\u00bbsolid\u00a0\u00bb shift_y=\u00a0\u00bb0&Prime; z_index=\u00a0\u00bb0&Prime;][vc_column column_width_percent=\u00a0\u00bb100&Prime; position_vertical=\u00a0\u00bbmiddle\u00a0\u00bb gutter_size=\u00a0\u00bb3&Prime; overlay_alpha=\u00a0\u00bb50&Prime; shift_x=\u00a0\u00bb0&Prime; shift_y=\u00a0\u00bb0&Prime; shift_y_down=\u00a0\u00bb0&Prime; z_index=\u00a0\u00bb0&Prime; medium_width=\u00a0\u00bb0&Prime; mobile_width=\u00a0\u00bb0&Prime; width=\u00a0\u00bb1\/1&Prime;][uncode_block id=\u00a0\u00bb84835&Prime; inside_column=\u00a0\u00bbyes\u00a0\u00bb][vc_gallery el_id=\u00a0\u00bbgallery-837561&Prime; medias=\u00a0\u00bb86140,86135,86134,86139,86137,86133&Prime; gutter_size=\u00a0\u00bb2&Prime; screen_lg=\u00a0\u00bb1000&Prime; screen_md=\u00a0\u00bb600&Prime; screen_sm=\u00a0\u00bb300&Prime; single_width=\u00a0\u00bb2&Prime; single_overlay_opacity=\u00a0\u00bb1&Prime; single_overlay_anim=\u00a0\u00bbno\u00a0\u00bb single_padding=\u00a0\u00bb2&Prime;][\/vc_column][\/vc_row][vc_row row_height_percent=\u00a0\u00bb0&Prime; override_padding=\u00a0\u00bbyes\u00a0\u00bb h_padding=\u00a0\u00bb2&Prime; top_padding=\u00a0\u00bb2&Prime; bottom_padding=\u00a0\u00bb4&Prime; overlay_alpha=\u00a0\u00bb50&Prime; gutter_size=\u00a0\u00bb3&Prime; column_width_percent=\u00a0\u00bb100&Prime; shift_y=\u00a0\u00bb0&Prime; z_index=\u00a0\u00bb0&Prime;][vc_column width=\u00a0\u00bb1\/1&Prime;][uncode_index el_id=\u00a0\u00bbindex-129397&Prime; loop=\u00a0\u00bbsize:30|order_by:date|post_type:project|tax_query:142|taxonomy_count:10&Prime; gutter_size=\u00a0\u00bb3&Prime; project_items=\u00a0\u00bbtitle,media|featured|onpost|original,acf-field_607e48db91dd6,icon|sm,spacer|half\u00a0\u00bb screen_lg=\u00a0\u00bb1000&Prime; screen_md=\u00a0\u00bb600&Prime; screen_sm=\u00a0\u00bb480&Prime; images_size=\u00a0\u00bbsixteen-nine\u00a0\u00bb single_overlay_color=\u00a0\u00bbcolor-jevc\u00a0\u00bb single_overlay_opacity=\u00a0\u00bb50&Prime; single_padding=\u00a0\u00bb1&Prime; single_title_dimension=\u00a0\u00bbh5&Prime; single_border=\u00a0\u00bbyes\u00a0\u00bb custom_order=\u00a0\u00bbyes\u00a0\u00bb single_icon=\u00a0\u00bbfa fa-plus2&Prime; order_ids=\u00a0\u00bb84029,84041,83651,83474,84045,84034,84011&Prime;][\/vc_column][\/vc_row][vc_row unlock_row_content=\u00a0\u00bbyes\u00a0\u00bb row_height_percent=\u00a0\u00bb0&Prime; override_padding=\u00a0\u00bbyes\u00a0\u00bb h_padding=\u00a0\u00bb0&Prime; top_padding=\u00a0\u00bb0&Prime; bottom_padding=\u00a0\u00bb0&Prime; overlay_alpha=\u00a0\u00bb50&Prime; equal_height=\u00a0\u00bbyes\u00a0\u00bb gutter_size=\u00a0\u00bb0&Prime; column_width_percent=\u00a0\u00bb100&Prime; shift_y=\u00a0\u00bb0&Prime; z_index=\u00a0\u00bb0&Prime; inverted_device_order=\u00a0\u00bbyes\u00a0\u00bb][vc_column column_width_percent=\u00a0\u00bb100&Prime; align_horizontal=\u00a0\u00bbalign_center\u00a0\u00bb gutter_size=\u00a0\u00bb3&Prime; override_padding=\u00a0\u00bbyes\u00a0\u00bb column_padding=\u00a0\u00bb0&Prime; style=\u00a0\u00bbdark\u00a0\u00bb back_color=\u00a0\u00bbcolor-lxmt\u00a0\u00bb overlay_alpha=\u00a0\u00bb50&Prime; shift_x=\u00a0\u00bb0&Prime; shift_y=\u00a0\u00bb0&Prime; shift_y_down=\u00a0\u00bb0&Prime; z_index=\u00a0\u00bb0&Prime; medium_width=\u00a0\u00bb0&Prime; mobile_width=\u00a0\u00bb0&Prime; width=\u00a0\u00bb1\/2&Prime;][uncode_index el_id=\u00a0\u00bbindex-566311&Prime; index_type=\u00a0\u00bbcarousel\u00a0\u00bb loop=\u00a0\u00bbsize:10|order_by:date|post_type:portfolio|by_id:97075|taxonomy_count:10&Prime; carousel_lg=\u00a0\u00bb1&Prime; carousel_md=\u00a0\u00bb1&Prime; carousel_sm=\u00a0\u00bb1&Prime; gutter_size=\u00a0\u00bb3&Prime; post_items=\u00a0\u00bbmedia|featured|onpost|original,title,category|nobg|relative|display-icon,date,text|excerpt,link|default|default_size,author|sm_size|hide_qualification,sep-one|full,extra,spacer|half\u00a0\u00bb portfolio_items=\u00a0\u00bbtitle,media|featured|onpost|original,acf-field_608bc5c592a93,spacer|half,link|default-shape|small_size|Apprendre encore plus\u00a0\u00bb carousel_interval=\u00a0\u00bb3000&Prime; carousel_navspeed=\u00a0\u00bb400&Prime; carousel_nav=\u00a0\u00bbyes\u00a0\u00bb carousel_nav_mobile=\u00a0\u00bbyes\u00a0\u00bb carousel_dots=\u00a0\u00bbyes\u00a0\u00bb carousel_dots_mobile=\u00a0\u00bbyes\u00a0\u00bb carousel_dots_inside=\u00a0\u00bbyes\u00a0\u00bb carousel_dot_padding=\u00a0\u00bb2&Prime; stage_padding=\u00a0\u00bb0&Prime; single_text=\u00a0\u00bboverlay\u00a0\u00bb single_style=\u00a0\u00bbdark\u00a0\u00bb single_overlay_opacity=\u00a0\u00bb50&Prime; single_overlay_anim=\u00a0\u00bbno\u00a0\u00bb single_h_align=\u00a0\u00bbright\u00a0\u00bb single_padding=\u00a0\u00bb3&Prime; single_title_dimension=\u00a0\u00bbh4&Prime; single_border=\u00a0\u00bbyes\u00a0\u00bb][\/vc_column][vc_column column_width_percent=\u00a0\u00bb100&Prime; position_vertical=\u00a0\u00bbmiddle\u00a0\u00bb gutter_size=\u00a0\u00bb3&Prime; override_padding=\u00a0\u00bbyes\u00a0\u00bb column_padding=\u00a0\u00bb4&Prime; style=\u00a0\u00bbdark\u00a0\u00bb back_color=\u00a0\u00bbaccent\u00a0\u00bb overlay_alpha=\u00a0\u00bb50&Prime; shift_x=\u00a0\u00bb0&Prime; shift_y=\u00a0\u00bb0&Prime; shift_y_down=\u00a0\u00bb0&Prime; z_index=\u00a0\u00bb0&Prime; medium_width=\u00a0\u00bb0&Prime; mobile_width=\u00a0\u00bb0&Prime; width=\u00a0\u00bb1\/2&Prime;][uncode_block id=\u00a0\u00bb85796&Prime; inside_column=\u00a0\u00bbyes\u00a0\u00bb][uncode_list larger=\u00a0\u00bbyes\u00a0\u00bb icon=\u00a0\u00bbfa fa-square-o\u00a0\u00bb]<\/p>\n<ul>\n<li>D&rsquo;une structure combin\u00e9e trois-en-un, il peut r\u00e9aliser de mani\u00e8re flexible l&rsquo;int\u00e9gration de la pulv\u00e9risation par jet, de la gradation par jet et de la pulv\u00e9risation m\u00e9canique, adapt\u00e9e \u00e0 325-10000 mesh (45\u03bcm-1\u03bcm).<\/li>\n<li>Diff\u00e9rents dispositifs de concassage peuvent \u00eatre remplac\u00e9s, structure compacte, combinaison pratique, joint d&rsquo;air \u00e0 haute efficacit\u00e9, faible encombrement, contr\u00f4le PLC, op\u00e9ration facile, large application.<\/li>\n<li>Adapt\u00e9 \u00e0 une vari\u00e9t\u00e9 de processus de concassage, son d\u00e9montage, son assemblage et son nettoyage sont pratiques sans\u00a0aucune\u00a0impasse.<\/li>\n<li>La taille des particules de concassage ou de classification peut \u00eatre ajust\u00e9e arbitrairement entre D50 : 1,5-45 \u03bcm.<\/li>\n<li>La structure tout en c\u00e9ramique peut \u00eatre s\u00e9lectionn\u00e9e pour les composants cl\u00e9s, z\u00e9ro pollution m\u00e9tallique.<\/li>\n<li>Le processus de concassage peut \u00eatre prot\u00e9g\u00e9 par un gaz inerte, qui a un facteur de s\u00e9curit\u00e9 \u00e9lev\u00e9.<\/li>\n<\/ul>\n<p>[\/uncode_list][\/vc_column][\/vc_row]<\/p>\n<\/section>","protected":false},"excerpt":{"rendered":"<p>[vc_row unlock_row_content=\u00a0\u00bbyes\u00a0\u00bb row_height_percent=\u00a0\u00bb70&Prime; override_padding=\u00a0\u00bbyes\u00a0\u00bb h_padding=\u00a0\u00bb0&Prime; top_padding=\u00a0\u00bb0&Prime; bottom_padding=\u00a0\u00bb0&Prime; overlay_alpha=\u00a0\u00bb50&Prime; equal_height=\u00a0\u00bbyes\u00a0\u00bb gutter_size=\u00a0\u00bb0&Prime; column_width_percent=\u00a0\u00bb100&Prime; shift_y=\u00a0\u00bb0&Prime; z_index=\u00a0\u00bb0&Prime;][vc_column column_width_percent=\u00a0\u00bb100&Prime; position_vertical=\u00a0\u00bbmiddle\u00a0\u00bb gutter_size=\u00a0\u00bb3&Prime; override_padding=\u00a0\u00bbyes\u00a0\u00bb column_padding=\u00a0\u00bb4&Prime; style=\u00a0\u00bbdark\u00a0\u00bb back_color=\u00a0\u00bbaccent\u00a0\u00bb [&hellip;]<\/p>\n","protected":false},"author":6,"featured_media":0,"parent":98719,"menu_order":0,"comment_status":"open","ping_status":"closed","template":"","meta":{"_acf_changed":false,"footnotes":""},"class_list":["post-98788","page","type-page","status-publish","hentry","page_category-classification-des-cas"],"acf":[],"_links":{"self":[{"href":"https:\/\/www.alpapowder.com\/fr\/wp-json\/wp\/v2\/pages\/98788","targetHints":{"allow":["GET"]}}],"collection":[{"href":"https:\/\/www.alpapowder.com\/fr\/wp-json\/wp\/v2\/pages"}],"about":[{"href":"https:\/\/www.alpapowder.com\/fr\/wp-json\/wp\/v2\/types\/page"}],"author":[{"embeddable":true,"href":"https:\/\/www.alpapowder.com\/fr\/wp-json\/wp\/v2\/users\/6"}],"replies":[{"embeddable":true,"href":"https:\/\/www.alpapowder.com\/fr\/wp-json\/wp\/v2\/comments?post=98788"}],"version-history":[{"count":0,"href":"https:\/\/www.alpapowder.com\/fr\/wp-json\/wp\/v2\/pages\/98788\/revisions"}],"up":[{"embeddable":true,"href":"https:\/\/www.alpapowder.com\/fr\/wp-json\/wp\/v2\/pages\/98719"}],"wp:attachment":[{"href":"https:\/\/www.alpapowder.com\/fr\/wp-json\/wp\/v2\/media?parent=98788"}],"curies":[{"name":"wp","href":"https:\/\/api.w.org\/{rel}","templated":true}]}}