{"id":98800,"date":"2021-07-05T14:05:00","date_gmt":"2021-07-05T06:05:00","guid":{"rendered":"https:\/\/www.alpapowder.com\/etude-de-cas\/pesticide\/"},"modified":"2021-07-06T11:24:04","modified_gmt":"2021-07-06T03:24:04","slug":"pesticide","status":"publish","type":"page","link":"https:\/\/www.alpapowder.com\/fr\/etude-de-cas\/pesticide\/","title":{"rendered":"Pesticide"},"content":{"rendered":"<section class=\"wpb-content-wrapper\"><p>[vc_row unlock_row_content=\u00a0\u00bbyes\u00a0\u00bb row_height_percent=\u00a0\u00bb70&Prime; override_padding=\u00a0\u00bbyes\u00a0\u00bb h_padding=\u00a0\u00bb0&Prime; top_padding=\u00a0\u00bb0&Prime; bottom_padding=\u00a0\u00bb0&Prime; overlay_alpha=\u00a0\u00bb50&Prime; equal_height=\u00a0\u00bbyes\u00a0\u00bb gutter_size=\u00a0\u00bb0&Prime; column_width_percent=\u00a0\u00bb100&Prime; shift_y=\u00a0\u00bb0&Prime; z_index=\u00a0\u00bb0&Prime;][vc_column column_width_percent=\u00a0\u00bb100&Prime; position_vertical=\u00a0\u00bbmiddle\u00a0\u00bb gutter_size=\u00a0\u00bb3&Prime; override_padding=\u00a0\u00bbyes\u00a0\u00bb column_padding=\u00a0\u00bb4&Prime; style=\u00a0\u00bbdark\u00a0\u00bb back_color=\u00a0\u00bbaccent\u00a0\u00bb overlay_alpha=\u00a0\u00bb50&Prime; shift_x=\u00a0\u00bb0&Prime; shift_y=\u00a0\u00bb0&Prime; shift_y_down=\u00a0\u00bb0&Prime; z_index=\u00a0\u00bb0&Prime; medium_width=\u00a0\u00bb0&Prime; mobile_width=\u00a0\u00bb0&Prime; width=\u00a0\u00bb1\/2&Prime;][vc_custom_heading auto_text=\u00a0\u00bbyes\u00a0\u00bb heading_semantic=\u00a0\u00bbh1&Prime; text_size=\u00a0\u00bbh1&Prime;][\/vc_custom_heading][vc_column_text]Une fois que les mati\u00e8res premi\u00e8res pesticides ont \u00e9t\u00e9 ultrafinement pulv\u00e9ris\u00e9es, leur uniformit\u00e9, leur dispersion et leur surface de contact sont consid\u00e9rablement augment\u00e9es, de sorte que les effets de st\u00e9rilisation, d&rsquo;insecticide et de d\u00e9sherbage sont consid\u00e9rablement am\u00e9lior\u00e9s et la quantit\u00e9 de pesticides utilis\u00e9e est consid\u00e9rablement r\u00e9duite. De plus, la poudre ultrafine a une grande surface sp\u00e9cifique, une forte capacit\u00e9 d&rsquo;adsorption et une r\u00e9sistance au lavage par la pluie, afin de maintenir l&rsquo;effet \u00e0 long terme des pesticides. En cons\u00e9quence, en raison de la forte activit\u00e9 de surface de la poudre ultrafine, le taux de d\u00e9composition des produits agricoles et secondaires et de l&rsquo;environnement est acc\u00e9l\u00e9r\u00e9, de sorte que les r\u00e9sidus de pesticides sont r\u00e9duits et la pollution est r\u00e9duite.<\/p>\n<p>Notre broyeur de classification \u00e0 air peut broyer les mati\u00e8res premi\u00e8res pesticides \u00e0 une taille de 25-35 \u00b5m, tandis que les broyeurs \u00e0 jet peuvent r\u00e9duire la taille \u00e0 10 \u00b5m. De plus, nous fournissons \u00e9galement des meuleuses \u00e0 cadran et des machines \u00e0 marteaux pour le meulage grossier.[\/vc_column_text][\/vc_column][vc_column column_width_percent=\u00a0\u00bb100&Prime; position_vertical=\u00a0\u00bbmiddle\u00a0\u00bb gutter_size=\u00a0\u00bb3&Prime; back_image=\u00a0\u00bb85459&Prime; overlay_alpha=\u00a0\u00bb50&Prime; shift_x=\u00a0\u00bb0&Prime; shift_y=\u00a0\u00bb0&Prime; shift_y_down=\u00a0\u00bb0&Prime; z_index=\u00a0\u00bb0&Prime; align_medium=\u00a0\u00bbalign_center_tablet\u00a0\u00bb medium_width=\u00a0\u00bb0&Prime; align_mobile=\u00a0\u00bbalign_center_mobile\u00a0\u00bb mobile_width=\u00a0\u00bb0&Prime; width=\u00a0\u00bb1\/2&Prime;][vc_empty_space empty_h=\u00a0\u00bb5&Prime;][\/vc_column][\/vc_row][vc_row row_height_percent=\u00a0\u00bb0&Prime; override_padding=\u00a0\u00bbyes\u00a0\u00bb h_padding=\u00a0\u00bb2&Prime; top_padding=\u00a0\u00bb3&Prime; bottom_padding=\u00a0\u00bb4&Prime; overlay_alpha=\u00a0\u00bb50&Prime; equal_height=\u00a0\u00bbyes\u00a0\u00bb gutter_size=\u00a0\u00bb4&Prime; column_width_percent=\u00a0\u00bb100&Prime; shift_y=\u00a0\u00bb0&Prime; z_index=\u00a0\u00bb0&Prime; top_divider=\u00a0\u00bbgradient\u00a0\u00bb bottom_divider=\u00a0\u00bbstep\u00a0\u00bb el_class=\u00a0\u00bbdemos\u00a0\u00bb][vc_column column_width_use_pixel=\u00a0\u00bbyes\u00a0\u00bb gutter_size=\u00a0\u00bb4&Prime; overlay_alpha=\u00a0\u00bb50&Prime; shift_x=\u00a0\u00bb0&Prime; shift_y=\u00a0\u00bb0&Prime; shift_y_down=\u00a0\u00bb0&Prime; z_index=\u00a0\u00bb0&Prime; medium_width=\u00a0\u00bb0&Prime; mobile_width=\u00a0\u00bb0&Prime; sticky=\u00a0\u00bbyes\u00a0\u00bb width=\u00a0\u00bb1\/1&Prime; column_width_pixel=\u00a0\u00bb900&Prime;][uncode_index el_id=\u00a0\u00bbindex-1041816597&Prime; loop=\u00a0\u00bbsize:30|order_by:date|post_type:project|tax_query:503|taxonomy_count:10&Prime; gutter_size=\u00a0\u00bb3&Prime; post_items=\u00a0\u00bbmedia|featured|onpost|poster,title,text|excerpt|75&Prime; product_items=\u00a0\u00bbtitle,price,media|featured|onpost|original\u00a0\u00bb portfolio_items=\u00a0\u00bbtitle,media|featured|onpost|original\u00a0\u00bb project_items=\u00a0\u00bbtitle,acf-field_607e48db91dd6,acf-field_607e6d14833a5,sep-one|reduced,icon|sm,text|full,link|default|small_size|Apprendre encore plus\u00a0\u00bb screen_lg=\u00a0\u00bb1000&Prime; screen_md=\u00a0\u00bb600&Prime; screen_sm=\u00a0\u00bb480&Prime; single_width=\u00a0\u00bb12&Prime; single_overlay_color=\u00a0\u00bbcolor-jevc\u00a0\u00bb single_overlay_opacity=\u00a0\u00bb50&Prime; single_text_anim_type=\u00a0\u00bbbtt\u00a0\u00bb single_h_align=\u00a0\u00bbcenter\u00a0\u00bb single_padding=\u00a0\u00bb2&Prime; single_title_dimension=\u00a0\u00bbh3&Prime; single_border=\u00a0\u00bbyes\u00a0\u00bb custom_order=\u00a0\u00bbyes\u00a0\u00bb order_ids=\u00a0\u00bb19264,19265,18999,18996,18998,18995,18997,18967&Prime; single_icon=\u00a0\u00bbfa fa-plus2&Prime;][\/vc_column][\/vc_row][vc_row unlock_row_content=\u00a0\u00bbyes\u00a0\u00bb row_height_percent=\u00a0\u00bb0&Prime; override_padding=\u00a0\u00bbyes\u00a0\u00bb h_padding=\u00a0\u00bb0&Prime; top_padding=\u00a0\u00bb0&Prime; bottom_padding=\u00a0\u00bb0&Prime; back_color=\u00a0\u00bbcolor-lxmt\u00a0\u00bb overlay_alpha=\u00a0\u00bb50&Prime; equal_height=\u00a0\u00bbyes\u00a0\u00bb gutter_size=\u00a0\u00bb0&Prime; column_width_percent=\u00a0\u00bb100&Prime; shift_y=\u00a0\u00bb0&Prime; z_index=\u00a0\u00bb0&Prime; inverted_device_order=\u00a0\u00bbyes\u00a0\u00bb shape_dividers=\u00a0\u00bb\u00a0\u00bb][vc_column column_width_percent=\u00a0\u00bb100&Prime; align_horizontal=\u00a0\u00bbalign_center\u00a0\u00bb gutter_size=\u00a0\u00bb3&Prime; override_padding=\u00a0\u00bbyes\u00a0\u00bb column_padding=\u00a0\u00bb0&Prime; style=\u00a0\u00bbdark\u00a0\u00bb overlay_alpha=\u00a0\u00bb50&Prime; shift_x=\u00a0\u00bb0&Prime; shift_y=\u00a0\u00bb0&Prime; shift_y_down=\u00a0\u00bb0&Prime; z_index=\u00a0\u00bb0&Prime; medium_width=\u00a0\u00bb0&Prime; mobile_width=\u00a0\u00bb0&Prime; width=\u00a0\u00bb1\/2&Prime;][uncode_index el_id=\u00a0\u00bbindex-566311&Prime; index_type=\u00a0\u00bbcarousel\u00a0\u00bb loop=\u00a0\u00bbsize:10|order_by:date|post_type:portfolio|by_id:98245,98233|taxonomy_count:10&Prime; carousel_lg=\u00a0\u00bb1&Prime; carousel_md=\u00a0\u00bb1&Prime; carousel_sm=\u00a0\u00bb1&Prime; gutter_size=\u00a0\u00bb3&Prime; post_items=\u00a0\u00bbmedia|featured|onpost|original,title,category|nobg|relative|display-icon,date,text|excerpt,link|default|default_size,author|sm_size|hide_qualification,sep-one|full,extra,spacer|half\u00a0\u00bb portfolio_items=\u00a0\u00bbtitle,media|featured|onpost|original,acf-field_608bc5c592a93,spacer|half,link|link|small_size|Apprendre encore plus\u00a0\u00bb carousel_interval=\u00a0\u00bb3000&Prime; carousel_navspeed=\u00a0\u00bb400&Prime; carousel_nav=\u00a0\u00bbyes\u00a0\u00bb carousel_nav_mobile=\u00a0\u00bbyes\u00a0\u00bb carousel_dots=\u00a0\u00bbyes\u00a0\u00bb carousel_dots_mobile=\u00a0\u00bbyes\u00a0\u00bb carousel_dots_inside=\u00a0\u00bbyes\u00a0\u00bb carousel_dot_padding=\u00a0\u00bb2&Prime; stage_padding=\u00a0\u00bb0&Prime; single_text=\u00a0\u00bboverlay\u00a0\u00bb single_style=\u00a0\u00bbdark\u00a0\u00bb single_overlay_opacity=\u00a0\u00bb50&Prime; single_overlay_anim=\u00a0\u00bbno\u00a0\u00bb single_h_align=\u00a0\u00bbright\u00a0\u00bb single_padding=\u00a0\u00bb3&Prime; single_title_dimension=\u00a0\u00bbh4&Prime; single_border=\u00a0\u00bbyes\u00a0\u00bb][\/vc_column][vc_column column_width_percent=\u00a0\u00bb100&Prime; position_vertical=\u00a0\u00bbmiddle\u00a0\u00bb gutter_size=\u00a0\u00bb3&Prime; override_padding=\u00a0\u00bbyes\u00a0\u00bb column_padding=\u00a0\u00bb4&Prime; style=\u00a0\u00bbdark\u00a0\u00bb back_color=\u00a0\u00bbaccent\u00a0\u00bb overlay_alpha=\u00a0\u00bb50&Prime; shift_x=\u00a0\u00bb0&Prime; shift_y=\u00a0\u00bb0&Prime; shift_y_down=\u00a0\u00bb0&Prime; z_index=\u00a0\u00bb0&Prime; medium_width=\u00a0\u00bb0&Prime; mobile_width=\u00a0\u00bb0&Prime; width=\u00a0\u00bb1\/2&Prime;][uncode_block id=\u00a0\u00bb85796&Prime; inside_column=\u00a0\u00bbyes\u00a0\u00bb][uncode_list larger=\u00a0\u00bbyes\u00a0\u00bb icon=\u00a0\u00bbfa fa-square-o\u00a0\u00bb]<\/p>\n<ul>\n<li>D\u00e9montage et montage peuvent \u00eatre r\u00e9alis\u00e9s rapidement en 10 minutes.<\/li>\n<li>Le\u00a0nettoyage est\u00a0pratique et rapide sans\u00a0aucune\u00a0impasse.<\/li>\n<li>L&rsquo;efficacit\u00e9 de la collecte des mat\u00e9riaux atteint 99,9%.<\/li>\n<li>Le bruit pendant le fonctionnement est inf\u00e9rieur \u00e0 80 dB.<\/li>\n<li>La finition de surface est \u00e9lev\u00e9e (Ra=0,4 \u03bcm).<\/li>\n<li>Le nettoyage en ligne (CIP) et la st\u00e9rilisation en ligne (SIP) peuvent \u00eatre r\u00e9alis\u00e9s facilement.<\/li>\n<li>Il existe un couvercle d&rsquo;isolation\/une protection de bo\u00eete \u00e0 gants pendant les op\u00e9rations de production, ce qui est s\u00fbr et sans souci.<\/li>\n<li>Le stockage des param\u00e8tres de processus et des enregistrements historiques sont complet.<\/li>\n<li>La protection contre l&rsquo;azote est tout au long du processus et vous n&rsquo;avez pas besoin de vous inqui\u00e9ter de la protection contre les explosions.<\/li>\n<\/ul>\n<p>[\/uncode_list][\/vc_column][\/vc_row]<\/p>\n<\/section>","protected":false},"excerpt":{"rendered":"<p>[vc_row unlock_row_content=\u00a0\u00bbyes\u00a0\u00bb row_height_percent=\u00a0\u00bb70&Prime; override_padding=\u00a0\u00bbyes\u00a0\u00bb h_padding=\u00a0\u00bb0&Prime; top_padding=\u00a0\u00bb0&Prime; bottom_padding=\u00a0\u00bb0&Prime; overlay_alpha=\u00a0\u00bb50&Prime; equal_height=\u00a0\u00bbyes\u00a0\u00bb gutter_size=\u00a0\u00bb0&Prime; column_width_percent=\u00a0\u00bb100&Prime; shift_y=\u00a0\u00bb0&Prime; z_index=\u00a0\u00bb0&Prime;][vc_column column_width_percent=\u00a0\u00bb100&Prime; position_vertical=\u00a0\u00bbmiddle\u00a0\u00bb gutter_size=\u00a0\u00bb3&Prime; override_padding=\u00a0\u00bbyes\u00a0\u00bb column_padding=\u00a0\u00bb4&Prime; style=\u00a0\u00bbdark\u00a0\u00bb back_color=\u00a0\u00bbaccent\u00a0\u00bb [&hellip;]<\/p>\n","protected":false},"author":6,"featured_media":0,"parent":98719,"menu_order":0,"comment_status":"open","ping_status":"closed","template":"","meta":{"_acf_changed":false,"footnotes":""},"class_list":["post-98800","page","type-page","status-publish","hentry","page_category-classification-des-cas"],"acf":[],"_links":{"self":[{"href":"https:\/\/www.alpapowder.com\/fr\/wp-json\/wp\/v2\/pages\/98800","targetHints":{"allow":["GET"]}}],"collection":[{"href":"https:\/\/www.alpapowder.com\/fr\/wp-json\/wp\/v2\/pages"}],"about":[{"href":"https:\/\/www.alpapowder.com\/fr\/wp-json\/wp\/v2\/types\/page"}],"author":[{"embeddable":true,"href":"https:\/\/www.alpapowder.com\/fr\/wp-json\/wp\/v2\/users\/6"}],"replies":[{"embeddable":true,"href":"https:\/\/www.alpapowder.com\/fr\/wp-json\/wp\/v2\/comments?post=98800"}],"version-history":[{"count":0,"href":"https:\/\/www.alpapowder.com\/fr\/wp-json\/wp\/v2\/pages\/98800\/revisions"}],"up":[{"embeddable":true,"href":"https:\/\/www.alpapowder.com\/fr\/wp-json\/wp\/v2\/pages\/98719"}],"wp:attachment":[{"href":"https:\/\/www.alpapowder.com\/fr\/wp-json\/wp\/v2\/media?parent=98800"}],"curies":[{"name":"wp","href":"https:\/\/api.w.org\/{rel}","templated":true}]}}