{"id":98827,"date":"2021-07-05T14:32:39","date_gmt":"2021-07-05T06:32:39","guid":{"rendered":"https:\/\/www.alpapowder.com\/etude-de-cas\/materiaux-de-batterie-au-lithium-positifs-et-negatifs\/"},"modified":"2022-07-26T10:55:24","modified_gmt":"2022-07-26T02:55:24","slug":"materiaux-de-batterie-au-lithium-positifs-et-negatifs","status":"publish","type":"page","link":"https:\/\/www.alpapowder.com\/fr\/etude-de-cas\/materiaux-de-batterie-au-lithium-positifs-et-negatifs\/","title":{"rendered":"Mat\u00e9riaux de batterie au lithium positifs et n\u00e9gatifs"},"content":{"rendered":"<section class=\"wpb-content-wrapper\"><p>[vc_row unlock_row_content=\u00a0\u00bbyes\u00a0\u00bb row_height_percent=\u00a0\u00bb0&Prime; override_padding=\u00a0\u00bbyes\u00a0\u00bb h_padding=\u00a0\u00bb0&Prime; top_padding=\u00a0\u00bb0&Prime; bottom_padding=\u00a0\u00bb0&Prime; overlay_alpha=\u00a0\u00bb50&Prime; equal_height=\u00a0\u00bbyes\u00a0\u00bb gutter_size=\u00a0\u00bb0&Prime; column_width_percent=\u00a0\u00bb100&Prime; shift_y=\u00a0\u00bb0&Prime; z_index=\u00a0\u00bb0&Prime; top_divider=\u00a0\u00bbgradient\u00a0\u00bb bottom_divider=\u00a0\u00bbstep\u00a0\u00bb el_class=\u00a0\u00bbdemos\u00a0\u00bb][vc_column column_width_percent=\u00a0\u00bb100&Prime; gutter_size=\u00a0\u00bb1&Prime; override_padding=\u00a0\u00bbyes\u00a0\u00bb column_padding=\u00a0\u00bb4&Prime; style=\u00a0\u00bbdark\u00a0\u00bb back_color=\u00a0\u00bbaccent\u00a0\u00bb overlay_alpha=\u00a0\u00bb50&Prime; shift_x=\u00a0\u00bb0&Prime; shift_y=\u00a0\u00bb0&Prime; shift_y_down=\u00a0\u00bb0&Prime; z_index=\u00a0\u00bb0&Prime; medium_width=\u00a0\u00bb0&Prime; mobile_width=\u00a0\u00bb0&Prime; width=\u00a0\u00bb2\/3&Prime;][vc_custom_heading heading_semantic=\u00a0\u00bbh1&Prime; text_size=\u00a0\u00bbh1&Prime;]Les performances de la batterie au lithium ont-elles rencontr\u00e9 un goulot d&rsquo;\u00e9tranglement ?[\/vc_custom_heading][vc_empty_space empty_h=\u00a0\u00bb2&Prime;][vc_column_text]L&rsquo;objectif de l&rsquo;industrie des batteries au lithium est de d\u00e9velopper des batteries avec des fonctions plus puissantes, une plus grande capacit\u00e9, une dur\u00e9e de vie plus longue, des temps de charge plus courts et un poids plus l\u00e9ger. Les batteries lithium-ion se composent g\u00e9n\u00e9ralement d&rsquo;une \u00e9lectrode n\u00e9gative (anode), d&rsquo;une \u00e9lectrode positive (cathode) et d&rsquo;un s\u00e9parateur.\u00a0Les compos\u00e9s de lithium utilis\u00e9s dans les batteries au lithium ont des exigences sp\u00e9cifiques en mati\u00e8re de distribution granulom\u00e9trique. L&rsquo;utilisation de poudre de lithium ultrafine peut am\u00e9liorer les performances de la batterie,\u00a0y compris une capacit\u00e9 disponible plus \u00e9lev\u00e9e, une dur\u00e9e de vie plus longue, un taux de charge plus rapide, une efficacit\u00e9 plus \u00e9lev\u00e9e et un taux de d\u00e9charge constant ainsi qu&rsquo;une taille et poids r\u00e9duites.<\/p>\n<p>Outre la r\u00e9sistance m\u00e9canique et thermique du diaphragme, les facteurs cl\u00e9s qui affectent la qualit\u00e9 et la s\u00e9curit\u00e9 de la batterie incluent \u00e9galement la composition chimique, la forme et la distribution granulom\u00e9trique du mat\u00e9riau actif et l&rsquo;homog\u00e9n\u00e9it\u00e9. Apr\u00e8s la recherche et le d\u00e9veloppement continus, ALPA dispose d&rsquo;un ensemble complet de solutions et d&rsquo;\u00e9quipements de traitement de mat\u00e9riaux positifs et n\u00e9gatifs pour batteries au lithium, qui peuvent r\u00e9pondre aux exigences de processus complexes, y compris l&rsquo;alimentation sans poussi\u00e8re, la s\u00e9paration magn\u00e9tique, le broyage ultra-fin, le classement, le transport de poudre, dosage et emballage, dosage automatique, contr\u00f4le intelligent et autre conception int\u00e9gr\u00e9e de processus de poudre.[\/vc_column_text][vc_empty_space empty_h=\u00a0\u00bb2&Prime;][vc_custom_heading heading_semantic=\u00a0\u00bbh4&Prime; text_size=\u00a0\u00bbh4&Prime;]Compos\u00e9s typiques de mat\u00e9riaux cathodiques pour batteries lithium-ion[\/vc_custom_heading][vc_empty_space empty_h=\u00a0\u00bb1&Prime;][vc_column_text]<\/p>\n<ul>\n<li>LCO (oxyde de lithium cobalt,\u00a0 LiCoO<sub>2<\/sub>)<\/li>\n<li>NCA (oxyde d&rsquo;aluminium lithium nickel cobalt,\u00a0 LiNiCoAlO<sub>2<\/sub>)<\/li>\n<li>NMC (oxyde de lithium nickel mangan\u00e8se cobalt,\u00a0 Li [NiCoMn] O<sub>2<\/sub>)<\/li>\n<li>LMO (manganate de lithium, LiMn<sub>2<\/sub>O<sub>4<\/sub>)<\/li>\n<li>LFP (phosphate de fer lithium,\u00a0 LiFePO<sub>4<\/sub>)<\/li>\n<li>Carbonate de lithium (Li<sub>2<\/sub>CO<sub>3<\/sub>)<\/li>\n<li>Hydroxyde de lithium (LiOH)<\/li>\n<\/ul>\n<p>[\/vc_column_text][vc_empty_space empty_h=\u00a0\u00bb2&Prime;][vc_custom_heading heading_semantic=\u00a0\u00bbh4&Prime; text_size=\u00a0\u00bbh4&Prime; subheading=\u00a0\u00bbLes mat\u00e9riaux d&rsquo;anode de batterie lithium-ion comprennent le graphite naturel en paillettes, les microsph\u00e8res de carbone \u00e0 m\u00e9sophase et le graphite artificiel \u00e0 base de coke de p\u00e9trole. Le carbone est actuellement le principal mat\u00e9riau d&rsquo;\u00e9lectrode n\u00e9gative utilis\u00e9 dans les batteries lithium-ion, et ses performances affectent la qualit\u00e9, le co\u00fbt et la s\u00e9curit\u00e9 des batteries lithium-ion. En plus des mati\u00e8res premi\u00e8res et des formules de processus qui d\u00e9terminent les performances des mat\u00e9riaux d&rsquo;\u00e9lectrode n\u00e9gative, c&rsquo;est \u00e9galement l&rsquo;un des facteurs importants pour fournir des \u00e9quipements et des technologies tels que le concassage, la sph\u00e9ro\u00efdisation, la mise en forme et le classement du graphite de carbone avec des performances stables et une efficacit\u00e9 \u00e9lev\u00e9e et \u00e9conomie d&rsquo;\u00e9nergie.\u00a0\u00bb]Introduction de mat\u00e9riaux d&rsquo;anode pour les batteries lithium-ion[\/vc_custom_heading][vc_empty_space empty_h=\u00a0\u00bb2&Prime;][vc_button size=\u00a0\u00bbbtn-sm\u00a0\u00bb outline=\u00a0\u00bbyes\u00a0\u00bb text_skin=\u00a0\u00bbyes\u00a0\u00bb border_width=\u00a0\u00bb1&Prime; link=\u00a0\u00bburl:https%3A%2F%2Fwww.alpapowder.com%2Ffr%2F99293%2F|title:Pr%C3%A9sentation%20de%20la%20technologie%20de%20sph%C3%A9ro%C3%AFdisation%20du%20graphite%20pour%20les%20anodes%20en%20carbone%20utilis%C3%A9es%20dans%20l%27industrie%20des%20batteries%20au%20lithium|target:_blank|\u00a0\u00bb icon=\u00a0\u00bbfa fa-book4&Prime;]Lecture \u00e9tendue : Pr\u00e9sentation de la technologie de sph\u00e9ro\u00efdisation du graphite pour les anodes en carbone utilis\u00e9es dans l&rsquo;industrie des batteries au lithium[\/vc_button][\/vc_column][vc_column column_width_percent=\u00a0\u00bb100&Prime; position_vertical=\u00a0\u00bbbottom\u00a0\u00bb align_horizontal=\u00a0\u00bbalign_center\u00a0\u00bb gutter_size=\u00a0\u00bb3&Prime; override_padding=\u00a0\u00bbyes\u00a0\u00bb column_padding=\u00a0\u00bb0&Prime; style=\u00a0\u00bbdark\u00a0\u00bb back_image=\u00a0\u00bb85863&Prime; overlay_color=\u00a0\u00bbcolor-jevc\u00a0\u00bb overlay_alpha=\u00a0\u00bb50&Prime; shift_x=\u00a0\u00bb0&Prime; shift_y=\u00a0\u00bb0&Prime; shift_y_down=\u00a0\u00bb0&Prime; z_index=\u00a0\u00bb0&Prime; medium_width=\u00a0\u00bb0&Prime; mobile_width=\u00a0\u00bb0&Prime; width=\u00a0\u00bb1\/3&Prime;][vc_single_image media=\u00a0\u00bb87087&Prime; media_width_percent=\u00a0\u00bb100&Prime;][\/vc_column][\/vc_row][vc_row row_height_percent=\u00a0\u00bb0&Prime; override_padding=\u00a0\u00bbyes\u00a0\u00bb h_padding=\u00a0\u00bb2&Prime; top_padding=\u00a0\u00bb4&Prime; bottom_padding=\u00a0\u00bb2&Prime; overlay_alpha=\u00a0\u00bb50&Prime; gutter_size=\u00a0\u00bb4&Prime; column_width_percent=\u00a0\u00bb100&Prime; shift_y=\u00a0\u00bb0&Prime; z_index=\u00a0\u00bb0&Prime;][vc_column column_width_percent=\u00a0\u00bb100&Prime; position_vertical=\u00a0\u00bbmiddle\u00a0\u00bb gutter_size=\u00a0\u00bb3&Prime; overlay_alpha=\u00a0\u00bb50&Prime; shift_x=\u00a0\u00bb0&Prime; shift_y=\u00a0\u00bb0&Prime; shift_y_down=\u00a0\u00bb0&Prime; z_index=\u00a0\u00bb0&Prime; medium_width=\u00a0\u00bb0&Prime; mobile_width=\u00a0\u00bb0&Prime; sticky=\u00a0\u00bbyes\u00a0\u00bb width=\u00a0\u00bb1\/1&Prime;][uncode_block id=\u00a0\u00bb84835&Prime; inside_column=\u00a0\u00bbyes\u00a0\u00bb][vc_gallery el_id=\u00a0\u00bbgallery-639999&Prime; medias=\u00a0\u00bb83318,83319,86126,86032,92064,92067,92058,92061,86002,92055,86139,85997,85999,86843,86844,86840,92071,86845&Prime; gutter_size=\u00a0\u00bb2&Prime; screen_lg=\u00a0\u00bb1000&Prime; screen_md=\u00a0\u00bb600&Prime; screen_sm=\u00a0\u00bb300&Prime; single_width=\u00a0\u00bb2&Prime; single_overlay_opacity=\u00a0\u00bb1&Prime; single_padding=\u00a0\u00bb2&Prime; uncode_shortcode_id=\u00a0\u00bb135857&Prime;][\/vc_column][\/vc_row][vc_row row_height_percent=\u00a0\u00bb0&Prime; override_padding=\u00a0\u00bbyes\u00a0\u00bb h_padding=\u00a0\u00bb2&Prime; top_padding=\u00a0\u00bb2&Prime; bottom_padding=\u00a0\u00bb4&Prime; overlay_alpha=\u00a0\u00bb50&Prime; gutter_size=\u00a0\u00bb4&Prime; column_width_percent=\u00a0\u00bb100&Prime; shift_y=\u00a0\u00bb0&Prime; z_index=\u00a0\u00bb0&Prime;][vc_column column_width_percent=\u00a0\u00bb100&Prime; align_horizontal=\u00a0\u00bbalign_center\u00a0\u00bb gutter_size=\u00a0\u00bb3&Prime; overlay_alpha=\u00a0\u00bb50&Prime; shift_x=\u00a0\u00bb0&Prime; shift_y=\u00a0\u00bb0&Prime; shift_y_down=\u00a0\u00bb0&Prime; z_index=\u00a0\u00bb0&Prime; medium_width=\u00a0\u00bb0&Prime; mobile_width=\u00a0\u00bb0&Prime; sticky=\u00a0\u00bbyes\u00a0\u00bb width=\u00a0\u00bb1\/1&Prime;][uncode_index el_id=\u00a0\u00bbindex-1041816597&Prime; isotope_mode=\u00a0\u00bbfitRows\u00a0\u00bb loop=\u00a0\u00bbsize:9|order_by:date|post_type:project|taxonomy_count:10&Prime; pagination=\u00a0\u00bbyes\u00a0\u00bb gutter_size=\u00a0\u00bb3&Prime; post_items=\u00a0\u00bbmedia|featured|onpost|poster,title,text|excerpt|75&Prime; product_items=\u00a0\u00bbtitle,price,media|featured|onpost|original\u00a0\u00bb portfolio_items=\u00a0\u00bbtitle,media|featured|onpost|original\u00a0\u00bb project_items=\u00a0\u00bbtitle,media|media|onpost|original,text|excerpt,icon|sm,acf-field_607e48db91dd6,spacer|half\u00a0\u00bb screen_lg=\u00a0\u00bb1000&Prime; screen_md=\u00a0\u00bb600&Prime; screen_sm=\u00a0\u00bb480&Prime; images_size=\u00a0\u00bbsixteen-nine\u00a0\u00bb single_overlay_color=\u00a0\u00bbcolor-jevc\u00a0\u00bb single_overlay_opacity=\u00a0\u00bb50&Prime; single_text_anim_type=\u00a0\u00bbbtt\u00a0\u00bb single_padding=\u00a0\u00bb1&Prime; single_title_dimension=\u00a0\u00bbh5&Prime; single_border=\u00a0\u00bbyes\u00a0\u00bb custom_order=\u00a0\u00bbyes\u00a0\u00bb order_ids=\u00a0\u00bb83563,83607,83554,83603,83477,83557,83480,83474,83600,83521,83516,83485,83469,83566,83611&Prime; single_icon=\u00a0\u00bbfa fa-plus2&Prime; uncode_shortcode_id=\u00a0\u00bb824206&Prime;][\/vc_column][\/vc_row][vc_row unlock_row_content=\u00a0\u00bbyes\u00a0\u00bb row_height_percent=\u00a0\u00bb0&Prime; override_padding=\u00a0\u00bbyes\u00a0\u00bb h_padding=\u00a0\u00bb0&Prime; top_padding=\u00a0\u00bb0&Prime; bottom_padding=\u00a0\u00bb0&Prime; back_color=\u00a0\u00bbcolor-lxmt\u00a0\u00bb overlay_alpha=\u00a0\u00bb50&Prime; equal_height=\u00a0\u00bbyes\u00a0\u00bb gutter_size=\u00a0\u00bb0&Prime; column_width_percent=\u00a0\u00bb100&Prime; shift_y=\u00a0\u00bb0&Prime; z_index=\u00a0\u00bb0&Prime; inverted_device_order=\u00a0\u00bbyes\u00a0\u00bb][vc_column column_width_percent=\u00a0\u00bb100&Prime; align_horizontal=\u00a0\u00bbalign_center\u00a0\u00bb gutter_size=\u00a0\u00bb3&Prime; style=\u00a0\u00bbdark\u00a0\u00bb overlay_alpha=\u00a0\u00bb50&Prime; shift_x=\u00a0\u00bb0&Prime; shift_y=\u00a0\u00bb0&Prime; shift_y_down=\u00a0\u00bb0&Prime; z_index=\u00a0\u00bb0&Prime; medium_width=\u00a0\u00bb0&Prime; mobile_width=\u00a0\u00bb0&Prime; sticky=\u00a0\u00bbyes\u00a0\u00bb width=\u00a0\u00bb1\/2&Prime;][uncode_index el_id=\u00a0\u00bbindex-566311&Prime; index_type=\u00a0\u00bbcarousel\u00a0\u00bb loop=\u00a0\u00bbsize:10|order_by:date|post_type:portfolio,project|by_id:82619,82613,84531,82623|taxonomy_count:10&Prime; carousel_lg=\u00a0\u00bb1&Prime; carousel_md=\u00a0\u00bb1&Prime; carousel_sm=\u00a0\u00bb1&Prime; gutter_size=\u00a0\u00bb3&Prime; post_items=\u00a0\u00bbmedia|featured|onpost|original,title,category|nobg|relative|display-icon,date,text|excerpt,link|default|default_size,author|sm_size|hide_qualification,sep-one|full,extra,spacer|half\u00a0\u00bb portfolio_items=\u00a0\u00bbtitle,media|featured|onpost|original,acf-field_608bc5c592a93,spacer|half,link|link|small_size|Learn more\u00a0\u00bb carousel_interval=\u00a0\u00bb3000&Prime; carousel_navspeed=\u00a0\u00bb400&Prime; carousel_nav=\u00a0\u00bbyes\u00a0\u00bb carousel_nav_mobile=\u00a0\u00bbyes\u00a0\u00bb carousel_dots=\u00a0\u00bbyes\u00a0\u00bb carousel_dots_mobile=\u00a0\u00bbyes\u00a0\u00bb carousel_dots_inside=\u00a0\u00bbyes\u00a0\u00bb carousel_dot_padding=\u00a0\u00bb2&Prime; stage_padding=\u00a0\u00bb0&Prime; single_text=\u00a0\u00bboverlay\u00a0\u00bb single_style=\u00a0\u00bbdark\u00a0\u00bb single_overlay_opacity=\u00a0\u00bb50&Prime; single_overlay_anim=\u00a0\u00bbno\u00a0\u00bb single_h_align=\u00a0\u00bbright\u00a0\u00bb single_padding=\u00a0\u00bb3&Prime; single_title_dimension=\u00a0\u00bbh4&Prime; single_border=\u00a0\u00bbyes\u00a0\u00bb][\/vc_column][vc_column column_width_percent=\u00a0\u00bb100&Prime; position_vertical=\u00a0\u00bbmiddle\u00a0\u00bb gutter_size=\u00a0\u00bb3&Prime; override_padding=\u00a0\u00bbyes\u00a0\u00bb column_padding=\u00a0\u00bb4&Prime; style=\u00a0\u00bbdark\u00a0\u00bb back_color=\u00a0\u00bbaccent\u00a0\u00bb overlay_alpha=\u00a0\u00bb50&Prime; shift_x=\u00a0\u00bb0&Prime; shift_y=\u00a0\u00bb0&Prime; shift_y_down=\u00a0\u00bb0&Prime; z_index=\u00a0\u00bb0&Prime; medium_width=\u00a0\u00bb0&Prime; mobile_width=\u00a0\u00bb0&Prime; width=\u00a0\u00bb1\/2&Prime;][uncode_block id=\u00a0\u00bb85796&Prime; inside_column=\u00a0\u00bbyes\u00a0\u00bb][uncode_list larger=\u00a0\u00bbyes\u00a0\u00bb icon=\u00a0\u00bbfa fa-square-o\u00a0\u00bb]<\/p>\n<ul>\n<li>La granularit\u00e9 du produit peut \u00eatre ajust\u00e9e arbitrairement entre D50 : 3 ~ 45 \u03bcm.<\/li>\n<li>Il\u00a0existe\u00a0une\u00a0protection compl\u00e8te en c\u00e9ramique avec une augmentation des corps \u00e9trangers m\u00e9talliques \ufe6420ppb.<\/li>\n<li>Il existe un broyage complet en boucle ferm\u00e9e avec une augmentation de l&rsquo;humidit\u00e9 \ufe64100 ppm.<\/li>\n<li>Le rendement horaire d&rsquo;un seul appareil est sup\u00e9rieur \u00e0 1000kg<sup>(1)<\/sup><\/li>\n<li>La vitesse lin\u00e9aire du disque de concassage en c\u00e9ramique et de la roue de classification atteint 100 m\/s.<\/li>\n<li>Le broyeur m\u00e9canique peut \u00eatre utilis\u00e9 pour remplacer le broyeur \u00e0 jet pour produire des mat\u00e9riaux ternaires monocristallins, \u00e9conomisant 30% <sup>(2)<\/sup> de la consommation d&rsquo;\u00e9nergie.<\/li>\n<\/ul>\n<p>[\/uncode_list][vc_separator sep_color=\u00a0\u00bb,\u9ed8\u8ba4\u00a0\u00bb el_width=\u00a0\u00bb100px\u00a0\u00bb][vc_column_text]Remarque :<br \/>\n(1) Des mat\u00e9riaux ternaires polycristallins sont prise comme exemple ;<br \/>\n(2) Les statistiques sont bas\u00e9s sur les donn\u00e9es de plusieurs clients dans les m\u00eames conditions de production au cours des deux derni\u00e8res ann\u00e9es.<\/p>\n<p>[\/vc_column_text][\/vc_column][\/vc_row]<\/p>\n<\/section>","protected":false},"excerpt":{"rendered":"<p>[vc_row unlock_row_content=\u00a0\u00bbyes\u00a0\u00bb row_height_percent=\u00a0\u00bb0&Prime; override_padding=\u00a0\u00bbyes\u00a0\u00bb h_padding=\u00a0\u00bb0&Prime; top_padding=\u00a0\u00bb0&Prime; bottom_padding=\u00a0\u00bb0&Prime; overlay_alpha=\u00a0\u00bb50&Prime; equal_height=\u00a0\u00bbyes\u00a0\u00bb gutter_size=\u00a0\u00bb0&Prime; column_width_percent=\u00a0\u00bb100&Prime; shift_y=\u00a0\u00bb0&Prime; z_index=\u00a0\u00bb0&Prime; top_divider=\u00a0\u00bbgradient\u00a0\u00bb bottom_divider=\u00a0\u00bbstep\u00a0\u00bb el_class=\u00a0\u00bbdemos\u00a0\u00bb][vc_column column_width_percent=\u00a0\u00bb100&Prime; gutter_size=\u00a0\u00bb1&Prime; override_padding=\u00a0\u00bbyes\u00a0\u00bb column_padding=\u00a0\u00bb4&Prime; [&hellip;]<\/p>\n","protected":false},"author":6,"featured_media":97199,"parent":98719,"menu_order":0,"comment_status":"open","ping_status":"closed","template":"","meta":{"_acf_changed":false,"footnotes":""},"class_list":["post-98827","page","type-page","status-publish","has-post-thumbnail","hentry","page_category-classification-des-cas"],"acf":[],"_links":{"self":[{"href":"https:\/\/www.alpapowder.com\/fr\/wp-json\/wp\/v2\/pages\/98827","targetHints":{"allow":["GET"]}}],"collection":[{"href":"https:\/\/www.alpapowder.com\/fr\/wp-json\/wp\/v2\/pages"}],"about":[{"href":"https:\/\/www.alpapowder.com\/fr\/wp-json\/wp\/v2\/types\/page"}],"author":[{"embeddable":true,"href":"https:\/\/www.alpapowder.com\/fr\/wp-json\/wp\/v2\/users\/6"}],"replies":[{"embeddable":true,"href":"https:\/\/www.alpapowder.com\/fr\/wp-json\/wp\/v2\/comments?post=98827"}],"version-history":[{"count":0,"href":"https:\/\/www.alpapowder.com\/fr\/wp-json\/wp\/v2\/pages\/98827\/revisions"}],"up":[{"embeddable":true,"href":"https:\/\/www.alpapowder.com\/fr\/wp-json\/wp\/v2\/pages\/98719"}],"wp:featuredmedia":[{"embeddable":true,"href":"https:\/\/www.alpapowder.com\/fr\/wp-json\/wp\/v2\/media\/97199"}],"wp:attachment":[{"href":"https:\/\/www.alpapowder.com\/fr\/wp-json\/wp\/v2\/media?parent=98827"}],"curies":[{"name":"wp","href":"https:\/\/api.w.org\/{rel}","templated":true}]}}