{"id":93413,"date":"2021-06-24T11:46:12","date_gmt":"2021-06-24T03:46:12","guid":{"rendered":"https:\/\/www.alpapowder.com\/perfil-da-empresa\/"},"modified":"2022-08-04T10:21:15","modified_gmt":"2022-08-04T02:21:15","slug":"perfil-da-empresa","status":"publish","type":"page","link":"https:\/\/www.alpapowder.com\/pt-pt\/perfil-da-empresa\/","title":{"rendered":"Perfil da empresa"},"content":{"rendered":"<section class=\"wpb-content-wrapper\"><p>[vc_row row_height_percent=&#8221;100&#8243; back_color=&#8221;accent&#8221; back_image=&#8221;86448&#8243; overlay_color=&#8221;color-jevc&#8221; overlay_alpha=&#8221;20&#8243; equal_height=&#8221;yes&#8221; gutter_size=&#8221;0&#8243; column_width_use_pixel=&#8221;yes&#8221; shift_y=&#8221;0&#8243; z_index=&#8221;0&#8243;][vc_column column_width_use_pixel=&#8221;yes&#8221; position_vertical=&#8221;middle&#8221; align_horizontal=&#8221;align_center&#8221; gutter_size=&#8221;3&#8243; style=&#8221;dark&#8221; overlay_alpha=&#8221;50&#8243; shift_x=&#8221;0&#8243; shift_y=&#8221;0&#8243; shift_y_down=&#8221;0&#8243; z_index=&#8221;0&#8243; medium_width=&#8221;0&#8243; mobile_width=&#8221;0&#8243; width=&#8221;1\/1&#8243; column_width_pixel=&#8221;900&#8243;][vc_custom_heading heading_semantic=&#8221;h1&#8243; text_size=&#8221;fontsize-964839&#8243;]Criando o futuro dos materiais avan\u00e7ados com tecnologia em p\u00f3[\/vc_custom_heading][vc_separator sep_color=&#8221;color-708378&#8243; el_width=&#8221;100px&#8221; el_height=&#8221;2px&#8221;][vc_column_text]A AlPA \u00e9 um fornecedor de renome mundial de sistemas de processamento e manuseio de part\u00edculas e p\u00f3s, dedicado a transformar a ind\u00fastria tradicional de p\u00f3s. Durante 20 anos, nos concentramos no desenvolvimento da moagem a seco, classifica\u00e7\u00e3o e separa\u00e7\u00e3o de gr\u00e2nulos e p\u00f3s, controle da forma do p\u00f3, modifica\u00e7\u00e3o da superf\u00edcie e fornecimento de solu\u00e7\u00f5es de sistema. Oferecemos produtos personalizados e certificados pela CE: pulverizadores de fluxo de ar, pulverizadores mec\u00e2nicos, classificadores de fluxo de ar, linhas de classifica\u00e7\u00e3o de moinho de bolas, linhas de modifica\u00e7\u00e3o de superf\u00edcie, etc.[\/vc_column_text][vc_button outline=&#8221;yes&#8221; border_width=&#8221;0&#8243; icon=&#8221;fa fa-video-camera&#8221; media_lightbox=&#8221;94328&#8243; uncode_shortcode_id=&#8221;844682&#8243;]v\u00eddeo[\/vc_button][\/vc_column][\/vc_row][vc_row row_height_percent=&#8221;0&#8243; override_padding=&#8221;yes&#8221; h_padding=&#8221;2&#8243; top_padding=&#8221;3&#8243; bottom_padding=&#8221;3&#8243; back_color=&#8221;accent&#8221; back_image=&#8221;85354&#8243; overlay_color=&#8221;accent&#8221; overlay_alpha=&#8221;60&#8243; equal_height=&#8221;yes&#8221; gutter_size=&#8221;0&#8243; column_width_percent=&#8221;100&#8243; shift_y=&#8221;0&#8243; z_index=&#8221;0&#8243; style=&#8221;inherited&#8221;][vc_column column_width_percent=&#8221;80&#8243; position_vertical=&#8221;middle&#8221; align_horizontal=&#8221;align_center&#8221; gutter_size=&#8221;3&#8243; style=&#8221;dark&#8221; overlay_alpha=&#8221;100&#8243; border_color=&#8221;color-146634&#8243; border_style=&#8221;solid&#8221; shift_x=&#8221;0&#8243; shift_y=&#8221;0&#8243; shift_y_down=&#8221;0&#8243; z_index=&#8221;0&#8243; medium_width=&#8221;100&#8243; mobile_width=&#8221;0&#8243; css_animation=&#8221;bottom-t-top&#8221; zoom_width=&#8221;0&#8243; zoom_height=&#8221;0&#8243; width=&#8221;1\/3&#8243; safe_padding=&#8221;yes&#8221; css=&#8221;.vc_custom_1624506652681{border-right-width: 1px !important;}&#8221;][uncode_counter value=&#8221;100000&#8243; counter_color=&#8221;&#8221; text=&#8221;Mais de 50.000 metros quadrados de base de produ\u00e7\u00e3o de equipamentos&#8221; css_animation=&#8221;bottom-t-top&#8221; suffix=&#8221;\u33a1&#8221; uncode_shortcode_id=&#8221;165652&#8243;][\/vc_column][vc_column column_width_percent=&#8221;80&#8243; position_vertical=&#8221;middle&#8221; align_horizontal=&#8221;align_center&#8221; gutter_size=&#8221;3&#8243; style=&#8221;dark&#8221; overlay_alpha=&#8221;50&#8243; border_color=&#8221;color-146634&#8243; border_style=&#8221;solid&#8221; shift_x=&#8221;0&#8243; shift_y=&#8221;0&#8243; shift_y_down=&#8221;0&#8243; z_index=&#8221;0&#8243; medium_width=&#8221;0&#8243; mobile_width=&#8221;0&#8243; css_animation=&#8221;bottom-t-top&#8221; animation_delay=&#8221;100&#8243; width=&#8221;1\/3&#8243; css=&#8221;.vc_custom_1624506671576{border-right-width: 1px !important;}&#8221;][uncode_counter value=&#8221;3000&#8243; counter_color=&#8221;,\u9ed8\u8ba4&#8221; text=&#8221;Mais de 3000 clientes nacionais e internacionais&#8221; css_animation=&#8221;bottom-t-top&#8221; suffix=&#8221;+&#8221;][\/vc_column][vc_column column_width_percent=&#8221;80&#8243; position_vertical=&#8221;middle&#8221; align_horizontal=&#8221;align_center&#8221; gutter_size=&#8221;3&#8243; style=&#8221;dark&#8221; overlay_alpha=&#8221;50&#8243; shift_x=&#8221;0&#8243; shift_y=&#8221;0&#8243; shift_y_down=&#8221;0&#8243; z_index=&#8221;0&#8243; medium_width=&#8221;0&#8243; mobile_width=&#8221;0&#8243; css_animation=&#8221;bottom-t-top&#8221; animation_delay=&#8221;200&#8243; width=&#8221;1\/3&#8243;][uncode_counter value=&#8221;400&#8243; counter_color=&#8221;&#8221; text=&#8221;150 equipes de especialistas do setor&#8221; css_animation=&#8221;bottom-t-top&#8221; suffix=&#8221;+&#8221; uncode_shortcode_id=&#8221;201227&#8243;][\/vc_column][\/vc_row][vc_row row_height_percent=&#8221;0&#8243; override_padding=&#8221;yes&#8221; h_padding=&#8221;2&#8243; top_padding=&#8221;4&#8243; bottom_padding=&#8221;4&#8243; overlay_alpha=&#8221;100&#8243; gutter_size=&#8221;100&#8243; column_width_percent=&#8221;100&#8243; shift_y=&#8221;0&#8243; z_index=&#8221;0&#8243; style=&#8221;inherited&#8221;][vc_column column_width_percent=&#8221;100&#8243; align_horizontal=&#8221;align_center&#8221; gutter_size=&#8221;4&#8243; overlay_alpha=&#8221;50&#8243; shift_x=&#8221;0&#8243; shift_y=&#8221;0&#8243; shift_y_down=&#8221;0&#8243; z_index=&#8221;0&#8243; medium_width=&#8221;0&#8243; mobile_width=&#8221;0&#8243; zoom_width=&#8221;0&#8243; zoom_height=&#8221;0&#8243; width=&#8221;1\/1&#8243;][vc_gallery el_id=&#8221;gallery-12&#8243; type=&#8221;carousel&#8221; medias=&#8221;82067,82039,82036,82064,82026,82013&#8243; carousel_lg=&#8221;3&#8243; carousel_md=&#8221;1&#8243; carousel_sm=&#8221;1&#8243; thumb_size=&#8221;three-two&#8221; gutter_size=&#8221;3&#8243; media_items=&#8221;media|nolink|original,title,description&#8221; carousel_interval=&#8221;5000&#8243; carousel_navspeed=&#8221;400&#8243; carousel_nav=&#8221;yes&#8221; carousel_nav_mobile=&#8221;yes&#8221; carousel_dots=&#8221;yes&#8221; carousel_dots_mobile=&#8221;yes&#8221; stage_padding=&#8221;0&#8243; single_text=&#8221;under&#8221; single_overlay_color=&#8221;color-jevc&#8221; single_overlay_coloration=&#8221;bottom_gradient&#8221; single_overlay_opacity=&#8221;70&#8243; single_overlay_visible=&#8221;yes&#8221; single_overlay_anim=&#8221;no&#8221; single_text_visible=&#8221;yes&#8221; single_text_anim=&#8221;no&#8221; single_image_anim=&#8221;no&#8221; single_v_position=&#8221;bottom&#8221; single_padding=&#8221;1&#8243; single_title_dimension=&#8221;h4&#8243; single_icon=&#8221;fa fa-search3&#8243; single_border=&#8221;yes&#8221; lbox_caption=&#8221;yes&#8221; no_double_tap=&#8221;yes&#8221; carousel_rtl=&#8221;&#8221; single_title_uppercase=&#8221;&#8221; single_title_bold=&#8221;&#8221; single_title_serif=&#8221;&#8221; onclick=&#8221;link_image&#8221; custom_links_target=&#8221;_self&#8221; items=&#8221;eyI4ODY4X2kiOnsic2luZ2xlX3dpZHRoIjoiNCIsInNpbmdsZV9oZWlnaHQiOiI0In0sIjg4NjJfaSI6eyJzaW5nbGVfd2lkdGgiOiI0Iiwic2luZ2xlX2hlaWdodCI6IjQifSwiODg2MF9pIjp7InNpbmdsZV93aWR0aCI6IjQiLCJzaW5nbGVfaGVpZ2h0IjoiNCJ9LCIyNjIxOF9pIjp7InNpbmdsZV93aWR0aCI6IjQiLCJzaW5nbGVfaGVpZ2h0IjoiNCJ9LCIyNjIyNF9pIjp7InNpbmdsZV93aWR0aCI6IjQiLCJzaW5nbGVfaGVpZ2h0IjoiNCJ9LCIyNjIyMl9pIjp7InNpbmdsZV93aWR0aCI6IjQiLCJzaW5nbGVfaGVpZ2h0IjoiNCJ9LCIyNjIyOV9pIjp7InNpbmdsZV93aWR0aCI6IjQiLCJzaW5nbGVfaGVpZ2h0IjoiNCJ9fQ==&#8221; single_half_padding=&#8221;&#8221; single_no_background=&#8221;&#8221; uncode_shortcode_id=&#8221;540513&#8243;][\/vc_column][\/vc_row][vc_row row_height_percent=&#8221;0&#8243; override_padding=&#8221;yes&#8221; h_padding=&#8221;2&#8243; top_padding=&#8221;4&#8243; bottom_padding=&#8221;5&#8243; back_color=&#8221;accent&#8221; back_image=&#8221;85354&#8243; overlay_color=&#8221;accent&#8221; overlay_alpha=&#8221;60&#8243; equal_height=&#8221;yes&#8221; gutter_size=&#8221;0&#8243; column_width_percent=&#8221;100&#8243; shift_y=&#8221;0&#8243; z_index=&#8221;0&#8243; style=&#8221;inherited&#8221;][vc_column column_width_percent=&#8221;100&#8243; position_vertical=&#8221;middle&#8221; align_horizontal=&#8221;align_center&#8221; gutter_size=&#8221;2&#8243; style=&#8221;dark&#8221; overlay_alpha=&#8221;100&#8243; shift_x=&#8221;0&#8243; shift_y=&#8221;0&#8243; shift_y_down=&#8221;0&#8243; z_index=&#8221;0&#8243; medium_width=&#8221;100&#8243; mobile_width=&#8221;0&#8243; css_animation=&#8221;bottom-t-top&#8221; zoom_width=&#8221;0&#8243; zoom_height=&#8221;0&#8243; width=&#8221;1\/1&#8243; safe_padding=&#8221;yes&#8221;][vc_custom_heading]Princ\u00edpios da empresa[\/vc_custom_heading][vc_custom_heading text_size=&#8221;fontsize-964839&#8243; text_weight=&#8221;600&#8243; text_transform=&#8221;uppercase&#8221;]Conformidade e Confian\u00e7a &#8211; Harmonia e Coexist\u00eancia[\/vc_custom_heading][\/vc_column][\/vc_row][vc_row row_height_percent=&#8221;0&#8243; override_padding=&#8221;yes&#8221; h_padding=&#8221;2&#8243; top_padding=&#8221;4&#8243; bottom_padding=&#8221;4&#8243; back_color=&#8221;color-lxmt&#8221; overlay_alpha=&#8221;100&#8243; gutter_size=&#8221;100&#8243; column_width_percent=&#8221;100&#8243; border_style=&#8221;solid&#8221; shift_y=&#8221;0&#8243; z_index=&#8221;0&#8243; style=&#8221;inherited&#8221; css=&#8221;.vc_custom_1619167796650{border-top-width: 1px !important;border-bottom-width: 1px !important;}&#8221;][vc_column column_width_percent=&#8221;100&#8243; align_horizontal=&#8221;align_center&#8221; gutter_size=&#8221;4&#8243; overlay_alpha=&#8221;50&#8243; shift_x=&#8221;0&#8243; shift_y=&#8221;0&#8243; shift_y_down=&#8221;0&#8243; z_index=&#8221;0&#8243; medium_width=&#8221;0&#8243; mobile_width=&#8221;0&#8243; zoom_width=&#8221;0&#8243; zoom_height=&#8221;0&#8243; width=&#8221;1\/1&#8243;][vc_custom_heading]Estilo da empresa[\/vc_custom_heading][vc_gallery el_id=&#8221;gallery-43823&#8243; isotope_mode=&#8221;packery&#8221; medias=&#8221;86546,86548,86550,86551,82090,82089,82087,82082,82081,82080,81987,82033,86549,86554,86555,86556&#8243; gutter_size=&#8221;2&#8243; media_items=&#8221;media,icon&#8221; screen_lg=&#8221;1000&#8243; screen_md=&#8221;600&#8243; screen_sm=&#8221;480&#8243; single_width=&#8221;3&#8243; single_overlay_color=&#8221;color-jevc&#8221; single_overlay_opacity=&#8221;50&#8243; single_h_align=&#8221;center&#8221; single_padding=&#8221;2&#8243; single_icon=&#8221;fa fa-plus2&#8243; single_border=&#8221;yes&#8221; lbox_title=&#8221;yes&#8221; lbox_caption=&#8221;yes&#8221; lbox_social=&#8221;yes&#8221; lbox_deep=&#8221;yes&#8221; lbox_no_tmb=&#8221;yes&#8221; no_double_tap=&#8221;yes&#8221; items=&#8221;eyI4NjU0Nl9pIjp7InNpbmdsZV93aWR0aCI6IjYifSwiODY1NDlfaSI6eyJzaW5nbGVfd2lkdGgiOiI2In19&#8243;][\/vc_column][\/vc_row]<\/p>\n<\/section>","protected":false},"excerpt":{"rendered":"<p>[vc_row row_height_percent=&#8221;100&#8243; back_color=&#8221;accent&#8221; back_image=&#8221;86448&#8243; overlay_color=&#8221;color-jevc&#8221; overlay_alpha=&#8221;20&#8243; equal_height=&#8221;yes&#8221; gutter_size=&#8221;0&#8243; column_width_use_pixel=&#8221;yes&#8221; shift_y=&#8221;0&#8243; z_index=&#8221;0&#8243;][vc_column column_width_use_pixel=&#8221;yes&#8221; position_vertical=&#8221;middle&#8221; align_horizontal=&#8221;align_center&#8221; gutter_size=&#8221;3&#8243; style=&#8221;dark&#8221; overlay_alpha=&#8221;50&#8243; shift_x=&#8221;0&#8243; shift_y=&#8221;0&#8243; shift_y_down=&#8221;0&#8243; [&hellip;]<\/p>\n","protected":false},"author":6,"featured_media":0,"parent":0,"menu_order":0,"comment_status":"closed","ping_status":"closed","template":"","meta":{"_acf_changed":false,"footnotes":""},"class_list":["post-93413","page","type-page","status-publish","hentry"],"acf":[],"_links":{"self":[{"href":"https:\/\/www.alpapowder.com\/pt-pt\/wp-json\/wp\/v2\/pages\/93413","targetHints":{"allow":["GET"]}}],"collection":[{"href":"https:\/\/www.alpapowder.com\/pt-pt\/wp-json\/wp\/v2\/pages"}],"about":[{"href":"https:\/\/www.alpapowder.com\/pt-pt\/wp-json\/wp\/v2\/types\/page"}],"author":[{"embeddable":true,"href":"https:\/\/www.alpapowder.com\/pt-pt\/wp-json\/wp\/v2\/users\/6"}],"replies":[{"embeddable":true,"href":"https:\/\/www.alpapowder.com\/pt-pt\/wp-json\/wp\/v2\/comments?post=93413"}],"version-history":[{"count":0,"href":"https:\/\/www.alpapowder.com\/pt-pt\/wp-json\/wp\/v2\/pages\/93413\/revisions"}],"wp:attachment":[{"href":"https:\/\/www.alpapowder.com\/pt-pt\/wp-json\/wp\/v2\/media?parent=93413"}],"curies":[{"name":"wp","href":"https:\/\/api.w.org\/{rel}","templated":true}]}}