{"id":93460,"date":"2021-06-24T13:06:57","date_gmt":"2021-06-24T05:06:57","guid":{"rendered":"https:\/\/www.alpapowder.com\/moagem-ultra-fina-a-seco\/"},"modified":"2021-06-26T14:15:48","modified_gmt":"2021-06-26T06:15:48","slug":"moagem-ultra-fina-a-seco","status":"publish","type":"page","link":"https:\/\/www.alpapowder.com\/pt-pt\/moagem-ultra-fina-a-seco\/","title":{"rendered":"Moagem ultra-fina a seco"},"content":{"rendered":"<section class=\"wpb-content-wrapper\"><p>[vc_row row_height_percent=&#8221;70&#8243; override_padding=&#8221;yes&#8221; h_padding=&#8221;2&#8243; top_padding=&#8221;3&#8243; bottom_padding=&#8221;3&#8243; back_image=&#8221;82890&#8243; overlay_alpha=&#8221;50&#8243; equal_height=&#8221;yes&#8221; gutter_size=&#8221;0&#8243; column_width_percent=&#8221;100&#8243; shift_y=&#8221;0&#8243; z_index=&#8221;0&#8243;][vc_column column_width_use_pixel=&#8221;yes&#8221; position_vertical=&#8221;middle&#8221; align_horizontal=&#8221;align_center&#8221; gutter_size=&#8221;3&#8243; style=&#8221;dark&#8221; overlay_alpha=&#8221;50&#8243; border_style=&#8221;solid&#8221; shift_x=&#8221;0&#8243; shift_y=&#8221;0&#8243; shift_y_down=&#8221;0&#8243; z_index=&#8221;0&#8243; medium_width=&#8221;3&#8243; mobile_width=&#8221;0&#8243; width=&#8221;1\/1&#8243; css=&#8221;.vc_custom_1621308203901{border-right-width: 1px !important;}&#8221; column_width_pixel=&#8221;800&#8243;][vc_custom_heading auto_text=&#8221;yes&#8221; heading_semantic=&#8221;h1&#8243; text_size=&#8221;h1&#8243; subheading=&#8221;Muitos dos produtos em nossa vida di\u00e1ria s\u00e3o criados atrav\u00e9s de um processo de moagem. De cereais para o caf\u00e9 da manh\u00e3 a rem\u00e9dios para resfriados e gripes a tintas e cimentos, a moagem \u00e9 um passo fundamental para trazer um produto para o mercado na forma correta.&#8221;][\/vc_custom_heading][vc_separator sep_color=&#8221;color-708378&#8243; el_width=&#8221;100px&#8221; el_height=&#8221;2px&#8221;][\/vc_column][\/vc_row][vc_row row_height_percent=&#8221;0&#8243; override_padding=&#8221;yes&#8221; h_padding=&#8221;2&#8243; top_padding=&#8221;4&#8243; bottom_padding=&#8221;0&#8243; overlay_alpha=&#8221;50&#8243; equal_height=&#8221;yes&#8221; gutter_size=&#8221;0&#8243; column_width_percent=&#8221;100&#8243; shift_y=&#8221;0&#8243; z_index=&#8221;0&#8243;][vc_column column_width_use_pixel=&#8221;yes&#8221; align_horizontal=&#8221;align_center&#8221; gutter_size=&#8221;3&#8243; overlay_alpha=&#8221;50&#8243; border_style=&#8221;solid&#8221; shift_x=&#8221;0&#8243; shift_y=&#8221;0&#8243; shift_y_down=&#8221;0&#8243; z_index=&#8221;0&#8243; medium_width=&#8221;3&#8243; mobile_width=&#8221;0&#8243; css_animation=&#8221;bottom-t-top&#8221; width=&#8221;1\/1&#8243; css=&#8221;.vc_custom_1622440152451{border-right-width: 1px !important;}&#8221; column_width_pixel=&#8221;1000&#8243;][vc_custom_heading sub_lead=&#8221;yes&#8221; sub_reduced=&#8221;yes&#8221; subheading=&#8221;Moagem a seco e moagem a \u00famido s\u00e3o dois m\u00e9todos de moagem comuns e eficazes&#8221;]As vantagens da moagem a seco sobre a moagem \u00famida s\u00e3o \u00f3bvias[\/vc_custom_heading][vc_column_text]Normalmente, nas m\u00e1quinas utilizadas para moagem a seco, o material \u00e9 exposto e impacta outras part\u00edculas ou rotores em uma \u00e1rea fechada at\u00e9 que seja quebrado no tamanho desejado. A moagem a seco pode levar part\u00edculas ao tamanho de m\u00edcrons. No entanto, se forem atingidos tamanhos nanom\u00e9tricos menores, ent\u00e3o a moagem \u00famida \u00e9 a \u00fanica maneira de atingir este objetivo.[\/vc_column_text][vc_separator sep_color=&#8221;color-708378&#8243; el_width=&#8221;100px&#8221; el_height=&#8221;2px&#8221;][\/vc_column][\/vc_row][vc_row row_height_percent=&#8221;0&#8243; override_padding=&#8221;yes&#8221; h_padding=&#8221;2&#8243; top_padding=&#8221;2&#8243; bottom_padding=&#8221;0&#8243; overlay_alpha=&#8221;50&#8243; equal_height=&#8221;yes&#8221; gutter_size=&#8221;0&#8243; column_width_percent=&#8221;100&#8243; shift_y=&#8221;0&#8243; z_index=&#8221;0&#8243;][vc_column column_width_use_pixel=&#8221;yes&#8221; align_horizontal=&#8221;align_center&#8221; gutter_size=&#8221;3&#8243; overlay_alpha=&#8221;50&#8243; preserve_border=&#8221;yes&#8221; preserve_border_tablet=&#8221;yes&#8221; preserve_border_mobile=&#8221;yes&#8221; border_color=&#8221;color-177537&#8243; border_style=&#8221;solid&#8221; shift_x=&#8221;0&#8243; shift_y=&#8221;0&#8243; shift_y_down=&#8221;0&#8243; z_index=&#8221;0&#8243; medium_width=&#8221;2&#8243; mobile_width=&#8221;4&#8243; css_animation=&#8221;bottom-t-top&#8221; width=&#8221;1\/4&#8243; css=&#8221;.vc_custom_1624062821762{border-right-width: 1px !important;padding-top: 20px !important;padding-right: 20px !important;padding-bottom: 20px !important;padding-left: 20px !important;}&#8221;][vc_icon icon=&#8221;fa fa-presentation&#8221; size=&#8221;fa-3x&#8221; text_size=&#8221;h4&#8243; text_reduced=&#8221;yes&#8221;]Redu\u00e7\u00e3o significativa nos custos de mat\u00e9ria-prima[\/vc_icon][\/vc_column][vc_column column_width_use_pixel=&#8221;yes&#8221; align_horizontal=&#8221;align_center&#8221; gutter_size=&#8221;3&#8243; overlay_alpha=&#8221;50&#8243; preserve_border=&#8221;yes&#8221; preserve_border_tablet=&#8221;yes&#8221; border_color=&#8221;color-177537&#8243; border_style=&#8221;solid&#8221; shift_x=&#8221;0&#8243; shift_y=&#8221;0&#8243; shift_y_down=&#8221;0&#8243; z_index=&#8221;0&#8243; medium_width=&#8221;2&#8243; mobile_width=&#8221;4&#8243; css_animation=&#8221;bottom-t-top&#8221; animation_delay=&#8221;100&#8243; width=&#8221;1\/4&#8243; css=&#8221;.vc_custom_1624062876358{border-right-width: 1px !important;padding-top: 20px !important;padding-right: 20px !important;padding-bottom: 20px !important;padding-left: 20px !important;}&#8221;][vc_icon icon=&#8221;fa fa-bolt&#8221; size=&#8221;fa-3x&#8221; text_size=&#8221;h4&#8243; text_reduced=&#8221;yes&#8221;]Consumo significativamente menor de energia e calor[\/vc_icon][\/vc_column][vc_column column_width_percent=&#8221;90&#8243; align_horizontal=&#8221;align_center&#8221; gutter_size=&#8221;3&#8243; overlay_alpha=&#8221;50&#8243; preserve_border=&#8221;yes&#8221; preserve_border_tablet=&#8221;yes&#8221; preserve_border_mobile=&#8221;yes&#8221; border_color=&#8221;color-177537&#8243; border_style=&#8221;solid&#8221; shift_x=&#8221;0&#8243; shift_y=&#8221;0&#8243; shift_y_down=&#8221;0&#8243; z_index=&#8221;0&#8243; medium_width=&#8221;2&#8243; mobile_width=&#8221;4&#8243; css_animation=&#8221;bottom-t-top&#8221; animation_delay=&#8221;200&#8243; width=&#8221;1\/4&#8243; css=&#8221;.vc_custom_1624062894990{border-right-width: 1px !important;padding-top: 20px !important;padding-right: 20px !important;padding-bottom: 20px !important;padding-left: 20px !important;}&#8221;][vc_icon icon=&#8221;fa fa-sun2&#8243; size=&#8221;fa-3x&#8221; text_size=&#8221;h4&#8243; text_reduced=&#8221;yes&#8221;]Emiss\u00f5es de gases de efeito estufa muito baixas[\/vc_icon][\/vc_column][vc_column column_width_percent=&#8221;90&#8243; align_horizontal=&#8221;align_center&#8221; gutter_size=&#8221;3&#8243; overlay_alpha=&#8221;50&#8243; shift_x=&#8221;0&#8243; shift_y=&#8221;0&#8243; shift_y_down=&#8221;0&#8243; z_index=&#8221;0&#8243; medium_width=&#8221;2&#8243; mobile_width=&#8221;4&#8243; css_animation=&#8221;bottom-t-top&#8221; animation_delay=&#8221;300&#8243; width=&#8221;1\/4&#8243; css=&#8221;.vc_custom_1624062908963{padding-top: 20px !important;padding-right: 20px !important;padding-bottom: 20px !important;padding-left: 20px !important;}&#8221;][vc_icon icon=&#8221;fa fa-drop2&#8243; size=&#8221;fa-3x&#8221; text_size=&#8221;h4&#8243; text_reduced=&#8221;yes&#8221;]Consumo de \u00e1gua significativamente reduzido[\/vc_icon][\/vc_column][\/vc_row][vc_row row_height_percent=&#8221;0&#8243; override_padding=&#8221;yes&#8221; h_padding=&#8221;2&#8243; top_padding=&#8221;0&#8243; bottom_padding=&#8221;0&#8243; overlay_alpha=&#8221;50&#8243; gutter_size=&#8221;3&#8243; column_width_percent=&#8221;100&#8243; shift_y=&#8221;0&#8243; z_index=&#8221;0&#8243; mobile_visibility=&#8221;yes&#8221;][vc_column column_width_percent=&#8221;100&#8243; gutter_size=&#8221;3&#8243; overlay_alpha=&#8221;50&#8243; shift_x=&#8221;0&#8243; shift_y=&#8221;0&#8243; shift_y_down=&#8221;0&#8243; z_index=&#8221;0&#8243; medium_width=&#8221;0&#8243; mobile_width=&#8221;0&#8243; css_animation=&#8221;bottom-t-top&#8221; width=&#8221;1\/1&#8243;][vc_separator][\/vc_column][\/vc_row][vc_row row_height_percent=&#8221;0&#8243; override_padding=&#8221;yes&#8221; h_padding=&#8221;2&#8243; top_padding=&#8221;0&#8243; bottom_padding=&#8221;4&#8243; overlay_alpha=&#8221;50&#8243; equal_height=&#8221;yes&#8221; gutter_size=&#8221;0&#8243; column_width_percent=&#8221;100&#8243; shift_y=&#8221;0&#8243; z_index=&#8221;0&#8243;][vc_column column_width_use_pixel=&#8221;yes&#8221; align_horizontal=&#8221;align_center&#8221; gutter_size=&#8221;3&#8243; overlay_alpha=&#8221;50&#8243; preserve_border=&#8221;yes&#8221; preserve_border_tablet=&#8221;yes&#8221; preserve_border_mobile=&#8221;yes&#8221; border_color=&#8221;color-177537&#8243; border_style=&#8221;solid&#8221; shift_x=&#8221;0&#8243; shift_y=&#8221;0&#8243; shift_y_down=&#8221;0&#8243; z_index=&#8221;0&#8243; medium_width=&#8221;2&#8243; mobile_width=&#8221;4&#8243; css_animation=&#8221;bottom-t-top&#8221; width=&#8221;1\/4&#8243; css=&#8221;.vc_custom_1624063155877{border-right-width: 1px !important;padding-top: 30px !important;padding-right: 20px !important;padding-bottom: 20px !important;padding-left: 20px !important;}&#8221;][vc_icon icon=&#8221;fa fa-diamond2&#8243; size=&#8221;fa-3x&#8221; text_size=&#8221;h4&#8243; text_reduced=&#8221;yes&#8221;]Elimina\u00e7\u00e3o dos custos adicionais necess\u00e1rios para processar o chorume[\/vc_icon][\/vc_column][vc_column column_width_use_pixel=&#8221;yes&#8221; align_horizontal=&#8221;align_center&#8221; gutter_size=&#8221;3&#8243; overlay_alpha=&#8221;50&#8243; preserve_border=&#8221;yes&#8221; preserve_border_tablet=&#8221;yes&#8221; border_color=&#8221;color-177537&#8243; border_style=&#8221;solid&#8221; shift_x=&#8221;0&#8243; shift_y=&#8221;0&#8243; shift_y_down=&#8221;0&#8243; z_index=&#8221;0&#8243; medium_width=&#8221;2&#8243; mobile_width=&#8221;4&#8243; css_animation=&#8221;bottom-t-top&#8221; animation_delay=&#8221;100&#8243; width=&#8221;1\/4&#8243; css=&#8221;.vc_custom_1624063162716{border-right-width: 1px !important;padding-top: 30px !important;padding-right: 20px !important;padding-bottom: 20px !important;padding-left: 20px !important;}&#8221;][vc_icon icon=&#8221;fa fa-recycle2&#8243; size=&#8221;fa-3x&#8221; text_size=&#8221;h4&#8243; text_reduced=&#8221;yes&#8221;]Os res\u00edduos de produ\u00e7\u00e3o podem ser totalmente reciclados[\/vc_icon][\/vc_column][vc_column column_width_use_pixel=&#8221;yes&#8221; align_horizontal=&#8221;align_center&#8221; gutter_size=&#8221;3&#8243; overlay_alpha=&#8221;50&#8243; preserve_border=&#8221;yes&#8221; preserve_border_tablet=&#8221;yes&#8221; preserve_border_mobile=&#8221;yes&#8221; border_color=&#8221;color-177537&#8243; border_style=&#8221;solid&#8221; shift_x=&#8221;0&#8243; shift_y=&#8221;0&#8243; shift_y_down=&#8221;0&#8243; z_index=&#8221;0&#8243; medium_width=&#8221;2&#8243; mobile_width=&#8221;4&#8243; css_animation=&#8221;bottom-t-top&#8221; animation_delay=&#8221;200&#8243; width=&#8221;1\/4&#8243; css=&#8221;.vc_custom_1624063167876{border-right-width: 1px !important;padding-top: 30px !important;padding-right: 20px !important;padding-bottom: 20px !important;padding-left: 20px !important;}&#8221;][vc_icon icon=&#8221;fa fa-apartment&#8221; size=&#8221;fa-3x&#8221; text_size=&#8221;h4&#8243; text_reduced=&#8221;yes&#8221;]Redu\u00e7\u00e3o do espa\u00e7o e estrutura necess\u00e1rios para a instala\u00e7\u00e3o[\/vc_icon][\/vc_column][vc_column column_width_use_pixel=&#8221;yes&#8221; align_horizontal=&#8221;align_center&#8221; gutter_size=&#8221;3&#8243; overlay_alpha=&#8221;50&#8243; shift_x=&#8221;0&#8243; shift_y=&#8221;0&#8243; shift_y_down=&#8221;0&#8243; z_index=&#8221;0&#8243; medium_width=&#8221;2&#8243; mobile_width=&#8221;4&#8243; css_animation=&#8221;bottom-t-top&#8221; animation_delay=&#8221;300&#8243; width=&#8221;1\/4&#8243; css=&#8221;.vc_custom_1624063173494{padding-top: 30px !important;padding-right: 20px !important;padding-bottom: 20px !important;padding-left: 20px !important;}&#8221;][vc_icon icon=&#8221;fa fa-leaf3&#8243; size=&#8221;fa-3x&#8221; text_size=&#8221;h4&#8243; text_reduced=&#8221;yes&#8221;]Proporciona um ambiente mais saud\u00e1vel e seguro para os trabalhadores[\/vc_icon][\/vc_column][\/vc_row][vc_row row_height_percent=&#8221;0&#8243; override_padding=&#8221;yes&#8221; h_padding=&#8221;2&#8243; top_padding=&#8221;4&#8243; bottom_padding=&#8221;4&#8243; back_color=&#8221;accent&#8221; overlay_alpha=&#8221;100&#8243; gutter_size=&#8221;4&#8243; column_width_percent=&#8221;100&#8243; shift_y=&#8221;0&#8243; z_index=&#8221;0&#8243; style=&#8221;inherited&#8221;][vc_column column_width_percent=&#8221;100&#8243; align_horizontal=&#8221;align_center&#8221; gutter_size=&#8221;1&#8243; style=&#8221;dark&#8221; overlay_alpha=&#8221;50&#8243; shift_x=&#8221;0&#8243; shift_y=&#8221;0&#8243; shift_y_down=&#8221;0&#8243; z_index=&#8221;0&#8243; medium_width=&#8221;0&#8243; mobile_width=&#8221;0&#8243; zoom_width=&#8221;0&#8243; zoom_height=&#8221;0&#8243; width=&#8221;1\/1&#8243;][vc_row_inner row_inner_height_percent=&#8221;0&#8243; overlay_alpha=&#8221;50&#8243; gutter_size=&#8221;4&#8243; shift_y=&#8221;0&#8243; z_index=&#8221;0&#8243;][vc_column_inner column_width_percent=&#8221;100&#8243; gutter_size=&#8221;1&#8243; style=&#8221;dark&#8221; overlay_alpha=&#8221;50&#8243; shift_x=&#8221;0&#8243; shift_y=&#8221;0&#8243; shift_y_down=&#8221;0&#8243; z_index=&#8221;0&#8243; medium_width=&#8221;0&#8243; mobile_width=&#8221;0&#8243; css_animation=&#8221;bottom-t-top&#8221; width=&#8221;1\/2&#8243;][vc_custom_heading]ALPA oferece uma ampla gama de equipamentos de moagem a seco ultra-fino para uma variedade de materiais[\/vc_custom_heading][vc_empty_space empty_h=&#8221;2&#8243;][vc_separator sep_color=&#8221;color-708378&#8243; el_width=&#8221;60px&#8221; el_height=&#8221;2px&#8221;][vc_empty_space empty_h=&#8221;2&#8243;][vc_custom_heading text_size=&#8221;h4&#8243; sub_reduced=&#8221;yes&#8221; subheading=&#8221;Os moinhos de impacto mec\u00e2nico s\u00e3o altamente eficientes, com efeitos tanto de impacto quanto de fric\u00e7\u00e3o, grandes propor\u00e7\u00f5es de moagem, estrutura simples, opera\u00e7\u00e3o est\u00e1vel e adequados para a moagem de materiais duros m\u00e9dios a moles.&#8221;]Moinhos de impacto[\/vc_custom_heading][vc_empty_space empty_h=&#8221;2&#8243;][vc_custom_heading text_size=&#8221;h4&#8243; sub_reduced=&#8221;yes&#8221; subheading=&#8221;O moinho de fluxo de ar utiliza o fluxo de ar supers\u00f4nico de alta turbul\u00eancia gerado pelo ar comprimido ou vapor superaquecido atrav\u00e9s do bocal como transportador das part\u00edculas, e o impacto de esmagamento, fric\u00e7\u00e3o e cisalhamento ocorre entre as part\u00edculas e as part\u00edculas ou entre as part\u00edculas e a placa fixa, de modo a atingir o objetivo de esmagamento.&#8221;]Moinho de fluxo de ar[\/vc_custom_heading][vc_empty_space empty_h=&#8221;2&#8243;][vc_custom_heading text_size=&#8221;h4&#8243; sub_reduced=&#8221;yes&#8221; subheading=&#8221;A linha de produ\u00e7\u00e3o do moinho de bolas \u00e9 um conjunto completo de sistema de tritura\u00e7\u00e3o que consiste em triturador de fluxo de ar com separador ciclone, coletor de p\u00f3 e ventilador de tiragem induzida.&#8221;]Moinho de bolas+Classifica\u00e7\u00e3o[\/vc_custom_heading][\/vc_column_inner][vc_column_inner column_width_percent=&#8221;100&#8243; position_vertical=&#8221;middle&#8221; gutter_size=&#8221;3&#8243; overlay_alpha=&#8221;50&#8243; shift_x=&#8221;0&#8243; shift_y=&#8221;0&#8243; shift_y_down=&#8221;0&#8243; z_index=&#8221;0&#8243; medium_width=&#8221;0&#8243; mobile_width=&#8221;0&#8243; width=&#8221;1\/2&#8243;][vc_single_image media=&#8221;94770&#8243; media_width_percent=&#8221;100&#8243; css_animation=&#8221;bottom-t-top&#8221;][\/vc_column_inner][\/vc_row_inner][\/vc_column][\/vc_row][vc_row unlock_row_content=&#8221;yes&#8221; row_height_percent=&#8221;0&#8243; override_padding=&#8221;yes&#8221; h_padding=&#8221;0&#8243; top_padding=&#8221;1&#8243; bottom_padding=&#8221;0&#8243; back_color=&#8221;color-177537&#8243; overlay_alpha=&#8221;0&#8243; gutter_size=&#8221;100&#8243; column_width_percent=&#8221;100&#8243; shift_y=&#8221;0&#8243; z_index=&#8221;0&#8243; style=&#8221;dark&#8221;][vc_column column_width_percent=&#8221;100&#8243; align_horizontal=&#8221;align_center&#8221; gutter_size=&#8221;4&#8243; style=&#8221;dark&#8221; overlay_alpha=&#8221;50&#8243; shift_x=&#8221;0&#8243; shift_y=&#8221;0&#8243; shift_y_down=&#8221;0&#8243; z_index=&#8221;0&#8243; medium_width=&#8221;0&#8243; mobile_width=&#8221;0&#8243; width=&#8221;1\/1&#8243; css=&#8221;.vc_custom_1620462451197{padding-bottom: 2px !important;}&#8221;][uncode_index el_id=&#8221;index-1&#8243; loop=&#8221;size:20|order_by:date|order:DESC|post_type:portfolio|tax_query:122,119,120|taxonomy_count:10&#8243; gutter_size=&#8221;1&#8243; post_items=&#8221;title,media,text,link,author,date,category,extra&#8221; page_items=&#8221;title,media,text,category&#8221; product_items=&#8221;title,media,text,category,price&#8221; portfolio_items=&#8221;media|featured|onpost|original,title,acf-field_608bc5c592a93&#8243; screen_lg=&#8221;1000&#8243; screen_md=&#8221;600&#8243; screen_sm=&#8221;480&#8243; single_text=&#8221;overlay&#8221; single_width=&#8221;3&#8243; images_size=&#8221;one-one&#8221; single_style=&#8221;dark&#8221; single_overlay_opacity=&#8221;1&#8243; single_overlay_anim=&#8221;no&#8221; single_text_visible=&#8221;yes&#8221; single_text_anim=&#8221;no&#8221; single_v_position=&#8221;top&#8221; single_padding=&#8221;2&#8243; single_title_dimension=&#8221;h5&#8243; single_border=&#8221;yes&#8221; single_image_anim_move=&#8221;yes&#8221; filtering_menu=&#8221;inline&#8221; single_block_click=&#8221;yes&#8221; single_text_hover=&#8221;yes&#8221; single_no_background=&#8221;&#8221; single_title_uppercase=&#8221;&#8221; single_title_serif=&#8221;&#8221; single_title_divider=&#8221;&#8221; single_title_bold=&#8221;&#8221; single_half_padding=&#8221;&#8221; footer_position=&#8221;left&#8221; carousel_rtl=&#8221;&#8221; filtering_transform=&#8221;&#8221; single_icon=&#8221;fa fa-plus2&#8243;][\/vc_column][\/vc_row][vc_row row_height_percent=&#8221;0&#8243; override_padding=&#8221;yes&#8221; h_padding=&#8221;2&#8243; top_padding=&#8221;4&#8243; bottom_padding=&#8221;2&#8243; overlay_alpha=&#8221;50&#8243; gutter_size=&#8221;3&#8243; column_width_percent=&#8221;100&#8243; shift_y=&#8221;0&#8243; z_index=&#8221;0&#8243;][vc_column width=&#8221;1\/1&#8243;][uncode_block id=&#8221;84835&#8243; inside_column=&#8221;yes&#8221;][uncode_block id=&#8221;83385&#8243; inside_column=&#8221;yes&#8221;][\/vc_column][\/vc_row][vc_row row_height_percent=&#8221;0&#8243; override_padding=&#8221;yes&#8221; h_padding=&#8221;2&#8243; top_padding=&#8221;2&#8243; bottom_padding=&#8221;4&#8243; overlay_alpha=&#8221;50&#8243; gutter_size=&#8221;3&#8243; column_width_percent=&#8221;100&#8243; shift_y=&#8221;0&#8243; z_index=&#8221;0&#8243;][vc_column width=&#8221;1\/1&#8243;][uncode_index el_id=&#8221;index-1041816597&#8243; isotope_mode=&#8221;fitRows&#8221; loop=&#8221;size:9|order_by:date|post_type:project|tax_query:127|taxonomy_count:10&#8243; pagination=&#8221;yes&#8221; gutter_size=&#8221;3&#8243; post_items=&#8221;media|featured|onpost|poster,title,text|excerpt|75&#8243; product_items=&#8221;title,price,media|featured|onpost|original&#8221; portfolio_items=&#8221;title,media|featured|onpost|original&#8221; project_items=&#8221;title,media|featured|onpost|original,text|excerpt,icon|sm,acf-field_607e48db91dd6,spacer|half&#8221; screen_lg=&#8221;1000&#8243; screen_md=&#8221;600&#8243; screen_sm=&#8221;480&#8243; images_size=&#8221;sixteen-nine&#8221; single_overlay_color=&#8221;color-jevc&#8221; single_overlay_opacity=&#8221;50&#8243; single_text_anim_type=&#8221;btt&#8221; single_padding=&#8221;1&#8243; single_title_dimension=&#8221;h5&#8243; single_border=&#8221;yes&#8221; custom_order=&#8221;yes&#8221; order_ids=&#8221;19264,19265,18999,18996,18998,18995,18997,18967&#8243; single_icon=&#8221;fa fa-plus2&#8243;][\/vc_column][\/vc_row]<\/p>\n<\/section>","protected":false},"excerpt":{"rendered":"<p>[vc_row row_height_percent=&#8221;70&#8243; override_padding=&#8221;yes&#8221; h_padding=&#8221;2&#8243; top_padding=&#8221;3&#8243; bottom_padding=&#8221;3&#8243; back_image=&#8221;82890&#8243; overlay_alpha=&#8221;50&#8243; equal_height=&#8221;yes&#8221; gutter_size=&#8221;0&#8243; column_width_percent=&#8221;100&#8243; shift_y=&#8221;0&#8243; z_index=&#8221;0&#8243;][vc_column column_width_use_pixel=&#8221;yes&#8221; position_vertical=&#8221;middle&#8221; align_horizontal=&#8221;align_center&#8221; gutter_size=&#8221;3&#8243; style=&#8221;dark&#8221; overlay_alpha=&#8221;50&#8243; border_style=&#8221;solid&#8221; [&hellip;]<\/p>\n","protected":false},"author":6,"featured_media":93475,"parent":0,"menu_order":0,"comment_status":"closed","ping_status":"closed","template":"","meta":{"_acf_changed":false,"footnotes":""},"class_list":["post-93460","page","type-page","status-publish","has-post-thumbnail","hentry"],"acf":[],"_links":{"self":[{"href":"https:\/\/www.alpapowder.com\/pt-pt\/wp-json\/wp\/v2\/pages\/93460","targetHints":{"allow":["GET"]}}],"collection":[{"href":"https:\/\/www.alpapowder.com\/pt-pt\/wp-json\/wp\/v2\/pages"}],"about":[{"href":"https:\/\/www.alpapowder.com\/pt-pt\/wp-json\/wp\/v2\/types\/page"}],"author":[{"embeddable":true,"href":"https:\/\/www.alpapowder.com\/pt-pt\/wp-json\/wp\/v2\/users\/6"}],"replies":[{"embeddable":true,"href":"https:\/\/www.alpapowder.com\/pt-pt\/wp-json\/wp\/v2\/comments?post=93460"}],"version-history":[{"count":0,"href":"https:\/\/www.alpapowder.com\/pt-pt\/wp-json\/wp\/v2\/pages\/93460\/revisions"}],"wp:featuredmedia":[{"embeddable":true,"href":"https:\/\/www.alpapowder.com\/pt-pt\/wp-json\/wp\/v2\/media\/93475"}],"wp:attachment":[{"href":"https:\/\/www.alpapowder.com\/pt-pt\/wp-json\/wp\/v2\/media?parent=93460"}],"curies":[{"name":"wp","href":"https:\/\/api.w.org\/{rel}","templated":true}]}}