{"id":94013,"date":"2021-06-25T11:13:31","date_gmt":"2021-06-25T03:13:31","guid":{"rendered":"https:\/\/www.alpapowder.com\/inicio\/"},"modified":"2021-07-12T09:20:39","modified_gmt":"2021-07-12T01:20:39","slug":"inicio","status":"publish","type":"page","link":"https:\/\/www.alpapowder.com\/pt-pt\/","title":{"rendered":"In\u00edcio"},"content":{"rendered":"<section class=\"wpb-content-wrapper\"><p>[vc_row unlock_row_content=&#8221;yes&#8221; row_height_percent=&#8221;88&#8243; override_padding=&#8221;yes&#8221; h_padding=&#8221;0&#8243; top_padding=&#8221;0&#8243; bottom_padding=&#8221;0&#8243; overlay_alpha=&#8221;50&#8243; gutter_size=&#8221;3&#8243; column_width_percent=&#8221;100&#8243; shift_y=&#8221;0&#8243; z_index=&#8221;0&#8243; front_end_with_slider=&#8221;true&#8221;][vc_column column_width_percent=&#8221;100&#8243; gutter_size=&#8221;3&#8243; overlay_alpha=&#8221;50&#8243; shift_x=&#8221;0&#8243; shift_y=&#8221;0&#8243; shift_y_down=&#8221;0&#8243; z_index=&#8221;0&#8243; medium_width=&#8221;0&#8243; mobile_width=&#8221;0&#8243; width=&#8221;1\/1&#8243;][uncode_slider slider_interval=&#8221;5000&#8243; slider_navspeed=&#8221;700&#8243; slider_loop=&#8221;yes&#8221; slider_hide_dots=&#8221;yes&#8221;][vc_row_inner row_inner_height_percent=&#8221;0&#8243; back_image=&#8221;85354&#8243; overlay_alpha=&#8221;43&#8243; equal_height=&#8221;yes&#8221; gutter_size=&#8221;3&#8243; shift_y=&#8221;0&#8243; z_index=&#8221;0&#8243; limit_content=&#8221;&#8221; front_end_with_slider=&#8221;true&#8221;][vc_column_inner column_width_use_pixel=&#8221;yes&#8221; position_vertical=&#8221;middle&#8221; align_horizontal=&#8221;align_center&#8221; gutter_size=&#8221;3&#8243; override_padding=&#8221;yes&#8221; column_padding=&#8221;3&#8243; style=&#8221;dark&#8221; overlay_alpha=&#8221;80&#8243; shift_x=&#8221;0&#8243; shift_y=&#8221;0&#8243; shift_y_down=&#8221;0&#8243; z_index=&#8221;0&#8243; medium_width=&#8221;0&#8243; mobile_width=&#8221;0&#8243; width=&#8221;1\/1&#8243; column_width_pixel=&#8221;1200&#8243;][vc_custom_heading heading_semantic=&#8221;h1&#8243; text_size=&#8221;fontsize-964839&#8243; text_transform=&#8221;uppercase&#8221; css_animation=&#8221;curtain-words&#8221; animation_delay=&#8221;600&#8243; title=&#8221;&#8221;]Concentrada na revolu\u00e7\u00e3o da ind\u00fastria do p\u00f3 tradicional[\/vc_custom_heading][vc_separator sep_color=&#8221;color-708378&#8243; css_animation=&#8221;bottom-t-top&#8221; animation_delay=&#8221;800&#8243; el_width=&#8221;100px&#8221; el_height=&#8221;2px&#8221;][vc_custom_heading text_size=&#8221;h4&#8243; text_weight=&#8221;400&#8243; css_animation=&#8221;curtain-words&#8221; animation_delay=&#8221;1200&#8243;]Fornecendo solu\u00e7\u00f5es de processamento de part\u00edculas e p\u00f3 sob demanda[\/vc_custom_heading][\/vc_column_inner][\/vc_row_inner][vc_row_inner row_inner_height_percent=&#8221;0&#8243; back_color=&#8221;color-wayh&#8221; back_image=&#8221;86186&#8243; overlay_alpha=&#8221;50&#8243; equal_height=&#8221;yes&#8221; gutter_size=&#8221;3&#8243; shift_y=&#8221;0&#8243; z_index=&#8221;0&#8243; limit_content=&#8221;&#8221; front_end_with_slider=&#8221;true&#8221;][vc_column_inner column_width_use_pixel=&#8221;yes&#8221; position_vertical=&#8221;middle&#8221; align_horizontal=&#8221;align_center&#8221; gutter_size=&#8221;3&#8243; style=&#8221;dark&#8221; overlay_alpha=&#8221;50&#8243; shift_x=&#8221;0&#8243; shift_y=&#8221;0&#8243; shift_y_down=&#8221;0&#8243; z_index=&#8221;0&#8243; medium_width=&#8221;0&#8243; mobile_width=&#8221;0&#8243; zoom_width=&#8221;0&#8243; zoom_height=&#8221;0&#8243; width=&#8221;1\/1&#8243; column_width_pixel=&#8221;1200&#8243;][vc_custom_heading text_size=&#8221;fontsize-964839&#8243; text_transform=&#8221;uppercase&#8221; css_animation=&#8221;curtain-words&#8221; animation_delay=&#8221;600&#8243; title=&#8221;&#8221;]Com uma miss\u00e3o, vem uma responsabilidade[\/vc_custom_heading][vc_separator sep_color=&#8221;color-708378&#8243; css_animation=&#8221;bottom-t-top&#8221; animation_delay=&#8221;800&#8243; el_width=&#8221;100px&#8221; el_height=&#8221;2px&#8221;][vc_custom_heading text_size=&#8221;h4&#8243; text_weight=&#8221;400&#8243; css_animation=&#8221;curtain-words&#8221; animation_delay=&#8221;1200&#8243;]Criando o futuro dos materiais avan\u00e7ados com tecnologia em p\u00f3[\/vc_custom_heading][\/vc_column_inner][\/vc_row_inner][vc_row_inner row_inner_height_percent=&#8221;0&#8243; back_color=&#8221;color-wayh&#8221; back_image=&#8221;86196&#8243; overlay_color=&#8221;color-jevc&#8221; overlay_alpha=&#8221;30&#8243; equal_height=&#8221;yes&#8221; gutter_size=&#8221;3&#8243; shift_y=&#8221;0&#8243; z_index=&#8221;0&#8243; limit_content=&#8221;&#8221; front_end_with_slider=&#8221;true&#8221;][vc_column_inner column_width_use_pixel=&#8221;yes&#8221; position_vertical=&#8221;middle&#8221; align_horizontal=&#8221;align_center&#8221; gutter_size=&#8221;3&#8243; override_padding=&#8221;yes&#8221; column_padding=&#8221;3&#8243; style=&#8221;dark&#8221; overlay_alpha=&#8221;80&#8243; shift_x=&#8221;0&#8243; shift_y=&#8221;0&#8243; shift_y_down=&#8221;0&#8243; z_index=&#8221;0&#8243; medium_width=&#8221;0&#8243; mobile_width=&#8221;0&#8243; zoom_width=&#8221;0&#8243; zoom_height=&#8221;0&#8243; width=&#8221;1\/1&#8243; column_width_pixel=&#8221;1200&#8243;][vc_custom_heading text_size=&#8221;fontsize-964839&#8243; text_transform=&#8221;uppercase&#8221; css_animation=&#8221;curtain-words&#8221; animation_delay=&#8221;600&#8243; title=&#8221;&#8221;]Com for\u00e7a, temos charme[\/vc_custom_heading][vc_separator sep_color=&#8221;color-708378&#8243; css_animation=&#8221;bottom-t-top&#8221; animation_delay=&#8221;800&#8243; el_width=&#8221;100px&#8221; el_height=&#8221;2px&#8221;][vc_custom_heading text_size=&#8221;h4&#8243; text_weight=&#8221;400&#8243; css_animation=&#8221;curtain-words&#8221; animation_delay=&#8221;1200&#8243;]Vinte anos de perseveran\u00e7a[\/vc_custom_heading][\/vc_column_inner][\/vc_row_inner][\/uncode_slider][\/vc_column][\/vc_row][vc_row][vc_column width=&#8221;1\/1&#8243;][uncode_block id=&#8221;86302&#8243;][\/vc_column][\/vc_row][vc_row row_height_percent=&#8221;0&#8243; override_padding=&#8221;yes&#8221; h_padding=&#8221;2&#8243; top_padding=&#8221;4&#8243; bottom_padding=&#8221;2&#8243; overlay_alpha=&#8221;50&#8243; gutter_size=&#8221;3&#8243; column_width_percent=&#8221;100&#8243; shift_y=&#8221;0&#8243; z_index=&#8221;0&#8243;][vc_column column_width_percent=&#8221;100&#8243; gutter_size=&#8221;3&#8243; overlay_alpha=&#8221;50&#8243; shift_x=&#8221;0&#8243; shift_y=&#8221;0&#8243; shift_y_down=&#8221;0&#8243; z_index=&#8221;0&#8243; medium_width=&#8221;0&#8243; mobile_width=&#8221;0&#8243; width=&#8221;1\/1&#8243;][uncode_block id=&#8221;84835&#8243; inside_column=&#8221;yes&#8221;][uncode_block id=&#8221;83385&#8243; inside_column=&#8221;yes&#8221;][\/vc_column][\/vc_row][vc_row row_height_percent=&#8221;0&#8243; override_padding=&#8221;yes&#8221; h_padding=&#8221;2&#8243; top_padding=&#8221;2&#8243; bottom_padding=&#8221;4&#8243; overlay_alpha=&#8221;50&#8243; gutter_size=&#8221;2&#8243; column_width_percent=&#8221;100&#8243; shift_y=&#8221;0&#8243; z_index=&#8221;0&#8243;][vc_column column_width_percent=&#8221;100&#8243; align_horizontal=&#8221;align_center&#8221; gutter_size=&#8221;4&#8243; overlay_alpha=&#8221;50&#8243; shift_x=&#8221;0&#8243; shift_y=&#8221;0&#8243; shift_y_down=&#8221;0&#8243; z_index=&#8221;0&#8243; medium_width=&#8221;0&#8243; mobile_width=&#8221;0&#8243; width=&#8221;1\/1&#8243;][uncode_index el_id=&#8221;index-209991&#8243; isotope_mode=&#8221;fitRows&#8221; loop=&#8221;size:6|order_by:date|post_type:project|by_id:83477,84032,84029,83557,84041,83683|taxonomy_count:10&#8243; gutter_size=&#8221;3&#8243; project_items=&#8221;title,media|media|onpost|original,text|excerpt,icon|sm,acf-field_607e48db91dd6,spacer|half&#8221; screen_lg=&#8221;1000&#8243; screen_md=&#8221;600&#8243; screen_sm=&#8221;480&#8243; images_size=&#8221;sixteen-nine&#8221; single_overlay_color=&#8221;color-jevc&#8221; single_overlay_opacity=&#8221;50&#8243; single_padding=&#8221;1&#8243; single_title_dimension=&#8221;h6&#8243; single_border=&#8221;yes&#8221; custom_order=&#8221;yes&#8221; single_icon=&#8221;fa fa-plus2&#8243; order_ids=&#8221;83683,84032,84029,83477,83557,84041&#8243;][\/vc_column][\/vc_row][vc_row unlock_row_content=&#8221;yes&#8221; row_height_percent=&#8221;0&#8243; override_padding=&#8221;yes&#8221; h_padding=&#8221;2&#8243; top_padding=&#8221;4&#8243; bottom_padding=&#8221;3&#8243; back_color=&#8221;accent&#8221; overlay_alpha=&#8221;50&#8243; equal_height=&#8221;yes&#8221; gutter_size=&#8221;3&#8243; column_width_percent=&#8221;100&#8243; shift_y=&#8221;0&#8243; z_index=&#8221;0&#8243; top_divider=&#8221;gradient&#8221; bottom_divider=&#8221;step_2_3&#8243;][vc_column column_width_percent=&#8221;100&#8243; position_vertical=&#8221;middle&#8221; align_horizontal=&#8221;align_center&#8221; gutter_size=&#8221;4&#8243; style=&#8221;dark&#8221; overlay_alpha=&#8221;50&#8243; shift_x=&#8221;0&#8243; shift_y=&#8221;0&#8243; shift_y_down=&#8221;0&#8243; z_index=&#8221;0&#8243; medium_width=&#8221;0&#8243; mobile_width=&#8221;0&#8243; width=&#8221;1\/1&#8243;][uncode_block id=&#8221;86595&#8243; inside_column=&#8221;yes&#8221;][uncode_index el_id=&#8221;index-177239&#8243; isotope_mode=&#8221;packery&#8221; loop=&#8221;size:8|order_by:date|post_type:portfolio|taxonomy_count:10&#8243; footer_style=&#8221;dark&#8221; gutter_size=&#8221;1&#8243; inner_padding=&#8221;yes&#8221; portfolio_items=&#8221;title,media|featured|onpost|original,acf-field_608bc5c592a93&#8243; screen_lg=&#8221;1000&#8243; screen_md=&#8221;600&#8243; screen_sm=&#8221;480&#8243; single_text=&#8221;overlay&#8221; single_width=&#8221;3&#8243; single_style=&#8221;dark&#8221; single_overlay_opacity=&#8221;1&#8243; single_text_visible=&#8221;yes&#8221; single_text_anim=&#8221;no&#8221; single_v_position=&#8221;top&#8221; single_padding=&#8221;2&#8243; single_title_dimension=&#8221;h5&#8243; single_border=&#8221;yes&#8221; order_ids=&#8221;82619,82613,84531,82621,82623,82625,82605,84590&#8243; items=&#8221;eyI4MjYxOV9pIjp7InNpbmdsZV93aWR0aCI6IjYifSwiODI2MjVfaSI6eyJzaW5nbGVfd2lkdGgiOiI2IiwiaW1hZ2VzX3NpemUiOiJ0d28tb25lIn0sIjg0NjA4X2kiOnsic2luZ2xlX3dpZHRoIjoiNiIsImltYWdlc19zaXplIjoidHdvLW9uZSJ9LCI4MjYyN19pIjp7InNpbmdsZV93aWR0aCI6IjYiLCJpbWFnZXNfc2l6ZSI6InR3by1vbmUifSwiODI2MTNfaSI6eyJpbWFnZXNfc2l6ZSI6IiIsInNpbmdsZV93aWR0aCI6IjMifSwiOTM4MTBfaSI6eyJzaW5nbGVfd2lkdGgiOiI2In0sIjkzODUwX2kiOnsic2luZ2xlX3dpZHRoIjoiNiIsImltYWdlc19zaXplIjoidHdvLW9uZSJ9fQ==&#8221;][vc_button size=&#8221;btn-sm&#8221; outline=&#8221;yes&#8221; border_width=&#8221;0&#8243; link=&#8221;url:https%3A%2F%2Fwww.alpapowder.com%2Fpt-pt%2Fequipament%2F|title:Maquinas&#8221; icon=&#8221;fa fa-gears2&#8243;]Ver todos os nossos equipamentos[\/vc_button][\/vc_column][\/vc_row][vc_row unlock_row_content=&#8221;yes&#8221; row_height_percent=&#8221;0&#8243; override_padding=&#8221;yes&#8221; h_padding=&#8221;3&#8243; top_padding=&#8221;4&#8243; bottom_padding=&#8221;4&#8243; overlay_alpha=&#8221;50&#8243; gutter_size=&#8221;3&#8243; column_width_percent=&#8221;100&#8243; border_style=&#8221;solid&#8221; shift_y=&#8221;0&#8243; z_index=&#8221;0&#8243; css=&#8221;.vc_custom_1621495300839{border-top-width: 1px !important;}&#8221;][vc_column column_width_percent=&#8221;100&#8243; align_horizontal=&#8221;align_center&#8221; gutter_size=&#8221;3&#8243; overlay_alpha=&#8221;50&#8243; shift_x=&#8221;0&#8243; shift_y=&#8221;0&#8243; shift_y_down=&#8221;0&#8243; z_index=&#8221;0&#8243; medium_width=&#8221;0&#8243; mobile_width=&#8221;0&#8243; width=&#8221;1\/1&#8243;][vc_custom_heading sub_lead=&#8221;yes&#8221; sub_reduced=&#8221;yes&#8221; subheading=&#8221;Nossa equipe de servi\u00e7o p\u00f3s-venda est\u00e1 sempre pronta para diagnosticar e resolver seus problemas&#8221;]Servi\u00e7o p\u00f3s-venda completo[\/vc_custom_heading][vc_row_inner row_inner_height_percent=&#8221;0&#8243; overlay_alpha=&#8221;50&#8243; equal_height=&#8221;yes&#8221; gutter_size=&#8221;1&#8243; shift_y=&#8221;0&#8243; z_index=&#8221;0&#8243;][vc_column_inner column_width_percent=&#8221;80&#8243; align_horizontal=&#8221;align_center&#8221; gutter_size=&#8221;3&#8243; override_padding=&#8221;yes&#8221; column_padding=&#8221;2&#8243; overlay_alpha=&#8221;50&#8243; border_color=&#8221;color-177537&#8243; border_style=&#8221;solid&#8221; shift_x=&#8221;0&#8243; shift_y=&#8221;0&#8243; shift_y_down=&#8221;0&#8243; z_index=&#8221;0&#8243; medium_width=&#8221;2&#8243; mobile_width=&#8221;0&#8243; width=&#8221;1\/4&#8243; css=&#8221;.vc_custom_1626052780312{border-right-width: 1px !important;}&#8221; link_to=&#8221;url:https%3A%2F%2Fwww.alpapowder.com%2Fpt-pt%2Fproducao-e-entrega%2F|title:Produ%C3%A7%C3%A3o%20e%20entrega&#8221;][vc_icon icon=&#8221;fa fa-calendar2&#8243; size=&#8221;fa-3x&#8221; text_size=&#8221;h5&#8243; text_reduced=&#8221;yes&#8221; align=&#8221;&#8221; title=&#8221;Produ\u00e7\u00e3o e entrega&#8221;]Desde o projeto do fluxograma \u00e0 entrega a voc\u00ea, a cada passo do caminho, n\u00e3o ousamos afrouxar[\/vc_icon][\/vc_column_inner][vc_column_inner column_width_percent=&#8221;80&#8243; align_horizontal=&#8221;align_center&#8221; gutter_size=&#8221;3&#8243; override_padding=&#8221;yes&#8221; column_padding=&#8221;2&#8243; overlay_alpha=&#8221;50&#8243; border_color=&#8221;color-177537&#8243; border_style=&#8221;solid&#8221; shift_x=&#8221;0&#8243; shift_y=&#8221;0&#8243; shift_y_down=&#8221;0&#8243; z_index=&#8221;0&#8243; medium_width=&#8221;2&#8243; mobile_width=&#8221;0&#8243; width=&#8221;1\/4&#8243; css=&#8221;.vc_custom_1626052797255{border-right-width: 1px !important;}&#8221; link_to=&#8221;url:https%3A%2F%2Fwww.alpapowder.com%2Fpt-pt%2Finstalacao-comissionamento-e-treinamento%2F|title:Instala%C3%A7%C3%A3o%2C%20Comissionamento%20e%20Treinamento&#8221;][vc_icon icon=&#8221;fa fa-tools-2&#8243; size=&#8221;fa-3x&#8221; text_size=&#8221;h5&#8243; text_reduced=&#8221;yes&#8221; align=&#8221;&#8221; title=&#8221;Instala\u00e7\u00e3o, Comissionamento e Treinamento&#8221;]A opera\u00e7\u00e3o bem sucedida e confi\u00e1vel de qualquer equipamento deve come\u00e7ar com um arranjo cuidadoso e completo, instala\u00e7\u00e3o, comissionamento e produ\u00e7\u00e3o experimental bem executados.[\/vc_icon][\/vc_column_inner][vc_column_inner column_width_percent=&#8221;80&#8243; align_horizontal=&#8221;align_center&#8221; gutter_size=&#8221;3&#8243; override_padding=&#8221;yes&#8221; column_padding=&#8221;2&#8243; overlay_alpha=&#8221;50&#8243; border_color=&#8221;color-177537&#8243; border_style=&#8221;solid&#8221; shift_x=&#8221;0&#8243; shift_y=&#8221;0&#8243; shift_y_down=&#8221;0&#8243; z_index=&#8221;0&#8243; medium_width=&#8221;2&#8243; mobile_width=&#8221;0&#8243; width=&#8221;1\/4&#8243; css=&#8221;.vc_custom_1626052812903{border-right-width: 1px !important;}&#8221; link_to=&#8221;url:https%3A%2F%2Fwww.alpapowder.com%2Fpt-pt%2Fatualizacao-e-otimizacao-de-processos%2F|title:Atualiza%C3%A7%C3%A3o%20e%20otimiza%C3%A7%C3%A3o%20de%20processos&#8221;][vc_icon icon=&#8221;fa fa-lightbulb&#8221; size=&#8221;fa-3x&#8221; text_size=&#8221;h5&#8243; text_reduced=&#8221;yes&#8221; align=&#8221;&#8221; title=&#8221;Atualiza\u00e7\u00e3o e otimiza\u00e7\u00e3o de processos&#8221;]\u00c0 medida que novos resultados de pesquisa forem produzidos, as atualiza\u00e7\u00f5es do processo resultantes trar\u00e3o novas mudan\u00e7as para sua produ\u00e7\u00e3o[\/vc_icon][\/vc_column_inner][vc_column_inner column_width_percent=&#8221;80&#8243; align_horizontal=&#8221;align_center&#8221; gutter_size=&#8221;3&#8243; override_padding=&#8221;yes&#8221; column_padding=&#8221;2&#8243; overlay_alpha=&#8221;50&#8243; shift_x=&#8221;0&#8243; shift_y=&#8221;0&#8243; shift_y_down=&#8221;0&#8243; z_index=&#8221;0&#8243; medium_width=&#8221;2&#8243; mobile_width=&#8221;0&#8243; width=&#8221;1\/4&#8243; link_to=&#8221;url:https%3A%2F%2Fwww.alpapowder.com%2Fpt-pt%2Fgarantia-de-qualidade%2F|title:Garantia%20de%20qualidade&#8221;][vc_icon icon=&#8221;fa fa-trophy2&#8243; size=&#8221;fa-3x&#8221; text_size=&#8221;h5&#8243; text_reduced=&#8221;yes&#8221; align=&#8221;&#8221; title=&#8221;Garantia de qualidade&#8221;]Cada processo e cada produto est\u00e1 sujeito a um rigoroso controle de qualidade[\/vc_icon][\/vc_column_inner][\/vc_row_inner][\/vc_column][\/vc_row][vc_row row_height_percent=&#8221;0&#8243; override_padding=&#8221;yes&#8221; h_padding=&#8221;2&#8243; top_padding=&#8221;4&#8243; bottom_padding=&#8221;4&#8243; back_color=&#8221;color-lxmt&#8221; overlay_alpha=&#8221;50&#8243; gutter_size=&#8221;2&#8243; column_width_percent=&#8221;100&#8243; shift_y=&#8221;0&#8243; z_index=&#8221;0&#8243;][vc_column column_width_percent=&#8221;100&#8243; align_horizontal=&#8221;align_center&#8221; gutter_size=&#8221;3&#8243; overlay_alpha=&#8221;50&#8243; shift_x=&#8221;0&#8243; shift_y=&#8221;0&#8243; shift_y_down=&#8221;0&#8243; z_index=&#8221;0&#8243; medium_width=&#8221;0&#8243; mobile_width=&#8221;0&#8243; width=&#8221;1\/1&#8243;][vc_custom_heading sub_reduced=&#8221;yes&#8221;]Not\u00edcias da empresa[\/vc_custom_heading][uncode_index el_id=&#8221;index-177493092&#8243; isotope_mode=&#8221;fitRows&#8221; loop=&#8221;size:3|order_by:date|post_type:post|taxonomy_count:10&#8243; gutter_size=&#8221;3&#8243; post_items=&#8221;media|featured|onpost|poster,date,title&#8221; screen_lg=&#8221;1000&#8243; screen_md=&#8221;600&#8243; screen_sm=&#8221;480&#8243; images_size=&#8221;three-two&#8221; single_overlay_opacity=&#8221;1&#8243; single_text_visible=&#8221;yes&#8221; single_text_anim=&#8221;no&#8221; single_padding=&#8221;1&#8243; single_title_height=&#8221;fontheight-239785&#8243; single_border=&#8221;yes&#8221;][vc_button button_color=&#8221;accent&#8221; size=&#8221;btn-sm&#8221; border_width=&#8221;0&#8243; link=&#8221;url:https%3A%2F%2Fwww.alpapowder.com%2Fpt-pt%2Fnoticias-da-empresa%2F|title:Not%C3%ADcias%20da%20empresa|&#8221; icon=&#8221;fa fa-gears2&#8243;]Ver mais not\u00edcias[\/vc_button][\/vc_column][\/vc_row]<\/p>\n<\/section>","protected":false},"excerpt":{"rendered":"<p>[vc_row unlock_row_content=&#8221;yes&#8221; row_height_percent=&#8221;88&#8243; override_padding=&#8221;yes&#8221; h_padding=&#8221;0&#8243; top_padding=&#8221;0&#8243; bottom_padding=&#8221;0&#8243; overlay_alpha=&#8221;50&#8243; gutter_size=&#8221;3&#8243; column_width_percent=&#8221;100&#8243; shift_y=&#8221;0&#8243; z_index=&#8221;0&#8243; front_end_with_slider=&#8221;true&#8221;][vc_column column_width_percent=&#8221;100&#8243; gutter_size=&#8221;3&#8243; overlay_alpha=&#8221;50&#8243; shift_x=&#8221;0&#8243; shift_y=&#8221;0&#8243; shift_y_down=&#8221;0&#8243; z_index=&#8221;0&#8243; [&hellip;]<\/p>\n","protected":false},"author":6,"featured_media":0,"parent":0,"menu_order":0,"comment_status":"closed","ping_status":"closed","template":"","meta":{"_acf_changed":false,"footnotes":""},"class_list":["post-94013","page","type-page","status-publish","hentry"],"acf":[],"_links":{"self":[{"href":"https:\/\/www.alpapowder.com\/pt-pt\/wp-json\/wp\/v2\/pages\/94013","targetHints":{"allow":["GET"]}}],"collection":[{"href":"https:\/\/www.alpapowder.com\/pt-pt\/wp-json\/wp\/v2\/pages"}],"about":[{"href":"https:\/\/www.alpapowder.com\/pt-pt\/wp-json\/wp\/v2\/types\/page"}],"author":[{"embeddable":true,"href":"https:\/\/www.alpapowder.com\/pt-pt\/wp-json\/wp\/v2\/users\/6"}],"replies":[{"embeddable":true,"href":"https:\/\/www.alpapowder.com\/pt-pt\/wp-json\/wp\/v2\/comments?post=94013"}],"version-history":[{"count":0,"href":"https:\/\/www.alpapowder.com\/pt-pt\/wp-json\/wp\/v2\/pages\/94013\/revisions"}],"wp:attachment":[{"href":"https:\/\/www.alpapowder.com\/pt-pt\/wp-json\/wp\/v2\/media?parent=94013"}],"curies":[{"name":"wp","href":"https:\/\/api.w.org\/{rel}","templated":true}]}}