{"id":94356,"date":"2021-06-25T16:31:09","date_gmt":"2021-06-25T08:31:09","guid":{"rendered":"https:\/\/www.alpapowder.com\/estudo-de-caso\/racao\/"},"modified":"2021-08-06T16:13:08","modified_gmt":"2021-08-06T08:13:08","slug":"racao","status":"publish","type":"page","link":"https:\/\/www.alpapowder.com\/pt-pt\/estudo-de-caso\/racao\/","title":{"rendered":"Ra\u00e7\u00e3o"},"content":{"rendered":"<section class=\"wpb-content-wrapper\"><p>[vc_row unlock_row_content=&#8221;yes&#8221; row_height_percent=&#8221;70&#8243; override_padding=&#8221;yes&#8221; h_padding=&#8221;0&#8243; top_padding=&#8221;0&#8243; bottom_padding=&#8221;0&#8243; overlay_alpha=&#8221;50&#8243; equal_height=&#8221;yes&#8221; gutter_size=&#8221;0&#8243; column_width_percent=&#8221;100&#8243; shift_y=&#8221;0&#8243; z_index=&#8221;0&#8243;][vc_column column_width_percent=&#8221;100&#8243; position_vertical=&#8221;middle&#8221; gutter_size=&#8221;2&#8243; override_padding=&#8221;yes&#8221; column_padding=&#8221;4&#8243; style=&#8221;dark&#8221; back_color=&#8221;accent&#8221; overlay_alpha=&#8221;80&#8243; shift_x=&#8221;0&#8243; shift_y=&#8221;0&#8243; shift_y_down=&#8221;0&#8243; z_index=&#8221;0&#8243; medium_width=&#8221;0&#8243; mobile_width=&#8221;0&#8243; width=&#8221;1\/2&#8243;][vc_custom_heading auto_text=&#8221;yes&#8221; heading_semantic=&#8221;h1&#8243; text_size=&#8221;h1&#8243;][\/vc_custom_heading][vc_column_text]A tritura\u00e7\u00e3o das mat\u00e9rias-primas \u00e9 uma parte muito importante do processamento da ra\u00e7\u00e3o, atrav\u00e9s da tritura\u00e7\u00e3o pode aumentar a \u00e1rea total de superf\u00edcie das part\u00edculas de mat\u00e9ria-prima por unidade de qualidade, aumentar a solubilidade dos nutrientes da ra\u00e7\u00e3o nos sucos digestivos dos animais, melhorar a digestibilidade; ao mesmo tempo, triturar o tamanho das mat\u00e9rias-primas nos processos subseq\u00fcentes (como pelotiza\u00e7\u00e3o, etc.) o grau de dificuldade e a qualidade dos produtos acabados tem um efeito muito importante.<\/p>\n<p>O dimensionamento da moagem afeta diretamente o custo de produ\u00e7\u00e3o, na produ\u00e7\u00e3o de ra\u00e7\u00e3o em p\u00f3, o consumo de eletricidade do processo de moagem \u00e9 de cerca de 50% a 70% do consumo total de eletricidade. Quanto menor o dimensionamento de esmagamento, mais ben\u00e9fico para a digest\u00e3o e absor\u00e7\u00e3o dos animais, e mais prop\u00edcio \u00e0 peletiza\u00e7\u00e3o, mas ao mesmo tempo, o consumo de eletricidade aumentar\u00e1 de acordo, e vice versa. O dom\u00ednio adequado da tecnologia de britagem, a escolha da m\u00e1quina de britagem apropriada \u00e9 a produ\u00e7\u00e3o de ra\u00e7\u00e3o n\u00e3o pode ser ignorada.[\/vc_column_text][\/vc_column][vc_column column_width_percent=&#8221;100&#8243; position_vertical=&#8221;middle&#8221; align_horizontal=&#8221;align_center&#8221; gutter_size=&#8221;3&#8243; override_padding=&#8221;yes&#8221; column_padding=&#8221;0&#8243; back_color=&#8221;color-xsdn&#8221; back_image=&#8221;85959&#8243; overlay_alpha=&#8221;50&#8243; shift_x=&#8221;0&#8243; shift_y=&#8221;0&#8243; shift_y_down=&#8221;0&#8243; z_index=&#8221;0&#8243; align_medium=&#8221;align_center_tablet&#8221; medium_width=&#8221;0&#8243; align_mobile=&#8221;align_center_mobile&#8221; mobile_width=&#8221;0&#8243; width=&#8221;1\/2&#8243;][vc_empty_space empty_h=&#8221;5&#8243;][vc_empty_space empty_h=&#8221;3&#8243;][\/vc_column][\/vc_row][vc_row][vc_column width=&#8221;1\/1&#8243;][uncode_block id=&#8221;84835&#8243;][\/vc_column][\/vc_row][vc_row row_height_percent=&#8221;0&#8243; override_padding=&#8221;yes&#8221; h_padding=&#8221;2&#8243; top_padding=&#8221;0&#8243; bottom_padding=&#8221;4&#8243; overlay_alpha=&#8221;50&#8243; gutter_size=&#8221;0&#8243; column_width_percent=&#8221;100&#8243; shift_y=&#8221;0&#8243; z_index=&#8221;0&#8243; top_divider=&#8221;gradient&#8221; bottom_divider=&#8221;step&#8221; el_class=&#8221;demos&#8221;][vc_column column_width_percent=&#8221;100&#8243; align_horizontal=&#8221;align_center&#8221; gutter_size=&#8221;4&#8243; overlay_alpha=&#8221;50&#8243; shift_x=&#8221;0&#8243; shift_y=&#8221;0&#8243; shift_y_down=&#8221;0&#8243; z_index=&#8221;0&#8243; medium_width=&#8221;0&#8243; mobile_width=&#8221;0&#8243; width=&#8221;1\/1&#8243;][uncode_index el_id=&#8221;index-1041816597&#8243; isotope_mode=&#8221;fitRows&#8221; loop=&#8221;size:30|order_by:date|post_type:project|tax_query:109|taxonomy_count:10&#8243; gutter_size=&#8221;3&#8243; post_items=&#8221;media|featured|onpost|poster,title,text|excerpt|75&#8243; product_items=&#8221;title,price,media|featured|onpost|original&#8221; portfolio_items=&#8221;title,media|featured|onpost|original&#8221; project_items=&#8221;title,media|media|onpost|original,text|excerpt,icon|sm,acf-field_607e48db91dd6,spacer|half&#8221; screen_lg=&#8221;1000&#8243; screen_md=&#8221;600&#8243; screen_sm=&#8221;480&#8243; images_size=&#8221;sixteen-nine&#8221; single_overlay_color=&#8221;color-jevc&#8221; single_overlay_opacity=&#8221;50&#8243; single_text_anim_type=&#8221;btt&#8221; single_padding=&#8221;1&#8243; single_title_dimension=&#8221;h5&#8243; single_border=&#8221;yes&#8221; custom_order=&#8221;yes&#8221; order_ids=&#8221;19264,19265,18999,18996,18998,18995,18997,18967&#8243; single_icon=&#8221;fa fa-plus2&#8243;][\/vc_column][\/vc_row][vc_row unlock_row_content=&#8221;yes&#8221; row_height_percent=&#8221;0&#8243; override_padding=&#8221;yes&#8221; h_padding=&#8221;0&#8243; top_padding=&#8221;0&#8243; bottom_padding=&#8221;0&#8243; back_color=&#8221;color-lxmt&#8221; overlay_alpha=&#8221;50&#8243; equal_height=&#8221;yes&#8221; gutter_size=&#8221;0&#8243; column_width_percent=&#8221;100&#8243; shift_y=&#8221;0&#8243; z_index=&#8221;0&#8243; inverted_device_order=&#8221;yes&#8221;][vc_column column_width_percent=&#8221;100&#8243; align_horizontal=&#8221;align_center&#8221; gutter_size=&#8221;3&#8243; style=&#8221;dark&#8221; overlay_alpha=&#8221;50&#8243; shift_x=&#8221;0&#8243; shift_y=&#8221;0&#8243; shift_y_down=&#8221;0&#8243; z_index=&#8221;0&#8243; medium_width=&#8221;0&#8243; mobile_width=&#8221;0&#8243; css_animation=&#8221;bottom-t-top&#8221; sticky=&#8221;yes&#8221; width=&#8221;1\/2&#8243;][uncode_index el_id=&#8221;index-566311&#8243; index_type=&#8221;carousel&#8221; loop=&#8221;size:10|order_by:date|post_type:portfolio|by_id:93871,93672,93790,93810|taxonomy_count:10&#8243; carousel_lg=&#8221;1&#8243; carousel_md=&#8221;1&#8243; carousel_sm=&#8221;1&#8243; gutter_size=&#8221;3&#8243; post_items=&#8221;media|featured|onpost|original,title,category|nobg|relative|display-icon,date,text|excerpt,link|default|default_size,author|sm_size|hide_qualification,sep-one|full,extra,spacer|half&#8221; portfolio_items=&#8221;title,media|featured|onpost|original,acf-field_608bc5c592a93,spacer|half,link|link|small_size|Saber mais&#8221; carousel_interval=&#8221;3000&#8243; carousel_navspeed=&#8221;400&#8243; carousel_nav=&#8221;yes&#8221; carousel_nav_mobile=&#8221;yes&#8221; carousel_dots=&#8221;yes&#8221; carousel_dots_mobile=&#8221;yes&#8221; carousel_dots_inside=&#8221;yes&#8221; carousel_dot_padding=&#8221;2&#8243; stage_padding=&#8221;0&#8243; single_text=&#8221;overlay&#8221; single_style=&#8221;dark&#8221; single_overlay_opacity=&#8221;50&#8243; single_overlay_anim=&#8221;no&#8221; single_h_align=&#8221;right&#8221; single_padding=&#8221;3&#8243; single_title_dimension=&#8221;h4&#8243; single_border=&#8221;yes&#8221; custom_order=&#8221;yes&#8221; uncode_shortcode_id=&#8221;960780&#8243; order_ids=&#8221;93871,93672,93790,93810&#8243;][\/vc_column][vc_column column_width_percent=&#8221;100&#8243; position_vertical=&#8221;middle&#8221; gutter_size=&#8221;2&#8243; override_padding=&#8221;yes&#8221; column_padding=&#8221;4&#8243; style=&#8221;dark&#8221; back_color=&#8221;accent&#8221; overlay_alpha=&#8221;50&#8243; shift_x=&#8221;0&#8243; shift_y=&#8221;0&#8243; shift_y_down=&#8221;0&#8243; z_index=&#8221;0&#8243; medium_width=&#8221;0&#8243; mobile_width=&#8221;0&#8243; css_animation=&#8221;bottom-t-top&#8221; animation_delay=&#8221;200&#8243; width=&#8221;1\/2&#8243;][uncode_block id=&#8221;85796&#8243; inside_column=&#8221;yes&#8221;][vc_empty_space empty_h=&#8221;2&#8243;][vc_column_text]<strong>Baixa taxa de falhas, opera\u00e7\u00e3o est\u00e1vel<br \/>\n<\/strong>Adequado para opera\u00e7\u00e3o cont\u00ednua, o tempo de opera\u00e7\u00e3o anual excede 8000 horas.[\/vc_column_text][vc_separator sep_color=&#8221;color-146634&#8243;][vc_column_text]<strong>Capacidade de entrada de grande volume de ar<br \/>\n<\/strong>A temperatura de esmagamento pode ser reduzida. Uma unidade de ar frio est\u00e1 dispon\u00edvel como op\u00e7\u00e3o para requisitos mais rigorosos de temperatura.<\/p>\n<p>[\/vc_column_text][vc_separator sep_color=&#8221;color-146634&#8243;][vc_column_text]<strong>Limpo e a prote\u00e7\u00e3o ambiental<br \/>\n<\/strong>Todo o sistema \u00e9 fechado para o esmagamento, menos poeira, baixo ru\u00eddo, o processo de produ\u00e7\u00e3o \u00e9 limpo e a prote\u00e7\u00e3o ambiental.<\/p>\n<p>[\/vc_column_text][vc_separator sep_color=&#8221;color-146634&#8243;][vc_column_text]<strong>F\u00e1cil de desmontar e limpar<br \/>\n<\/strong>Estrutura compacta, o moinho e o ventilador s\u00e3o f\u00e1ceis de desmontar e limpar. A limpeza on-line opcional est\u00e1 dispon\u00edvel para evitar a ader\u00eancia e o bloqueio do material e reduzir o tempo de inatividade.[\/vc_column_text][vc_separator sep_color=&#8221;color-146634&#8243;][vc_column_text]<strong>Tritura\u00e7\u00e3o e classifica\u00e7\u00e3o integradas<br \/>\n<\/strong>O dimensionamento ideal do produto pode ser obtido atrav\u00e9s do ajuste da velocidade da roda classificadora.<\/p>\n<p>[\/vc_column_text][\/vc_column][\/vc_row]<\/p>\n<\/section>","protected":false},"excerpt":{"rendered":"<p>[vc_row unlock_row_content=&#8221;yes&#8221; row_height_percent=&#8221;70&#8243; override_padding=&#8221;yes&#8221; h_padding=&#8221;0&#8243; top_padding=&#8221;0&#8243; bottom_padding=&#8221;0&#8243; overlay_alpha=&#8221;50&#8243; equal_height=&#8221;yes&#8221; gutter_size=&#8221;0&#8243; column_width_percent=&#8221;100&#8243; shift_y=&#8221;0&#8243; z_index=&#8221;0&#8243;][vc_column column_width_percent=&#8221;100&#8243; position_vertical=&#8221;middle&#8221; gutter_size=&#8221;2&#8243; override_padding=&#8221;yes&#8221; column_padding=&#8221;4&#8243; style=&#8221;dark&#8221; back_color=&#8221;accent&#8221; [&hellip;]<\/p>\n","protected":false},"author":6,"featured_media":0,"parent":94314,"menu_order":0,"comment_status":"open","ping_status":"closed","template":"","meta":{"_acf_changed":false,"footnotes":""},"class_list":["post-94356","page","type-page","status-publish","hentry","page_category-por-industria"],"acf":[],"_links":{"self":[{"href":"https:\/\/www.alpapowder.com\/pt-pt\/wp-json\/wp\/v2\/pages\/94356","targetHints":{"allow":["GET"]}}],"collection":[{"href":"https:\/\/www.alpapowder.com\/pt-pt\/wp-json\/wp\/v2\/pages"}],"about":[{"href":"https:\/\/www.alpapowder.com\/pt-pt\/wp-json\/wp\/v2\/types\/page"}],"author":[{"embeddable":true,"href":"https:\/\/www.alpapowder.com\/pt-pt\/wp-json\/wp\/v2\/users\/6"}],"replies":[{"embeddable":true,"href":"https:\/\/www.alpapowder.com\/pt-pt\/wp-json\/wp\/v2\/comments?post=94356"}],"version-history":[{"count":0,"href":"https:\/\/www.alpapowder.com\/pt-pt\/wp-json\/wp\/v2\/pages\/94356\/revisions"}],"up":[{"embeddable":true,"href":"https:\/\/www.alpapowder.com\/pt-pt\/wp-json\/wp\/v2\/pages\/94314"}],"wp:attachment":[{"href":"https:\/\/www.alpapowder.com\/pt-pt\/wp-json\/wp\/v2\/media?parent=94356"}],"curies":[{"name":"wp","href":"https:\/\/api.w.org\/{rel}","templated":true}]}}