{"id":94568,"date":"2021-06-26T10:00:56","date_gmt":"2021-06-26T02:00:56","guid":{"rendered":"https:\/\/www.alpapowder.com\/estudo-de-caso\/minerais\/"},"modified":"2022-07-26T10:50:31","modified_gmt":"2022-07-26T02:50:31","slug":"minerais","status":"publish","type":"page","link":"https:\/\/www.alpapowder.com\/pt-pt\/estudo-de-caso\/minerais\/","title":{"rendered":"Minerais"},"content":{"rendered":"<section class=\"wpb-content-wrapper\"><p>[vc_row unlock_row_content=&#8221;yes&#8221; row_height_percent=&#8221;70&#8243; override_padding=&#8221;yes&#8221; h_padding=&#8221;0&#8243; top_padding=&#8221;0&#8243; bottom_padding=&#8221;0&#8243; overlay_alpha=&#8221;50&#8243; equal_height=&#8221;yes&#8221; gutter_size=&#8221;0&#8243; column_width_percent=&#8221;100&#8243; shift_y=&#8221;0&#8243; z_index=&#8221;0&#8243;][vc_column column_width_percent=&#8221;100&#8243; position_vertical=&#8221;middle&#8221; gutter_size=&#8221;2&#8243; override_padding=&#8221;yes&#8221; column_padding=&#8221;4&#8243; style=&#8221;dark&#8221; back_color=&#8221;accent&#8221; overlay_alpha=&#8221;80&#8243; shift_x=&#8221;0&#8243; shift_y=&#8221;0&#8243; shift_y_down=&#8221;0&#8243; z_index=&#8221;0&#8243; medium_width=&#8221;0&#8243; mobile_width=&#8221;0&#8243; width=&#8221;1\/2&#8243;][vc_custom_heading auto_text=&#8221;yes&#8221; heading_semantic=&#8221;h1&#8243; text_size=&#8221;h1&#8243;][\/vc_custom_heading][vc_empty_space empty_h=&#8221;1&#8243;][vc_column_text]Existem atualmente mais de 3000 minerais conhecidos na natureza e mais de 200 minerais comuns. Destes, os minerais silicatos representam cerca de 90% da crosta terrestre. Outros grupos minerais importantes incluem elementos naturais, sulfuretos, \u00f3xidos, halogenetos, carbonatos, sulfatos e fosfatos.<\/p>\n<p>Os minerais t\u00eam uma ampla gama de aplica\u00e7\u00f5es na ind\u00fastria. Sal, borato, barita, areia de quartzo, gesso, etc. s\u00e3o amplamente utilizados como mat\u00e9rias-primas na ind\u00fastria qu\u00edmica; calc\u00e1rio e fluorita s\u00e3o usados \u200b\u200bcomo auxiliares de combust\u00e3o para fabrica\u00e7\u00e3o de a\u00e7o; grafite, magnesita, areia de fundi\u00e7\u00e3o e argila refrat\u00e1ria s\u00e3o usados \u200b\u200bpara metalurgia; Fosfatos , nitratos e pot\u00e1ssio s\u00e3o essenciais na fabrica\u00e7\u00e3o de fertilizantes; v\u00e1rios outros minerais industriais s\u00e3o usados \u200b\u200bem cer\u00e2mica, moagem, perfura\u00e7\u00e3o de po\u00e7os de petr\u00f3leo, lama, filtra\u00e7\u00e3o, etc.<\/p>\n<p>Os enchimentos em p\u00f3 n\u00e3o met\u00e1licos s\u00e3o usados \u200b\u200bem materiais polim\u00e9ricos e materiais compostos, como pl\u00e1sticos, borracha, adesivos, etc. A superf\u00edcie do enchimento deve ser modificada para melhorar a sua compatibilidade, a sua dispers\u00e3o, a sua resist\u00eancia mec\u00e2nica e as suas propriedades combinadas com o substrato.<\/p>\n<p>&#8220;Verde e alto valor&#8221; \u00e9 o princ\u00edpio que a ALPA segue no processamento industrial de minerais. Na pr\u00e1tica de longo prazo, a Alpine acumulou uma vasta experi\u00eancia e pode fornecer um conjunto completo de tecnologia de produ\u00e7\u00e3o mineral e equipamentos de processamento.[\/vc_column_text][vc_empty_space empty_h=&#8221;1&#8243;][vc_button size=&#8221;btn-sm&#8221; outline=&#8221;yes&#8221; border_width=&#8221;0&#8243; link=&#8221;url:https%3A%2F%2Fcaco3.alpapowder.com|target:_blank|&#8221; icon=&#8221;fa fa-mail-forward&#8221;]Leitura estendida: (English) Representante de minerais moles: tecnologia de processamento e aplica\u00e7\u00e3o de carbonato de c\u00e1lcio[\/vc_button][vc_button size=&#8221;btn-sm&#8221; outline=&#8221;yes&#8221; border_width=&#8221;0&#8243; link=&#8221;url:https%3A%2F%2Fquartz.alpapowder.com|target:_blank|&#8221; icon=&#8221;fa fa-mail-forward&#8221;]Leitura estendida: (English) Representante de mineral duro: tecnologia de processamento e aplica\u00e7\u00e3o de p\u00f3 de s\u00edlica (p\u00f3 de quartzo)[\/vc_button][\/vc_column][vc_column column_width_percent=&#8221;100&#8243; position_vertical=&#8221;middle&#8221; align_horizontal=&#8221;align_center&#8221; gutter_size=&#8221;3&#8243; override_padding=&#8221;yes&#8221; column_padding=&#8221;0&#8243; back_color=&#8221;color-jevc&#8221; back_image=&#8221;86836&#8243; overlay_color=&#8221;color-jevc&#8221; overlay_alpha=&#8221;50&#8243; shift_x=&#8221;0&#8243; shift_y=&#8221;0&#8243; shift_y_down=&#8221;0&#8243; z_index=&#8221;0&#8243; align_medium=&#8221;align_center_tablet&#8221; medium_width=&#8221;0&#8243; align_mobile=&#8221;align_center_mobile&#8221; mobile_width=&#8221;0&#8243; width=&#8221;1\/2&#8243;][vc_empty_space empty_h=&#8221;5&#8243;][vc_empty_space empty_h=&#8221;3&#8243;][\/vc_column][\/vc_row][vc_row row_height_percent=&#8221;0&#8243; override_padding=&#8221;yes&#8221; h_padding=&#8221;2&#8243; top_padding=&#8221;4&#8243; bottom_padding=&#8221;2&#8243; overlay_alpha=&#8221;50&#8243; gutter_size=&#8221;0&#8243; column_width_percent=&#8221;100&#8243; shift_y=&#8221;0&#8243; z_index=&#8221;0&#8243; top_divider=&#8221;gradient&#8221; bottom_divider=&#8221;step&#8221; el_class=&#8221;demos&#8221;][vc_column column_width_percent=&#8221;100&#8243; align_horizontal=&#8221;align_center&#8221; gutter_size=&#8221;3&#8243; overlay_alpha=&#8221;50&#8243; shift_x=&#8221;0&#8243; shift_y=&#8221;0&#8243; shift_y_down=&#8221;0&#8243; z_index=&#8221;0&#8243; medium_width=&#8221;0&#8243; mobile_width=&#8221;0&#8243; width=&#8221;1\/1&#8243;][uncode_block id=&#8221;84835&#8243; inside_column=&#8221;yes&#8221;][vc_gallery el_id=&#8221;gallery-107232&#8243; medias=&#8221;92005,92002,91999,92008,92011,92014,86137,92110,92122,92116,92119,92125&#8243; gutter_size=&#8221;2&#8243; screen_lg=&#8221;1000&#8243; screen_md=&#8221;600&#8243; screen_sm=&#8221;480&#8243; single_width=&#8221;2&#8243; single_overlay_opacity=&#8221;50&#8243; single_overlay_anim=&#8221;no&#8221; single_padding=&#8221;2&#8243;][\/vc_column][\/vc_row][vc_row row_height_percent=&#8221;0&#8243; override_padding=&#8221;yes&#8221; h_padding=&#8221;2&#8243; top_padding=&#8221;2&#8243; bottom_padding=&#8221;4&#8243; overlay_alpha=&#8221;50&#8243; gutter_size=&#8221;0&#8243; column_width_percent=&#8221;100&#8243; shift_y=&#8221;0&#8243; z_index=&#8221;0&#8243; top_divider=&#8221;gradient&#8221; bottom_divider=&#8221;step&#8221; el_class=&#8221;demos&#8221;][vc_column column_width_percent=&#8221;100&#8243; align_horizontal=&#8221;align_center&#8221; gutter_size=&#8221;3&#8243; overlay_alpha=&#8221;50&#8243; shift_x=&#8221;0&#8243; shift_y=&#8221;0&#8243; shift_y_down=&#8221;0&#8243; z_index=&#8221;0&#8243; medium_width=&#8221;0&#8243; mobile_width=&#8221;0&#8243; width=&#8221;1\/1&#8243;][uncode_index el_id=&#8221;index-1041816597&#8243; isotope_mode=&#8221;fitRows&#8221; loop=&#8221;size:9|order_by:date|post_type:project|taxonomy_count:10&#8243; pagination=&#8221;yes&#8221; gutter_size=&#8221;3&#8243; post_items=&#8221;media|featured|onpost|poster,title,text|excerpt|75&#8243; product_items=&#8221;title,price,media|featured|onpost|original&#8221; portfolio_items=&#8221;title,media|featured|onpost|original&#8221; project_items=&#8221;title,media|media|onpost|original,text|excerpt,icon|sm,acf-field_607e48db91dd6,spacer|half&#8221; screen_lg=&#8221;1000&#8243; screen_md=&#8221;600&#8243; screen_sm=&#8221;480&#8243; images_size=&#8221;sixteen-nine&#8221; single_overlay_color=&#8221;color-jevc&#8221; single_overlay_opacity=&#8221;50&#8243; single_text_anim_type=&#8221;btt&#8221; single_padding=&#8221;1&#8243; single_title_dimension=&#8221;h5&#8243; single_border=&#8221;yes&#8221; custom_order=&#8221;yes&#8221; order_ids=&#8221;19264,19265,18999,18996,18998,18995,18997,18967&#8243; single_icon=&#8221;fa fa-plus2&#8243; uncode_shortcode_id=&#8221;979441&#8243;][\/vc_column][\/vc_row][vc_row unlock_row_content=&#8221;yes&#8221; row_height_percent=&#8221;0&#8243; override_padding=&#8221;yes&#8221; h_padding=&#8221;0&#8243; top_padding=&#8221;0&#8243; bottom_padding=&#8221;0&#8243; back_color=&#8221;accent&#8221; overlay_alpha=&#8221;50&#8243; gutter_size=&#8221;4&#8243; column_width_percent=&#8221;100&#8243; shift_y=&#8221;0&#8243; z_index=&#8221;0&#8243; inverted_device_order=&#8221;yes&#8221;][vc_column column_width_percent=&#8221;100&#8243; align_horizontal=&#8221;align_center&#8221; gutter_size=&#8221;3&#8243; style=&#8221;dark&#8221; overlay_alpha=&#8221;50&#8243; shift_x=&#8221;0&#8243; shift_y=&#8221;0&#8243; shift_y_down=&#8221;0&#8243; z_index=&#8221;0&#8243; medium_width=&#8221;0&#8243; mobile_width=&#8221;0&#8243; width=&#8221;1\/2&#8243;][uncode_index el_id=&#8221;index-566311&#8243; index_type=&#8221;carousel&#8221; loop=&#8221;size:10|order_by:date|post_type:portfolio|by_id:93810,93871,93616,93850,93717,93651|taxonomy_count:10&#8243; carousel_lg=&#8221;1&#8243; carousel_md=&#8221;1&#8243; carousel_sm=&#8221;1&#8243; gutter_size=&#8221;3&#8243; post_items=&#8221;media|featured|onpost|original,title,category|nobg|relative|display-icon,date,text|excerpt,link|default|default_size,author|sm_size|hide_qualification,sep-one|full,extra,spacer|half&#8221; portfolio_items=&#8221;title,media|featured|onpost|original,acf-field_608bc5c592a93,spacer|half,link|link|small_size|Saber mais&#8221; carousel_interval=&#8221;3000&#8243; carousel_navspeed=&#8221;400&#8243; carousel_nav=&#8221;yes&#8221; carousel_nav_mobile=&#8221;yes&#8221; carousel_dots=&#8221;yes&#8221; carousel_dots_mobile=&#8221;yes&#8221; carousel_dots_inside=&#8221;yes&#8221; carousel_dot_padding=&#8221;2&#8243; stage_padding=&#8221;0&#8243; single_text=&#8221;overlay&#8221; single_style=&#8221;dark&#8221; single_overlay_opacity=&#8221;50&#8243; single_overlay_anim=&#8221;no&#8221; single_h_align=&#8221;right&#8221; single_padding=&#8221;3&#8243; single_title_dimension=&#8221;h4&#8243; single_border=&#8221;yes&#8221;][\/vc_column][vc_column column_width_percent=&#8221;100&#8243; position_vertical=&#8221;middle&#8221; gutter_size=&#8221;3&#8243; override_padding=&#8221;yes&#8221; column_padding=&#8221;3&#8243; style=&#8221;dark&#8221; overlay_alpha=&#8221;50&#8243; shift_x=&#8221;0&#8243; shift_y=&#8221;0&#8243; shift_y_down=&#8221;0&#8243; z_index=&#8221;0&#8243; medium_width=&#8221;0&#8243; mobile_width=&#8221;0&#8243; width=&#8221;1\/2&#8243;][uncode_block id=&#8221;85796&#8243; inside_column=&#8221;yes&#8221;][uncode_list larger=&#8221;yes&#8221; icon=&#8221;fa fa-square-o&#8221;]<\/p>\n<ul>\n<li>Efici\u00eancia de coleta de material atinge 99,9%.<\/li>\n<li>Controlar o contato dos materiais com os elementos sens\u00ed As partes principais em contato com os materiais s\u00e3o protegidas por uma variedade de materiais para garantir a pureza dos materiais em maior medida.<\/li>\n<li>Todo o sistema est\u00e1 em um estado fechado durante todo o processo, sem poeira, ru\u00eddo inferior a 80dB, limpo e ecologicamente correto.<\/li>\n<li>As fun\u00e7\u00f5es de secagem, dispers\u00e3o e modifica\u00e7\u00e3o podem ser realizadas ao mesmo tempo.<\/li>\n<li>Escolha a melhor solu\u00e7\u00e3o de acordo com a dureza, valor agregado, rendimento, etc. do material.<\/li>\n<\/ul>\n<p>[\/uncode_list][\/vc_column][\/vc_row]<\/p>\n<\/section>","protected":false},"excerpt":{"rendered":"<p>[vc_row unlock_row_content=&#8221;yes&#8221; row_height_percent=&#8221;70&#8243; override_padding=&#8221;yes&#8221; h_padding=&#8221;0&#8243; top_padding=&#8221;0&#8243; bottom_padding=&#8221;0&#8243; overlay_alpha=&#8221;50&#8243; equal_height=&#8221;yes&#8221; gutter_size=&#8221;0&#8243; column_width_percent=&#8221;100&#8243; shift_y=&#8221;0&#8243; z_index=&#8221;0&#8243;][vc_column column_width_percent=&#8221;100&#8243; position_vertical=&#8221;middle&#8221; gutter_size=&#8221;2&#8243; override_padding=&#8221;yes&#8221; column_padding=&#8221;4&#8243; style=&#8221;dark&#8221; back_color=&#8221;accent&#8221; [&hellip;]<\/p>\n","protected":false},"author":6,"featured_media":0,"parent":94314,"menu_order":0,"comment_status":"open","ping_status":"closed","template":"","meta":{"_acf_changed":false,"footnotes":""},"class_list":["post-94568","page","type-page","status-publish","hentry","page_category-por-industria"],"acf":[],"_links":{"self":[{"href":"https:\/\/www.alpapowder.com\/pt-pt\/wp-json\/wp\/v2\/pages\/94568","targetHints":{"allow":["GET"]}}],"collection":[{"href":"https:\/\/www.alpapowder.com\/pt-pt\/wp-json\/wp\/v2\/pages"}],"about":[{"href":"https:\/\/www.alpapowder.com\/pt-pt\/wp-json\/wp\/v2\/types\/page"}],"author":[{"embeddable":true,"href":"https:\/\/www.alpapowder.com\/pt-pt\/wp-json\/wp\/v2\/users\/6"}],"replies":[{"embeddable":true,"href":"https:\/\/www.alpapowder.com\/pt-pt\/wp-json\/wp\/v2\/comments?post=94568"}],"version-history":[{"count":0,"href":"https:\/\/www.alpapowder.com\/pt-pt\/wp-json\/wp\/v2\/pages\/94568\/revisions"}],"up":[{"embeddable":true,"href":"https:\/\/www.alpapowder.com\/pt-pt\/wp-json\/wp\/v2\/pages\/94314"}],"wp:attachment":[{"href":"https:\/\/www.alpapowder.com\/pt-pt\/wp-json\/wp\/v2\/media?parent=94568"}],"curies":[{"name":"wp","href":"https:\/\/api.w.org\/{rel}","templated":true}]}}