{"id":94603,"date":"2021-06-26T10:12:33","date_gmt":"2021-06-26T02:12:33","guid":{"rendered":"https:\/\/www.alpapowder.com\/estudo-de-caso\/pesticidas\/"},"modified":"2021-06-26T10:16:07","modified_gmt":"2021-06-26T02:16:07","slug":"pesticidas","status":"publish","type":"page","link":"https:\/\/www.alpapowder.com\/pt-pt\/estudo-de-caso\/pesticidas\/","title":{"rendered":"Pesticidas"},"content":{"rendered":"<section class=\"wpb-content-wrapper\"><p>[vc_row unlock_row_content=&#8221;yes&#8221; row_height_percent=&#8221;70&#8243; override_padding=&#8221;yes&#8221; h_padding=&#8221;0&#8243; top_padding=&#8221;0&#8243; bottom_padding=&#8221;0&#8243; overlay_alpha=&#8221;50&#8243; equal_height=&#8221;yes&#8221; gutter_size=&#8221;0&#8243; column_width_percent=&#8221;100&#8243; shift_y=&#8221;0&#8243; z_index=&#8221;0&#8243;][vc_column column_width_percent=&#8221;100&#8243; position_vertical=&#8221;middle&#8221; gutter_size=&#8221;3&#8243; override_padding=&#8221;yes&#8221; column_padding=&#8221;4&#8243; style=&#8221;dark&#8221; back_color=&#8221;accent&#8221; overlay_alpha=&#8221;50&#8243; shift_x=&#8221;0&#8243; shift_y=&#8221;0&#8243; shift_y_down=&#8221;0&#8243; z_index=&#8221;0&#8243; medium_width=&#8221;0&#8243; mobile_width=&#8221;0&#8243; width=&#8221;1\/2&#8243;][vc_custom_heading auto_text=&#8221;yes&#8221; heading_semantic=&#8221;h1&#8243; text_size=&#8221;h1&#8243;][\/vc_custom_heading][vc_column_text]Depois que as mat\u00e9rias-primas dos pesticidas s\u00e3o ultrafinas em p\u00f3, sua uniformidade, dispersibilidade e \u00e1rea de contato s\u00e3o significativamente aumentadas, de modo que os efeitos fungicidas, inseticidas e herbicidas s\u00e3o obviamente refor\u00e7ados e o uso de pesticidas \u00e9 grandemente reduzido. Al\u00e9m disso, o p\u00f3 p\u00f3 ultra-micro tem uma grande \u00e1rea de superf\u00edcie espec\u00edfica, forte capacidade de adsor\u00e7\u00e3o e resist\u00eancia \u00e0 \u00e1gua da chuva, mantendo assim o efeito de longa dura\u00e7\u00e3o dos pesticidas. Assim, a taxa de decomposi\u00e7\u00e3o do p\u00f3 ultra-micro nos subprodutos agr\u00edcolas e no meio ambiente \u00e9 acelerada devido a sua forte atividade superficial, de modo que a quantidade de res\u00edduos de pesticidas diminui e a polui\u00e7\u00e3o \u00e9 reduzida.<\/p>\n<p>Nossos moinhos classificadores de ar s\u00e3o capazes de moer materiais pesticidas de at\u00e9 25-35 \u00b5m de tamanho, enquanto os moinhos de fluxo de ar podem reduzir o tamanho para 10 \u00b5m. Al\u00e9m disso, oferecemos moinhos de discos de pino e moinhos de martelos para moagem grosseira.[\/vc_column_text][\/vc_column][vc_column column_width_percent=&#8221;100&#8243; position_vertical=&#8221;middle&#8221; gutter_size=&#8221;3&#8243; back_image=&#8221;85459&#8243; overlay_alpha=&#8221;50&#8243; shift_x=&#8221;0&#8243; shift_y=&#8221;0&#8243; shift_y_down=&#8221;0&#8243; z_index=&#8221;0&#8243; align_medium=&#8221;align_center_tablet&#8221; medium_width=&#8221;0&#8243; align_mobile=&#8221;align_center_mobile&#8221; mobile_width=&#8221;0&#8243; width=&#8221;1\/2&#8243;][vc_empty_space empty_h=&#8221;5&#8243;][\/vc_column][\/vc_row][vc_row row_height_percent=&#8221;0&#8243; override_padding=&#8221;yes&#8221; h_padding=&#8221;2&#8243; top_padding=&#8221;3&#8243; bottom_padding=&#8221;4&#8243; overlay_alpha=&#8221;50&#8243; equal_height=&#8221;yes&#8221; gutter_size=&#8221;4&#8243; column_width_percent=&#8221;100&#8243; shift_y=&#8221;0&#8243; z_index=&#8221;0&#8243; top_divider=&#8221;gradient&#8221; bottom_divider=&#8221;step&#8221; el_class=&#8221;demos&#8221;][vc_column column_width_use_pixel=&#8221;yes&#8221; gutter_size=&#8221;4&#8243; overlay_alpha=&#8221;50&#8243; shift_x=&#8221;0&#8243; shift_y=&#8221;0&#8243; shift_y_down=&#8221;0&#8243; z_index=&#8221;0&#8243; medium_width=&#8221;0&#8243; mobile_width=&#8221;0&#8243; sticky=&#8221;yes&#8221; width=&#8221;1\/1&#8243; column_width_pixel=&#8221;900&#8243;][uncode_index el_id=&#8221;index-1041816597&#8243; loop=&#8221;size:30|order_by:date|post_type:project|tax_query:374|taxonomy_count:10&#8243; gutter_size=&#8221;3&#8243; post_items=&#8221;media|featured|onpost|poster,title,text|excerpt|75&#8243; product_items=&#8221;title,price,media|featured|onpost|original&#8221; portfolio_items=&#8221;title,media|featured|onpost|original&#8221; project_items=&#8221;title,acf-field_607e48db91dd6,acf-field_607e6d14833a5,sep-one|reduced,icon|sm,text|full,link|default|small_size|Saber mais&#8221; screen_lg=&#8221;1000&#8243; screen_md=&#8221;600&#8243; screen_sm=&#8221;480&#8243; single_width=&#8221;12&#8243; single_overlay_color=&#8221;color-jevc&#8221; single_overlay_opacity=&#8221;50&#8243; single_text_anim_type=&#8221;btt&#8221; single_h_align=&#8221;center&#8221; single_padding=&#8221;2&#8243; single_title_dimension=&#8221;h3&#8243; single_border=&#8221;yes&#8221; custom_order=&#8221;yes&#8221; order_ids=&#8221;19264,19265,18999,18996,18998,18995,18997,18967&#8243; single_icon=&#8221;fa fa-plus2&#8243;][\/vc_column][\/vc_row][vc_row unlock_row_content=&#8221;yes&#8221; row_height_percent=&#8221;0&#8243; override_padding=&#8221;yes&#8221; h_padding=&#8221;0&#8243; top_padding=&#8221;0&#8243; bottom_padding=&#8221;0&#8243; back_color=&#8221;accent&#8221; overlay_alpha=&#8221;50&#8243; gutter_size=&#8221;4&#8243; column_width_percent=&#8221;100&#8243; shift_y=&#8221;0&#8243; z_index=&#8221;0&#8243; inverted_device_order=&#8221;yes&#8221;][vc_column column_width_percent=&#8221;100&#8243; align_horizontal=&#8221;align_center&#8221; gutter_size=&#8221;3&#8243; style=&#8221;dark&#8221; overlay_alpha=&#8221;50&#8243; shift_x=&#8221;0&#8243; shift_y=&#8221;0&#8243; shift_y_down=&#8221;0&#8243; z_index=&#8221;0&#8243; medium_width=&#8221;0&#8243; mobile_width=&#8221;0&#8243; width=&#8221;1\/2&#8243;][uncode_index el_id=&#8221;index-566311&#8243; index_type=&#8221;carousel&#8221; loop=&#8221;size:10|order_by:date|post_type:portfolio|by_id:93871,93616|taxonomy_count:10&#8243; carousel_lg=&#8221;1&#8243; carousel_md=&#8221;1&#8243; carousel_sm=&#8221;1&#8243; gutter_size=&#8221;3&#8243; post_items=&#8221;media|featured|onpost|original,title,category|nobg|relative|display-icon,date,text|excerpt,link|default|default_size,author|sm_size|hide_qualification,sep-one|full,extra,spacer|half&#8221; portfolio_items=&#8221;title,media|featured|onpost|original,acf-field_608bc5c592a93,spacer|half,link|link|small_size|Saber mais&#8221; carousel_interval=&#8221;3000&#8243; carousel_navspeed=&#8221;400&#8243; carousel_nav=&#8221;yes&#8221; carousel_nav_mobile=&#8221;yes&#8221; carousel_dots=&#8221;yes&#8221; carousel_dots_mobile=&#8221;yes&#8221; carousel_dots_inside=&#8221;yes&#8221; carousel_dot_padding=&#8221;2&#8243; stage_padding=&#8221;0&#8243; single_text=&#8221;overlay&#8221; single_style=&#8221;dark&#8221; single_overlay_opacity=&#8221;50&#8243; single_overlay_anim=&#8221;no&#8221; single_h_align=&#8221;right&#8221; single_padding=&#8221;3&#8243; single_title_dimension=&#8221;h4&#8243; single_border=&#8221;yes&#8221;][\/vc_column][vc_column column_width_percent=&#8221;100&#8243; position_vertical=&#8221;middle&#8221; gutter_size=&#8221;3&#8243; override_padding=&#8221;yes&#8221; column_padding=&#8221;3&#8243; style=&#8221;dark&#8221; overlay_alpha=&#8221;50&#8243; shift_x=&#8221;0&#8243; shift_y=&#8221;0&#8243; shift_y_down=&#8221;0&#8243; z_index=&#8221;0&#8243; medium_width=&#8221;0&#8243; mobile_width=&#8221;0&#8243; width=&#8221;1\/2&#8243;][uncode_block id=&#8221;85796&#8243; inside_column=&#8221;yes&#8221;][uncode_list larger=&#8221;yes&#8221; icon=&#8221;fa fa-square-o&#8221;]<\/p>\n<ul>\n<li>Desmontagem r\u00e1pida em 10 minutos.<\/li>\n<li>Sem canto, limpeza conveniente e r\u00e1pida.<\/li>\n<li>Efici\u00eancia de coleta de material atinge 99,9%.<\/li>\n<li>Ru\u00eddo abaixo de 80dB durante a opera\u00e7\u00e3o.<\/li>\n<li>Alto acabamento superficial (Ra=0.4\u03bcm).<\/li>\n<li>F\u00e1cil implementa\u00e7\u00e3o de limpeza on-line (CIP) e esteriliza\u00e7\u00e3o on-line (SIP).<\/li>\n<li>O produto \u00e9 protegido por tampa de isolamento \/ porta-luvas durante a opera\u00e7\u00e3o de produ\u00e7\u00e3o, o que \u00e9 seguro e sem preocupa\u00e7\u00f5es.<\/li>\n<li>Armazenamento completo de par\u00e2metros de processo e registros hist\u00f3ricos.<\/li>\n<li>Prote\u00e7\u00e3o com nitrog\u00eanio em todo o processo, n\u00e3o precisa se preocupar com prote\u00e7\u00e3o contra explos\u00e3o.<\/li>\n<\/ul>\n<p>[\/uncode_list][\/vc_column][\/vc_row]<\/p>\n<\/section>","protected":false},"excerpt":{"rendered":"<p>[vc_row unlock_row_content=&#8221;yes&#8221; row_height_percent=&#8221;70&#8243; override_padding=&#8221;yes&#8221; h_padding=&#8221;0&#8243; top_padding=&#8221;0&#8243; bottom_padding=&#8221;0&#8243; overlay_alpha=&#8221;50&#8243; equal_height=&#8221;yes&#8221; gutter_size=&#8221;0&#8243; column_width_percent=&#8221;100&#8243; shift_y=&#8221;0&#8243; z_index=&#8221;0&#8243;][vc_column column_width_percent=&#8221;100&#8243; position_vertical=&#8221;middle&#8221; gutter_size=&#8221;3&#8243; override_padding=&#8221;yes&#8221; column_padding=&#8221;4&#8243; style=&#8221;dark&#8221; back_color=&#8221;accent&#8221; [&hellip;]<\/p>\n","protected":false},"author":6,"featured_media":0,"parent":94314,"menu_order":0,"comment_status":"open","ping_status":"closed","template":"","meta":{"_acf_changed":false,"footnotes":""},"class_list":["post-94603","page","type-page","status-publish","hentry","page_category-por-industria"],"acf":[],"_links":{"self":[{"href":"https:\/\/www.alpapowder.com\/pt-pt\/wp-json\/wp\/v2\/pages\/94603","targetHints":{"allow":["GET"]}}],"collection":[{"href":"https:\/\/www.alpapowder.com\/pt-pt\/wp-json\/wp\/v2\/pages"}],"about":[{"href":"https:\/\/www.alpapowder.com\/pt-pt\/wp-json\/wp\/v2\/types\/page"}],"author":[{"embeddable":true,"href":"https:\/\/www.alpapowder.com\/pt-pt\/wp-json\/wp\/v2\/users\/6"}],"replies":[{"embeddable":true,"href":"https:\/\/www.alpapowder.com\/pt-pt\/wp-json\/wp\/v2\/comments?post=94603"}],"version-history":[{"count":0,"href":"https:\/\/www.alpapowder.com\/pt-pt\/wp-json\/wp\/v2\/pages\/94603\/revisions"}],"up":[{"embeddable":true,"href":"https:\/\/www.alpapowder.com\/pt-pt\/wp-json\/wp\/v2\/pages\/94314"}],"wp:attachment":[{"href":"https:\/\/www.alpapowder.com\/pt-pt\/wp-json\/wp\/v2\/media?parent=94603"}],"curies":[{"name":"wp","href":"https:\/\/api.w.org\/{rel}","templated":true}]}}