{"id":94759,"date":"2021-06-26T11:29:38","date_gmt":"2021-06-26T03:29:38","guid":{"rendered":"https:\/\/www.alpapowder.com\/responsabilidade-social\/"},"modified":"2021-06-29T14:16:08","modified_gmt":"2021-06-29T06:16:08","slug":"responsabilidade-social","status":"publish","type":"page","link":"https:\/\/www.alpapowder.com\/pt-pt\/responsabilidade-social\/","title":{"rendered":"Responsabilidade Social"},"content":{"rendered":"<section class=\"wpb-content-wrapper\"><p>[vc_row row_height_percent=&#8221;0&#8243; override_padding=&#8221;yes&#8221; h_padding=&#8221;2&#8243; top_padding=&#8221;4&#8243; bottom_padding=&#8221;4&#8243; overlay_alpha=&#8221;50&#8243; gutter_size=&#8221;3&#8243; column_width_percent=&#8221;100&#8243; shift_y=&#8221;0&#8243; z_index=&#8221;0&#8243;][vc_column column_width_use_pixel=&#8221;yes&#8221; position_horizontal=&#8221;left&#8221; gutter_size=&#8221;3&#8243; overlay_alpha=&#8221;50&#8243; shift_x=&#8221;0&#8243; shift_y=&#8221;0&#8243; shift_y_down=&#8221;0&#8243; z_index=&#8221;0&#8243; medium_width=&#8221;0&#8243; mobile_width=&#8221;0&#8243; width=&#8221;1\/1&#8243; column_width_pixel=&#8221;900&#8243;][vc_custom_heading heading_semantic=&#8221;h1&#8243; text_size=&#8221;h1&#8243; sub_lead=&#8221;yes&#8221; sub_reduced=&#8221;yes&#8221; subheading=&#8221;Acreditamos que a responsabilidade de uma empresa n\u00e3o \u00e9 apenas produzir e vender produtos de qualidade, mas tamb\u00e9m focar em \u00e1reas como seguran\u00e7a, desenvolvimento sustent\u00e1vel e cuidados com os funcion\u00e1rios. A ALPA continuar\u00e1 a colocar o esp\u00edrito da RSE em cada momento de nossa opera\u00e7\u00e3o di\u00e1ria e far\u00e1 o melhor para retribuir \u00e0 sociedade e criar um lar mais verde, mais seguro e mais saud\u00e1vel com o mundo.&#8221;]Compromisso de Responsabilidade Social Corporativa[\/vc_custom_heading][\/vc_column][\/vc_row][vc_row unlock_row_content=&#8221;yes&#8221; row_height_percent=&#8221;0&#8243; override_padding=&#8221;yes&#8221; h_padding=&#8221;0&#8243; top_padding=&#8221;0&#8243; bottom_padding=&#8221;0&#8243; back_color=&#8221;accent&#8221; overlay_alpha=&#8221;50&#8243; equal_height=&#8221;yes&#8221; gutter_size=&#8221;0&#8243; column_width_percent=&#8221;100&#8243; shift_y=&#8221;0&#8243; z_index=&#8221;0&#8243;][vc_column column_width_percent=&#8221;51&#8243; position_horizontal=&#8221;right&#8221; position_vertical=&#8221;bottom&#8221; align_horizontal=&#8221;align_right&#8221; gutter_size=&#8221;3&#8243; back_image=&#8221;86082&#8243; overlay_alpha=&#8221;50&#8243; shift_x=&#8221;0&#8243; shift_y=&#8221;0&#8243; shift_y_down=&#8221;0&#8243; z_index=&#8221;0&#8243; medium_width=&#8221;0&#8243; mobile_width=&#8221;0&#8243; width=&#8221;1\/2&#8243;][vc_empty_space empty_h=&#8221;5&#8243;][vc_empty_space empty_h=&#8221;5&#8243;][\/vc_column][vc_column column_width_percent=&#8221;100&#8243; position_vertical=&#8221;middle&#8221; gutter_size=&#8221;3&#8243; override_padding=&#8221;yes&#8221; column_padding=&#8221;4&#8243; style=&#8221;dark&#8221; overlay_alpha=&#8221;50&#8243; shift_x=&#8221;0&#8243; shift_y=&#8221;0&#8243; shift_y_down=&#8221;0&#8243; z_index=&#8221;0&#8243; medium_width=&#8221;0&#8243; mobile_width=&#8221;0&#8243; width=&#8221;1\/2&#8243;][vc_icon icon=&#8221;fa fa-heart-pulse&#8221; size=&#8221;fa-3x&#8221; heading_semantic=&#8221;h2&#8243; text_size=&#8221;h4&#8243; text_reduced=&#8221;yes&#8221; title=&#8221;&quot;Seguran\u00e7a&quot; \u00e9 a prioridade m\u00e1xima&#8221;]Damos grande import\u00e2ncia \u00e0 seguran\u00e7a H\u00e1 sempre preocupa\u00e7\u00f5es com a seguran\u00e7a durante o processamento de p\u00f3s ultrafinos. Estamos comprometidos em proteger cada trabalhador, cada fam\u00edlia, e o meio ambiente e a ecologia. Trabalhamos com v\u00e1rias organiza\u00e7\u00f5es de seguran\u00e7a para melhorar a seguran\u00e7a e a confiabilidade de nossas m\u00e1quinas e a conscientiza\u00e7\u00e3o da seguran\u00e7a das pessoas que fazem sua parte em nossas posi\u00e7\u00f5es.[\/vc_icon][vc_separator sep_color=&#8221;color-146634&#8243;][vc_icon icon=&#8221;fa fa-leaf3&#8243; size=&#8221;fa-3x&#8221; heading_semantic=&#8221;h2&#8243; text_size=&#8221;h4&#8243; text_reduced=&#8221;yes&#8221; title=&#8221;A &quot;sustentabilidade&quot; \u00e9 um princ\u00edpio fundamental&#8221;]Desde nossa funda\u00e7\u00e3o, estamos comprometidos com o princ\u00edpio da &#8220;sustentabilidade&#8221; e sempre consideramos a prote\u00e7\u00e3o do meio ambiente e o desenvolvimento sustent\u00e1vel da humanidade como nossa principal responsabilidade, fornecendo \u00e0 sociedade equipamentos e servi\u00e7os de processamento de p\u00f3 industrial eficientes e com economia de energia atrav\u00e9s da cont\u00ednua inova\u00e7\u00e3o tecnol\u00f3gica.<\/p>\n<p>No processo de produ\u00e7\u00e3o, planejamos reduzir continuamente o consumo de energia e recursos, reduzir as emiss\u00f5es de CO2 e res\u00edduos, e melhorar a taxa de reciclagem de res\u00edduos corporativos. Tamb\u00e9m desenvolvemos uma solu\u00e7\u00e3o de economia circular que utiliza o calor residual industrial como fonte de energia para fazer uso abrangente de alto valor agregado de cinzas volantes, esc\u00f3ria, esc\u00f3ria de a\u00e7o, rejeitos, lama de lago e outros res\u00edduos s\u00f3lidos industriais.[\/vc_icon][vc_separator sep_color=&#8221;color-146634&#8243;][vc_icon icon=&#8221;fa fa-venus-double&#8221; size=&#8221;fa-3x&#8221; heading_semantic=&#8221;h2&#8243; text_size=&#8221;h4&#8243; text_reduced=&#8221;yes&#8221; title=&#8221;O &quot;cuidado dos funcion\u00e1rios&quot; \u00e9 uma motiva\u00e7\u00e3o duradoura&#8221;]A ALPA d\u00e1 total respeito e cuidado a cada funcion\u00e1rio, reduz a ansiedade, o desamparo e a taxa de rotatividade dos funcion\u00e1rios e ajuda os funcion\u00e1rios a resolver seus problemas nos aspectos sociais, psicol\u00f3gicos, gerenciais e de sa\u00fade. Criamos ativamente um mecanismo para ajudar os funcion\u00e1rios, atrav\u00e9s da forma de subs\u00eddios para funcion\u00e1rios com doen\u00e7as graves, doa\u00e7\u00f5es e condol\u00eancias, e assim por diante, a superar dificuldades junto aos funcion\u00e1rios.[\/vc_icon][\/vc_column][\/vc_row]<\/p>\n<\/section>","protected":false},"excerpt":{"rendered":"<p>[vc_row row_height_percent=&#8221;0&#8243; override_padding=&#8221;yes&#8221; h_padding=&#8221;2&#8243; top_padding=&#8221;4&#8243; bottom_padding=&#8221;4&#8243; overlay_alpha=&#8221;50&#8243; gutter_size=&#8221;3&#8243; column_width_percent=&#8221;100&#8243; shift_y=&#8221;0&#8243; z_index=&#8221;0&#8243;][vc_column column_width_use_pixel=&#8221;yes&#8221; position_horizontal=&#8221;left&#8221; gutter_size=&#8221;3&#8243; overlay_alpha=&#8221;50&#8243; shift_x=&#8221;0&#8243; shift_y=&#8221;0&#8243; shift_y_down=&#8221;0&#8243; z_index=&#8221;0&#8243; medium_width=&#8221;0&#8243; [&hellip;]<\/p>\n","protected":false},"author":6,"featured_media":0,"parent":0,"menu_order":0,"comment_status":"closed","ping_status":"closed","template":"","meta":{"_acf_changed":false,"footnotes":""},"class_list":["post-94759","page","type-page","status-publish","hentry"],"acf":[],"_links":{"self":[{"href":"https:\/\/www.alpapowder.com\/pt-pt\/wp-json\/wp\/v2\/pages\/94759","targetHints":{"allow":["GET"]}}],"collection":[{"href":"https:\/\/www.alpapowder.com\/pt-pt\/wp-json\/wp\/v2\/pages"}],"about":[{"href":"https:\/\/www.alpapowder.com\/pt-pt\/wp-json\/wp\/v2\/types\/page"}],"author":[{"embeddable":true,"href":"https:\/\/www.alpapowder.com\/pt-pt\/wp-json\/wp\/v2\/users\/6"}],"replies":[{"embeddable":true,"href":"https:\/\/www.alpapowder.com\/pt-pt\/wp-json\/wp\/v2\/comments?post=94759"}],"version-history":[{"count":0,"href":"https:\/\/www.alpapowder.com\/pt-pt\/wp-json\/wp\/v2\/pages\/94759\/revisions"}],"wp:attachment":[{"href":"https:\/\/www.alpapowder.com\/pt-pt\/wp-json\/wp\/v2\/media?parent=94759"}],"curies":[{"name":"wp","href":"https:\/\/api.w.org\/{rel}","templated":true}]}}