{"id":90194,"date":"2021-06-09T13:35:09","date_gmt":"2021-06-09T05:35:09","guid":{"rendered":"https:\/\/www.alpapowder.com\/%d0%b3%d0%bb%d0%b0%d0%b2%d0%bd%d0%b0%d1%8f-%d1%81%d1%82%d1%80%d0%b0%d0%bd%d0%b8%d1%86%d0%b0\/"},"modified":"2023-11-13T09:49:58","modified_gmt":"2023-11-13T01:49:58","slug":"%d0%b3%d0%bb%d0%b0%d0%b2%d0%bd%d0%b0%d1%8f-%d1%81%d1%82%d1%80%d0%b0%d0%bd%d0%b8%d1%86%d0%b0","status":"publish","type":"page","link":"https:\/\/www.alpapowder.com\/ru\/","title":{"rendered":"\u0413\u043b\u0430\u0432\u043d\u0430\u044f \u0441\u0442\u0440\u0430\u043d\u0438\u0446\u0430"},"content":{"rendered":"<section class=\"wpb-content-wrapper\"><p>[vc_row unlock_row_content=&#187;yes&#187; row_height_percent=&#187;88&#8243; override_padding=&#187;yes&#187; h_padding=&#187;0&#8243; top_padding=&#187;0&#8243; bottom_padding=&#187;0&#8243; overlay_alpha=&#187;50&#8243; gutter_size=&#187;3&#8243; column_width_percent=&#187;100&#8243; shift_y=&#187;0&#8243; z_index=&#187;0&#8243; front_end_with_slider=&#187;true&#187;][vc_column column_width_percent=&#187;100&#8243; gutter_size=&#187;3&#8243; overlay_alpha=&#187;50&#8243; shift_x=&#187;0&#8243; shift_y=&#187;0&#8243; shift_y_down=&#187;0&#8243; z_index=&#187;0&#8243; medium_width=&#187;0&#8243; mobile_width=&#187;0&#8243; width=&#187;1\/1&#8243;][uncode_slider slider_interval=&#187;5000&#8243; slider_navspeed=&#187;700&#8243; slider_loop=&#187;yes&#187; slider_hide_dots=&#187;yes&#187;][vc_row_inner row_inner_height_percent=&#187;0&#8243; back_image=&#187;85354&#8243; overlay_alpha=&#187;43&#8243; equal_height=&#187;yes&#187; gutter_size=&#187;3&#8243; shift_y=&#187;0&#8243; z_index=&#187;0&#8243; limit_content=&#187;&#187; front_end_with_slider=&#187;true&#187;][vc_column_inner column_width_use_pixel=&#187;yes&#187; position_vertical=&#187;middle&#187; align_horizontal=&#187;align_center&#187; gutter_size=&#187;3&#8243; override_padding=&#187;yes&#187; column_padding=&#187;3&#8243; style=&#187;dark&#187; overlay_alpha=&#187;80&#8243; shift_x=&#187;0&#8243; shift_y=&#187;0&#8243; shift_y_down=&#187;0&#8243; z_index=&#187;0&#8243; medium_width=&#187;0&#8243; mobile_width=&#187;0&#8243; width=&#187;1\/1&#8243; column_width_pixel=&#187;1200&#8243;][vc_custom_heading heading_semantic=&#187;h1&#8243; text_size=&#187;fontsize-964839&#8243; text_transform=&#187;uppercase&#187; css_animation=&#187;curtain-words&#187; animation_delay=&#187;600&#8243; title=&#187;&#187;]\u041c\u044b \u043f\u0440\u0438\u043d\u043e\u0441\u0438\u043c \u043d\u043e\u0432\u044b\u0435 \u0442\u0435\u043d\u0434\u0435\u043d\u0446\u0438\u0438 \u0432 \u0442\u0440\u0430\u0434\u0438\u0446\u0438\u043e\u043d\u043d\u0443\u044e \u043f\u043e\u0440\u043e\u0448\u043a\u043e\u0432\u0443\u044e \u043f\u0440\u043e\u043c\u044b\u0448\u043b\u0435\u043d\u043d\u043e\u0441\u0442\u044c[\/vc_custom_heading][vc_separator sep_color=&#187;color-708378&#8243; css_animation=&#187;bottom-t-top&#187; animation_delay=&#187;800&#8243; el_width=&#187;100px&#187; el_height=&#187;2px&#187;][vc_custom_heading text_size=&#187;h4&#8243; text_weight=&#187;400&#8243; css_animation=&#187;curtain-words&#187; animation_delay=&#187;1200&#8243;]\u041f\u0440\u0435\u0434\u043e\u0441\u0442\u0430\u0432\u043b\u044f\u0435\u043c \u0440\u0435\u0448\u0435\u043d\u0438\u044f \u0434\u043b\u044f \u043e\u0431\u0440\u0430\u0431\u043e\u0442\u043a\u0438 \u0433\u0440\u0430\u043d\u0443\u043b \u0438 \u043f\u043e\u0440\u043e\u0448\u043a\u043e\u0432 \u043f\u043e \u0412\u0430\u0448\u0435\u043c\u0443 \u0437\u0430\u043f\u0440\u043e\u0441\u0443[\/vc_custom_heading][\/vc_column_inner][\/vc_row_inner][vc_row_inner row_inner_height_percent=&#187;0&#8243; back_color=&#187;color-wayh&#187; back_image=&#187;86186&#8243; overlay_alpha=&#187;50&#8243; equal_height=&#187;yes&#187; gutter_size=&#187;3&#8243; shift_y=&#187;0&#8243; z_index=&#187;0&#8243; limit_content=&#187;&#187; front_end_with_slider=&#187;true&#187;][vc_column_inner column_width_use_pixel=&#187;yes&#187; position_vertical=&#187;middle&#187; align_horizontal=&#187;align_center&#187; gutter_size=&#187;3&#8243; style=&#187;dark&#187; overlay_alpha=&#187;50&#8243; shift_x=&#187;0&#8243; shift_y=&#187;0&#8243; shift_y_down=&#187;0&#8243; z_index=&#187;0&#8243; medium_width=&#187;0&#8243; mobile_width=&#187;0&#8243; zoom_width=&#187;0&#8243; zoom_height=&#187;0&#8243; width=&#187;1\/1&#8243; column_width_pixel=&#187;1200&#8243;][vc_custom_heading text_size=&#187;fontsize-964839&#8243; text_transform=&#187;uppercase&#187; css_animation=&#187;curtain-words&#187; animation_delay=&#187;600&#8243; title=&#187;&#187;]\u041d\u0430\u0448\u0430 \u043c\u0438\u0441\u0441\u0438\u044f \u043e\u0442\u0432\u0435\u0442\u0441\u0442\u0432\u0435\u043d\u043d\u043e\u0441\u0442\u044c[\/vc_custom_heading][vc_separator sep_color=&#187;color-708378&#8243; css_animation=&#187;bottom-t-top&#187; animation_delay=&#187;800&#8243; el_width=&#187;100px&#187; el_height=&#187;2px&#187;][vc_custom_heading text_size=&#187;h4&#8243; text_weight=&#187;400&#8243; css_animation=&#187;curtain-words&#187; animation_delay=&#187;1200&#8243;]\u041f\u043e\u0440\u043e\u0448\u043a\u043e\u0432\u0430\u044f \u0442\u0435\u0445\u043d\u043e\u043b\u043e\u0433\u0438\u044f \u2013 \u043e\u0441\u043d\u043e\u0432\u0430 \u0440\u0430\u0437\u0432\u0438\u0442\u0438\u044f \u0431\u0443\u0434\u0443\u0449\u0435\u0433\u043e \u0441\u043e\u0432\u0440\u0435\u043c\u0435\u043d\u043d\u044b\u0445 \u043c\u0430\u0442\u0435\u0440\u0438\u0430\u043b\u043e\u0432[\/vc_custom_heading][\/vc_column_inner][\/vc_row_inner][vc_row_inner row_inner_height_percent=&#187;0&#8243; back_color=&#187;color-wayh&#187; back_image=&#187;86196&#8243; overlay_color=&#187;color-jevc&#187; overlay_alpha=&#187;30&#8243; equal_height=&#187;yes&#187; gutter_size=&#187;3&#8243; shift_y=&#187;0&#8243; z_index=&#187;0&#8243; limit_content=&#187;&#187; front_end_with_slider=&#187;true&#187;][vc_column_inner column_width_use_pixel=&#187;yes&#187; position_vertical=&#187;middle&#187; align_horizontal=&#187;align_center&#187; gutter_size=&#187;3&#8243; override_padding=&#187;yes&#187; column_padding=&#187;3&#8243; style=&#187;dark&#187; overlay_alpha=&#187;80&#8243; shift_x=&#187;0&#8243; shift_y=&#187;0&#8243; shift_y_down=&#187;0&#8243; z_index=&#187;0&#8243; medium_width=&#187;0&#8243; mobile_width=&#187;0&#8243; zoom_width=&#187;0&#8243; zoom_height=&#187;0&#8243; width=&#187;1\/1&#8243; column_width_pixel=&#187;1200&#8243;][vc_custom_heading text_size=&#187;fontsize-964839&#8243; text_transform=&#187;uppercase&#187; css_animation=&#187;curtain-words&#187; animation_delay=&#187;600&#8243; title=&#187;&#187;]\u0415\u0441\u0442\u0435\u0441\u0442\u0432\u0435\u043d\u043d\u043e \u0438 \u043f\u0440\u0438\u0432\u043b\u0435\u043a\u0430\u0442\u0435\u043b\u044c\u043d\u043e[\/vc_custom_heading][vc_separator sep_color=&#187;color-708378&#8243; css_animation=&#187;bottom-t-top&#187; animation_delay=&#187;800&#8243; el_width=&#187;100px&#187; el_height=&#187;2px&#187;][vc_custom_heading text_size=&#187;h4&#8243; text_weight=&#187;400&#8243; css_animation=&#187;curtain-words&#187; animation_delay=&#187;1200&#8243;]\u0414\u0432\u0430\u0434\u0446\u0430\u0442\u044c \u043b\u0435\u0442 \u043a\u0430\u043a \u043e\u0434\u0438\u043d \u0434\u0435\u043d\u044c \u0443\u0441\u0435\u0440\u0434\u043d\u043e\u0433\u043e \u0442\u0440\u0443\u0434\u0430.[\/vc_custom_heading][\/vc_column_inner][\/vc_row_inner][\/uncode_slider][\/vc_column][\/vc_row][vc_row][vc_column width=&#187;1\/1&#8243;][uncode_block id=&#187;86302&#8243;][\/vc_column][\/vc_row][vc_row row_height_percent=&#187;0&#8243; override_padding=&#187;yes&#187; h_padding=&#187;2&#8243; top_padding=&#187;4&#8243; bottom_padding=&#187;2&#8243; overlay_alpha=&#187;50&#8243; gutter_size=&#187;3&#8243; column_width_percent=&#187;100&#8243; shift_y=&#187;0&#8243; z_index=&#187;0&#8243;][vc_column column_width_percent=&#187;100&#8243; gutter_size=&#187;3&#8243; overlay_alpha=&#187;50&#8243; shift_x=&#187;0&#8243; shift_y=&#187;0&#8243; shift_y_down=&#187;0&#8243; z_index=&#187;0&#8243; medium_width=&#187;0&#8243; mobile_width=&#187;0&#8243; width=&#187;1\/1&#8243;][uncode_block id=&#187;84835&#8243; inside_column=&#187;yes&#187;][uncode_block id=&#187;83385&#8243; inside_column=&#187;yes&#187;][\/vc_column][\/vc_row][vc_row row_height_percent=&#187;0&#8243; override_padding=&#187;yes&#187; h_padding=&#187;2&#8243; top_padding=&#187;2&#8243; bottom_padding=&#187;4&#8243; overlay_alpha=&#187;50&#8243; gutter_size=&#187;2&#8243; column_width_percent=&#187;100&#8243; shift_y=&#187;0&#8243; z_index=&#187;0&#8243;][vc_column column_width_percent=&#187;100&#8243; align_horizontal=&#187;align_center&#187; gutter_size=&#187;4&#8243; overlay_alpha=&#187;50&#8243; shift_x=&#187;0&#8243; shift_y=&#187;0&#8243; shift_y_down=&#187;0&#8243; z_index=&#187;0&#8243; medium_width=&#187;0&#8243; mobile_width=&#187;0&#8243; width=&#187;1\/1&#8243;][uncode_index el_id=&#187;index-209991&#8243; isotope_mode=&#187;fitRows&#187; loop=&#187;size:6|order_by:date|post_type:project|by_id:83477,84032,84029,83557,84041,83683|taxonomy_count:10&#8243; screen_lg=&#187;1000&#8243; screen_md=&#187;600&#8243; screen_sm=&#187;480&#8243; gutter_size=&#187;3&#8243; project_items=&#187;title,media|media|onpost|original,text|excerpt,icon|sm,acf-field_607e48db91dd6,spacer|half&#187; images_size=&#187;sixteen-nine&#187; single_overlay_color=&#187;color-jevc&#187; single_overlay_opacity=&#187;50&#8243; single_padding=&#187;1&#8243; single_title_dimension=&#187;h6&#8243; single_border=&#187;yes&#187; custom_order=&#187;yes&#187; single_icon=&#187;fa fa-plus2&#8243; order_ids=&#187;83683,84032,84029,83477,83557,84041&#8243;][\/vc_column][\/vc_row][vc_row unlock_row_content=&#187;yes&#187; row_height_percent=&#187;0&#8243; override_padding=&#187;yes&#187; h_padding=&#187;2&#8243; top_padding=&#187;4&#8243; bottom_padding=&#187;3&#8243; back_color=&#187;accent&#187; overlay_alpha=&#187;50&#8243; equal_height=&#187;yes&#187; gutter_size=&#187;3&#8243; column_width_percent=&#187;100&#8243; shift_y=&#187;0&#8243; z_index=&#187;0&#8243; top_divider=&#187;gradient&#187; bottom_divider=&#187;step_2_3&#8243;][vc_column column_width_percent=&#187;100&#8243; position_vertical=&#187;middle&#187; align_horizontal=&#187;align_center&#187; gutter_size=&#187;4&#8243; style=&#187;dark&#187; overlay_alpha=&#187;50&#8243; shift_x=&#187;0&#8243; shift_y=&#187;0&#8243; shift_y_down=&#187;0&#8243; z_index=&#187;0&#8243; medium_width=&#187;0&#8243; mobile_width=&#187;0&#8243; width=&#187;1\/1&#8243;][uncode_block id=&#187;86595&#8243; inside_column=&#187;yes&#187;][uncode_index el_id=&#187;index-177239&#8243; isotope_mode=&#187;packery&#187; loop=&#187;size:8|order_by:date|post_type:portfolio|taxonomy_count:10&#8243; screen_lg=&#187;1000&#8243; screen_md=&#187;600&#8243; screen_sm=&#187;480&#8243; gutter_size=&#187;1&#8243; inner_padding=&#187;yes&#187; portfolio_items=&#187;title,media|featured|onpost|original,acf-field_608bc5c592a93&#8243; footer_style=&#187;dark&#187; single_text=&#187;overlay&#187; single_width=&#187;3&#8243; single_style=&#187;dark&#187; single_overlay_opacity=&#187;1&#8243; single_text_visible=&#187;yes&#187; single_text_anim=&#187;no&#187; single_v_position=&#187;top&#187; single_padding=&#187;2&#8243; single_title_dimension=&#187;h5&#8243; single_border=&#187;yes&#187; order_ids=&#187;82619,82613,84531,82621,82623,82625,82605,84590&#8243; items=&#187;eyI4MjYxOV9pIjp7InNpbmdsZV93aWR0aCI6IjYifSwiODI2MjVfaSI6eyJzaW5nbGVfd2lkdGgiOiI2IiwiaW1hZ2VzX3NpemUiOiJ0d28tb25lIn0sIjg0NjA4X2kiOnsic2luZ2xlX3dpZHRoIjoiNiIsImltYWdlc19zaXplIjoidHdvLW9uZSJ9LCI4MjYyN19pIjp7InNpbmdsZV93aWR0aCI6IjYiLCJpbWFnZXNfc2l6ZSI6InR3by1vbmUifSwiODI2MTNfaSI6eyJpbWFnZXNfc2l6ZSI6IiIsInNpbmdsZV93aWR0aCI6IjMifSwiODk5OTBfaSI6eyJzaW5nbGVfd2lkdGgiOiI2In0sIjkwMDM4X2kiOnsic2luZ2xlX3dpZHRoIjoiNiIsImltYWdlc19zaXplIjoidHdvLW9uZSJ9fQ==&#187;][vc_button size=&#187;btn-sm&#187; outline=&#187;yes&#187; border_width=&#187;0&#8243; link=&#187;url:https%3A%2F%2Fwww.alpapowder.com%2Fru%2F%20%D0%BE%D0%B1%D0%BE%D1%80%D1%83%D0%B4%D0%BE%D0%B2%D0%B0%D0%BD%D0%B8%D0%B5-%D0%BA%D0%BE%D1%82%D0%BE%D1%80%D0%BE%D0%B5-%D0%BC%D1%8B-%D0%BF%D1%80%D0%B5%D0%B4%D0%BE%D1%81%D1%82%D0%B0%D0%B2%D0%BB%D1%8F%20%2F|title:%D0%9C%D0%B0%D1%88%D0%B8%D0%BD%D1%8B&#187; icon=&#187;fa fa-gears2&#8243;]\u041e\u0437\u043d\u0430\u043a\u043e\u043c\u044c\u0442\u0435\u0441\u044c \u0441\u043e \u0432\u0441\u0435\u043c \u043d\u0430\u0448\u0438\u043c \u043e\u0431\u043e\u0440\u0443\u0434\u043e\u0432\u0430\u043d\u0438\u0435\u043c[\/vc_button][\/vc_column][\/vc_row][vc_row unlock_row_content=&#187;yes&#187; row_height_percent=&#187;0&#8243; override_padding=&#187;yes&#187; h_padding=&#187;3&#8243; top_padding=&#187;4&#8243; bottom_padding=&#187;4&#8243; overlay_alpha=&#187;50&#8243; gutter_size=&#187;3&#8243; column_width_percent=&#187;100&#8243; border_style=&#187;solid&#187; shift_y=&#187;0&#8243; z_index=&#187;0&#8243; css=&#187;.vc_custom_1621495300839{border-top-width: 1px !important;}&#187;][vc_column column_width_percent=&#187;100&#8243; align_horizontal=&#187;align_center&#187; gutter_size=&#187;3&#8243; overlay_alpha=&#187;50&#8243; shift_x=&#187;0&#8243; shift_y=&#187;0&#8243; shift_y_down=&#187;0&#8243; z_index=&#187;0&#8243; medium_width=&#187;0&#8243; mobile_width=&#187;0&#8243; width=&#187;1\/1&#8243;][vc_custom_heading sub_lead=&#187;yes&#187; sub_reduced=&#187;yes&#187; subheading=&#187;\u041d\u0430\u0448\u0430 \u043a\u043e\u043c\u0430\u043d\u0434\u0430 \u0441\u043f\u0435\u0446\u0438\u0430\u043b\u0438\u0441\u0442\u043e\u0432 \u0432 \u043b\u044e\u0431\u043e\u0435 \u0432\u0440\u0435\u043c\u044f \u043f\u0440\u043e\u0432\u0435\u0434\u0435\u0442 \u0434\u0438\u0430\u0433\u043d\u043e\u0441\u0442\u0438\u043a\u0443 \u0438 \u0440\u0435\u0448\u0438\u0442 \u0412\u0430\u0448\u0443 \u043f\u0440\u043e\u0431\u043b\u0435\u043c\u0443.&#187;]\u0423\u043b\u0443\u0447\u0448\u0435\u043d\u043d\u043e\u0435 \u043e\u0431\u0441\u043b\u0443\u0436\u0438\u0432\u0430\u043d\u0438\u0435 \u043f\u043e\u0441\u043b\u0435 \u043f\u043e\u043a\u0443\u043f\u043a\u0438 \u043e\u0431\u043e\u0440\u0443\u0434\u043e\u0432\u0430\u043d\u0438\u044f[\/vc_custom_heading][vc_row_inner row_inner_height_percent=&#187;0&#8243; overlay_alpha=&#187;50&#8243; equal_height=&#187;yes&#187; gutter_size=&#187;1&#8243; shift_y=&#187;0&#8243; z_index=&#187;0&#8243;][vc_column_inner column_width_percent=&#187;80&#8243; align_horizontal=&#187;align_center&#187; gutter_size=&#187;3&#8243; override_padding=&#187;yes&#187; column_padding=&#187;2&#8243; overlay_alpha=&#187;50&#8243; border_color=&#187;color-177537&#8243; border_style=&#187;solid&#187; shift_x=&#187;0&#8243; shift_y=&#187;0&#8243; shift_y_down=&#187;0&#8243; z_index=&#187;0&#8243; medium_width=&#187;2&#8243; mobile_width=&#187;0&#8243; width=&#187;1\/4&#8243; css=&#187;.vc_custom_1626052430215{border-right-width: 1px !important;}&#187; link_to=&#187;url:https%3A%2F%2Fwww.alpapowder.com%2Fru%2F%D0%BF%D1%80%D0%BE%D0%B8%D0%B7%D0%B2%D0%BE%D0%B4%D1%81%D1%82%D0%B2%D0%BE-%D0%B8-%D0%B4%D0%BE%D1%81%D1%82%D0%B0%D0%B2%D0%BA%D0%B0%2F|title:%D0%9F%D1%80%D0%BE%D0%B8%D0%B7%D0%B2%D0%BE%D0%B4%D1%81%D1%82%D0%B2%D0%BE%20%D0%B8%20%D0%B4%D0%BE%D1%81%D1%82%D0%B0%D0%B2%D0%BA%D0%B0&#8243;][vc_icon icon=&#187;fa fa-calendar2&#8243; size=&#187;fa-3x&#187; text_size=&#187;h5&#8243; text_reduced=&#187;yes&#187; align=&#187;&#187; title=&#187;Producci\u00f3n y env\u00edo&#187;]No osamos relajarnos lo m\u00e1s m\u00ednimo en ninguna fase, desde el dise\u00f1o del diagrama de flujo hasta la recepci\u00f3n por su parte.[\/vc_icon][\/vc_column_inner][vc_column_inner column_width_percent=&#187;80&#8243; align_horizontal=&#187;align_center&#187; gutter_size=&#187;3&#8243; override_padding=&#187;yes&#187; column_padding=&#187;2&#8243; overlay_alpha=&#187;50&#8243; border_color=&#187;color-177537&#8243; border_style=&#187;solid&#187; shift_x=&#187;0&#8243; shift_y=&#187;0&#8243; shift_y_down=&#187;0&#8243; z_index=&#187;0&#8243; medium_width=&#187;2&#8243; mobile_width=&#187;0&#8243; width=&#187;1\/4&#8243; css=&#187;.vc_custom_1626052462088{border-right-width: 1px !important;}&#187; link_to=&#187;url:https%3A%2F%2Fwww.alpapowder.com%2Fru%2F%D0%BC%D0%BE%D0%BD%D1%82%D0%B0%D0%B6-%D0%BD%D0%B0%D0%BB%D0%B0%D0%B4%D0%BA%D0%B0-%D0%B8-%D0%BF%D0%BE%D0%B4%D0%B3%D0%BE%D1%82%D0%BE%D0%B2%D0%BA%D0%B0%2F|title:%D0%9C%D0%BE%D0%BD%D1%82%D0%B0%D0%B6%2C%20%D0%BD%D0%B0%D0%BB%D0%B0%D0%B4%D0%BA%D0%B0%20%D0%B8%20%D0%BF%D0%BE%D0%B4%D0%B3%D0%BE%D1%82%D0%BE%D0%B2%D0%BA%D0%B0&#8243;][vc_icon icon=&#187;fa fa-tools-2&#8243; size=&#187;fa-3x&#187; text_size=&#187;h5&#8243; text_reduced=&#187;yes&#187; align=&#187;&#187; title=&#187;Instalaci\u00f3n, puesta en marcha y capacitaci\u00f3n&#187;]Para que cualquier equipo funcione con \u00e9xito y de forma fiable, debe empezarse por una instalaci\u00f3n, puesta en marcha y periodo de prueba cuidadosamente planeados y bien ejecutados.[\/vc_icon][\/vc_column_inner][vc_column_inner column_width_percent=&#187;80&#8243; align_horizontal=&#187;align_center&#187; gutter_size=&#187;3&#8243; override_padding=&#187;yes&#187; column_padding=&#187;2&#8243; overlay_alpha=&#187;50&#8243; border_color=&#187;color-177537&#8243; border_style=&#187;solid&#187; shift_x=&#187;0&#8243; shift_y=&#187;0&#8243; shift_y_down=&#187;0&#8243; z_index=&#187;0&#8243; medium_width=&#187;2&#8243; mobile_width=&#187;0&#8243; width=&#187;1\/4&#8243; css=&#187;.vc_custom_1626052512929{border-right-width: 1px !important;}&#187; link_to=&#187;url:https%3A%2F%2Fwww.alpapowder.com%2Fru%2F%D1%82%D0%B5%D1%85%D0%BD%D0%BE%D0%BB%D0%BE%D0%B3%D0%B8%D1%87%D0%B5%D1%81%D0%BA%D0%B0%D1%8F-%D0%BC%D0%BE%D0%B4%D0%B5%D1%80%D0%BD%D0%B8%D0%B7%D0%B0%D1%86%D0%B8%D1%8F-%D0%B8-%D0%BE%D0%BF%D1%82%D0%B8%2F|title:%D0%A2%D0%B5%D1%85%D0%BD%D0%BE%D0%BB%D0%BE%D0%B3%D0%B8%D1%87%D0%B5%D1%81%D0%BA%D0%B0%D1%8F%20%D0%BC%D0%BE%D0%B4%D0%B5%D1%80%D0%BD%D0%B8%D0%B7%D0%B0%D1%86%D0%B8%D1%8F%20%D0%B8%20%D0%BE%D0%BF%D1%82%D0%B8%D0%BC%D0%B8%D0%B7%D0%B0%D1%86%D0%B8%D1%8F&#187;][vc_icon icon=&#187;fa fa-lightbulb&#187; size=&#187;fa-3x&#187; text_size=&#187;h5&#8243; text_reduced=&#187;yes&#187; align=&#187;&#187; title=&#187;Actualizaci\u00f3n y optimizaci\u00f3n de procesos&#187;]A medida que las investigaciones arrojan nuevos resultados, las mejoras resultantes en los procesos acarrear\u00e1n cambios a su producci\u00f3n.[\/vc_icon][\/vc_column_inner][vc_column_inner column_width_percent=&#187;80&#8243; align_horizontal=&#187;align_center&#187; gutter_size=&#187;3&#8243; override_padding=&#187;yes&#187; column_padding=&#187;2&#8243; overlay_alpha=&#187;50&#8243; shift_x=&#187;0&#8243; shift_y=&#187;0&#8243; shift_y_down=&#187;0&#8243; z_index=&#187;0&#8243; medium_width=&#187;2&#8243; mobile_width=&#187;0&#8243; width=&#187;1\/4&#8243; link_to=&#187;url:https%3A%2F%2Fwww.alpapowder.com%2Fru%2F%D0%B3%D0%B0%D1%80%D0%B0%D0%BD%D1%82%D0%B8%D1%8F-%D0%BA%D0%B0%D1%87%D0%B5%D1%81%D1%82%D0%B2%D0%B0%2F|title:%D0%93%D0%B0%D1%80%D0%B0%D0%BD%D1%82%D0%B8%D1%8F%20%D0%BA%D0%B0%D1%87%D0%B5%D1%81%D1%82%D0%B2%D0%B0&#8243;][vc_icon icon=&#187;fa fa-trophy2&#8243; size=&#187;fa-3x&#187; text_size=&#187;h5&#8243; text_reduced=&#187;yes&#187; align=&#187;&#187; title=&#187;Garant\u00eda de calidad&#187;]Cada proceso y cada producto est\u00e1 sometido a un estricto control de calidad.[\/vc_icon][\/vc_column_inner][\/vc_row_inner][\/vc_column][\/vc_row][vc_row row_height_percent=&#187;0&#8243; override_padding=&#187;yes&#187; h_padding=&#187;2&#8243; top_padding=&#187;4&#8243; bottom_padding=&#187;4&#8243; back_color=&#187;color-lxmt&#187; overlay_alpha=&#187;50&#8243; gutter_size=&#187;2&#8243; column_width_percent=&#187;100&#8243; shift_y=&#187;0&#8243; z_index=&#187;0&#8243;][vc_column column_width_percent=&#187;100&#8243; align_horizontal=&#187;align_center&#187; gutter_size=&#187;3&#8243; overlay_alpha=&#187;50&#8243; shift_x=&#187;0&#8243; shift_y=&#187;0&#8243; shift_y_down=&#187;0&#8243; z_index=&#187;0&#8243; medium_width=&#187;0&#8243; mobile_width=&#187;0&#8243; width=&#187;1\/1&#8243;][vc_custom_heading sub_reduced=&#187;yes&#187;]\u041d\u043e\u0432\u043e\u0441\u0442\u0438 \u043a\u043e\u043c\u043f\u0430\u043d\u0438\u0438[\/vc_custom_heading][uncode_index el_id=&#187;index-177493092&#8243; isotope_mode=&#187;fitRows&#187; loop=&#187;size:3|order_by:date|post_type:post|taxonomy_count:10&#8243; screen_lg=&#187;1000&#8243; screen_md=&#187;600&#8243; screen_sm=&#187;480&#8243; gutter_size=&#187;3&#8243; post_items=&#187;media|featured|onpost|poster,date,title&#187; images_size=&#187;three-two&#187; single_overlay_opacity=&#187;1&#8243; single_text_visible=&#187;yes&#187; single_text_anim=&#187;no&#187; single_padding=&#187;1&#8243; single_title_height=&#187;fontheight-239785&#8243; single_border=&#187;yes&#187;][vc_button button_color=&#187;accent&#187; size=&#187;btn-sm&#187; border_width=&#187;0&#8243; link=&#187;url:https%3A%2F%2Fwww.alpapowder.com%2Fru%2F%25d0%25bd%25d0%25be%25d0%25b2%25d0%25be%25d1%2581%25d1%2582%25d0%25b8-%25d0%25ba%25d0%25be%25d0%25bc%25d0%25bf%25d0%25b0%25d0%25bd%25d0%25b8%25d0%25b8%2F|title:%D0%9D%D0%BE%D0%B2%D0%BE%D1%81%D1%82%D0%B8%20%D0%BA%D0%BE%D0%BC%D0%BF%D0%B0%D0%BD%D0%B8%D0%B8|&#187; icon=&#187;fa fa-gears2&#8243;]\u041e\u0437\u043d\u0430\u043a\u043e\u043c\u044c\u0442\u0435\u0441\u044c \u0441 \u0434\u0440\u0443\u0433\u0438\u043c\u0438 \u043d\u043e\u0432\u043e\u0441\u0442\u044f\u043c\u0438[\/vc_button][\/vc_column][\/vc_row]<\/p>\n<\/section>","protected":false},"excerpt":{"rendered":"<p>[vc_row unlock_row_content=&#187;yes&#187; row_height_percent=&#187;88&#8243; override_padding=&#187;yes&#187; h_padding=&#187;0&#8243; top_padding=&#187;0&#8243; bottom_padding=&#187;0&#8243; overlay_alpha=&#187;50&#8243; gutter_size=&#187;3&#8243; column_width_percent=&#187;100&#8243; shift_y=&#187;0&#8243; z_index=&#187;0&#8243; front_end_with_slider=&#187;true&#187;][vc_column column_width_percent=&#187;100&#8243; gutter_size=&#187;3&#8243; overlay_alpha=&#187;50&#8243; shift_x=&#187;0&#8243; shift_y=&#187;0&#8243; shift_y_down=&#187;0&#8243; z_index=&#187;0&#8243; [&hellip;]<\/p>\n","protected":false},"author":6,"featured_media":0,"parent":0,"menu_order":0,"comment_status":"closed","ping_status":"closed","template":"","meta":{"_acf_changed":false,"footnotes":""},"class_list":["post-90194","page","type-page","status-publish","hentry"],"acf":[],"_links":{"self":[{"href":"https:\/\/www.alpapowder.com\/ru\/wp-json\/wp\/v2\/pages\/90194","targetHints":{"allow":["GET"]}}],"collection":[{"href":"https:\/\/www.alpapowder.com\/ru\/wp-json\/wp\/v2\/pages"}],"about":[{"href":"https:\/\/www.alpapowder.com\/ru\/wp-json\/wp\/v2\/types\/page"}],"author":[{"embeddable":true,"href":"https:\/\/www.alpapowder.com\/ru\/wp-json\/wp\/v2\/users\/6"}],"replies":[{"embeddable":true,"href":"https:\/\/www.alpapowder.com\/ru\/wp-json\/wp\/v2\/comments?post=90194"}],"version-history":[{"count":0,"href":"https:\/\/www.alpapowder.com\/ru\/wp-json\/wp\/v2\/pages\/90194\/revisions"}],"wp:attachment":[{"href":"https:\/\/www.alpapowder.com\/ru\/wp-json\/wp\/v2\/media?parent=90194"}],"curies":[{"name":"wp","href":"https:\/\/api.w.org\/{rel}","templated":true}]}}