{"id":102072,"date":"2021-07-10T09:50:19","date_gmt":"2021-07-10T01:50:19","guid":{"rendered":"https:\/\/www.alpapowder.com\/anasayfa\/"},"modified":"2021-07-10T17:30:37","modified_gmt":"2021-07-10T09:30:37","slug":"anasayfa","status":"publish","type":"page","link":"https:\/\/www.alpapowder.com\/tr\/","title":{"rendered":"Anasayfa"},"content":{"rendered":"<section class=\"wpb-content-wrapper\"><p>[vc_row unlock_row_content=&#8221;yes&#8221; row_height_percent=&#8221;88&#8243; override_padding=&#8221;yes&#8221; h_padding=&#8221;0&#8243; top_padding=&#8221;0&#8243; bottom_padding=&#8221;0&#8243; overlay_alpha=&#8221;50&#8243; gutter_size=&#8221;3&#8243; column_width_percent=&#8221;100&#8243; shift_y=&#8221;0&#8243; z_index=&#8221;0&#8243; front_end_with_slider=&#8221;true&#8221;][vc_column column_width_percent=&#8221;100&#8243; gutter_size=&#8221;3&#8243; overlay_alpha=&#8221;50&#8243; shift_x=&#8221;0&#8243; shift_y=&#8221;0&#8243; shift_y_down=&#8221;0&#8243; z_index=&#8221;0&#8243; medium_width=&#8221;0&#8243; mobile_width=&#8221;0&#8243; width=&#8221;1\/1&#8243;][uncode_slider slider_interval=&#8221;5000&#8243; slider_navspeed=&#8221;700&#8243; slider_loop=&#8221;yes&#8221; slider_hide_dots=&#8221;yes&#8221;][vc_row_inner row_inner_height_percent=&#8221;0&#8243; back_image=&#8221;85354&#8243; overlay_alpha=&#8221;43&#8243; equal_height=&#8221;yes&#8221; gutter_size=&#8221;3&#8243; shift_y=&#8221;0&#8243; z_index=&#8221;0&#8243; limit_content=&#8221;&#8221; front_end_with_slider=&#8221;true&#8221;][vc_column_inner column_width_use_pixel=&#8221;yes&#8221; position_vertical=&#8221;middle&#8221; align_horizontal=&#8221;align_center&#8221; gutter_size=&#8221;3&#8243; override_padding=&#8221;yes&#8221; column_padding=&#8221;3&#8243; style=&#8221;dark&#8221; overlay_alpha=&#8221;80&#8243; shift_x=&#8221;0&#8243; shift_y=&#8221;0&#8243; shift_y_down=&#8221;0&#8243; z_index=&#8221;0&#8243; medium_width=&#8221;0&#8243; mobile_width=&#8221;0&#8243; width=&#8221;1\/1&#8243; column_width_pixel=&#8221;1200&#8243;][vc_custom_heading heading_semantic=&#8221;h1&#8243; text_size=&#8221;fontsize-964839&#8243; text_transform=&#8221;uppercase&#8221; css_animation=&#8221;curtain-words&#8221; animation_delay=&#8221;600&#8243; title=&#8221;&#8221;]Geleneksel toz end\u00fcstrisinin d\u00f6n\u00fc\u015f\u00fcm\u00fcne kendini adam\u0131\u015f[\/vc_custom_heading][vc_separator sep_color=&#8221;color-708378&#8243; css_animation=&#8221;bottom-t-top&#8221; animation_delay=&#8221;800&#8243; el_width=&#8221;100px&#8221; el_height=&#8221;2px&#8221;][vc_custom_heading text_size=&#8221;h4&#8243; text_weight=&#8221;400&#8243; css_animation=&#8221;curtain-words&#8221; animation_delay=&#8221;1200&#8243;]\u00d6zelle\u015ftirilmi\u015f par\u00e7ac\u0131k ve toz i\u015fleme \u00e7\u00f6z\u00fcmleri sa\u011flay\u0131n[\/vc_custom_heading][\/vc_column_inner][\/vc_row_inner][vc_row_inner row_inner_height_percent=&#8221;0&#8243; back_color=&#8221;color-wayh&#8221; back_image=&#8221;86186&#8243; overlay_alpha=&#8221;50&#8243; equal_height=&#8221;yes&#8221; gutter_size=&#8221;3&#8243; shift_y=&#8221;0&#8243; z_index=&#8221;0&#8243; limit_content=&#8221;&#8221; front_end_with_slider=&#8221;true&#8221;][vc_column_inner column_width_use_pixel=&#8221;yes&#8221; position_vertical=&#8221;middle&#8221; align_horizontal=&#8221;align_center&#8221; gutter_size=&#8221;3&#8243; style=&#8221;dark&#8221; overlay_alpha=&#8221;50&#8243; shift_x=&#8221;0&#8243; shift_y=&#8221;0&#8243; shift_y_down=&#8221;0&#8243; z_index=&#8221;0&#8243; medium_width=&#8221;0&#8243; mobile_width=&#8221;0&#8243; zoom_width=&#8221;0&#8243; zoom_height=&#8221;0&#8243; width=&#8221;1\/1&#8243; column_width_pixel=&#8221;1200&#8243;][vc_custom_heading text_size=&#8221;fontsize-964839&#8243; text_transform=&#8221;uppercase&#8221; css_animation=&#8221;curtain-words&#8221; animation_delay=&#8221;600&#8243; title=&#8221;&#8221;]Misyon, sorumluluk[\/vc_custom_heading][vc_separator sep_color=&#8221;color-708378&#8243; css_animation=&#8221;bottom-t-top&#8221; animation_delay=&#8221;800&#8243; el_width=&#8221;100px&#8221; el_height=&#8221;2px&#8221;][vc_custom_heading text_size=&#8221;h4&#8243; text_weight=&#8221;400&#8243; css_animation=&#8221;curtain-words&#8221; animation_delay=&#8221;1200&#8243;]Toz teknolojisi ile ileri malzemelerin gelece\u011fini yaratmak[\/vc_custom_heading][\/vc_column_inner][\/vc_row_inner][vc_row_inner row_inner_height_percent=&#8221;0&#8243; back_color=&#8221;color-wayh&#8221; back_image=&#8221;86196&#8243; overlay_color=&#8221;color-jevc&#8221; overlay_alpha=&#8221;30&#8243; equal_height=&#8221;yes&#8221; gutter_size=&#8221;3&#8243; shift_y=&#8221;0&#8243; z_index=&#8221;0&#8243; limit_content=&#8221;&#8221; front_end_with_slider=&#8221;true&#8221;][vc_column_inner column_width_use_pixel=&#8221;yes&#8221; position_vertical=&#8221;middle&#8221; align_horizontal=&#8221;align_center&#8221; gutter_size=&#8221;3&#8243; override_padding=&#8221;yes&#8221; column_padding=&#8221;3&#8243; style=&#8221;dark&#8221; overlay_alpha=&#8221;80&#8243; shift_x=&#8221;0&#8243; shift_y=&#8221;0&#8243; shift_y_down=&#8221;0&#8243; z_index=&#8221;0&#8243; medium_width=&#8221;0&#8243; mobile_width=&#8221;0&#8243; zoom_width=&#8221;0&#8243; zoom_height=&#8221;0&#8243; width=&#8221;1\/1&#8243; column_width_pixel=&#8221;1200&#8243;][vc_custom_heading text_size=&#8221;fontsize-964839&#8243; text_transform=&#8221;uppercase&#8221; css_animation=&#8221;curtain-words&#8221; animation_delay=&#8221;600&#8243; title=&#8221;&#8221;]G\u00fc\u00e7l\u00fc, do\u011fal olarak \u00e7ekici[\/vc_custom_heading][vc_separator sep_color=&#8221;color-708378&#8243; css_animation=&#8221;bottom-t-top&#8221; animation_delay=&#8221;800&#8243; el_width=&#8221;100px&#8221; el_height=&#8221;2px&#8221;][vc_custom_heading text_size=&#8221;h4&#8243; text_weight=&#8221;400&#8243; css_animation=&#8221;curtain-words&#8221; animation_delay=&#8221;1200&#8243;]Yirmi y\u0131l bir g\u00fcn gibidir, sebatla[\/vc_custom_heading][\/vc_column_inner][\/vc_row_inner][\/uncode_slider][\/vc_column][\/vc_row][vc_row][vc_column width=&#8221;1\/1&#8243;][uncode_block id=&#8221;86302&#8243;][\/vc_column][\/vc_row][vc_row row_height_percent=&#8221;0&#8243; override_padding=&#8221;yes&#8221; h_padding=&#8221;2&#8243; top_padding=&#8221;4&#8243; bottom_padding=&#8221;2&#8243; overlay_alpha=&#8221;50&#8243; gutter_size=&#8221;3&#8243; column_width_percent=&#8221;100&#8243; shift_y=&#8221;0&#8243; z_index=&#8221;0&#8243;][vc_column column_width_percent=&#8221;100&#8243; gutter_size=&#8221;3&#8243; overlay_alpha=&#8221;50&#8243; shift_x=&#8221;0&#8243; shift_y=&#8221;0&#8243; shift_y_down=&#8221;0&#8243; z_index=&#8221;0&#8243; medium_width=&#8221;0&#8243; mobile_width=&#8221;0&#8243; width=&#8221;1\/1&#8243;][uncode_block id=&#8221;84835&#8243; inside_column=&#8221;yes&#8221;][uncode_block id=&#8221;83385&#8243; inside_column=&#8221;yes&#8221;][\/vc_column][\/vc_row][vc_row row_height_percent=&#8221;0&#8243; override_padding=&#8221;yes&#8221; h_padding=&#8221;2&#8243; top_padding=&#8221;2&#8243; bottom_padding=&#8221;4&#8243; overlay_alpha=&#8221;50&#8243; gutter_size=&#8221;2&#8243; column_width_percent=&#8221;100&#8243; shift_y=&#8221;0&#8243; z_index=&#8221;0&#8243;][vc_column column_width_percent=&#8221;100&#8243; align_horizontal=&#8221;align_center&#8221; gutter_size=&#8221;4&#8243; overlay_alpha=&#8221;50&#8243; shift_x=&#8221;0&#8243; shift_y=&#8221;0&#8243; shift_y_down=&#8221;0&#8243; z_index=&#8221;0&#8243; medium_width=&#8221;0&#8243; mobile_width=&#8221;0&#8243; width=&#8221;1\/1&#8243;][uncode_index el_id=&#8221;index-209991&#8243; isotope_mode=&#8221;fitRows&#8221; loop=&#8221;size:6|order_by:date|post_type:project|by_id:83477,84032,84029,83557,84041,83683|taxonomy_count:10&#8243; gutter_size=&#8221;3&#8243; project_items=&#8221;title,media|media|onpost|original,text|excerpt,icon|sm,acf-field_607e48db91dd6,spacer|half&#8221; screen_lg=&#8221;1000&#8243; screen_md=&#8221;600&#8243; screen_sm=&#8221;480&#8243; images_size=&#8221;sixteen-nine&#8221; single_overlay_color=&#8221;color-jevc&#8221; single_overlay_opacity=&#8221;50&#8243; single_padding=&#8221;1&#8243; single_title_dimension=&#8221;h6&#8243; single_border=&#8221;yes&#8221; custom_order=&#8221;yes&#8221; single_icon=&#8221;fa fa-plus2&#8243; order_ids=&#8221;83683,84032,84029,83477,83557,84041&#8243;][\/vc_column][\/vc_row][vc_row unlock_row_content=&#8221;yes&#8221; row_height_percent=&#8221;0&#8243; override_padding=&#8221;yes&#8221; h_padding=&#8221;2&#8243; top_padding=&#8221;4&#8243; bottom_padding=&#8221;3&#8243; back_color=&#8221;accent&#8221; overlay_alpha=&#8221;50&#8243; equal_height=&#8221;yes&#8221; gutter_size=&#8221;3&#8243; column_width_percent=&#8221;100&#8243; shift_y=&#8221;0&#8243; z_index=&#8221;0&#8243; top_divider=&#8221;gradient&#8221; bottom_divider=&#8221;step_2_3&#8243;][vc_column column_width_percent=&#8221;100&#8243; position_vertical=&#8221;middle&#8221; align_horizontal=&#8221;align_center&#8221; gutter_size=&#8221;4&#8243; style=&#8221;dark&#8221; overlay_alpha=&#8221;50&#8243; shift_x=&#8221;0&#8243; shift_y=&#8221;0&#8243; shift_y_down=&#8221;0&#8243; z_index=&#8221;0&#8243; medium_width=&#8221;0&#8243; mobile_width=&#8221;0&#8243; width=&#8221;1\/1&#8243;][uncode_block id=&#8221;86595&#8243; inside_column=&#8221;yes&#8221;][uncode_index el_id=&#8221;index-177239&#8243; isotope_mode=&#8221;packery&#8221; loop=&#8221;size:8|order_by:date|post_type:portfolio|taxonomy_count:10&#8243; footer_style=&#8221;dark&#8221; gutter_size=&#8221;1&#8243; inner_padding=&#8221;yes&#8221; portfolio_items=&#8221;title,media|featured|onpost|original,acf-field_608bc5c592a93&#8243; screen_lg=&#8221;1000&#8243; screen_md=&#8221;600&#8243; screen_sm=&#8221;480&#8243; single_text=&#8221;overlay&#8221; single_width=&#8221;3&#8243; single_style=&#8221;dark&#8221; single_overlay_opacity=&#8221;1&#8243; single_text_visible=&#8221;yes&#8221; single_text_anim=&#8221;no&#8221; single_v_position=&#8221;top&#8221; single_padding=&#8221;2&#8243; single_title_dimension=&#8221;h5&#8243; single_border=&#8221;yes&#8221; order_ids=&#8221;82619,82613,84531,82621,82623,82625,82605,84590&#8243; items=&#8221;eyI4MjYxOV9pIjp7InNpbmdsZV93aWR0aCI6IjYifSwiODI2MjVfaSI6eyJzaW5nbGVfd2lkdGgiOiI2IiwiaW1hZ2VzX3NpemUiOiJ0d28tb25lIn0sIjg0NjA4X2kiOnsic2luZ2xlX3dpZHRoIjoiNiIsImltYWdlc19zaXplIjoidHdvLW9uZSJ9LCI4MjYyN19pIjp7InNpbmdsZV93aWR0aCI6IjYiLCJpbWFnZXNfc2l6ZSI6InR3by1vbmUifSwiODI2MTNfaSI6eyJpbWFnZXNfc2l6ZSI6IiIsInNpbmdsZV93aWR0aCI6IjMifSwiOTk4MzNfaSI6eyJzaW5nbGVfd2lkdGgiOiI2In0sIjk5NjkxX2kiOnsic2luZ2xlX3dpZHRoIjoiNiIsImltYWdlc19zaXplIjoidHdvLW9uZSJ9fQ==&#8221;][vc_button size=&#8221;btn-sm&#8221; outline=&#8221;yes&#8221; border_width=&#8221;0&#8243; link=&#8221;url:https%3A%2F%2Fwww.alpapowder.com%2Ftr%2Fekipmanlarimiz%2F|title:Ekipmanlar%C4%B1m%C4%B1z&#8221; icon=&#8221;fa fa-gears2&#8243;]T\u00fcm cihazlar\u0131m\u0131za bak\u0131n[\/vc_button][\/vc_column][\/vc_row][vc_row unlock_row_content=&#8221;yes&#8221; row_height_percent=&#8221;0&#8243; override_padding=&#8221;yes&#8221; h_padding=&#8221;3&#8243; top_padding=&#8221;4&#8243; bottom_padding=&#8221;4&#8243; overlay_alpha=&#8221;50&#8243; gutter_size=&#8221;3&#8243; column_width_percent=&#8221;100&#8243; border_style=&#8221;solid&#8221; shift_y=&#8221;0&#8243; z_index=&#8221;0&#8243; css=&#8221;.vc_custom_1621495300839{border-top-width: 1px !important;}&#8221;][vc_column column_width_percent=&#8221;100&#8243; align_horizontal=&#8221;align_center&#8221; gutter_size=&#8221;3&#8243; overlay_alpha=&#8221;50&#8243; shift_x=&#8221;0&#8243; shift_y=&#8221;0&#8243; shift_y_down=&#8221;0&#8243; z_index=&#8221;0&#8243; medium_width=&#8221;0&#8243; mobile_width=&#8221;0&#8243; width=&#8221;1\/1&#8243;][vc_custom_heading sub_lead=&#8221;yes&#8221; sub_reduced=&#8221;yes&#8221; subheading=&#8221;Sat\u0131\u015f sonras\u0131 servis ekibimiz sizin i\u00e7in sorunlar\u0131 te\u015fhis etmeye ve \u00e7\u00f6zmeye her zaman haz\u0131rd\u0131r.&#8221;]Sat\u0131\u015f sonras\u0131 m\u00fckemmel servis[\/vc_custom_heading][vc_row_inner row_inner_height_percent=&#8221;0&#8243; overlay_alpha=&#8221;50&#8243; equal_height=&#8221;yes&#8221; gutter_size=&#8221;1&#8243; shift_y=&#8221;0&#8243; z_index=&#8221;0&#8243;][vc_column_inner column_width_percent=&#8221;80&#8243; align_horizontal=&#8221;align_center&#8221; gutter_size=&#8221;3&#8243; override_padding=&#8221;yes&#8221; column_padding=&#8221;2&#8243; overlay_alpha=&#8221;50&#8243; border_color=&#8221;color-177537&#8243; border_style=&#8221;solid&#8221; shift_x=&#8221;0&#8243; shift_y=&#8221;0&#8243; shift_y_down=&#8221;0&#8243; z_index=&#8221;0&#8243; medium_width=&#8221;2&#8243; mobile_width=&#8221;0&#8243; width=&#8221;1\/4&#8243; css=&#8221;.vc_custom_1625909312569{border-right-width: 1px !important;}&#8221; link_to=&#8221;url:https%3A%2F%2Fwww.alpapowder.com%2Ftr%2Furetim-ve-dagitim%2F|title:%C3%9Cretim%20ve%20da%C4%9F%C4%B1t%C4%B1m&#8221;][vc_icon icon=&#8221;fa fa-calendar2&#8243; size=&#8221;fa-3x&#8221; text_size=&#8221;h5&#8243; text_reduced=&#8221;yes&#8221; align=&#8221;&#8221; title=&#8221;\u00dcretim ve da\u011f\u0131t\u0131m&#8221;]Tasar\u0131m ak\u0131\u015f \u015femas\u0131ndan elinize teslimine kadar her ba\u011flant\u0131 gev\u015femeye cesaret edemez.[\/vc_icon][\/vc_column_inner][vc_column_inner column_width_percent=&#8221;80&#8243; align_horizontal=&#8221;align_center&#8221; gutter_size=&#8221;3&#8243; override_padding=&#8221;yes&#8221; column_padding=&#8221;2&#8243; overlay_alpha=&#8221;50&#8243; border_color=&#8221;color-177537&#8243; border_style=&#8221;solid&#8221; shift_x=&#8221;0&#8243; shift_y=&#8221;0&#8243; shift_y_down=&#8221;0&#8243; z_index=&#8221;0&#8243; medium_width=&#8221;2&#8243; mobile_width=&#8221;0&#8243; width=&#8221;1\/4&#8243; css=&#8221;.vc_custom_1625909334802{border-right-width: 1px !important;}&#8221; link_to=&#8221;url:https%3A%2F%2Fwww.alpapowder.com%2Ftr%2Fkurulum-hata-ayiklama-ve-egitim%2F|title:%20Kurulum%2C%20hata%20ay%C4%B1klama%20ve%20e%C4%9Fitim&#8221;][vc_icon icon=&#8221;fa fa-tools-2&#8243; size=&#8221;fa-3x&#8221; text_size=&#8221;h5&#8243; text_reduced=&#8221;yes&#8221; align=&#8221;&#8221; title=&#8221;Kurulum, hata ay\u0131klama ve e\u011fitim&#8221;]Herhangi bir ekipman\u0131n ba\u015far\u0131l\u0131 ve g\u00fcvenilir \u00e7al\u0131\u015fmas\u0131 dikkatli bir d\u00fczenleme, iyi kurulum, devreye alma ve deneme \u00fcretiminden ba\u015flamal\u0131d\u0131r.[\/vc_icon][\/vc_column_inner][vc_column_inner column_width_percent=&#8221;80&#8243; align_horizontal=&#8221;align_center&#8221; gutter_size=&#8221;3&#8243; override_padding=&#8221;yes&#8221; column_padding=&#8221;2&#8243; overlay_alpha=&#8221;50&#8243; border_color=&#8221;color-177537&#8243; border_style=&#8221;solid&#8221; shift_x=&#8221;0&#8243; shift_y=&#8221;0&#8243; shift_y_down=&#8221;0&#8243; z_index=&#8221;0&#8243; medium_width=&#8221;2&#8243; mobile_width=&#8221;0&#8243; width=&#8221;1\/4&#8243; css=&#8221;.vc_custom_1625909353442{border-right-width: 1px !important;}&#8221; link_to=&#8221;url:https%3A%2F%2Fwww.alpapowder.com%2Ftr%2Fsurec-yukseltme-ve-optimizasyon%2F|title:S%C3%BCre%C3%A7%20y%C3%BCkseltme%20ve%20optimizasyon&#8221;][vc_icon icon=&#8221;fa fa-lightbulb&#8221; size=&#8221;fa-3x&#8221; text_size=&#8221;h5&#8243; text_reduced=&#8221;yes&#8221; align=&#8221;&#8221; title=&#8221;S\u00fcre\u00e7 y\u00fckseltme ve Optimizasyon&#8221;]Yeni ara\u015ft\u0131rma sonu\u00e7lar\u0131n\u0131n \u00fcretilmesiyle, s\u00fcrecin y\u00fckseltilmesi, \u00fcretiminize yeni de\u011fi\u015fiklikler getirecektir.[\/vc_icon][\/vc_column_inner][vc_column_inner column_width_percent=&#8221;80&#8243; align_horizontal=&#8221;align_center&#8221; gutter_size=&#8221;3&#8243; override_padding=&#8221;yes&#8221; column_padding=&#8221;2&#8243; overlay_alpha=&#8221;50&#8243; shift_x=&#8221;0&#8243; shift_y=&#8221;0&#8243; shift_y_down=&#8221;0&#8243; z_index=&#8221;0&#8243; medium_width=&#8221;2&#8243; mobile_width=&#8221;0&#8243; width=&#8221;1\/4&#8243; link_to=&#8221;url:https%3A%2F%2Fwww.alpapowder.com%2Ftr%2Fkalite-guvencesi%2F|title:Kalite%20g%C3%BCvencesi&#8221;][vc_icon icon=&#8221;fa fa-trophy2&#8243; size=&#8221;fa-3x&#8221; text_size=&#8221;h5&#8243; text_reduced=&#8221;yes&#8221; align=&#8221;&#8221; title=&#8221;Kalite g\u00fcvencesi&#8221;]Her s\u00fcre\u00e7 ve her \u00fcr\u00fcn, s\u0131k\u0131 kalite kontrol testini kabul etmelidir.[\/vc_icon][\/vc_column_inner][\/vc_row_inner][\/vc_column][\/vc_row][vc_row row_height_percent=&#8221;0&#8243; override_padding=&#8221;yes&#8221; h_padding=&#8221;2&#8243; top_padding=&#8221;4&#8243; bottom_padding=&#8221;4&#8243; back_color=&#8221;color-lxmt&#8221; overlay_alpha=&#8221;50&#8243; gutter_size=&#8221;2&#8243; column_width_percent=&#8221;100&#8243; shift_y=&#8221;0&#8243; z_index=&#8221;0&#8243;][vc_column column_width_percent=&#8221;100&#8243; align_horizontal=&#8221;align_center&#8221; gutter_size=&#8221;3&#8243; overlay_alpha=&#8221;50&#8243; shift_x=&#8221;0&#8243; shift_y=&#8221;0&#8243; shift_y_down=&#8221;0&#8243; z_index=&#8221;0&#8243; medium_width=&#8221;0&#8243; mobile_width=&#8221;0&#8243; width=&#8221;1\/1&#8243;][vc_custom_heading sub_reduced=&#8221;yes&#8221;]\u015eirket Haberleri[\/vc_custom_heading][uncode_index el_id=&#8221;index-177493092&#8243; isotope_mode=&#8221;fitRows&#8221; loop=&#8221;size:3|order_by:date|post_type:post|taxonomy_count:10&#8243; gutter_size=&#8221;3&#8243; post_items=&#8221;media|featured|onpost|poster,date,title&#8221; screen_lg=&#8221;1000&#8243; screen_md=&#8221;600&#8243; screen_sm=&#8221;480&#8243; images_size=&#8221;three-two&#8221; single_overlay_opacity=&#8221;1&#8243; single_text_visible=&#8221;yes&#8221; single_text_anim=&#8221;no&#8221; single_padding=&#8221;1&#8243; single_title_height=&#8221;fontheight-239785&#8243; single_border=&#8221;yes&#8221;][vc_button button_color=&#8221;accent&#8221; size=&#8221;btn-sm&#8221; border_width=&#8221;0&#8243; link=&#8221;url:https%3A%2F%2Fwww.alpapowder.com%2Ftr%2Fsirket-haberleri%2F|title:%C5%9Eirket%20Haberleri&#8221; icon=&#8221;fa fa-gears2&#8243;]Daha fazla habere g\u00f6z at\u0131n[\/vc_button][\/vc_column][\/vc_row]<\/p>\n<\/section>","protected":false},"excerpt":{"rendered":"<p>[vc_row unlock_row_content=&#8221;yes&#8221; row_height_percent=&#8221;88&#8243; override_padding=&#8221;yes&#8221; h_padding=&#8221;0&#8243; top_padding=&#8221;0&#8243; bottom_padding=&#8221;0&#8243; overlay_alpha=&#8221;50&#8243; gutter_size=&#8221;3&#8243; column_width_percent=&#8221;100&#8243; shift_y=&#8221;0&#8243; z_index=&#8221;0&#8243; front_end_with_slider=&#8221;true&#8221;][vc_column column_width_percent=&#8221;100&#8243; gutter_size=&#8221;3&#8243; overlay_alpha=&#8221;50&#8243; shift_x=&#8221;0&#8243; shift_y=&#8221;0&#8243; shift_y_down=&#8221;0&#8243; z_index=&#8221;0&#8243; [&hellip;]<\/p>\n","protected":false},"author":6,"featured_media":0,"parent":0,"menu_order":0,"comment_status":"closed","ping_status":"closed","template":"","meta":{"_acf_changed":false,"footnotes":""},"class_list":["post-102072","page","type-page","status-publish","hentry"],"acf":[],"_links":{"self":[{"href":"https:\/\/www.alpapowder.com\/tr\/wp-json\/wp\/v2\/pages\/102072","targetHints":{"allow":["GET"]}}],"collection":[{"href":"https:\/\/www.alpapowder.com\/tr\/wp-json\/wp\/v2\/pages"}],"about":[{"href":"https:\/\/www.alpapowder.com\/tr\/wp-json\/wp\/v2\/types\/page"}],"author":[{"embeddable":true,"href":"https:\/\/www.alpapowder.com\/tr\/wp-json\/wp\/v2\/users\/6"}],"replies":[{"embeddable":true,"href":"https:\/\/www.alpapowder.com\/tr\/wp-json\/wp\/v2\/comments?post=102072"}],"version-history":[{"count":0,"href":"https:\/\/www.alpapowder.com\/tr\/wp-json\/wp\/v2\/pages\/102072\/revisions"}],"wp:attachment":[{"href":"https:\/\/www.alpapowder.com\/tr\/wp-json\/wp\/v2\/media?parent=102072"}],"curies":[{"name":"wp","href":"https:\/\/api.w.org\/{rel}","templated":true}]}}