{"id":102103,"date":"2021-07-10T10:33:35","date_gmt":"2021-07-10T02:33:35","guid":{"rendered":"https:\/\/www.alpapowder.com\/kooperatif-ortagi\/"},"modified":"2021-07-10T10:33:36","modified_gmt":"2021-07-10T02:33:36","slug":"kooperatif-ortagi","status":"publish","type":"page","link":"https:\/\/www.alpapowder.com\/tr\/kooperatif-ortagi\/","title":{"rendered":"Kooperatif orta\u011f\u0131"},"content":{"rendered":"<section class=\"wpb-content-wrapper\"><p>[vc_row unlock_row_content=&#8221;yes&#8221; row_height_percent=&#8221;70&#8243; override_padding=&#8221;yes&#8221; h_padding=&#8221;0&#8243; top_padding=&#8221;0&#8243; bottom_padding=&#8221;0&#8243; back_color=&#8221;accent&#8221; overlay_alpha=&#8221;50&#8243; equal_height=&#8221;yes&#8221; gutter_size=&#8221;0&#8243; column_width_percent=&#8221;100&#8243; shift_y=&#8221;0&#8243; z_index=&#8221;0&#8243;][vc_column column_width_use_pixel=&#8221;yes&#8221; align_horizontal=&#8221;align_right&#8221; gutter_size=&#8221;3&#8243; override_padding=&#8221;yes&#8221; column_padding=&#8221;5&#8243; style=&#8221;dark&#8221; back_image=&#8221;85378&#8243; overlay_color=&#8221;accent&#8221; overlay_alpha=&#8221;94&#8243; shift_x=&#8221;0&#8243; shift_y=&#8221;0&#8243; shift_y_down=&#8221;0&#8243; z_index=&#8221;0&#8243; align_medium=&#8221;align_left_tablet&#8221; medium_width=&#8221;0&#8243; align_mobile=&#8221;align_left_mobile&#8221; mobile_width=&#8221;0&#8243; sticky=&#8221;yes&#8221; width=&#8221;1\/3&#8243; column_width_pixel=&#8221;900&#8243;][vc_custom_heading heading_semantic=&#8221;h1&#8243; text_size=&#8221;h1&#8243; sub_lead=&#8221;yes&#8221; sub_reduced=&#8221;yes&#8221; subheading=&#8221;Y\u00fcksek kaliteli par\u00e7a temini, \u00fcr\u00fcn kalitemizin ve \u015firket markam\u0131z\u0131n \u00f6nemli bir par\u00e7as\u0131d\u0131r. Ortaklar\u0131m\u0131zla birlikte b\u00fcy\u00fcyecek, \u015firketin g\u00f6rkemine ve ba\u015far\u0131lar\u0131na tan\u0131k olacak ve payla\u015faca\u011f\u0131z.&#8221;]K\u00fcresel ortak tedarik\u00e7iler[\/vc_custom_heading][vc_separator sep_color=&#8221;color-708378&#8243; el_width=&#8221;100px&#8221; el_height=&#8221;2px&#8221;][\/vc_column][vc_column column_width_percent=&#8221;100&#8243; gutter_size=&#8221;3&#8243; override_padding=&#8221;yes&#8221; column_padding=&#8221;4&#8243; back_color=&#8221;color-xsdn&#8221; overlay_alpha=&#8221;50&#8243; shift_x=&#8221;0&#8243; shift_y=&#8221;0&#8243; shift_y_down=&#8221;0&#8243; z_index=&#8221;0&#8243; medium_width=&#8221;0&#8243; mobile_width=&#8221;0&#8243; width=&#8221;2\/3&#8243;][vc_icon position=&#8221;left&#8221; icon=&#8221;fa fa-fast-forward2&#8243; icon_color=&#8221;color-708378&#8243; text_size=&#8221;h4&#8243; title=&#8221;Motor ve red\u00fckt\u00f6r beslemesi&#8221;][\/vc_icon][vc_gallery el_id=&#8221;gallery-185846&#8243; medias=&#8221;86463&#8243; explode_albums=&#8221;yes&#8221; gutter_size=&#8221;0&#8243; screen_lg=&#8221;1000&#8243; screen_md=&#8221;600&#8243; screen_sm=&#8221;280&#8243; single_width=&#8221;2&#8243; single_overlay_opacity=&#8221;1&#8243; single_overlay_anim=&#8221;no&#8221; single_padding=&#8221;2&#8243; single_border=&#8221;yes&#8221;][vc_separator][vc_icon position=&#8221;left&#8221; icon=&#8221;fa fa-fast-forward2&#8243; icon_color=&#8221;color-708378&#8243; text_size=&#8221;h4&#8243; title=&#8221;Elektrik kayna\u011f\u0131&#8221;][\/vc_icon][vc_gallery el_id=&#8221;gallery-185846&#8243; medias=&#8221;86469&#8243; explode_albums=&#8221;yes&#8221; gutter_size=&#8221;0&#8243; screen_lg=&#8221;1000&#8243; screen_md=&#8221;600&#8243; screen_sm=&#8221;280&#8243; single_width=&#8221;2&#8243; single_overlay_opacity=&#8221;1&#8243; single_overlay_anim=&#8221;no&#8221; single_text_anim=&#8221;no&#8221; single_padding=&#8221;2&#8243; single_border=&#8221;yes&#8221;][vc_separator][vc_icon position=&#8221;left&#8221; icon=&#8221;fa fa-fast-forward2&#8243; icon_color=&#8221;color-708378&#8243; text_size=&#8221;h4&#8243; title=&#8221;Test cihaz\u0131 temini&#8221;][\/vc_icon][vc_gallery el_id=&#8221;gallery-185846&#8243; medias=&#8221;86472&#8243; explode_albums=&#8221;yes&#8221; gutter_size=&#8221;0&#8243; screen_lg=&#8221;1000&#8243; screen_md=&#8221;600&#8243; screen_sm=&#8221;280&#8243; single_width=&#8221;2&#8243; single_overlay_opacity=&#8221;1&#8243; single_overlay_anim=&#8221;no&#8221; single_text_anim=&#8221;no&#8221; single_padding=&#8221;2&#8243; single_border=&#8221;yes&#8221;][vc_separator][vc_icon position=&#8221;left&#8221; icon=&#8221;fa fa-fast-forward2&#8243; icon_color=&#8221;color-708378&#8243; text_size=&#8221;h4&#8243; title=&#8221;Hava kompres\u00f6r\u00fc ve yatak beslemesi&#8221;][\/vc_icon][vc_gallery el_id=&#8221;gallery-185846&#8243; medias=&#8221;86476&#8243; explode_albums=&#8221;yes&#8221; gutter_size=&#8221;0&#8243; screen_lg=&#8221;1000&#8243; screen_md=&#8221;600&#8243; screen_sm=&#8221;280&#8243; single_width=&#8221;2&#8243; single_overlay_opacity=&#8221;1&#8243; single_overlay_anim=&#8221;no&#8221; single_text_anim=&#8221;no&#8221; single_padding=&#8221;2&#8243; single_border=&#8221;yes&#8221;][vc_separator][vc_icon position=&#8221;left&#8221; icon=&#8221;fa fa-fast-forward2&#8243; icon_color=&#8221;color-708378&#8243; text_size=&#8221;h4&#8243; title=&#8221;Di\u011fer aksesuarlar temini&#8221;][\/vc_icon][vc_gallery el_id=&#8221;gallery-185846&#8243; medias=&#8221;86482&#8243; explode_albums=&#8221;yes&#8221; gutter_size=&#8221;0&#8243; screen_lg=&#8221;1000&#8243; screen_md=&#8221;600&#8243; screen_sm=&#8221;280&#8243; single_width=&#8221;2&#8243; single_overlay_opacity=&#8221;1&#8243; single_overlay_anim=&#8221;no&#8221; single_text_anim=&#8221;no&#8221; single_padding=&#8221;2&#8243; single_border=&#8221;yes&#8221;][\/vc_column][\/vc_row][vc_row row_height_percent=&#8221;0&#8243; override_padding=&#8221;yes&#8221; h_padding=&#8221;2&#8243; top_padding=&#8221;4&#8243; bottom_padding=&#8221;4&#8243; back_color=&#8221;color-lxmt&#8221; overlay_alpha=&#8221;50&#8243; gutter_size=&#8221;3&#8243; column_width_percent=&#8221;100&#8243; shift_y=&#8221;0&#8243; z_index=&#8221;0&#8243;][vc_column column_width_percent=&#8221;100&#8243; align_horizontal=&#8221;align_center&#8221; gutter_size=&#8221;3&#8243; overlay_alpha=&#8221;50&#8243; shift_x=&#8221;0&#8243; shift_y=&#8221;0&#8243; shift_y_down=&#8221;0&#8243; z_index=&#8221;0&#8243; medium_width=&#8221;0&#8243; mobile_width=&#8221;0&#8243; width=&#8221;1\/1&#8243;][vc_row_inner][vc_column_inner column_width_use_pixel=&#8221;yes&#8221; align_horizontal=&#8221;align_center&#8221; gutter_size=&#8221;3&#8243; overlay_alpha=&#8221;50&#8243; shift_x=&#8221;0&#8243; shift_y=&#8221;0&#8243; shift_y_down=&#8221;0&#8243; z_index=&#8221;0&#8243; medium_width=&#8221;0&#8243; mobile_width=&#8221;0&#8243; width=&#8221;1\/1&#8243; column_width_pixel=&#8221;900&#8243;][vc_custom_heading sub_lead=&#8221;yes&#8221; sub_reduced=&#8221;yes&#8221; subheading=&#8221;ALPA, aktif olarak kazan-kazan i\u015fbirli\u011fi arar ve k\u00fcresel m\u00fc\u015fterilerin \u00fcstlendi\u011fi ve kat\u0131ld\u0131\u011f\u0131 b\u00fcy\u00fck projelerde aktif rol oynar.&#8221;]K\u00fcresel 500 kooperatif m\u00fc\u015fterisi[\/vc_custom_heading][\/vc_column_inner][\/vc_row_inner][uncode_block id=&#8221;83385&#8243; inside_column=&#8221;yes&#8221;][\/vc_column][\/vc_row]<\/p>\n<\/section>","protected":false},"excerpt":{"rendered":"<p>[vc_row unlock_row_content=&#8221;yes&#8221; row_height_percent=&#8221;70&#8243; override_padding=&#8221;yes&#8221; h_padding=&#8221;0&#8243; top_padding=&#8221;0&#8243; bottom_padding=&#8221;0&#8243; back_color=&#8221;accent&#8221; overlay_alpha=&#8221;50&#8243; equal_height=&#8221;yes&#8221; gutter_size=&#8221;0&#8243; column_width_percent=&#8221;100&#8243; shift_y=&#8221;0&#8243; z_index=&#8221;0&#8243;][vc_column column_width_use_pixel=&#8221;yes&#8221; align_horizontal=&#8221;align_right&#8221; gutter_size=&#8221;3&#8243; override_padding=&#8221;yes&#8221; column_padding=&#8221;5&#8243; style=&#8221;dark&#8221; [&hellip;]<\/p>\n","protected":false},"author":6,"featured_media":0,"parent":0,"menu_order":0,"comment_status":"closed","ping_status":"closed","template":"","meta":{"_acf_changed":false,"footnotes":""},"class_list":["post-102103","page","type-page","status-publish","hentry"],"acf":[],"_links":{"self":[{"href":"https:\/\/www.alpapowder.com\/tr\/wp-json\/wp\/v2\/pages\/102103","targetHints":{"allow":["GET"]}}],"collection":[{"href":"https:\/\/www.alpapowder.com\/tr\/wp-json\/wp\/v2\/pages"}],"about":[{"href":"https:\/\/www.alpapowder.com\/tr\/wp-json\/wp\/v2\/types\/page"}],"author":[{"embeddable":true,"href":"https:\/\/www.alpapowder.com\/tr\/wp-json\/wp\/v2\/users\/6"}],"replies":[{"embeddable":true,"href":"https:\/\/www.alpapowder.com\/tr\/wp-json\/wp\/v2\/comments?post=102103"}],"version-history":[{"count":0,"href":"https:\/\/www.alpapowder.com\/tr\/wp-json\/wp\/v2\/pages\/102103\/revisions"}],"wp:attachment":[{"href":"https:\/\/www.alpapowder.com\/tr\/wp-json\/wp\/v2\/media?parent=102103"}],"curies":[{"name":"wp","href":"https:\/\/api.w.org\/{rel}","templated":true}]}}