{"id":102232,"date":"2021-07-10T14:18:19","date_gmt":"2021-07-10T06:18:19","guid":{"rendered":"https:\/\/www.alpapowder.com\/vaka\/labaratuvar\/"},"modified":"2022-05-12T17:28:09","modified_gmt":"2022-05-12T09:28:09","slug":"labaratuvar","status":"publish","type":"page","link":"https:\/\/www.alpapowder.com\/tr\/vaka\/labaratuvar\/","title":{"rendered":"Labaratuvar"},"content":{"rendered":"<section class=\"wpb-content-wrapper\"><p>[vc_row unlock_row_content=&#8221;yes&#8221; row_height_percent=&#8221;70&#8243; override_padding=&#8221;yes&#8221; h_padding=&#8221;0&#8243; top_padding=&#8221;0&#8243; bottom_padding=&#8221;0&#8243; overlay_alpha=&#8221;50&#8243; equal_height=&#8221;yes&#8221; gutter_size=&#8221;0&#8243; column_width_percent=&#8221;100&#8243; shift_y=&#8221;0&#8243; z_index=&#8221;0&#8243;][vc_column column_width_percent=&#8221;100&#8243; position_vertical=&#8221;middle&#8221; gutter_size=&#8221;3&#8243; override_padding=&#8221;yes&#8221; column_padding=&#8221;4&#8243; style=&#8221;dark&#8221; back_color=&#8221;accent&#8221; overlay_alpha=&#8221;50&#8243; shift_x=&#8221;0&#8243; shift_y=&#8221;0&#8243; shift_y_down=&#8221;0&#8243; z_index=&#8221;0&#8243; medium_width=&#8221;0&#8243; mobile_width=&#8221;0&#8243; width=&#8221;1\/2&#8243;][vc_custom_heading auto_text=&#8221;yes&#8221; heading_semantic=&#8221;h1&#8243; text_size=&#8221;h1&#8243;][\/vc_custom_heading][vc_column_text]Laboratuvar ekipman\u0131, yeni \u00fcr\u00fcnlerin geli\u015ftirilmesi ve i\u015flenmesinde, y\u00fcksek teknoloji \u00fcr\u00fcnlerinin k\u00fc\u00e7\u00fck miktar testinde, kalite kontrol\u00fcnde ve s\u00fcre\u00e7 optimizasyonunda kullan\u0131lmaktad\u0131r. Bu i\u015flemin ana avantajlar\u0131 esneklik, d\u00fc\u015f\u00fck maliyet ve kolay temizliktir.<\/p>\n<p>\u00dcniversitelerde, bilimsel ara\u015ft\u0131rma kurumlar\u0131nda ve k\u00fc\u00e7\u00fck i\u015fletmelerde k\u0131rma ve derecelendirme deneylerinin ihtiya\u00e7lar\u0131n\u0131 kar\u015f\u0131lamak i\u00e7in ALPA bir dizi k\u00fc\u00e7\u00fck laboratuvar k\u0131rma ekipman\u0131 geli\u015ftirdi. Bu ekipman, k\u00fc\u00e7\u00fck hacimli, birle\u015fik yap\u0131, mobil mekanik k\u0131r\u0131c\u0131 \u00fcnite vb. \u00f6zelliklere sahiptir ve demontaj i\u00e7in son derece uygundur.[\/vc_column_text][\/vc_column][vc_column column_width_percent=&#8221;100&#8243; gutter_size=&#8221;3&#8243; back_image=&#8221;116390&#8243; overlay_color=&#8221;color-jevc&#8221; overlay_alpha=&#8221;50&#8243; shift_x=&#8221;0&#8243; shift_y=&#8221;0&#8243; shift_y_down=&#8221;0&#8243; z_index=&#8221;0&#8243; align_medium=&#8221;align_center_tablet&#8221; medium_width=&#8221;0&#8243; align_mobile=&#8221;align_center_mobile&#8221; mobile_width=&#8221;0&#8243; width=&#8221;1\/2&#8243; uncode_shortcode_id=&#8221;127573&#8243; overlay_color_type=&#8221;uncode-palette&#8221;][vc_empty_space empty_h=&#8221;5&#8243;][\/vc_column][\/vc_row][vc_row row_height_percent=&#8221;0&#8243; override_padding=&#8221;yes&#8221; h_padding=&#8221;2&#8243; top_padding=&#8221;4&#8243; bottom_padding=&#8221;2&#8243; overlay_alpha=&#8221;50&#8243; gutter_size=&#8221;4&#8243; column_width_percent=&#8221;100&#8243; border_color=&#8221;color-177537&#8243; border_style=&#8221;solid&#8221; shift_y=&#8221;0&#8243; z_index=&#8221;0&#8243;][vc_column column_width_percent=&#8221;100&#8243; position_vertical=&#8221;middle&#8221; gutter_size=&#8221;3&#8243; overlay_alpha=&#8221;50&#8243; shift_x=&#8221;0&#8243; shift_y=&#8221;0&#8243; shift_y_down=&#8221;0&#8243; z_index=&#8221;0&#8243; medium_width=&#8221;0&#8243; mobile_width=&#8221;0&#8243; width=&#8221;1\/1&#8243;][uncode_block id=&#8221;84835&#8243; inside_column=&#8221;yes&#8221;][vc_gallery el_id=&#8221;gallery-837561&#8243; medias=&#8221;86140,86135,86134,86139,86137,86133&#8243; gutter_size=&#8221;2&#8243; screen_lg=&#8221;1000&#8243; screen_md=&#8221;600&#8243; screen_sm=&#8221;300&#8243; single_width=&#8221;2&#8243; single_overlay_opacity=&#8221;1&#8243; single_overlay_anim=&#8221;no&#8221; single_padding=&#8221;2&#8243;][\/vc_column][\/vc_row][vc_row row_height_percent=&#8221;0&#8243; override_padding=&#8221;yes&#8221; h_padding=&#8221;2&#8243; top_padding=&#8221;2&#8243; bottom_padding=&#8221;4&#8243; overlay_alpha=&#8221;50&#8243; gutter_size=&#8221;3&#8243; column_width_percent=&#8221;100&#8243; shift_y=&#8221;0&#8243; z_index=&#8221;0&#8243;][vc_column width=&#8221;1\/1&#8243;][uncode_index el_id=&#8221;index-129397&#8243; loop=&#8221;size:30|order_by:date|post_type:project|tax_query:142|taxonomy_count:10&#8243; gutter_size=&#8221;3&#8243; project_items=&#8221;title,media|featured|onpost|original,acf-field_607e48db91dd6,icon|sm,spacer|half&#8221; screen_lg=&#8221;1000&#8243; screen_md=&#8221;600&#8243; screen_sm=&#8221;480&#8243; images_size=&#8221;sixteen-nine&#8221; single_overlay_color=&#8221;color-jevc&#8221; single_overlay_opacity=&#8221;50&#8243; single_padding=&#8221;1&#8243; single_title_dimension=&#8221;h5&#8243; single_border=&#8221;yes&#8221; custom_order=&#8221;yes&#8221; single_icon=&#8221;fa fa-plus2&#8243; order_ids=&#8221;84029,84041,83651,83474,84045,84034,84011&#8243;][\/vc_column][\/vc_row][vc_row unlock_row_content=&#8221;yes&#8221; row_height_percent=&#8221;0&#8243; override_padding=&#8221;yes&#8221; h_padding=&#8221;0&#8243; top_padding=&#8221;0&#8243; bottom_padding=&#8221;0&#8243; back_color=&#8221;accent&#8221; overlay_alpha=&#8221;50&#8243; gutter_size=&#8221;4&#8243; column_width_percent=&#8221;100&#8243; shift_y=&#8221;0&#8243; z_index=&#8221;0&#8243; inverted_device_order=&#8221;yes&#8221;][vc_column column_width_percent=&#8221;100&#8243; align_horizontal=&#8221;align_center&#8221; gutter_size=&#8221;3&#8243; style=&#8221;dark&#8221; overlay_alpha=&#8221;50&#8243; shift_x=&#8221;0&#8243; shift_y=&#8221;0&#8243; shift_y_down=&#8221;0&#8243; z_index=&#8221;0&#8243; medium_width=&#8221;0&#8243; mobile_width=&#8221;0&#8243; width=&#8221;1\/2&#8243;][uncode_index el_id=&#8221;index-566311&#8243; index_type=&#8221;carousel&#8221; loop=&#8221;size:10|order_by:date|post_type:portfolio|by_id:99562|taxonomy_count:10&#8243; carousel_lg=&#8221;1&#8243; carousel_md=&#8221;1&#8243; carousel_sm=&#8221;1&#8243; gutter_size=&#8221;3&#8243; post_items=&#8221;media|featured|onpost|original,title,category|nobg|relative|display-icon,date,text|excerpt,link|default|default_size,author|sm_size|hide_qualification,sep-one|full,extra,spacer|half&#8221; portfolio_items=&#8221;title,media|featured|onpost|original,acf-field_608bc5c592a93,spacer|half,link|default-shape|small_size|Daha fazla bilgi edin&#8221; carousel_interval=&#8221;3000&#8243; carousel_navspeed=&#8221;400&#8243; carousel_nav=&#8221;yes&#8221; carousel_nav_mobile=&#8221;yes&#8221; carousel_dots=&#8221;yes&#8221; carousel_dots_mobile=&#8221;yes&#8221; carousel_dots_inside=&#8221;yes&#8221; carousel_dot_padding=&#8221;2&#8243; stage_padding=&#8221;0&#8243; single_text=&#8221;overlay&#8221; single_style=&#8221;dark&#8221; single_overlay_opacity=&#8221;50&#8243; single_overlay_anim=&#8221;no&#8221; single_h_align=&#8221;right&#8221; single_padding=&#8221;3&#8243; single_title_dimension=&#8221;h4&#8243; single_border=&#8221;yes&#8221;][\/vc_column][vc_column column_width_percent=&#8221;100&#8243; position_vertical=&#8221;middle&#8221; gutter_size=&#8221;3&#8243; override_padding=&#8221;yes&#8221; column_padding=&#8221;3&#8243; style=&#8221;dark&#8221; overlay_alpha=&#8221;50&#8243; shift_x=&#8221;0&#8243; shift_y=&#8221;0&#8243; shift_y_down=&#8221;0&#8243; z_index=&#8221;0&#8243; medium_width=&#8221;0&#8243; mobile_width=&#8221;0&#8243; width=&#8221;1\/2&#8243;][uncode_block id=&#8221;85796&#8243; inside_column=&#8221;yes&#8221;][uncode_list larger=&#8221;yes&#8221; icon=&#8221;fa fa-square-o&#8221;]<\/p>\n<ul>\n<li>\u00dc\u00e7\u00fc bir arada birle\u015fik yap\u0131, 325-10000 a\u011f (45\u03bcm-1\u03bcm) i\u00e7in uygun jet pulverizasyon, jet derecelendirme ve mekanik pulverizasyonun entegrasyonunu esnek bir \u015fekilde ger\u00e7ekle\u015ftirir.<\/li>\n<li>Farkl\u0131 k\u0131rma cihazlar\u0131, kompakt yap\u0131, uygun kombinasyon, y\u00fcksek verimli hava s\u0131zd\u0131rmazl\u0131\u011f\u0131, k\u00fc\u00e7\u00fck ayak izi, PLC kontrol\u00fc, rahat \u00e7al\u0131\u015fma ve geni\u015f uygulama yerini alabilir.<\/li>\n<li>S\u00f6k\u00fclmesi, temizlenmesi uygundur ve \u00f6l\u00fc k\u00f6\u015feleri yoktur ve \u00e7e\u015fitli k\u0131rma i\u015flemlerine uygulanabilir.<\/li>\n<li>K\u0131rma veya s\u0131n\u0131fland\u0131rma par\u00e7ac\u0131k boyutu, D50: 1.5-45\u03bcm aras\u0131nda iste\u011fe ba\u011fl\u0131 olarak ayarlanabilir.<\/li>\n<li>T\u00fcm seramik yap\u0131, s\u0131f\u0131r metal kirlili\u011fi ile anahtar par\u00e7alar olarak se\u00e7ilebilir.<\/li>\n<li>Y\u00fcksek g\u00fcvenlik fakt\u00f6r\u00fc ile ufalama i\u015fleminde soy gaz korumas\u0131 kullan\u0131labilir.<\/li>\n<\/ul>\n<p>[\/uncode_list][\/vc_column][\/vc_row]<\/p>\n<\/section>","protected":false},"excerpt":{"rendered":"<p>[vc_row unlock_row_content=&#8221;yes&#8221; row_height_percent=&#8221;70&#8243; override_padding=&#8221;yes&#8221; h_padding=&#8221;0&#8243; top_padding=&#8221;0&#8243; bottom_padding=&#8221;0&#8243; overlay_alpha=&#8221;50&#8243; equal_height=&#8221;yes&#8221; gutter_size=&#8221;0&#8243; column_width_percent=&#8221;100&#8243; shift_y=&#8221;0&#8243; z_index=&#8221;0&#8243;][vc_column column_width_percent=&#8221;100&#8243; position_vertical=&#8221;middle&#8221; gutter_size=&#8221;3&#8243; override_padding=&#8221;yes&#8221; column_padding=&#8221;4&#8243; style=&#8221;dark&#8221; back_color=&#8221;accent&#8221; [&hellip;]<\/p>\n","protected":false},"author":6,"featured_media":0,"parent":102179,"menu_order":0,"comment_status":"open","ping_status":"closed","template":"","meta":{"_acf_changed":false,"footnotes":""},"class_list":["post-102232","page","type-page","status-publish","hentry","page_category-proje-siniflandirmasi"],"acf":[],"_links":{"self":[{"href":"https:\/\/www.alpapowder.com\/tr\/wp-json\/wp\/v2\/pages\/102232","targetHints":{"allow":["GET"]}}],"collection":[{"href":"https:\/\/www.alpapowder.com\/tr\/wp-json\/wp\/v2\/pages"}],"about":[{"href":"https:\/\/www.alpapowder.com\/tr\/wp-json\/wp\/v2\/types\/page"}],"author":[{"embeddable":true,"href":"https:\/\/www.alpapowder.com\/tr\/wp-json\/wp\/v2\/users\/6"}],"replies":[{"embeddable":true,"href":"https:\/\/www.alpapowder.com\/tr\/wp-json\/wp\/v2\/comments?post=102232"}],"version-history":[{"count":0,"href":"https:\/\/www.alpapowder.com\/tr\/wp-json\/wp\/v2\/pages\/102232\/revisions"}],"up":[{"embeddable":true,"href":"https:\/\/www.alpapowder.com\/tr\/wp-json\/wp\/v2\/pages\/102179"}],"wp:attachment":[{"href":"https:\/\/www.alpapowder.com\/tr\/wp-json\/wp\/v2\/media?parent=102232"}],"curies":[{"name":"wp","href":"https:\/\/api.w.org\/{rel}","templated":true}]}}