{"id":102247,"date":"2021-07-10T14:33:28","date_gmt":"2021-07-10T06:33:28","guid":{"rendered":"https:\/\/www.alpapowder.com\/vaka\/tarim-ilaci\/"},"modified":"2021-07-12T09:54:33","modified_gmt":"2021-07-12T01:54:33","slug":"tarim-ilaci","status":"publish","type":"page","link":"https:\/\/www.alpapowder.com\/tr\/vaka\/tarim-ilaci\/","title":{"rendered":"Tar\u0131m ilac\u0131"},"content":{"rendered":"<section class=\"wpb-content-wrapper\"><p>[vc_row unlock_row_content=&#8221;yes&#8221; row_height_percent=&#8221;70&#8243; override_padding=&#8221;yes&#8221; h_padding=&#8221;0&#8243; top_padding=&#8221;0&#8243; bottom_padding=&#8221;0&#8243; overlay_alpha=&#8221;50&#8243; equal_height=&#8221;yes&#8221; gutter_size=&#8221;0&#8243; column_width_percent=&#8221;100&#8243; shift_y=&#8221;0&#8243; z_index=&#8221;0&#8243;][vc_column column_width_percent=&#8221;100&#8243; position_vertical=&#8221;middle&#8221; gutter_size=&#8221;3&#8243; override_padding=&#8221;yes&#8221; column_padding=&#8221;4&#8243; style=&#8221;dark&#8221; back_color=&#8221;accent&#8221; overlay_alpha=&#8221;50&#8243; shift_x=&#8221;0&#8243; shift_y=&#8221;0&#8243; shift_y_down=&#8221;0&#8243; z_index=&#8221;0&#8243; medium_width=&#8221;0&#8243; mobile_width=&#8221;0&#8243; width=&#8221;1\/2&#8243;][vc_custom_heading auto_text=&#8221;yes&#8221; heading_semantic=&#8221;h1&#8243; text_size=&#8221;h1&#8243;][\/vc_custom_heading][vc_column_text]S\u00fcper ince \u00f6\u011f\u00fctmeden sonra, pestisit hammaddelerinin homojenli\u011fi, da\u011f\u0131labilirli\u011fi ve temas alan\u0131 \u00f6nemli \u00f6l\u00e7\u00fcde artar, bu nedenle sterilizasyon, b\u00f6cek \u00f6ld\u00fcr\u00fcc\u00fc ve ay\u0131klaman\u0131n etkisi \u00f6nemli \u00f6l\u00e7\u00fcde artar ve pestisit kullan\u0131m\u0131n\u0131 b\u00fcy\u00fck \u00f6l\u00e7\u00fcde azalt\u0131r. Ayr\u0131ca, \u00e7ok ince toz, pestisitlerin uzun vadeli etkinli\u011fini korumak i\u00e7in geni\u015f spesifik y\u00fczey alan\u0131na, g\u00fc\u00e7l\u00fc adsorpsiyon kapasitesine ve ya\u011fmur erozyonuna kar\u015f\u0131 dirence sahiptir. Buna g\u00f6re, g\u00fc\u00e7l\u00fc y\u00fczey aktivitesi nedeniyle, ultra ince tozun tar\u0131m ve yan \u00fcr\u00fcnlerde ve \u00e7evrede ayr\u0131\u015fma h\u0131z\u0131 h\u0131zland\u0131r\u0131l\u0131r, b\u00f6ylece pestisit kal\u0131nt\u0131lar\u0131 azal\u0131r ve kirlilik azal\u0131r.<\/p>\n<p>Hava s\u0131n\u0131fland\u0131rmal\u0131 de\u011firmenimiz, pestisit hammaddelerini 25-35 \u00b5m boyutuna kadar \u00f6\u011f\u00fctebilirken, jet de\u011firmenler boyutu 10 \u00b5m&#8217;ye kadar k\u00fc\u00e7\u00fcltebilir. Ayr\u0131ca kaba ta\u015flama i\u00e7in kadranl\u0131 ta\u015flama makineleri ve \u00e7eki\u00e7 makineleri de sa\u011fl\u0131yoruz.[\/vc_column_text][\/vc_column][vc_column column_width_percent=&#8221;100&#8243; position_vertical=&#8221;middle&#8221; gutter_size=&#8221;3&#8243; back_image=&#8221;85459&#8243; overlay_alpha=&#8221;50&#8243; shift_x=&#8221;0&#8243; shift_y=&#8221;0&#8243; shift_y_down=&#8221;0&#8243; z_index=&#8221;0&#8243; align_medium=&#8221;align_center_tablet&#8221; medium_width=&#8221;0&#8243; align_mobile=&#8221;align_center_mobile&#8221; mobile_width=&#8221;0&#8243; width=&#8221;1\/2&#8243;][vc_empty_space empty_h=&#8221;5&#8243;][\/vc_column][\/vc_row][vc_row row_height_percent=&#8221;0&#8243; override_padding=&#8221;yes&#8221; h_padding=&#8221;2&#8243; top_padding=&#8221;3&#8243; bottom_padding=&#8221;4&#8243; overlay_alpha=&#8221;50&#8243; equal_height=&#8221;yes&#8221; gutter_size=&#8221;4&#8243; column_width_percent=&#8221;100&#8243; shift_y=&#8221;0&#8243; z_index=&#8221;0&#8243; top_divider=&#8221;gradient&#8221; bottom_divider=&#8221;step&#8221; el_class=&#8221;demos&#8221;][vc_column column_width_use_pixel=&#8221;yes&#8221; gutter_size=&#8221;4&#8243; overlay_alpha=&#8221;50&#8243; shift_x=&#8221;0&#8243; shift_y=&#8221;0&#8243; shift_y_down=&#8221;0&#8243; z_index=&#8221;0&#8243; medium_width=&#8221;0&#8243; mobile_width=&#8221;0&#8243; sticky=&#8221;yes&#8221; width=&#8221;1\/1&#8243; column_width_pixel=&#8221;900&#8243;][uncode_index el_id=&#8221;index-1041816597&#8243; loop=&#8221;size:30|order_by:date|post_type:project|tax_query:612|taxonomy_count:10&#8243; gutter_size=&#8221;3&#8243; post_items=&#8221;media|featured|onpost|poster,title,text|excerpt|75&#8243; product_items=&#8221;title,price,media|featured|onpost|original&#8221; portfolio_items=&#8221;title,media|featured|onpost|original&#8221; project_items=&#8221;title,acf-field_607e48db91dd6,acf-field_607e6d14833a5,sep-one|reduced,icon|sm,text|full,link|default|small_size|Daha fazla bilgi edin&#8221; screen_lg=&#8221;1000&#8243; screen_md=&#8221;600&#8243; screen_sm=&#8221;480&#8243; single_width=&#8221;12&#8243; single_overlay_color=&#8221;color-jevc&#8221; single_overlay_opacity=&#8221;50&#8243; single_text_anim_type=&#8221;btt&#8221; single_h_align=&#8221;center&#8221; single_padding=&#8221;2&#8243; single_title_dimension=&#8221;h3&#8243; single_border=&#8221;yes&#8221; custom_order=&#8221;yes&#8221; order_ids=&#8221;19264,19265,18999,18996,18998,18995,18997,18967&#8243; single_icon=&#8221;fa fa-plus2&#8243;][\/vc_column][\/vc_row][vc_row unlock_row_content=&#8221;yes&#8221; row_height_percent=&#8221;0&#8243; override_padding=&#8221;yes&#8221; h_padding=&#8221;0&#8243; top_padding=&#8221;0&#8243; bottom_padding=&#8221;0&#8243; back_color=&#8221;accent&#8221; overlay_alpha=&#8221;50&#8243; gutter_size=&#8221;4&#8243; column_width_percent=&#8221;100&#8243; shift_y=&#8221;0&#8243; z_index=&#8221;0&#8243; inverted_device_order=&#8221;yes&#8221;][vc_column column_width_percent=&#8221;100&#8243; align_horizontal=&#8221;align_center&#8221; gutter_size=&#8221;3&#8243; style=&#8221;dark&#8221; overlay_alpha=&#8221;50&#8243; shift_x=&#8221;0&#8243; shift_y=&#8221;0&#8243; shift_y_down=&#8221;0&#8243; z_index=&#8221;0&#8243; medium_width=&#8221;0&#8243; mobile_width=&#8221;0&#8243; width=&#8221;1\/2&#8243;][uncode_index el_id=&#8221;index-566311&#8243; index_type=&#8221;carousel&#8221; loop=&#8221;size:10|order_by:date|post_type:portfolio,project|by_id:99786,99713|taxonomy_count:10&#8243; carousel_lg=&#8221;1&#8243; carousel_md=&#8221;1&#8243; carousel_sm=&#8221;1&#8243; gutter_size=&#8221;3&#8243; post_items=&#8221;media|featured|onpost|original,title,category|nobg|relative|display-icon,date,text|excerpt,link|default|default_size,author|sm_size|hide_qualification,sep-one|full,extra,spacer|half&#8221; portfolio_items=&#8221;title,media|featured|onpost|original,acf-field_608bc5c592a93,spacer|half,link|link|small_size|Daha fazla bilgi edin&#8221; carousel_interval=&#8221;3000&#8243; carousel_navspeed=&#8221;400&#8243; carousel_nav=&#8221;yes&#8221; carousel_nav_mobile=&#8221;yes&#8221; carousel_dots=&#8221;yes&#8221; carousel_dots_mobile=&#8221;yes&#8221; carousel_dots_inside=&#8221;yes&#8221; carousel_dot_padding=&#8221;2&#8243; stage_padding=&#8221;0&#8243; single_text=&#8221;overlay&#8221; single_style=&#8221;dark&#8221; single_overlay_opacity=&#8221;50&#8243; single_overlay_anim=&#8221;no&#8221; single_h_align=&#8221;right&#8221; single_padding=&#8221;3&#8243; single_title_dimension=&#8221;h4&#8243; single_border=&#8221;yes&#8221;][\/vc_column][vc_column column_width_percent=&#8221;100&#8243; position_vertical=&#8221;middle&#8221; gutter_size=&#8221;3&#8243; override_padding=&#8221;yes&#8221; column_padding=&#8221;3&#8243; style=&#8221;dark&#8221; overlay_alpha=&#8221;50&#8243; shift_x=&#8221;0&#8243; shift_y=&#8221;0&#8243; shift_y_down=&#8221;0&#8243; z_index=&#8221;0&#8243; medium_width=&#8221;0&#8243; mobile_width=&#8221;0&#8243; width=&#8221;1\/2&#8243;][uncode_block id=&#8221;85796&#8243; inside_column=&#8221;yes&#8221;][uncode_list larger=&#8221;yes&#8221; icon=&#8221;fa fa-square-o&#8221;]<\/p>\n<ul>\n<li>10 dakikada h\u0131zl\u0131 s\u00f6kme ve takma<\/li>\n<li>\u00c7\u0131kmaz, rahat ve h\u0131zl\u0131 temizlik<\/li>\n<li>Malzeme toplama verimlili\u011fi %99,9&#8217;a ula\u015f\u0131r<\/li>\n<li>\u00c7al\u0131\u015fma s\u0131ras\u0131ndaki g\u00fcr\u00fclt\u00fc 80dB&#8217;den d\u00fc\u015f\u00fck<\/li>\n<li>Y\u00fcksek y\u00fczey kalitesi (Ra=0.4\u03bcm)<\/li>\n<li>\u00c7evrimi\u00e7i temizli\u011fi (CIP) ve \u00e7evrimi\u00e7i sterilizasyonu (SIP) kolayca ger\u00e7ekle\u015ftirin<\/li>\n<li>\u00dcretim \u00e7al\u0131\u015fmas\u0131 s\u0131ras\u0131nda izolasyon kapa\u011f\u0131\/torpido g\u00f6z\u00fc korumas\u0131, g\u00fcvenli ve endi\u015fesiz<\/li>\n<li>Proses parametrelerinin ve ge\u00e7mi\u015f kay\u0131tlar\u0131n eksiksiz depolanmas\u0131<\/li>\n<li>Tam nitrojen korumas\u0131, patlama korumas\u0131 konusunda endi\u015felenmenize gerek yok<\/li>\n<\/ul>\n<p>[\/uncode_list][\/vc_column][\/vc_row]<\/p>\n<\/section>","protected":false},"excerpt":{"rendered":"<p>[vc_row unlock_row_content=&#8221;yes&#8221; row_height_percent=&#8221;70&#8243; override_padding=&#8221;yes&#8221; h_padding=&#8221;0&#8243; top_padding=&#8221;0&#8243; bottom_padding=&#8221;0&#8243; overlay_alpha=&#8221;50&#8243; equal_height=&#8221;yes&#8221; gutter_size=&#8221;0&#8243; column_width_percent=&#8221;100&#8243; shift_y=&#8221;0&#8243; z_index=&#8221;0&#8243;][vc_column column_width_percent=&#8221;100&#8243; position_vertical=&#8221;middle&#8221; gutter_size=&#8221;3&#8243; override_padding=&#8221;yes&#8221; column_padding=&#8221;4&#8243; style=&#8221;dark&#8221; back_color=&#8221;accent&#8221; [&hellip;]<\/p>\n","protected":false},"author":6,"featured_media":0,"parent":102179,"menu_order":0,"comment_status":"open","ping_status":"closed","template":"","meta":{"_acf_changed":false,"footnotes":""},"class_list":["post-102247","page","type-page","status-publish","hentry","page_category-proje-siniflandirmasi"],"acf":[],"_links":{"self":[{"href":"https:\/\/www.alpapowder.com\/tr\/wp-json\/wp\/v2\/pages\/102247","targetHints":{"allow":["GET"]}}],"collection":[{"href":"https:\/\/www.alpapowder.com\/tr\/wp-json\/wp\/v2\/pages"}],"about":[{"href":"https:\/\/www.alpapowder.com\/tr\/wp-json\/wp\/v2\/types\/page"}],"author":[{"embeddable":true,"href":"https:\/\/www.alpapowder.com\/tr\/wp-json\/wp\/v2\/users\/6"}],"replies":[{"embeddable":true,"href":"https:\/\/www.alpapowder.com\/tr\/wp-json\/wp\/v2\/comments?post=102247"}],"version-history":[{"count":0,"href":"https:\/\/www.alpapowder.com\/tr\/wp-json\/wp\/v2\/pages\/102247\/revisions"}],"up":[{"embeddable":true,"href":"https:\/\/www.alpapowder.com\/tr\/wp-json\/wp\/v2\/pages\/102179"}],"wp:attachment":[{"href":"https:\/\/www.alpapowder.com\/tr\/wp-json\/wp\/v2\/media?parent=102247"}],"curies":[{"name":"wp","href":"https:\/\/api.w.org\/{rel}","templated":true}]}}