{"id":98593,"date":"2021-07-02T16:17:50","date_gmt":"2021-07-02T08:17:50","guid":{"rendered":"https:\/\/www.alpapowder.com\/gioi-thieu-cong-ty\/"},"modified":"2022-08-04T10:24:34","modified_gmt":"2022-08-04T02:24:34","slug":"gioi-thieu-cong-ty","status":"publish","type":"page","link":"https:\/\/www.alpapowder.com\/vi\/gioi-thieu-cong-ty\/","title":{"rendered":"Gi\u1edbi thi\u1ec7u c\u00f4ng ty"},"content":{"rendered":"<section class=\"wpb-content-wrapper\"><p>[vc_row row_height_percent=&#8221;100&#8243; back_color=&#8221;accent&#8221; back_image=&#8221;86448&#8243; overlay_color=&#8221;color-jevc&#8221; overlay_alpha=&#8221;20&#8243; equal_height=&#8221;yes&#8221; gutter_size=&#8221;0&#8243; column_width_use_pixel=&#8221;yes&#8221; shift_y=&#8221;0&#8243; z_index=&#8221;0&#8243;][vc_column column_width_use_pixel=&#8221;yes&#8221; position_vertical=&#8221;middle&#8221; align_horizontal=&#8221;align_center&#8221; gutter_size=&#8221;3&#8243; style=&#8221;dark&#8221; overlay_alpha=&#8221;50&#8243; shift_x=&#8221;0&#8243; shift_y=&#8221;0&#8243; shift_y_down=&#8221;0&#8243; z_index=&#8221;0&#8243; medium_width=&#8221;0&#8243; mobile_width=&#8221;0&#8243; width=&#8221;1\/1&#8243; column_width_pixel=&#8221;900&#8243;][vc_custom_heading heading_semantic=&#8221;h1&#8243; text_size=&#8221;fontsize-964839&#8243;]T\u1ea0O N\u00caN T\u01af\u01a0NG LAI C\u1ee6A V\u1eacT LI\u1ec6U TI\u00caN TI\u1ebeN V\u1edaI C\u00d4NG NGH\u1ec6 B\u1ed8T[\/vc_custom_heading][vc_separator sep_color=&#8221;color-708378&#8243; el_width=&#8221;100px&#8221; el_height=&#8221;2px&#8221;][vc_column_text]ALPA l\u00e0 nh\u00e0 cung c\u1ea5p n\u1ed5i ti\u1ebfng th\u1ebf gi\u1edbi v\u1ec1 h\u1ec7 th\u1ed1ng x\u1eed l\u00fd h\u1ea1t v\u00e0 b\u1ed9t, n\u1ed7 l\u1ef1c h\u1ebft m\u00ecnh cho cu\u1ed9c c\u00e1ch m\u1ea1ng chuy\u1ec3n \u0111\u1ed5i ng\u00e0nh c\u00f4ng nghi\u1ec7p b\u1ed9t truy\u1ec1n th\u1ed1ng. 20 n\u0103m tr\u1edf l\u1ea1i \u0111\u00e2y, ch\u00fang t\u00f4i \u0111\u00e3 t\u1eadp trung v\u00e0o nghi\u00ean c\u1ee9u v\u00e0 ph\u00e1t tri\u1ec3n ph\u01b0\u01a1ng ph\u00e1p nghi\u1ec1n kh\u00f4, ph\u00e2n lo\u1ea1i v\u00e0 t\u00e1ch c\u00e1c h\u1ea1t v\u00e0 b\u1ed9t, ki\u1ec3m so\u00e1t h\u00ecnh d\u1ea1ng b\u1ed9t, s\u1eeda \u0111\u1ed5i b\u1ec1 m\u1eb7t v\u00e0 cung c\u1ea5p c\u00e1c gi\u1ea3i ph\u00e1p c\u00f3 h\u1ec7 th\u1ed1ng. Ch\u00fang t\u00f4i cung c\u1ea5p c\u00e1c s\u1ea3n ph\u1ea9m \u0111\u1eb7t l\u00e0m v\u00e0 \u0111\u1ea1t ch\u1ee9ng nh\u1eadn CE: m\u00e1y nghi\u1ec1n kh\u00ed n\u00e9n, m\u00e1y nghi\u1ec1n c\u01a1 kh\u00ed, m\u00e1y ph\u00e2n lo\u1ea1i kh\u00ed n\u00e9n, d\u00e2y chuy\u1ec1n s\u1ea3n xu\u1ea5t ph\u00e2n lo\u1ea1i m\u00e1y nghi\u1ec1n bi, d\u00e2y chuy\u1ec1n s\u1ea3n xu\u1ea5t s\u1eeda \u0111\u1ed5i b\u1ec1 m\u1eb7t, v.v.[\/vc_column_text][vc_button outline=&#8221;yes&#8221; border_width=&#8221;0&#8243; uncode_shortcode_id=&#8221;101699&#8243; icon=&#8221;fa fa-video&#8221; media_lightbox=&#8221;87134&#8243;]B\u0102NG H\u00ccNH[\/vc_button][\/vc_column][\/vc_row][vc_row row_height_percent=&#8221;0&#8243; override_padding=&#8221;yes&#8221; h_padding=&#8221;2&#8243; top_padding=&#8221;3&#8243; bottom_padding=&#8221;3&#8243; back_color=&#8221;accent&#8221; back_image=&#8221;85354&#8243; overlay_color=&#8221;accent&#8221; overlay_alpha=&#8221;60&#8243; equal_height=&#8221;yes&#8221; gutter_size=&#8221;0&#8243; column_width_percent=&#8221;100&#8243; shift_y=&#8221;0&#8243; z_index=&#8221;0&#8243; style=&#8221;inherited&#8221;][vc_column column_width_percent=&#8221;80&#8243; position_vertical=&#8221;middle&#8221; align_horizontal=&#8221;align_center&#8221; gutter_size=&#8221;3&#8243; style=&#8221;dark&#8221; overlay_alpha=&#8221;100&#8243; border_color=&#8221;color-146634&#8243; border_style=&#8221;solid&#8221; shift_x=&#8221;0&#8243; shift_y=&#8221;0&#8243; shift_y_down=&#8221;0&#8243; z_index=&#8221;0&#8243; medium_width=&#8221;100&#8243; mobile_width=&#8221;0&#8243; css_animation=&#8221;bottom-t-top&#8221; zoom_width=&#8221;0&#8243; zoom_height=&#8221;0&#8243; width=&#8221;1\/3&#8243; safe_padding=&#8221;yes&#8221; css=&#8221;.vc_custom_1624506652681{border-right-width: 1px !important;}&#8221;][uncode_counter value=&#8221;100000&#8243; counter_color=&#8221;&#8221; text=&#8221;C\u01a1 s\u1edf s\u1ea3n xu\u1ea5t&#8221; css_animation=&#8221;bottom-t-top&#8221; suffix=&#8221;\u33a1&#8221; uncode_shortcode_id=&#8221;627364&#8243;][\/vc_column][vc_column column_width_percent=&#8221;80&#8243; position_vertical=&#8221;middle&#8221; align_horizontal=&#8221;align_center&#8221; gutter_size=&#8221;3&#8243; style=&#8221;dark&#8221; overlay_alpha=&#8221;50&#8243; border_color=&#8221;color-146634&#8243; border_style=&#8221;solid&#8221; shift_x=&#8221;0&#8243; shift_y=&#8221;0&#8243; shift_y_down=&#8221;0&#8243; z_index=&#8221;0&#8243; medium_width=&#8221;0&#8243; mobile_width=&#8221;0&#8243; css_animation=&#8221;bottom-t-top&#8221; animation_delay=&#8221;100&#8243; width=&#8221;1\/3&#8243; css=&#8221;.vc_custom_1624506671576{border-right-width: 1px !important;}&#8221;][uncode_counter value=&#8221;3000&#8243; counter_color=&#8221;,\u9ed8\u8ba4&#8221; text=&#8221;Kh\u00e1ch h\u00e0ng trong v\u00e0 ngo\u00e0i n\u01b0\u1edbc&#8221; css_animation=&#8221;bottom-t-top&#8221; suffix=&#8221;+&#8221;][\/vc_column][vc_column column_width_percent=&#8221;80&#8243; position_vertical=&#8221;middle&#8221; align_horizontal=&#8221;align_center&#8221; gutter_size=&#8221;3&#8243; style=&#8221;dark&#8221; overlay_alpha=&#8221;50&#8243; shift_x=&#8221;0&#8243; shift_y=&#8221;0&#8243; shift_y_down=&#8221;0&#8243; z_index=&#8221;0&#8243; medium_width=&#8221;0&#8243; mobile_width=&#8221;0&#8243; css_animation=&#8221;bottom-t-top&#8221; animation_delay=&#8221;200&#8243; width=&#8221;1\/3&#8243;][uncode_counter value=&#8221;400&#8243; counter_color=&#8221;&#8221; text=&#8221;\u0110\u1ed9i ng\u0169 chuy\u00ean gia&#8221; css_animation=&#8221;bottom-t-top&#8221; suffix=&#8221;+&#8221; uncode_shortcode_id=&#8221;155810&#8243;][\/vc_column][\/vc_row][vc_row row_height_percent=&#8221;0&#8243; override_padding=&#8221;yes&#8221; h_padding=&#8221;2&#8243; top_padding=&#8221;4&#8243; bottom_padding=&#8221;4&#8243; overlay_alpha=&#8221;100&#8243; gutter_size=&#8221;100&#8243; column_width_percent=&#8221;100&#8243; shift_y=&#8221;0&#8243; z_index=&#8221;0&#8243; style=&#8221;inherited&#8221;][vc_column column_width_percent=&#8221;100&#8243; align_horizontal=&#8221;align_center&#8221; gutter_size=&#8221;4&#8243; overlay_alpha=&#8221;50&#8243; shift_x=&#8221;0&#8243; shift_y=&#8221;0&#8243; shift_y_down=&#8221;0&#8243; z_index=&#8221;0&#8243; medium_width=&#8221;0&#8243; mobile_width=&#8221;0&#8243; zoom_width=&#8221;0&#8243; zoom_height=&#8221;0&#8243; width=&#8221;1\/1&#8243;][vc_gallery el_id=&#8221;gallery-12&#8243; type=&#8221;carousel&#8221; medias=&#8221;82067,82039,82036,82064,82026,82013&#8243; carousel_lg=&#8221;3&#8243; carousel_md=&#8221;1&#8243; carousel_sm=&#8221;1&#8243; thumb_size=&#8221;three-two&#8221; gutter_size=&#8221;3&#8243; media_items=&#8221;media|nolink|original,title,description&#8221; carousel_interval=&#8221;5000&#8243; carousel_navspeed=&#8221;400&#8243; carousel_nav=&#8221;yes&#8221; carousel_nav_mobile=&#8221;yes&#8221; carousel_dots=&#8221;yes&#8221; carousel_dots_mobile=&#8221;yes&#8221; stage_padding=&#8221;0&#8243; single_text=&#8221;under&#8221; single_overlay_color=&#8221;color-jevc&#8221; single_overlay_coloration=&#8221;bottom_gradient&#8221; single_overlay_opacity=&#8221;70&#8243; single_overlay_visible=&#8221;yes&#8221; single_overlay_anim=&#8221;no&#8221; single_text_visible=&#8221;yes&#8221; single_text_anim=&#8221;no&#8221; single_image_anim=&#8221;no&#8221; single_v_position=&#8221;bottom&#8221; single_padding=&#8221;1&#8243; single_title_dimension=&#8221;h4&#8243; single_icon=&#8221;fa fa-search3&#8243; single_border=&#8221;yes&#8221; lbox_caption=&#8221;yes&#8221; no_double_tap=&#8221;yes&#8221; carousel_rtl=&#8221;&#8221; single_title_uppercase=&#8221;&#8221; single_title_bold=&#8221;&#8221; single_title_serif=&#8221;&#8221; onclick=&#8221;link_image&#8221; custom_links_target=&#8221;_self&#8221; items=&#8221;eyI4ODY4X2kiOnsic2luZ2xlX3dpZHRoIjoiNCIsInNpbmdsZV9oZWlnaHQiOiI0In0sIjg4NjJfaSI6eyJzaW5nbGVfd2lkdGgiOiI0Iiwic2luZ2xlX2hlaWdodCI6IjQifSwiODg2MF9pIjp7InNpbmdsZV93aWR0aCI6IjQiLCJzaW5nbGVfaGVpZ2h0IjoiNCJ9LCIyNjIxOF9pIjp7InNpbmdsZV93aWR0aCI6IjQiLCJzaW5nbGVfaGVpZ2h0IjoiNCJ9LCIyNjIyNF9pIjp7InNpbmdsZV93aWR0aCI6IjQiLCJzaW5nbGVfaGVpZ2h0IjoiNCJ9LCIyNjIyMl9pIjp7InNpbmdsZV93aWR0aCI6IjQiLCJzaW5nbGVfaGVpZ2h0IjoiNCJ9LCIyNjIyOV9pIjp7InNpbmdsZV93aWR0aCI6IjQiLCJzaW5nbGVfaGVpZ2h0IjoiNCJ9fQ==&#8221; single_half_padding=&#8221;&#8221; single_no_background=&#8221;&#8221; uncode_shortcode_id=&#8221;472625&#8243;][\/vc_column][\/vc_row][vc_row row_height_percent=&#8221;0&#8243; override_padding=&#8221;yes&#8221; h_padding=&#8221;2&#8243; top_padding=&#8221;4&#8243; bottom_padding=&#8221;5&#8243; back_color=&#8221;accent&#8221; back_image=&#8221;85354&#8243; overlay_color=&#8221;accent&#8221; overlay_alpha=&#8221;60&#8243; equal_height=&#8221;yes&#8221; gutter_size=&#8221;0&#8243; column_width_percent=&#8221;100&#8243; shift_y=&#8221;0&#8243; z_index=&#8221;0&#8243; style=&#8221;inherited&#8221;][vc_column column_width_percent=&#8221;100&#8243; position_vertical=&#8221;middle&#8221; align_horizontal=&#8221;align_center&#8221; gutter_size=&#8221;2&#8243; style=&#8221;dark&#8221; overlay_alpha=&#8221;100&#8243; shift_x=&#8221;0&#8243; shift_y=&#8221;0&#8243; shift_y_down=&#8221;0&#8243; z_index=&#8221;0&#8243; medium_width=&#8221;100&#8243; mobile_width=&#8221;0&#8243; css_animation=&#8221;bottom-t-top&#8221; zoom_width=&#8221;0&#8243; zoom_height=&#8221;0&#8243; width=&#8221;1\/1&#8243; safe_padding=&#8221;yes&#8221;][vc_custom_heading]Gi\u00e1 tr\u1ecb c\u00f4ng ty[\/vc_custom_heading][vc_custom_heading text_size=&#8221;fontsize-964839&#8243; text_weight=&#8221;600&#8243; text_transform=&#8221;uppercase&#8221;]V\u1eefng tin Tu\u00e2n th\u1ee7 \u00b7 H\u00f2a h\u1ee3p C\u1ed9ng sinh[\/vc_custom_heading][\/vc_column][\/vc_row][vc_row row_height_percent=&#8221;0&#8243; override_padding=&#8221;yes&#8221; h_padding=&#8221;2&#8243; top_padding=&#8221;4&#8243; bottom_padding=&#8221;4&#8243; back_color=&#8221;color-lxmt&#8221; overlay_alpha=&#8221;100&#8243; gutter_size=&#8221;100&#8243; column_width_percent=&#8221;100&#8243; border_style=&#8221;solid&#8221; shift_y=&#8221;0&#8243; z_index=&#8221;0&#8243; style=&#8221;inherited&#8221; css=&#8221;.vc_custom_1619167796650{border-top-width: 1px !important;border-bottom-width: 1px !important;}&#8221;][vc_column column_width_percent=&#8221;100&#8243; align_horizontal=&#8221;align_center&#8221; gutter_size=&#8221;4&#8243; overlay_alpha=&#8221;50&#8243; shift_x=&#8221;0&#8243; shift_y=&#8221;0&#8243; shift_y_down=&#8221;0&#8243; z_index=&#8221;0&#8243; medium_width=&#8221;0&#8243; mobile_width=&#8221;0&#8243; zoom_width=&#8221;0&#8243; zoom_height=&#8221;0&#8243; width=&#8221;1\/1&#8243;][vc_custom_heading]Phong c\u00e1ch c\u00f4ng ty[\/vc_custom_heading][vc_gallery el_id=&#8221;gallery-43823&#8243; isotope_mode=&#8221;packery&#8221; medias=&#8221;86546,86548,86550,86551,82090,82089,82087,82082,82081,82080,81987,82033,86549,86554,86555,86556&#8243; gutter_size=&#8221;2&#8243; media_items=&#8221;media,icon&#8221; screen_lg=&#8221;1000&#8243; screen_md=&#8221;600&#8243; screen_sm=&#8221;480&#8243; single_width=&#8221;3&#8243; single_overlay_color=&#8221;color-jevc&#8221; single_overlay_opacity=&#8221;50&#8243; single_h_align=&#8221;center&#8221; single_padding=&#8221;2&#8243; single_icon=&#8221;fa fa-plus2&#8243; single_border=&#8221;yes&#8221; lbox_title=&#8221;yes&#8221; lbox_caption=&#8221;yes&#8221; lbox_social=&#8221;yes&#8221; lbox_deep=&#8221;yes&#8221; lbox_no_tmb=&#8221;yes&#8221; no_double_tap=&#8221;yes&#8221; items=&#8221;eyI4NjU0Nl9pIjp7InNpbmdsZV93aWR0aCI6IjYifSwiODY1NDlfaSI6eyJzaW5nbGVfd2lkdGgiOiI2In19&#8243; uncode_shortcode_id=&#8221;202105&#8243;][\/vc_column][\/vc_row]<\/p>\n<\/section>","protected":false},"excerpt":{"rendered":"<p>[vc_row row_height_percent=&#8221;100&#8243; back_color=&#8221;accent&#8221; back_image=&#8221;86448&#8243; overlay_color=&#8221;color-jevc&#8221; overlay_alpha=&#8221;20&#8243; equal_height=&#8221;yes&#8221; gutter_size=&#8221;0&#8243; column_width_use_pixel=&#8221;yes&#8221; shift_y=&#8221;0&#8243; z_index=&#8221;0&#8243;][vc_column column_width_use_pixel=&#8221;yes&#8221; position_vertical=&#8221;middle&#8221; align_horizontal=&#8221;align_center&#8221; gutter_size=&#8221;3&#8243; style=&#8221;dark&#8221; overlay_alpha=&#8221;50&#8243; shift_x=&#8221;0&#8243; shift_y=&#8221;0&#8243; shift_y_down=&#8221;0&#8243; [&hellip;]<\/p>\n","protected":false},"author":6,"featured_media":0,"parent":0,"menu_order":0,"comment_status":"closed","ping_status":"closed","template":"","meta":{"_acf_changed":false,"footnotes":""},"class_list":["post-98593","page","type-page","status-publish","hentry"],"acf":[],"_links":{"self":[{"href":"https:\/\/www.alpapowder.com\/vi\/wp-json\/wp\/v2\/pages\/98593","targetHints":{"allow":["GET"]}}],"collection":[{"href":"https:\/\/www.alpapowder.com\/vi\/wp-json\/wp\/v2\/pages"}],"about":[{"href":"https:\/\/www.alpapowder.com\/vi\/wp-json\/wp\/v2\/types\/page"}],"author":[{"embeddable":true,"href":"https:\/\/www.alpapowder.com\/vi\/wp-json\/wp\/v2\/users\/6"}],"replies":[{"embeddable":true,"href":"https:\/\/www.alpapowder.com\/vi\/wp-json\/wp\/v2\/comments?post=98593"}],"version-history":[{"count":0,"href":"https:\/\/www.alpapowder.com\/vi\/wp-json\/wp\/v2\/pages\/98593\/revisions"}],"wp:attachment":[{"href":"https:\/\/www.alpapowder.com\/vi\/wp-json\/wp\/v2\/media?parent=98593"}],"curies":[{"name":"wp","href":"https:\/\/api.w.org\/{rel}","templated":true}]}}