{"id":98746,"date":"2021-07-05T13:12:41","date_gmt":"2021-07-05T05:12:41","guid":{"rendered":"https:\/\/www.alpapowder.com\/truong-hop\/my-pham\/"},"modified":"2022-05-12T17:12:59","modified_gmt":"2022-05-12T09:12:59","slug":"my-pham","status":"publish","type":"page","link":"https:\/\/www.alpapowder.com\/vi\/truong-hop\/my-pham\/","title":{"rendered":"M\u1ef9 ph\u1ea9m"},"content":{"rendered":"<section class=\"wpb-content-wrapper\"><p>[vc_row unlock_row_content=&#8221;yes&#8221; row_height_percent=&#8221;70&#8243; override_padding=&#8221;yes&#8221; h_padding=&#8221;0&#8243; top_padding=&#8221;0&#8243; bottom_padding=&#8221;0&#8243; overlay_alpha=&#8221;50&#8243; equal_height=&#8221;yes&#8221; gutter_size=&#8221;0&#8243; column_width_percent=&#8221;100&#8243; shift_y=&#8221;0&#8243; z_index=&#8221;0&#8243;][vc_column column_width_percent=&#8221;100&#8243; position_vertical=&#8221;middle&#8221; gutter_size=&#8221;3&#8243; override_padding=&#8221;yes&#8221; column_padding=&#8221;4&#8243; style=&#8221;dark&#8221; back_color=&#8221;accent&#8221; overlay_alpha=&#8221;80&#8243; shift_x=&#8221;0&#8243; shift_y=&#8221;0&#8243; shift_y_down=&#8221;0&#8243; z_index=&#8221;0&#8243; medium_width=&#8221;0&#8243; mobile_width=&#8221;0&#8243; width=&#8221;1\/2&#8243;][vc_custom_heading auto_text=&#8221;yes&#8221; heading_semantic=&#8221;h1&#8243; text_size=&#8221;h1&#8243;][\/vc_custom_heading][vc_column_text]M\u1ef9 ph\u1ea9m l\u00e0 m\u1ed9t h\u1ed7n h\u1ee3p h\u1ee3p ch\u1ea5t \u0111\u01b0\u1ee3c t\u1ea1o ra t\u1eeb vi\u1ec7c ph\u1ed1i tr\u1ed9n v\u00e0 gia c\u00f4ng h\u1ee3p l\u00fd c\u00e1c lo\u1ea1i nguy\u00ean li\u1ec7u. Vi\u1ec7c s\u1eed d\u1ee5ng nguy\u00ean li\u1ec7u m\u1ef9 ph\u1ea9m \u0111\u01b0\u1ee3c nghi\u1ec1n si\u00eau m\u1ecbn c\u00f3 th\u1ec3 c\u1ea3i thi\u1ec7n \u0111\u00e1ng k\u1ec3 hi\u1ec7u su\u1ea5t v\u00e0 ch\u1ea5t l\u01b0\u1ee3ng s\u1eed d\u1ee5ng c\u1ee7a b\u1ed9t \u00e9p, n\u00e2ng cao kh\u1ea3 n\u0103ng h\u00f2a tan trong n\u01b0\u1edbc c\u1ee7a c\u00e1c ho\u1ea1t ch\u1ea5t v\u00e0 c\u00e1c ph\u1ed1i li\u1ec7u li\u00ean quan, c\u00f3 l\u1ee3i cho vi\u1ec7c t\u0103ng c\u01b0\u1eddng c\u00f4ng hi\u1ec7u c\u1ee7a m\u1ef9 ph\u1ea9m.<\/p>\n<p>Nguy\u00ean li\u1ec7u c\u1ee7a m\u1ef9 ph\u1ea9m r\u1ea5t \u0111a d\u1ea1ng, axit ascorbic, canxi cacbonat, b\u1ed9t \u0111en, carmine, carrageenan, cellulose, collagen, tinh b\u1ed9t ng\u00f4, diatomite, gelatin, oxit s\u1eaft, \u0111\u1ea5t cao lanh, nh\u00f4m magie silicat, magie hydroxit, malic acid, silicon dioxide, natri hydroxit, mica, stearat k\u1ebdm, tricalcium phosphate, b\u1ed9t ho\u1ea1t th\u1ea1ch, s\u00e1p,\u2026 \u0111\u1ec1u c\u00f3 th\u1ec3 \u0111\u01b0\u1ee3c s\u1eed d\u1ee5ng l\u00e0m nguy\u00ean li\u1ec7u l\u00e0m m\u1ef9 ph\u1ea9m. Thi\u1ebft b\u1ecb nghi\u1ec1n m\u1ef9 ph\u1ea9m do ALPA nghi\u00ean c\u1ee9u ph\u00e1t tri\u1ec3n c\u00f3 ch\u1ee9c n\u0103ng t\u1ef1 ph\u00e2n lo\u1ea1i, c\u00f3 th\u1ec3 \u0111\u00e1p \u1ee9ng y\u00eau c\u1ea7u nghi\u1ec1n c\u1ee7a h\u1ea7u h\u1ebft c\u00e1c nguy\u00ean li\u1ec7u m\u1ef9 ph\u1ea9m v\u00e0 n\u00e2ng cao ch\u1ea5t l\u01b0\u1ee3ng s\u1ea3n ph\u1ea9m.[\/vc_column_text][\/vc_column][vc_column column_width_percent=&#8221;100&#8243; position_vertical=&#8221;middle&#8221; align_horizontal=&#8221;align_center&#8221; gutter_size=&#8221;3&#8243; override_padding=&#8221;yes&#8221; column_padding=&#8221;0&#8243; back_color=&#8221;color-jevc&#8221; back_image=&#8221;116365&#8243; overlay_color=&#8221;color-jevc&#8221; overlay_alpha=&#8221;50&#8243; shift_x=&#8221;0&#8243; shift_y=&#8221;0&#8243; shift_y_down=&#8221;0&#8243; z_index=&#8221;0&#8243; align_medium=&#8221;align_center_tablet&#8221; medium_width=&#8221;0&#8243; align_mobile=&#8221;align_center_mobile&#8221; mobile_width=&#8221;0&#8243; width=&#8221;1\/2&#8243; uncode_shortcode_id=&#8221;710082&#8243; back_color_type=&#8221;uncode-palette&#8221; overlay_color_type=&#8221;uncode-palette&#8221;][vc_empty_space empty_h=&#8221;5&#8243;][vc_empty_space empty_h=&#8221;3&#8243;][\/vc_column][\/vc_row][vc_row row_height_percent=&#8221;0&#8243; override_padding=&#8221;yes&#8221; h_padding=&#8221;2&#8243; top_padding=&#8221;4&#8243; bottom_padding=&#8221;4&#8243; overlay_alpha=&#8221;50&#8243; gutter_size=&#8221;0&#8243; column_width_percent=&#8221;100&#8243; shift_y=&#8221;0&#8243; z_index=&#8221;0&#8243; top_divider=&#8221;gradient&#8221; bottom_divider=&#8221;step&#8221; el_class=&#8221;demos&#8221;][vc_column column_width_percent=&#8221;100&#8243; align_horizontal=&#8221;align_center&#8221; gutter_size=&#8221;3&#8243; overlay_alpha=&#8221;50&#8243; shift_x=&#8221;0&#8243; shift_y=&#8221;0&#8243; shift_y_down=&#8221;0&#8243; z_index=&#8221;0&#8243; medium_width=&#8221;0&#8243; mobile_width=&#8221;0&#8243; width=&#8221;1\/1&#8243;][uncode_block id=&#8221;84835&#8243; inside_column=&#8221;yes&#8221;][uncode_index el_id=&#8221;index-1041816597&#8243; isotope_mode=&#8221;fitRows&#8221; loop=&#8221;size:30|order_by:date|post_type:project|tax_query:113|taxonomy_count:10&#8243; gutter_size=&#8221;3&#8243; post_items=&#8221;media|featured|onpost|poster,title,text|excerpt|75&#8243; product_items=&#8221;title,price,media|featured|onpost|original&#8221; portfolio_items=&#8221;title,media|featured|onpost|original&#8221; project_items=&#8221;title,media|media|onpost|original,text|excerpt,icon|sm,acf-field_607e48db91dd6,spacer|half&#8221; screen_lg=&#8221;1000&#8243; screen_md=&#8221;600&#8243; screen_sm=&#8221;300&#8243; single_width=&#8221;6&#8243; images_size=&#8221;sixteen-nine&#8221; single_overlay_color=&#8221;color-jevc&#8221; single_overlay_opacity=&#8221;50&#8243; single_text_anim_type=&#8221;btt&#8221; single_padding=&#8221;1&#8243; single_title_dimension=&#8221;h5&#8243; single_border=&#8221;yes&#8221; custom_order=&#8221;yes&#8221; order_ids=&#8221;19264,19265,18999,18996,18998,18995,18997,18967&#8243; single_icon=&#8221;fa fa-plus2&#8243;][\/vc_column][\/vc_row][vc_row unlock_row_content=&#8221;yes&#8221; row_height_percent=&#8221;0&#8243; override_padding=&#8221;yes&#8221; h_padding=&#8221;0&#8243; top_padding=&#8221;0&#8243; bottom_padding=&#8221;0&#8243; back_color=&#8221;color-lxmt&#8221; overlay_alpha=&#8221;50&#8243; equal_height=&#8221;yes&#8221; gutter_size=&#8221;0&#8243; column_width_percent=&#8221;100&#8243; shift_y=&#8221;0&#8243; z_index=&#8221;0&#8243; inverted_device_order=&#8221;yes&#8221;][vc_column column_width_percent=&#8221;100&#8243; align_horizontal=&#8221;align_center&#8221; gutter_size=&#8221;3&#8243; style=&#8221;dark&#8221; overlay_alpha=&#8221;50&#8243; shift_x=&#8221;0&#8243; shift_y=&#8221;0&#8243; shift_y_down=&#8221;0&#8243; z_index=&#8221;0&#8243; medium_width=&#8221;0&#8243; mobile_width=&#8221;0&#8243; sticky=&#8221;yes&#8221; width=&#8221;1\/2&#8243;][uncode_index el_id=&#8221;index-566311&#8243; index_type=&#8221;carousel&#8221; loop=&#8221;size:10|order_by:date|post_type:portfolio|by_id:98254,98248,98236,98224|taxonomy_count:10&#8243; carousel_lg=&#8221;1&#8243; carousel_md=&#8221;1&#8243; carousel_sm=&#8221;1&#8243; gutter_size=&#8221;3&#8243; post_items=&#8221;media|featured|onpost|original,title,category|nobg|relative|display-icon,date,text|excerpt,link|default|default_size,author|sm_size|hide_qualification,sep-one|full,extra,spacer|half&#8221; portfolio_items=&#8221;title,media|featured|onpost|original,acf-field_608bc5c592a93,spacer|half,link|link|small_size|T\u00ecm hi\u1ec3u th\u00eam&#8221; carousel_interval=&#8221;3000&#8243; carousel_navspeed=&#8221;400&#8243; carousel_nav=&#8221;yes&#8221; carousel_nav_mobile=&#8221;yes&#8221; carousel_dots=&#8221;yes&#8221; carousel_dots_mobile=&#8221;yes&#8221; carousel_dots_inside=&#8221;yes&#8221; carousel_dot_padding=&#8221;2&#8243; stage_padding=&#8221;0&#8243; single_text=&#8221;overlay&#8221; single_style=&#8221;dark&#8221; single_overlay_opacity=&#8221;50&#8243; single_overlay_anim=&#8221;no&#8221; single_h_align=&#8221;right&#8221; single_padding=&#8221;3&#8243; single_title_dimension=&#8221;h4&#8243; single_border=&#8221;yes&#8221;][\/vc_column][vc_column column_width_percent=&#8221;100&#8243; position_vertical=&#8221;middle&#8221; gutter_size=&#8221;3&#8243; override_padding=&#8221;yes&#8221; column_padding=&#8221;4&#8243; style=&#8221;dark&#8221; back_color=&#8221;accent&#8221; overlay_alpha=&#8221;50&#8243; shift_x=&#8221;0&#8243; shift_y=&#8221;0&#8243; shift_y_down=&#8221;0&#8243; z_index=&#8221;0&#8243; medium_width=&#8221;0&#8243; mobile_width=&#8221;0&#8243; width=&#8221;1\/2&#8243;][uncode_block id=&#8221;85796&#8243; inside_column=&#8221;yes&#8221;][uncode_list larger=&#8221;yes&#8221; icon=&#8221;fa fa-square-o&#8221;]<\/p>\n<ul>\n<li>Kh\u00f4ng g\u00f3c ch\u1ebft, l\u00e0m s\u1ea1ch ti\u1ec7n l\u1ee3i v\u00e0 nhanh ch\u00f3ng.<\/li>\n<li>Hi\u1ec7u su\u1ea5t thu gom nguy\u00ean li\u1ec7u \u0111\u1ea1t 99,9%.<\/li>\n<li>C\u00e1c linh ki\u1ec7n quan tr\u1ecdng ti\u1ebfp x\u00fac v\u1edbi v\u1eadt li\u1ec7u \u0111\u01b0\u1ee3cb\u1ea3o v\u1ec7 b\u1eb1ng nhi\u1ec1u lo\u1ea1i v\u1eadt li\u1ec7u kh\u00e1c nhau, \u0111\u1ea3m b\u1ea3o \u0111\u1ed9 tinh khi\u1ebft c\u1ee7a v\u1eadt li\u1ec7u \u1edf m\u1ee9c \u0111\u1ed9 kh\u00e1 cao.<\/li>\n<li>D\u1ec5 d\u00e0ng th\u1ef1c hi\u1ec7n vi\u1ec7c l\u00e0m s\u1ea1ch tr\u1ef1c tuy\u1ebfn (CIP) v\u00e0 kh\u1eed tr\u00f9ng tr\u1ef1c tuy\u1ebfn (SIP).<\/li>\n<li>C\u00f3 n\u1eafp c\u00e1ch ly \/ h\u1ed9p \u0111\u1ef1ng g\u0103ng tay b\u1ea3o v\u1ec7 trong qu\u00e1 tr\u00ecnh v\u1eadn h\u00e0nh s\u1ea3n xu\u1ea5t, an to\u00e0n ti\u1ec7n l\u1ee3i.<\/li>\n<li>L\u01b0u tr\u1eef ho\u00e0n ch\u1ec9nh c\u00e1c th\u00f4ng s\u1ed1 quy tr\u00ecnh v\u00e0 h\u1ed3 s\u01a1 l\u1ecbch s\u1eed.<\/li>\n<li>B\u1ea3o v\u1ec7 nit\u01a1 trong to\u00e0n b\u1ed9 qu\u00e1 tr\u00ecnh, kh\u00f4ng c\u1ea7n ph\u1ea3i lo l\u1eafng v\u1ec1 b\u1ea3o v\u1ec7 ph\u00f2ng ch\u1ed1ng ch\u00e1y n\u1ed5.<\/li>\n<\/ul>\n<p>[\/uncode_list][\/vc_column][\/vc_row]<\/p>\n<\/section>","protected":false},"excerpt":{"rendered":"<p>[vc_row unlock_row_content=&#8221;yes&#8221; row_height_percent=&#8221;70&#8243; override_padding=&#8221;yes&#8221; h_padding=&#8221;0&#8243; top_padding=&#8221;0&#8243; bottom_padding=&#8221;0&#8243; overlay_alpha=&#8221;50&#8243; equal_height=&#8221;yes&#8221; gutter_size=&#8221;0&#8243; column_width_percent=&#8221;100&#8243; shift_y=&#8221;0&#8243; z_index=&#8221;0&#8243;][vc_column column_width_percent=&#8221;100&#8243; position_vertical=&#8221;middle&#8221; gutter_size=&#8221;3&#8243; override_padding=&#8221;yes&#8221; column_padding=&#8221;4&#8243; style=&#8221;dark&#8221; back_color=&#8221;accent&#8221; [&hellip;]<\/p>\n","protected":false},"author":6,"featured_media":0,"parent":98722,"menu_order":0,"comment_status":"open","ping_status":"closed","template":"","meta":{"_acf_changed":false,"footnotes":""},"class_list":["post-98746","page","type-page","status-publish","hentry","page_category-phan-loai-du-an"],"acf":[],"_links":{"self":[{"href":"https:\/\/www.alpapowder.com\/vi\/wp-json\/wp\/v2\/pages\/98746","targetHints":{"allow":["GET"]}}],"collection":[{"href":"https:\/\/www.alpapowder.com\/vi\/wp-json\/wp\/v2\/pages"}],"about":[{"href":"https:\/\/www.alpapowder.com\/vi\/wp-json\/wp\/v2\/types\/page"}],"author":[{"embeddable":true,"href":"https:\/\/www.alpapowder.com\/vi\/wp-json\/wp\/v2\/users\/6"}],"replies":[{"embeddable":true,"href":"https:\/\/www.alpapowder.com\/vi\/wp-json\/wp\/v2\/comments?post=98746"}],"version-history":[{"count":0,"href":"https:\/\/www.alpapowder.com\/vi\/wp-json\/wp\/v2\/pages\/98746\/revisions"}],"up":[{"embeddable":true,"href":"https:\/\/www.alpapowder.com\/vi\/wp-json\/wp\/v2\/pages\/98722"}],"wp:attachment":[{"href":"https:\/\/www.alpapowder.com\/vi\/wp-json\/wp\/v2\/media?parent=98746"}],"curies":[{"name":"wp","href":"https:\/\/api.w.org\/{rel}","templated":true}]}}