{"id":98791,"date":"2021-07-05T13:50:35","date_gmt":"2021-07-05T05:50:35","guid":{"rendered":"https:\/\/www.alpapowder.com\/truong-hop\/phong-thi-nghiem\/"},"modified":"2022-05-12T17:28:32","modified_gmt":"2022-05-12T09:28:32","slug":"phong-thi-nghiem","status":"publish","type":"page","link":"https:\/\/www.alpapowder.com\/vi\/truong-hop\/phong-thi-nghiem\/","title":{"rendered":"Ph\u00f2ng th\u00ed nghi\u1ec7m"},"content":{"rendered":"<section class=\"wpb-content-wrapper\"><p>[vc_row unlock_row_content=&#8221;yes&#8221; row_height_percent=&#8221;70&#8243; override_padding=&#8221;yes&#8221; h_padding=&#8221;0&#8243; top_padding=&#8221;0&#8243; bottom_padding=&#8221;0&#8243; overlay_alpha=&#8221;50&#8243; equal_height=&#8221;yes&#8221; gutter_size=&#8221;0&#8243; column_width_percent=&#8221;100&#8243; shift_y=&#8221;0&#8243; z_index=&#8221;0&#8243;][vc_column column_width_percent=&#8221;100&#8243; position_vertical=&#8221;middle&#8221; gutter_size=&#8221;3&#8243; override_padding=&#8221;yes&#8221; column_padding=&#8221;4&#8243; style=&#8221;dark&#8221; back_color=&#8221;accent&#8221; overlay_alpha=&#8221;50&#8243; shift_x=&#8221;0&#8243; shift_y=&#8221;0&#8243; shift_y_down=&#8221;0&#8243; z_index=&#8221;0&#8243; medium_width=&#8221;0&#8243; mobile_width=&#8221;0&#8243; width=&#8221;1\/2&#8243;][vc_custom_heading auto_text=&#8221;yes&#8221; heading_semantic=&#8221;h1&#8243; text_size=&#8221;h1&#8243;][\/vc_custom_heading][vc_column_text]Thi\u1ebft b\u1ecb ph\u00f2ng th\u00ed nghi\u1ec7m \u0111\u01b0\u1ee3c s\u1eed d\u1ee5ng \u0111\u1ec3 ph\u00e1t tri\u1ec3n v\u00e0 gia c\u00f4ng c\u00e1c s\u1ea3n ph\u1ea9m m\u1edbi, th\u1eed nghi\u1ec7m l\u01b0\u1ee3ng nh\u1ecf c\u00e1c s\u1ea3n ph\u1ea9m c\u00f4ng ngh\u1ec7 cao, ki\u1ec3m so\u00e1t ch\u1ea5t l\u01b0\u1ee3ng v\u00e0 t\u1ed1i \u01b0u h\u00f3a quy tr\u00ecnh. Nh\u1eefng \u01b0u \u0111i\u1ec3m ch\u00ednh c\u1ee7a qu\u00e1 tr\u00ecnh n\u00e0y l\u00e0 t\u00ednh linh ho\u1ea1t, chi ph\u00ed th\u1ea5p v\u00e0 d\u1ec5 l\u00e0m s\u1ea1ch.<\/p>\n<p>Nh\u1eafm t\u1edbi nhu c\u1ea7u c\u1ee7a c\u00e1c tr\u01b0\u1eddng cao \u0111\u1eb3ng, \u0111\u1ea1i h\u1ecdc, c\u00e1c \u0111\u01a1n v\u1ecb nghi\u00ean c\u1ee9u khoa h\u1ecdc, v\u00e0 c\u00e1c doanh nghi\u1ec7p nh\u1ecf \u0111\u1ec3 nghi\u00ean c\u1ee9u c\u00e1c v\u1eadt li\u1ec7u cho c\u00e1c th\u00ed nghi\u1ec7m nghi\u1ec1n v\u00e0 ph\u00e2n lo\u1ea1i, ALPA \u0111\u00e3 ph\u00e1t tri\u1ec3n ri\u00eang m\u1ed9t lo\u1ea1t c\u00e1c thi\u1ebft b\u1ecb nghi\u1ec1n lo\u1ea1i nh\u1ecf trong ph\u00f2ng th\u00ed nghi\u1ec7m. Thi\u1ebft b\u1ecb n\u00e0y c\u00f3 \u0111\u1eb7c \u0111i\u1ec3m l\u00e0 k\u00edch th\u01b0\u1edbc nh\u1ecf, k\u1ebft c\u1ea5u t\u1ed5 h\u1ee3p, b\u1ed9 ph\u1eadn nghi\u1ec1n c\u01a1 kh\u00ed di \u0111\u1ed9ng, &#8230; th\u00e1o l\u1eafp v\u00f4 c\u00f9ng thu\u1eadn ti\u1ec7n.[\/vc_column_text][\/vc_column][vc_column column_width_percent=&#8221;100&#8243; gutter_size=&#8221;3&#8243; back_image=&#8221;116391&#8243; overlay_color=&#8221;color-jevc&#8221; overlay_alpha=&#8221;50&#8243; shift_x=&#8221;0&#8243; shift_y=&#8221;0&#8243; shift_y_down=&#8221;0&#8243; z_index=&#8221;0&#8243; align_medium=&#8221;align_center_tablet&#8221; medium_width=&#8221;0&#8243; align_mobile=&#8221;align_center_mobile&#8221; mobile_width=&#8221;0&#8243; width=&#8221;1\/2&#8243; uncode_shortcode_id=&#8221;105239&#8243; overlay_color_type=&#8221;uncode-palette&#8221;][vc_empty_space empty_h=&#8221;5&#8243;][\/vc_column][\/vc_row][vc_row row_height_percent=&#8221;0&#8243; override_padding=&#8221;yes&#8221; h_padding=&#8221;2&#8243; top_padding=&#8221;4&#8243; bottom_padding=&#8221;2&#8243; overlay_alpha=&#8221;50&#8243; gutter_size=&#8221;4&#8243; column_width_percent=&#8221;100&#8243; border_color=&#8221;color-177537&#8243; border_style=&#8221;solid&#8221; shift_y=&#8221;0&#8243; z_index=&#8221;0&#8243;][vc_column column_width_percent=&#8221;100&#8243; position_vertical=&#8221;middle&#8221; gutter_size=&#8221;3&#8243; overlay_alpha=&#8221;50&#8243; shift_x=&#8221;0&#8243; shift_y=&#8221;0&#8243; shift_y_down=&#8221;0&#8243; z_index=&#8221;0&#8243; medium_width=&#8221;0&#8243; mobile_width=&#8221;0&#8243; width=&#8221;1\/1&#8243;][uncode_block id=&#8221;84835&#8243; inside_column=&#8221;yes&#8221;][vc_gallery el_id=&#8221;gallery-837561&#8243; medias=&#8221;86140,86135,86134,86139,86137,86133&#8243; gutter_size=&#8221;2&#8243; screen_lg=&#8221;1000&#8243; screen_md=&#8221;600&#8243; screen_sm=&#8221;300&#8243; single_width=&#8221;2&#8243; single_overlay_opacity=&#8221;1&#8243; single_overlay_anim=&#8221;no&#8221; single_padding=&#8221;2&#8243;][\/vc_column][\/vc_row][vc_row row_height_percent=&#8221;0&#8243; override_padding=&#8221;yes&#8221; h_padding=&#8221;2&#8243; top_padding=&#8221;2&#8243; bottom_padding=&#8221;4&#8243; overlay_alpha=&#8221;50&#8243; gutter_size=&#8221;3&#8243; column_width_percent=&#8221;100&#8243; shift_y=&#8221;0&#8243; z_index=&#8221;0&#8243;][vc_column width=&#8221;1\/1&#8243;][uncode_index el_id=&#8221;index-129397&#8243; loop=&#8221;size:30|order_by:date|post_type:project|tax_query:142|taxonomy_count:10&#8243; gutter_size=&#8221;3&#8243; project_items=&#8221;title,media|featured|onpost|original,acf-field_607e48db91dd6,icon|sm,spacer|half&#8221; screen_lg=&#8221;1000&#8243; screen_md=&#8221;600&#8243; screen_sm=&#8221;480&#8243; images_size=&#8221;sixteen-nine&#8221; single_overlay_color=&#8221;color-jevc&#8221; single_overlay_opacity=&#8221;50&#8243; single_padding=&#8221;1&#8243; single_title_dimension=&#8221;h5&#8243; single_border=&#8221;yes&#8221; custom_order=&#8221;yes&#8221; single_icon=&#8221;fa fa-plus2&#8243; order_ids=&#8221;84029,84041,83651,83474,84045,84034,84011&#8243;][\/vc_column][\/vc_row][vc_row unlock_row_content=&#8221;yes&#8221; row_height_percent=&#8221;0&#8243; override_padding=&#8221;yes&#8221; h_padding=&#8221;0&#8243; top_padding=&#8221;0&#8243; bottom_padding=&#8221;0&#8243; overlay_alpha=&#8221;50&#8243; equal_height=&#8221;yes&#8221; gutter_size=&#8221;0&#8243; column_width_percent=&#8221;100&#8243; shift_y=&#8221;0&#8243; z_index=&#8221;0&#8243; inverted_device_order=&#8221;yes&#8221;][vc_column column_width_percent=&#8221;100&#8243; align_horizontal=&#8221;align_center&#8221; gutter_size=&#8221;3&#8243; override_padding=&#8221;yes&#8221; column_padding=&#8221;0&#8243; style=&#8221;dark&#8221; back_color=&#8221;color-lxmt&#8221; overlay_alpha=&#8221;50&#8243; shift_x=&#8221;0&#8243; shift_y=&#8221;0&#8243; shift_y_down=&#8221;0&#8243; z_index=&#8221;0&#8243; medium_width=&#8221;0&#8243; mobile_width=&#8221;0&#8243; width=&#8221;1\/2&#8243;][uncode_index el_id=&#8221;index-566311&#8243; index_type=&#8221;carousel&#8221; loop=&#8221;size:10|order_by:date|post_type:portfolio|by_id:96147|taxonomy_count:10&#8243; carousel_lg=&#8221;1&#8243; carousel_md=&#8221;1&#8243; carousel_sm=&#8221;1&#8243; gutter_size=&#8221;3&#8243; post_items=&#8221;media|featured|onpost|original,title,category|nobg|relative|display-icon,date,text|excerpt,link|default|default_size,author|sm_size|hide_qualification,sep-one|full,extra,spacer|half&#8221; portfolio_items=&#8221;title,media|featured|onpost|original,acf-field_608bc5c592a93,spacer|half,link|default-shape|small_size|T\u00ecm hi\u1ec3u th\u00eam&#8221; carousel_interval=&#8221;3000&#8243; carousel_navspeed=&#8221;400&#8243; carousel_nav=&#8221;yes&#8221; carousel_nav_mobile=&#8221;yes&#8221; carousel_dots=&#8221;yes&#8221; carousel_dots_mobile=&#8221;yes&#8221; carousel_dots_inside=&#8221;yes&#8221; carousel_dot_padding=&#8221;2&#8243; stage_padding=&#8221;0&#8243; single_text=&#8221;overlay&#8221; single_style=&#8221;dark&#8221; single_overlay_opacity=&#8221;50&#8243; single_overlay_anim=&#8221;no&#8221; single_h_align=&#8221;right&#8221; single_padding=&#8221;3&#8243; single_title_dimension=&#8221;h4&#8243; single_border=&#8221;yes&#8221;][\/vc_column][vc_column column_width_percent=&#8221;100&#8243; position_vertical=&#8221;middle&#8221; gutter_size=&#8221;3&#8243; override_padding=&#8221;yes&#8221; column_padding=&#8221;4&#8243; style=&#8221;dark&#8221; back_color=&#8221;accent&#8221; overlay_alpha=&#8221;50&#8243; shift_x=&#8221;0&#8243; shift_y=&#8221;0&#8243; shift_y_down=&#8221;0&#8243; z_index=&#8221;0&#8243; medium_width=&#8221;0&#8243; mobile_width=&#8221;0&#8243; width=&#8221;1\/2&#8243;][uncode_block id=&#8221;85796&#8243; inside_column=&#8221;yes&#8221;][uncode_list larger=&#8221;yes&#8221; icon=&#8221;fa fa-square-o&#8221;]<\/p>\n<ul>\n<li>C\u1ea5u tr\u00fac t\u1ed5 h\u1ee3p ba trong m\u1ed9t, th\u1ef1c hi\u1ec7n m\u1ed9t c\u00e1ch linh ho\u1ea1t s\u1ef1 t\u00edch h\u1ee3p c\u1ee7a nghi\u1ec1n kh\u00ed n\u00e9n, ph\u00e2n lo\u1ea1i kh\u00ed n\u00e9n v\u00e0 nghi\u1ec1n c\u01a1 h\u1ecdc, ph\u00f9 h\u1ee3p v\u1edbi 325-10000 mesh (45\u03bcm-1\u03bcm).<\/li>\n<li>C\u00f3 th\u1ec3 thay th\u1ebf c\u00e1c thi\u1ebft b\u1ecb nghi\u1ec1n kh\u00e1c nhau, c\u1ea5u tr\u00fac nh\u1ecf g\u1ecdn, k\u1ebft h\u1ee3p thu\u1eadn ti\u1ec7n, \u0111\u1ec7m k\u00edn kh\u00ed hi\u1ec7u qu\u1ea3 cao, di\u1ec7n t\u00edch chi\u1ebfm d\u1ee5ng nh\u1ecf, \u0111i\u1ec1u khi\u1ec3n PLC, v\u1eadn h\u00e0nh thu\u1eadn ti\u1ec7n v\u00e0 \u1ee9ng d\u1ee5ng r\u1ed9ng r\u00e3i.<\/li>\n<li>D\u1ec5 d\u00e0ng th\u00e1o l\u1eafp, v\u1ec7 sinh, kh\u00f4ng g\u00f3c ch\u1ebft, c\u00f3 th\u1ec3 \u00e1p d\u1ee5ng cho nhi\u1ec1u quy tr\u00ecnh nghi\u1ec1n kh\u00e1c nhau.<\/li>\n<li>K\u00edch th\u01b0\u1edbc h\u1ea1t nghi\u1ec1n ho\u1eb7c ph\u00e2n lo\u1ea1i c\u00f3 th\u1ec3 \u0111i\u1ec1u ch\u1ec9nh t\u00f9y \u00fd trong kho\u1ea3ng D50: 1,5-45\u03bcm.<\/li>\n<li>C\u00e1c b\u1ed9 ph\u1eadn ch\u00ednh c\u00f3 th\u1ec3 ch\u1ecdn d\u00f9ng c\u1ea5u tr\u00fac ho\u00e0n to\u00e0n b\u1eb1ng g\u1ed1m, kh\u00f4ng \u00f4 nhi\u1ec5m kim lo\u1ea1i.<\/li>\n<li>Qu\u00e1 tr\u00ecnh nghi\u1ec1n c\u00f3 th\u1ec3 ch\u1ecdn d\u00f9ng b\u1ea3o v\u1ec7 b\u1eb1ng kh\u00ed tr\u01a1, h\u1ec7 s\u1ed1 an to\u00e0n cao.<\/li>\n<\/ul>\n<p>[\/uncode_list][\/vc_column][\/vc_row]<\/p>\n<\/section>","protected":false},"excerpt":{"rendered":"<p>[vc_row unlock_row_content=&#8221;yes&#8221; row_height_percent=&#8221;70&#8243; override_padding=&#8221;yes&#8221; h_padding=&#8221;0&#8243; top_padding=&#8221;0&#8243; bottom_padding=&#8221;0&#8243; overlay_alpha=&#8221;50&#8243; equal_height=&#8221;yes&#8221; gutter_size=&#8221;0&#8243; column_width_percent=&#8221;100&#8243; shift_y=&#8221;0&#8243; z_index=&#8221;0&#8243;][vc_column column_width_percent=&#8221;100&#8243; position_vertical=&#8221;middle&#8221; gutter_size=&#8221;3&#8243; override_padding=&#8221;yes&#8221; column_padding=&#8221;4&#8243; style=&#8221;dark&#8221; back_color=&#8221;accent&#8221; [&hellip;]<\/p>\n","protected":false},"author":6,"featured_media":0,"parent":98722,"menu_order":0,"comment_status":"open","ping_status":"closed","template":"","meta":{"_acf_changed":false,"footnotes":""},"class_list":["post-98791","page","type-page","status-publish","hentry","page_category-phan-loai-du-an"],"acf":[],"_links":{"self":[{"href":"https:\/\/www.alpapowder.com\/vi\/wp-json\/wp\/v2\/pages\/98791","targetHints":{"allow":["GET"]}}],"collection":[{"href":"https:\/\/www.alpapowder.com\/vi\/wp-json\/wp\/v2\/pages"}],"about":[{"href":"https:\/\/www.alpapowder.com\/vi\/wp-json\/wp\/v2\/types\/page"}],"author":[{"embeddable":true,"href":"https:\/\/www.alpapowder.com\/vi\/wp-json\/wp\/v2\/users\/6"}],"replies":[{"embeddable":true,"href":"https:\/\/www.alpapowder.com\/vi\/wp-json\/wp\/v2\/comments?post=98791"}],"version-history":[{"count":0,"href":"https:\/\/www.alpapowder.com\/vi\/wp-json\/wp\/v2\/pages\/98791\/revisions"}],"up":[{"embeddable":true,"href":"https:\/\/www.alpapowder.com\/vi\/wp-json\/wp\/v2\/pages\/98722"}],"wp:attachment":[{"href":"https:\/\/www.alpapowder.com\/vi\/wp-json\/wp\/v2\/media?parent=98791"}],"curies":[{"name":"wp","href":"https:\/\/api.w.org\/{rel}","templated":true}]}}