{"id":98806,"date":"2021-07-05T14:09:48","date_gmt":"2021-07-05T06:09:48","guid":{"rendered":"https:\/\/www.alpapowder.com\/truong-hop\/thuoc-tru-sau\/"},"modified":"2021-07-06T11:25:29","modified_gmt":"2021-07-06T03:25:29","slug":"thuoc-tru-sau","status":"publish","type":"page","link":"https:\/\/www.alpapowder.com\/vi\/truong-hop\/thuoc-tru-sau\/","title":{"rendered":"Thu\u1ed1c tr\u1eeb s\u00e2u"},"content":{"rendered":"<section class=\"wpb-content-wrapper\"><p>[vc_row unlock_row_content=&#8221;yes&#8221; row_height_percent=&#8221;70&#8243; override_padding=&#8221;yes&#8221; h_padding=&#8221;0&#8243; top_padding=&#8221;0&#8243; bottom_padding=&#8221;0&#8243; overlay_alpha=&#8221;50&#8243; equal_height=&#8221;yes&#8221; gutter_size=&#8221;0&#8243; column_width_percent=&#8221;100&#8243; shift_y=&#8221;0&#8243; z_index=&#8221;0&#8243;][vc_column column_width_percent=&#8221;100&#8243; position_vertical=&#8221;middle&#8221; gutter_size=&#8221;3&#8243; override_padding=&#8221;yes&#8221; column_padding=&#8221;4&#8243; style=&#8221;dark&#8221; back_color=&#8221;accent&#8221; overlay_alpha=&#8221;50&#8243; shift_x=&#8221;0&#8243; shift_y=&#8221;0&#8243; shift_y_down=&#8221;0&#8243; z_index=&#8221;0&#8243; medium_width=&#8221;0&#8243; mobile_width=&#8221;0&#8243; width=&#8221;1\/2&#8243;][vc_custom_heading auto_text=&#8221;yes&#8221; heading_semantic=&#8221;h1&#8243; text_size=&#8221;h1&#8243;][\/vc_custom_heading][vc_column_text]Sau khi nguy\u00ean li\u1ec7u thu\u1ed1c tr\u1eeb s\u00e2u \u0111\u01b0\u1ee3c nghi\u1ec1n th\u00e0nh b\u1ed9t si\u00eau m\u1ecbn, \u0111\u1ed9 \u0111\u1ed3ng \u0111\u1ec1u, \u0111\u1ed9 ph\u00e2n t\u00e1n v\u00e0 di\u1ec7n t\u00edch ti\u1ebfp x\u00fac c\u1ee7a n\u00f3 \u0111\u01b0\u1ee3c t\u0103ng l\u00ean \u0111\u00e1ng k\u1ec3, do v\u1eady hi\u1ec7u qu\u1ea3 kh\u1eed tr\u00f9ng, di\u1ec7t c\u00f4n tr\u00f9ng v\u00e0 l\u00e0m c\u1ecf \u0111\u01b0\u1ee3c t\u0103ng c\u01b0\u1eddng \u0111\u00e1ng k\u1ec3, gi\u1ea3m thi\u1ec3u \u0111\u00e1ng k\u1ec3 l\u01b0\u1ee3ng s\u1eed d\u1ee5ng c\u1ee7a thu\u1ed1c tr\u1eeb s\u00e2u. H\u01a1n n\u1eefa, b\u1ed9t si\u00eau m\u1ecbn c\u00f3 di\u1ec7n t\u00edch b\u1ec1 m\u1eb7t ri\u00eang l\u1edbn, kh\u1ea3 n\u0103ng h\u1ea5p ph\u1ee5 m\u1ea1nh, ch\u1ecbu \u0111\u01b0\u1ee3c s\u1ef1 gi\u1ed9i r\u1eeda c\u1ee7a n\u01b0\u1edbc m\u01b0a, t\u1eeb \u0111\u00f3 duy tr\u00ec t\u00e1c d\u1ee5ng l\u00e2u d\u00e0i c\u1ee7a thu\u1ed1c tr\u1eeb s\u00e2u. T\u01b0\u01a1ng \u1ee9ng, do ho\u1ea1t t\u00ednh b\u1ec1 m\u1eb7t m\u1ea1nh c\u1ee7a b\u1ed9t si\u00eau m\u1ecbn, t\u1ed1c \u0111\u1ed9 ph\u00e2n h\u1ee7y trong n\u00f4ng s\u1ea3n v\u00e0 c\u00e1c s\u1ea3n ph\u1ea9m ph\u1ee5 c\u0169ng nh\u01b0 m\u00f4i tr\u01b0\u1eddng \u0111\u01b0\u1ee3c \u0111\u1ea9y nhanh, b\u1edfi v\u1eady d\u01b0 l\u01b0\u1ee3ng thu\u1ed1c tr\u1eeb s\u00e2u gi\u1ea3m, gi\u1ea3m \u00f4 nhi\u1ec5m.<\/p>\n<p>M\u00e1y nghi\u1ec1n ph\u00e2n lo\u1ea1i kh\u00f4ng kh\u00ed c\u1ee7a ch\u00fang t\u00f4i c\u00f3 th\u1ec3 nghi\u1ec1n nguy\u00ean li\u1ec7u thu\u1ed1c tr\u1eeb s\u00e2u \u0111\u1ebfn k\u00edch th\u01b0\u1edbc 25-35 \u00b5m, trong khi m\u00e1y nghi\u1ec1n kh\u00ed n\u00e9n c\u00f3 th\u1ec3 gi\u1ea3m k\u00edch th\u01b0\u1edbc xu\u1ed1ng c\u00f2n 10 \u00b5m. Ngo\u00e0i ra, ch\u00fang t\u00f4i c\u00f2n cung c\u1ea5p c\u00e1c lo\u1ea1i m\u00e1y nghi\u1ec1n la b\u00e0n v\u00e0 m\u00e1y nghi\u1ec1n b\u00faa \u0111\u1ec3 nghi\u1ec1n th\u00f4.[\/vc_column_text][\/vc_column][vc_column column_width_percent=&#8221;100&#8243; position_vertical=&#8221;middle&#8221; gutter_size=&#8221;3&#8243; back_image=&#8221;85459&#8243; overlay_alpha=&#8221;50&#8243; shift_x=&#8221;0&#8243; shift_y=&#8221;0&#8243; shift_y_down=&#8221;0&#8243; z_index=&#8221;0&#8243; align_medium=&#8221;align_center_tablet&#8221; medium_width=&#8221;0&#8243; align_mobile=&#8221;align_center_mobile&#8221; mobile_width=&#8221;0&#8243; width=&#8221;1\/2&#8243;][vc_empty_space empty_h=&#8221;5&#8243;][\/vc_column][\/vc_row][vc_row row_height_percent=&#8221;0&#8243; override_padding=&#8221;yes&#8221; h_padding=&#8221;2&#8243; top_padding=&#8221;3&#8243; bottom_padding=&#8221;4&#8243; overlay_alpha=&#8221;50&#8243; equal_height=&#8221;yes&#8221; gutter_size=&#8221;4&#8243; column_width_percent=&#8221;100&#8243; shift_y=&#8221;0&#8243; z_index=&#8221;0&#8243; top_divider=&#8221;gradient&#8221; bottom_divider=&#8221;step&#8221; el_class=&#8221;demos&#8221;][vc_column column_width_use_pixel=&#8221;yes&#8221; gutter_size=&#8221;4&#8243; overlay_alpha=&#8221;50&#8243; shift_x=&#8221;0&#8243; shift_y=&#8221;0&#8243; shift_y_down=&#8221;0&#8243; z_index=&#8221;0&#8243; medium_width=&#8221;0&#8243; mobile_width=&#8221;0&#8243; sticky=&#8221;yes&#8221; width=&#8221;1\/1&#8243; column_width_pixel=&#8221;900&#8243;][uncode_index el_id=&#8221;index-1041816597&#8243; loop=&#8221;size:30|order_by:date|post_type:project|tax_query:502|taxonomy_count:10&#8243; gutter_size=&#8221;3&#8243; post_items=&#8221;media|featured|onpost|poster,title,text|excerpt|75&#8243; product_items=&#8221;title,price,media|featured|onpost|original&#8221; portfolio_items=&#8221;title,media|featured|onpost|original&#8221; project_items=&#8221;title,acf-field_607e48db91dd6,acf-field_607e6d14833a5,sep-one|reduced,icon|sm,text|full,link|default|small_size|T\u00ecm hi\u1ec3u th\u00eam&#8221; screen_lg=&#8221;1000&#8243; screen_md=&#8221;600&#8243; screen_sm=&#8221;480&#8243; single_width=&#8221;12&#8243; single_overlay_color=&#8221;color-jevc&#8221; single_overlay_opacity=&#8221;50&#8243; single_text_anim_type=&#8221;btt&#8221; single_h_align=&#8221;center&#8221; single_padding=&#8221;2&#8243; single_title_dimension=&#8221;h3&#8243; single_border=&#8221;yes&#8221; custom_order=&#8221;yes&#8221; order_ids=&#8221;19264,19265,18999,18996,18998,18995,18997,18967&#8243; single_icon=&#8221;fa fa-plus2&#8243;][\/vc_column][\/vc_row][vc_row unlock_row_content=&#8221;yes&#8221; row_height_percent=&#8221;0&#8243; override_padding=&#8221;yes&#8221; h_padding=&#8221;0&#8243; top_padding=&#8221;0&#8243; bottom_padding=&#8221;0&#8243; back_color=&#8221;color-lxmt&#8221; overlay_alpha=&#8221;50&#8243; equal_height=&#8221;yes&#8221; gutter_size=&#8221;0&#8243; column_width_percent=&#8221;100&#8243; shift_y=&#8221;0&#8243; z_index=&#8221;0&#8243; inverted_device_order=&#8221;yes&#8221; shape_dividers=&#8221;&#8221;][vc_column column_width_percent=&#8221;100&#8243; align_horizontal=&#8221;align_center&#8221; gutter_size=&#8221;3&#8243; style=&#8221;dark&#8221; overlay_alpha=&#8221;50&#8243; shift_x=&#8221;0&#8243; shift_y=&#8221;0&#8243; shift_y_down=&#8221;0&#8243; z_index=&#8221;0&#8243; medium_width=&#8221;0&#8243; mobile_width=&#8221;0&#8243; width=&#8221;1\/2&#8243;][uncode_index el_id=&#8221;index-566311&#8243; index_type=&#8221;carousel&#8221; loop=&#8221;size:10|order_by:date|post_type:portfolio|by_id:98248,98236|taxonomy_count:10&#8243; carousel_lg=&#8221;1&#8243; carousel_md=&#8221;1&#8243; carousel_sm=&#8221;1&#8243; gutter_size=&#8221;3&#8243; post_items=&#8221;media|featured|onpost|original,title,category|nobg|relative|display-icon,date,text|excerpt,link|default|default_size,author|sm_size|hide_qualification,sep-one|full,extra,spacer|half&#8221; portfolio_items=&#8221;title,media|featured|onpost|original,acf-field_608bc5c592a93,spacer|half,link|link|small_size|T\u00ecm hi\u1ec3u th\u00eam&#8221; carousel_interval=&#8221;3000&#8243; carousel_navspeed=&#8221;400&#8243; carousel_nav=&#8221;yes&#8221; carousel_nav_mobile=&#8221;yes&#8221; carousel_dots=&#8221;yes&#8221; carousel_dots_mobile=&#8221;yes&#8221; carousel_dots_inside=&#8221;yes&#8221; carousel_dot_padding=&#8221;2&#8243; stage_padding=&#8221;0&#8243; single_text=&#8221;overlay&#8221; single_style=&#8221;dark&#8221; single_overlay_opacity=&#8221;50&#8243; single_overlay_anim=&#8221;no&#8221; single_h_align=&#8221;right&#8221; single_padding=&#8221;3&#8243; single_title_dimension=&#8221;h4&#8243; single_border=&#8221;yes&#8221;][\/vc_column][vc_column column_width_percent=&#8221;100&#8243; position_vertical=&#8221;middle&#8221; gutter_size=&#8221;3&#8243; override_padding=&#8221;yes&#8221; column_padding=&#8221;4&#8243; style=&#8221;dark&#8221; back_color=&#8221;accent&#8221; overlay_alpha=&#8221;50&#8243; shift_x=&#8221;0&#8243; shift_y=&#8221;0&#8243; shift_y_down=&#8221;0&#8243; z_index=&#8221;0&#8243; medium_width=&#8221;0&#8243; mobile_width=&#8221;0&#8243; width=&#8221;1\/2&#8243;][uncode_block id=&#8221;85796&#8243; inside_column=&#8221;yes&#8221;][uncode_list larger=&#8221;yes&#8221; icon=&#8221;fa fa-square-o&#8221;]<\/p>\n<ul>\n<li>Th\u00e1o g\u1ee1 v\u00e0 l\u1eafp r\u00e1p nhanh ch\u00f3ng trong 10 ph\u00fat.<\/li>\n<li>Kh\u00f4ng g\u00f3c ch\u1ebft, l\u00e0m s\u1ea1ch ti\u1ec7n l\u1ee3i v\u00e0 nhanh ch\u00f3ng.<\/li>\n<li>Hi\u1ec7u su\u1ea5t thu gom v\u1eadt li\u1ec7u \u0111\u1ea1t 99,9%.<\/li>\n<li>\u0110\u1ed9 \u1ed3n trong qu\u00e1 tr\u00ecnh v\u1eadn h\u00e0nh th\u1ea5p h\u01a1n 80dB.<\/li>\n<li>\u0110\u1ed9 s\u00e1ng b\u00f3ng b\u1ec1 m\u1eb7t cao (Ra = 0,4\u03bcm).<\/li>\n<li>D\u1ec5 d\u00e0ng th\u1ef1c hi\u1ec7n vi\u1ec7c l\u00e0m s\u1ea1ch tr\u1ef1c tuy\u1ebfn (CIP) v\u00e0 kh\u1eed tr\u00f9ng tr\u1ef1c tuy\u1ebfn (SIP).<\/li>\n<li>C\u00f3 n\u1eafp c\u00e1ch ly\/h\u1ed9p \u0111\u1ef1ng g\u0103ng tay b\u1ea3o v\u1ec7 trong qu\u00e1 tr\u00ecnh v\u1eadn h\u00e0nh s\u1ea3n xu\u1ea5t, an to\u00e0n ti\u1ec7n l\u1ee3i.<\/li>\n<li>L\u01b0u tr\u1eef ho\u00e0n ch\u1ec9nh c\u00e1c th\u00f4ng s\u1ed1 quy tr\u00ecnh v\u00e0 h\u1ed3 s\u01a1 l\u1ecbch s\u1eed.<\/li>\n<li>B\u1ea3o v\u1ec7 nit\u01a1 trong to\u00e0n b\u1ed9 qu\u00e1 tr\u00ecnh, kh\u00f4ng c\u1ea7n ph\u1ea3i lo l\u1eafng v\u1ec1 b\u1ea3o v\u1ec7 ph\u00f2ng ch\u1ed1ng ch\u00e1y n\u1ed5.<\/li>\n<\/ul>\n<p>[\/uncode_list][\/vc_column][\/vc_row]<\/p>\n<\/section>","protected":false},"excerpt":{"rendered":"<p>[vc_row unlock_row_content=&#8221;yes&#8221; row_height_percent=&#8221;70&#8243; override_padding=&#8221;yes&#8221; h_padding=&#8221;0&#8243; top_padding=&#8221;0&#8243; bottom_padding=&#8221;0&#8243; overlay_alpha=&#8221;50&#8243; equal_height=&#8221;yes&#8221; gutter_size=&#8221;0&#8243; column_width_percent=&#8221;100&#8243; shift_y=&#8221;0&#8243; z_index=&#8221;0&#8243;][vc_column column_width_percent=&#8221;100&#8243; position_vertical=&#8221;middle&#8221; gutter_size=&#8221;3&#8243; override_padding=&#8221;yes&#8221; column_padding=&#8221;4&#8243; style=&#8221;dark&#8221; back_color=&#8221;accent&#8221; [&hellip;]<\/p>\n","protected":false},"author":6,"featured_media":0,"parent":98722,"menu_order":0,"comment_status":"open","ping_status":"closed","template":"","meta":{"_acf_changed":false,"footnotes":""},"class_list":["post-98806","page","type-page","status-publish","hentry","page_category-phan-loai-du-an"],"acf":[],"_links":{"self":[{"href":"https:\/\/www.alpapowder.com\/vi\/wp-json\/wp\/v2\/pages\/98806","targetHints":{"allow":["GET"]}}],"collection":[{"href":"https:\/\/www.alpapowder.com\/vi\/wp-json\/wp\/v2\/pages"}],"about":[{"href":"https:\/\/www.alpapowder.com\/vi\/wp-json\/wp\/v2\/types\/page"}],"author":[{"embeddable":true,"href":"https:\/\/www.alpapowder.com\/vi\/wp-json\/wp\/v2\/users\/6"}],"replies":[{"embeddable":true,"href":"https:\/\/www.alpapowder.com\/vi\/wp-json\/wp\/v2\/comments?post=98806"}],"version-history":[{"count":0,"href":"https:\/\/www.alpapowder.com\/vi\/wp-json\/wp\/v2\/pages\/98806\/revisions"}],"up":[{"embeddable":true,"href":"https:\/\/www.alpapowder.com\/vi\/wp-json\/wp\/v2\/pages\/98722"}],"wp:attachment":[{"href":"https:\/\/www.alpapowder.com\/vi\/wp-json\/wp\/v2\/media?parent=98806"}],"curies":[{"name":"wp","href":"https:\/\/api.w.org\/{rel}","templated":true}]}}