{"id":98830,"date":"2021-07-05T14:39:16","date_gmt":"2021-07-05T06:39:16","guid":{"rendered":"https:\/\/www.alpapowder.com\/truong-hop\/vat-lieu-pin-lithium-cuc-duong-va-cuc-am\/"},"modified":"2022-07-26T10:59:12","modified_gmt":"2022-07-26T02:59:12","slug":"vat-lieu-pin-lithium-cuc-duong-va-cuc-am","status":"publish","type":"page","link":"https:\/\/www.alpapowder.com\/vi\/truong-hop\/vat-lieu-pin-lithium-cuc-duong-va-cuc-am\/","title":{"rendered":"V\u1eadt li\u1ec7u pin lithium c\u1ef1c d\u01b0\u01a1ng v\u00e0 c\u1ef1c \u00e2m"},"content":{"rendered":"<section class=\"wpb-content-wrapper\"><p>[vc_row unlock_row_content=&#8221;yes&#8221; row_height_percent=&#8221;0&#8243; override_padding=&#8221;yes&#8221; h_padding=&#8221;0&#8243; top_padding=&#8221;0&#8243; bottom_padding=&#8221;0&#8243; overlay_alpha=&#8221;50&#8243; equal_height=&#8221;yes&#8221; gutter_size=&#8221;0&#8243; column_width_percent=&#8221;100&#8243; shift_y=&#8221;0&#8243; z_index=&#8221;0&#8243; top_divider=&#8221;gradient&#8221; bottom_divider=&#8221;step&#8221; el_class=&#8221;demos&#8221;][vc_column column_width_percent=&#8221;100&#8243; gutter_size=&#8221;1&#8243; override_padding=&#8221;yes&#8221; column_padding=&#8221;4&#8243; style=&#8221;dark&#8221; back_color=&#8221;accent&#8221; overlay_alpha=&#8221;50&#8243; shift_x=&#8221;0&#8243; shift_y=&#8221;0&#8243; shift_y_down=&#8221;0&#8243; z_index=&#8221;0&#8243; medium_width=&#8221;0&#8243; mobile_width=&#8221;0&#8243; width=&#8221;2\/3&#8243;][vc_custom_heading heading_semantic=&#8221;h1&#8243; text_size=&#8221;h1&#8243;]HI\u1ec6U SU\u1ea4T C\u1ee6A PIN LITHIUM G\u1eb6P PH\u1ea2I N\u00daT TH\u1eaeT C\u1ed4 CHAI?[\/vc_custom_heading][vc_empty_space empty_h=&#8221;2&#8243;][vc_column_text]M\u1ee5c ti\u00eau c\u1ee7a ng\u00e0nh c\u00f4ng nghi\u1ec7p pin lithium l\u00e0 ph\u00e1t tri\u1ec3n c\u00e1c lo\u1ea1i pin c\u00f3 ch\u1ee9c n\u0103ng m\u1ea1nh h\u01a1n, dung l\u01b0\u1ee3ng l\u1edbn h\u01a1n, tu\u1ed5i th\u1ecd cao h\u01a1n, th\u1eddi gian s\u1ea1c ng\u1eafn h\u01a1n v\u00e0 tr\u1ecdng l\u01b0\u1ee3ng nh\u1eb9 h\u01a1n. Pin Lithium-ion th\u01b0\u1eddng do m\u1ed9t \u0111i\u1ec7n c\u1ef1c \u00e2m (c\u1ef1c d\u01b0\u01a1ng), m\u1ed9t \u0111i\u1ec7n c\u1ef1c d\u01b0\u01a1ng (c\u1ef1c \u00e2m) v\u00e0 m\u1ed9t m\u00e0ng t\u00e1ch t\u1ea1o th\u00e0nh. C\u00e1c h\u1ee3p ch\u1ea5t lithium \u0111\u01b0\u1ee3c s\u1eed d\u1ee5ng trong pin lithium c\u00f3 c\u00e1c y\u00eau c\u1ea7u ph\u00e2n b\u1ed1 k\u00edch th\u01b0\u1edbc h\u1ea1t c\u1ee5 th\u1ec3. Vi\u1ec7c s\u1eed d\u1ee5ng b\u1ed9t lithium si\u00eau m\u1ecbn c\u00f3 th\u1ec3 c\u1ea3i thi\u1ec7n hi\u1ec7u su\u1ea5t c\u1ee7a pin: bao g\u1ed3m dung l\u01b0\u1ee3ng kh\u1ea3 d\u1ee5ng cao h\u01a1n, tu\u1ed5i th\u1ecd d\u00e0i h\u01a1n, t\u1ed1c \u0111\u1ed9 s\u1ea1c nhanh h\u01a1n, hi\u1ec7u su\u1ea5t cao h\u01a1n, t\u1ed1c \u0111\u1ed9 ph\u00f3ng \u0111i\u1ec7n nh\u1ea5t qu\u00e1n v\u00e0 gi\u1ea3m k\u00edch th\u01b0\u1edbc v\u00e0 tr\u1ecdng l\u01b0\u1ee3ng.<\/p>\n<p>Ngo\u00e0i y\u1ebfu t\u1ed1 c\u01a1 h\u1ecdc v\u00e0 ch\u1ecbu nhi\u1ec7t c\u1ee7a m\u00e0ng ng\u0103n, c\u00e1c y\u1ebfu t\u1ed1 quan tr\u1ecdng \u1ea3nh h\u01b0\u1edfng \u0111\u1ebfn ch\u1ea5t l\u01b0\u1ee3ng v\u00e0 \u0111\u1ed9 an to\u00e0n c\u1ee7a pin c\u00f2n bao g\u1ed3m: th\u00e0nh ph\u1ea7n h\u00f3a h\u1ecdc, h\u00ecnh d\u1ea1ng v\u00e0 s\u1ef1 ph\u00e2n b\u1ed1 k\u00edch th\u01b0\u1edbc h\u1ea1t, t\u00ednh \u0111\u1ed3ng nh\u1ea5t c\u1ee7a v\u1eadt li\u1ec7u ho\u1ea1t t\u00ednh vv&#8230; Qua qu\u00e1 tr\u00ecnh nghi\u00ean c\u1ee9u v\u00e0 ph\u00e1t tri\u1ec3n li\u00ean t\u1ee5c, ALPA \u0111\u00e3 c\u00f3 m\u1ed9t b\u1ed9 ho\u00e0n ch\u1ec9nh c\u00e1c gi\u1ea3i ph\u00e1p v\u00e0 thi\u1ebft b\u1ecb x\u1eed l\u00fd v\u1eadt li\u1ec7u \u0111i\u1ec7n c\u1ef1c \u00e2m v\u00e0 d\u01b0\u01a1ng cho pin lithium, c\u00f3 th\u1ec3 \u0111\u00e1p \u1ee9ng c\u00e1c y\u00eau c\u1ea7u quy tr\u00ecnh ph\u1ee9c t\u1ea1p, bao g\u1ed3m thi\u1ebft k\u1ebf t\u00edch h\u1ee3p quy tr\u00ecnh b\u1ed9t nh\u01b0: c\u1ea5p li\u1ec7u kh\u00f4ng b\u1ee5i, t\u00e1ch t\u1eeb t\u00ednh, nghi\u1ec1n si\u00eau m\u1ecbn, ph\u00e2n lo\u1ea1i, v\u1eadn chuy\u1ec3n b\u1ed9t, \u0111o l\u01b0\u1eddng v\u00e0 \u0111\u00f3ng g\u00f3i, tr\u1ed9n v\u1eadt li\u1ec7u t\u1ef1 \u0111\u1ed9ng, \u0111i\u1ec1u khi\u1ec3n th\u00f4ng minh vv\u2026[\/vc_column_text][vc_empty_space empty_h=&#8221;2&#8243;][vc_custom_heading heading_semantic=&#8221;h4&#8243; text_size=&#8221;h4&#8243;]C\u00e1c h\u1ee3p ch\u1ea5t \u0111i\u1ec3n h\u00ecnh c\u1ee7a v\u1eadt li\u1ec7u c\u1ef1c d\u01b0\u01a1ng cho pin lithium-ion[\/vc_custom_heading][vc_empty_space empty_h=&#8221;1&#8243;][vc_column_text]<\/p>\n<ul>\n<li>LCO (Liti coban oxit, LiCoO<sub>2<\/sub>)<\/li>\n<li>NCA (Liti niken coban nh\u00f4m oxit , LiNiCoAlO<sub>2<\/sub>)<\/li>\n<li>NMC (lithium niken mangan coban oxit, Li [NiCoMn] O<sub>2<\/sub>)<\/li>\n<li>LMO (Lithium Mangan Oxit, LiMn<sub>2<\/sub>O<sub>4<\/sub>)<\/li>\n<li>LFP (Lithium s\u1eaft ph\u1ed1t ph\u00e1t, LiFePO<sub>4<\/sub>)<\/li>\n<li>Lithi cacbonat (Li<sub>2<\/sub>CO<sub>3<\/sub>)<\/li>\n<li>Liti hydroxit (LiOH)<\/li>\n<\/ul>\n<p>[\/vc_column_text][vc_empty_space empty_h=&#8221;2&#8243;][vc_custom_heading heading_semantic=&#8221;h4&#8243; text_size=&#8221;h4&#8243; subheading=&#8221;V\u1eadt li\u1ec7u l\u00e0m c\u1ef1c \u00e2m cho pin lithium-ion bao g\u1ed3m than ch\u00ec v\u1ea3y t\u1ef1 nhi\u00ean, vi c\u1ea7u cacbon Mesoparic v\u00e0 than ch\u00ec nh\u00e2n t\u1ea1o d\u1ef1a tr\u00ean than c\u1ed1c d\u1ea7u m\u1ecf. Hi\u1ec7n v\u1eadt li\u1ec7u carbon l\u00e0 v\u1eadt li\u1ec7u \u0111i\u1ec7n c\u1ef1c \u00e2m ch\u00ednh \u0111\u01b0\u1ee3c s\u1eed d\u1ee5ng trong pin lithium-ion, v\u00e0 hi\u1ec7u su\u1ea5t c\u1ee7a n\u00f3 \u1ea3nh h\u01b0\u1edfng \u0111\u1ebfn ch\u1ea5t l\u01b0\u1ee3ng, gi\u00e1 th\u00e0nh v\u00e0 t\u00ednh an to\u00e0n c\u1ee7a pin lithium-ion. Ngo\u00e0i nguy\u00ean li\u1ec7u ra, c\u00e1c thi\u1ebft b\u1ecb v\u00e0 c\u00f4ng nh\u01b0 nh\u01b0: c\u00f4ng th\u1ee9c quy tr\u00ecnh, cung c\u1ea5p qu\u00e1 tr\u00ecnh nghi\u1ec1n than ch\u00ec cacbon v\u1edbi hi\u1ec7u su\u1ea5t \u1ed5n \u0111\u1ecbnh, hi\u1ec7u qu\u1ea3 cao v\u00e0 ti\u1ebft ki\u1ec7m n\u0103ng l\u01b0\u1ee3ng, c\u1ea7u h\u00f3a, t\u1ea1o h\u00ecnh v\u00e0 ph\u00e2n lo\u1ea1i c\u0169ng l\u00e0 m\u1ed9t trong nh\u1eefng y\u1ebfu t\u1ed1 quan tr\u1ecdng quy\u1ebft \u0111\u1ecbnh hi\u1ec7u su\u1ea5t c\u1ee7a v\u1eadt li\u1ec7u l\u00e0m \u0111i\u1ec7n c\u1ef1c \u00e2m.&#8221;]Gi\u1edbi thi\u1ec7u v\u1eadt li\u1ec7u c\u1ef1c \u00e2m cho pin lithium-ion[\/vc_custom_heading][vc_empty_space empty_h=&#8221;2&#8243;][vc_button size=&#8221;btn-sm&#8221; outline=&#8221;yes&#8221; text_skin=&#8221;yes&#8221; border_width=&#8221;1&#8243; link=&#8221;url:https%3A%2F%2Fwww.alpapowder.com%2Fvi%2F99294%2F|title:T%E1%BB%95ng%20quan%20v%E1%BB%81%20c%C3%B4ng%20ngh%E1%BB%87%20c%E1%BA%A7u%20h%C3%B3a%20than%20ch%C3%AC%20cho%20c%E1%BB%B1c%20%C3%A2m%20cacbon%20%C4%91%C6%B0%E1%BB%A3c%20s%E1%BB%AD%20d%E1%BB%A5ng%20trong%20ng%C3%A0nh%20c%C3%B4ng%20nghi%E1%BB%87p%20pin%20lithium|target:_blank|&#8221; icon=&#8221;fa fa-book4&#8243;]B\u00e0i \u0111\u1ecdc m\u1edf r\u1ed9ng: T\u1ed5ng quan v\u1ec1 c\u00f4ng ngh\u1ec7 c\u1ea7u h\u00f3a than ch\u00ec cho c\u1ef1c \u00e2m cacbon \u0111\u01b0\u1ee3c s\u1eed d\u1ee5ng trong ng\u00e0nh c\u00f4ng nghi\u1ec7p pin lithium[\/vc_button][\/vc_column][vc_column column_width_percent=&#8221;100&#8243; position_vertical=&#8221;bottom&#8221; align_horizontal=&#8221;align_center&#8221; gutter_size=&#8221;3&#8243; override_padding=&#8221;yes&#8221; column_padding=&#8221;0&#8243; style=&#8221;dark&#8221; back_image=&#8221;85863&#8243; overlay_color=&#8221;color-jevc&#8221; overlay_alpha=&#8221;50&#8243; shift_x=&#8221;0&#8243; shift_y=&#8221;0&#8243; shift_y_down=&#8221;0&#8243; z_index=&#8221;0&#8243; medium_width=&#8221;0&#8243; mobile_width=&#8221;0&#8243; width=&#8221;1\/3&#8243;][vc_single_image media=&#8221;87087&#8243; media_width_percent=&#8221;100&#8243;][\/vc_column][\/vc_row][vc_row row_height_percent=&#8221;0&#8243; override_padding=&#8221;yes&#8221; h_padding=&#8221;2&#8243; top_padding=&#8221;4&#8243; bottom_padding=&#8221;2&#8243; overlay_alpha=&#8221;50&#8243; gutter_size=&#8221;4&#8243; column_width_percent=&#8221;100&#8243; shift_y=&#8221;0&#8243; z_index=&#8221;0&#8243;][vc_column column_width_percent=&#8221;100&#8243; position_vertical=&#8221;middle&#8221; gutter_size=&#8221;3&#8243; overlay_alpha=&#8221;50&#8243; shift_x=&#8221;0&#8243; shift_y=&#8221;0&#8243; shift_y_down=&#8221;0&#8243; z_index=&#8221;0&#8243; medium_width=&#8221;0&#8243; mobile_width=&#8221;0&#8243; sticky=&#8221;yes&#8221; width=&#8221;1\/1&#8243;][uncode_block id=&#8221;84835&#8243; inside_column=&#8221;yes&#8221;][vc_gallery el_id=&#8221;gallery-639999&#8243; medias=&#8221;83318,83319,86126,86032,92064,92067,92058,92061,86002,92055,86139,85997,85999,86843,86844,86840,92071,86845&#8243; gutter_size=&#8221;2&#8243; screen_lg=&#8221;1000&#8243; screen_md=&#8221;600&#8243; screen_sm=&#8221;300&#8243; single_width=&#8221;2&#8243; single_overlay_opacity=&#8221;1&#8243; single_padding=&#8221;2&#8243; uncode_shortcode_id=&#8221;135857&#8243;][\/vc_column][\/vc_row][vc_row row_height_percent=&#8221;0&#8243; override_padding=&#8221;yes&#8221; h_padding=&#8221;2&#8243; top_padding=&#8221;2&#8243; bottom_padding=&#8221;4&#8243; overlay_alpha=&#8221;50&#8243; gutter_size=&#8221;4&#8243; column_width_percent=&#8221;100&#8243; shift_y=&#8221;0&#8243; z_index=&#8221;0&#8243;][vc_column column_width_percent=&#8221;100&#8243; align_horizontal=&#8221;align_center&#8221; gutter_size=&#8221;3&#8243; overlay_alpha=&#8221;50&#8243; shift_x=&#8221;0&#8243; shift_y=&#8221;0&#8243; shift_y_down=&#8221;0&#8243; z_index=&#8221;0&#8243; medium_width=&#8221;0&#8243; mobile_width=&#8221;0&#8243; sticky=&#8221;yes&#8221; width=&#8221;1\/1&#8243;][uncode_index el_id=&#8221;index-1041816597&#8243; isotope_mode=&#8221;fitRows&#8221; loop=&#8221;size:9|order_by:date|post_type:project|taxonomy_count:10&#8243; pagination=&#8221;yes&#8221; gutter_size=&#8221;3&#8243; post_items=&#8221;media|featured|onpost|poster,title,text|excerpt|75&#8243; product_items=&#8221;title,price,media|featured|onpost|original&#8221; portfolio_items=&#8221;title,media|featured|onpost|original&#8221; project_items=&#8221;title,media|media|onpost|original,text|excerpt,icon|sm,acf-field_607e48db91dd6,spacer|half&#8221; screen_lg=&#8221;1000&#8243; screen_md=&#8221;600&#8243; screen_sm=&#8221;480&#8243; images_size=&#8221;sixteen-nine&#8221; single_overlay_color=&#8221;color-jevc&#8221; single_overlay_opacity=&#8221;50&#8243; single_text_anim_type=&#8221;btt&#8221; single_padding=&#8221;1&#8243; single_title_dimension=&#8221;h5&#8243; single_border=&#8221;yes&#8221; custom_order=&#8221;yes&#8221; order_ids=&#8221;83563,83607,83554,83603,83477,83557,83480,83474,83600,83521,83516,83485,83469,83566,83611&#8243; single_icon=&#8221;fa fa-plus2&#8243; uncode_shortcode_id=&#8221;961362&#8243;][\/vc_column][\/vc_row][vc_row unlock_row_content=&#8221;yes&#8221; row_height_percent=&#8221;0&#8243; override_padding=&#8221;yes&#8221; h_padding=&#8221;0&#8243; top_padding=&#8221;0&#8243; bottom_padding=&#8221;0&#8243; back_color=&#8221;color-lxmt&#8221; overlay_alpha=&#8221;50&#8243; equal_height=&#8221;yes&#8221; gutter_size=&#8221;0&#8243; column_width_percent=&#8221;100&#8243; shift_y=&#8221;0&#8243; z_index=&#8221;0&#8243; inverted_device_order=&#8221;yes&#8221;][vc_column column_width_percent=&#8221;100&#8243; align_horizontal=&#8221;align_center&#8221; gutter_size=&#8221;3&#8243; style=&#8221;dark&#8221; overlay_alpha=&#8221;50&#8243; shift_x=&#8221;0&#8243; shift_y=&#8221;0&#8243; shift_y_down=&#8221;0&#8243; z_index=&#8221;0&#8243; medium_width=&#8221;0&#8243; mobile_width=&#8221;0&#8243; sticky=&#8221;yes&#8221; width=&#8221;1\/2&#8243;][uncode_index el_id=&#8221;index-566311&#8243; index_type=&#8221;carousel&#8221; loop=&#8221;size:10|order_by:date|post_type:portfolio,project|by_id:82619,82613,84531,82623|taxonomy_count:10&#8243; carousel_lg=&#8221;1&#8243; carousel_md=&#8221;1&#8243; carousel_sm=&#8221;1&#8243; gutter_size=&#8221;3&#8243; post_items=&#8221;media|featured|onpost|original,title,category|nobg|relative|display-icon,date,text|excerpt,link|default|default_size,author|sm_size|hide_qualification,sep-one|full,extra,spacer|half&#8221; portfolio_items=&#8221;title,media|featured|onpost|original,acf-field_608bc5c592a93,spacer|half,link|link|small_size|Learn more&#8221; carousel_interval=&#8221;3000&#8243; carousel_navspeed=&#8221;400&#8243; carousel_nav=&#8221;yes&#8221; carousel_nav_mobile=&#8221;yes&#8221; carousel_dots=&#8221;yes&#8221; carousel_dots_mobile=&#8221;yes&#8221; carousel_dots_inside=&#8221;yes&#8221; carousel_dot_padding=&#8221;2&#8243; stage_padding=&#8221;0&#8243; single_text=&#8221;overlay&#8221; single_style=&#8221;dark&#8221; single_overlay_opacity=&#8221;50&#8243; single_overlay_anim=&#8221;no&#8221; single_h_align=&#8221;right&#8221; single_padding=&#8221;3&#8243; single_title_dimension=&#8221;h4&#8243; single_border=&#8221;yes&#8221;][\/vc_column][vc_column column_width_percent=&#8221;100&#8243; position_vertical=&#8221;middle&#8221; gutter_size=&#8221;3&#8243; override_padding=&#8221;yes&#8221; column_padding=&#8221;4&#8243; style=&#8221;dark&#8221; back_color=&#8221;accent&#8221; overlay_alpha=&#8221;50&#8243; shift_x=&#8221;0&#8243; shift_y=&#8221;0&#8243; shift_y_down=&#8221;0&#8243; z_index=&#8221;0&#8243; medium_width=&#8221;0&#8243; mobile_width=&#8221;0&#8243; width=&#8221;1\/2&#8243;][uncode_block id=&#8221;85796&#8243; inside_column=&#8221;yes&#8221;][uncode_list larger=&#8221;yes&#8221; icon=&#8221;fa fa-square-o&#8221;]<\/p>\n<ul>\n<li>K\u00edch c\u1ee1 h\u1ea1t c\u1ee7a s\u1ea3n ph\u1ea9m c\u00f3 th\u1ec3 \u0111\u01b0\u1ee3c \u0111i\u1ec1u ch\u1ec9nh t\u00f9y \u00fd trong kho\u1ea3ng D50: 3 ~ 45\u03bcm.<\/li>\n<li>B\u1ea3o v\u1ec7 ho\u00e0n to\u00e0n b\u1eb1ng g\u1ed1m, l\u01b0\u1ee3ng t\u0103ng v\u1eadt ch\u1ea5t kim lo\u1ea1i l\u1ea1 \ufe64 20ppb.<\/li>\n<li>Nghi\u1ec1n ho\u00e0n to\u00e0n kh\u00e9p k\u00edn, l\u01b0\u1ee3ng t\u0103ng \u0111\u1ed9 \u1ea9m \ufe64 100ppm.<\/li>\n<li>S\u1ea3n l\u01b0\u1ee3ng h\u00e0ng gi\u1edd c\u1ee7a m\u1ed9t thi\u1ebft b\u1ecb \u0111\u01a1n l\u1ebb cao h\u01a1n 1000kg<sup>(1)<\/sup><\/li>\n<li>T\u1ed1c \u0111\u1ed9 tuy\u1ebfn t\u00ednh c\u1ee7a \u0111\u0129a nghi\u1ec1n g\u1ed1m v\u00e0 b\u00e1nh xe ph\u00e2n lo\u1ea1i \u0111\u1ea1t 100m \/ s<\/li>\n<li>C\u00f3 th\u1ec3 s\u1eed d\u1ee5ng nghi\u1ec1n c\u01a1 thay th\u1ebf nghi\u1ec1n kh\u00ed n\u00e9n \u0111\u1ec3 s\u1ea3n xu\u1ea5t v\u1eadt li\u1ec7u b\u1eadc ba \u0111\u01a1n tinh th\u1ec3, ti\u1ebft ki\u1ec7m 30%<sup>(2)<\/sup>n\u0103ng l\u01b0\u1ee3ng ti\u00eau th\u1ee5.<\/li>\n<\/ul>\n<p>[\/uncode_list][vc_separator sep_color=&#8221;,\u9ed8\u8ba4&#8221; el_width=&#8221;100px&#8221;][vc_column_text]L\u01b0u \u00fd:<br \/>\n(1) L\u1ea5y v\u1eadt li\u1ec7u b\u1eadc ba \u0111a tinh th\u1ec3 l\u00e0m v\u00ed d\u1ee5;<br \/>\n(2) D\u1ef1a tr\u00ean th\u1ed1ng k\u00ea d\u1eef li\u1ec7u c\u1ee7a nhi\u1ec1u kh\u00e1ch h\u00e0ng trong c\u00f9ng \u0111i\u1ec1u ki\u1ec7n s\u1ea3n l\u01b0\u1ee3ng trong hai n\u0103m g\u1ea7n \u0111\u00e2y.<\/p>\n<p>[\/vc_column_text][\/vc_column][\/vc_row]<\/p>\n<\/section>","protected":false},"excerpt":{"rendered":"<p>[vc_row unlock_row_content=&#8221;yes&#8221; row_height_percent=&#8221;0&#8243; override_padding=&#8221;yes&#8221; h_padding=&#8221;0&#8243; top_padding=&#8221;0&#8243; bottom_padding=&#8221;0&#8243; overlay_alpha=&#8221;50&#8243; equal_height=&#8221;yes&#8221; gutter_size=&#8221;0&#8243; column_width_percent=&#8221;100&#8243; shift_y=&#8221;0&#8243; z_index=&#8221;0&#8243; top_divider=&#8221;gradient&#8221; bottom_divider=&#8221;step&#8221; el_class=&#8221;demos&#8221;][vc_column column_width_percent=&#8221;100&#8243; gutter_size=&#8221;1&#8243; override_padding=&#8221;yes&#8221; column_padding=&#8221;4&#8243; [&hellip;]<\/p>\n","protected":false},"author":6,"featured_media":97200,"parent":98722,"menu_order":0,"comment_status":"open","ping_status":"closed","template":"","meta":{"_acf_changed":false,"footnotes":""},"class_list":["post-98830","page","type-page","status-publish","has-post-thumbnail","hentry","page_category-phan-loai-du-an"],"acf":[],"_links":{"self":[{"href":"https:\/\/www.alpapowder.com\/vi\/wp-json\/wp\/v2\/pages\/98830","targetHints":{"allow":["GET"]}}],"collection":[{"href":"https:\/\/www.alpapowder.com\/vi\/wp-json\/wp\/v2\/pages"}],"about":[{"href":"https:\/\/www.alpapowder.com\/vi\/wp-json\/wp\/v2\/types\/page"}],"author":[{"embeddable":true,"href":"https:\/\/www.alpapowder.com\/vi\/wp-json\/wp\/v2\/users\/6"}],"replies":[{"embeddable":true,"href":"https:\/\/www.alpapowder.com\/vi\/wp-json\/wp\/v2\/comments?post=98830"}],"version-history":[{"count":0,"href":"https:\/\/www.alpapowder.com\/vi\/wp-json\/wp\/v2\/pages\/98830\/revisions"}],"up":[{"embeddable":true,"href":"https:\/\/www.alpapowder.com\/vi\/wp-json\/wp\/v2\/pages\/98722"}],"wp:featuredmedia":[{"embeddable":true,"href":"https:\/\/www.alpapowder.com\/vi\/wp-json\/wp\/v2\/media\/97200"}],"wp:attachment":[{"href":"https:\/\/www.alpapowder.com\/vi\/wp-json\/wp\/v2\/media?parent=98830"}],"curies":[{"name":"wp","href":"https:\/\/api.w.org\/{rel}","templated":true}]}}